{"id":1059,"date":"2025-03-31T15:33:56","date_gmt":"2025-03-31T13:33:56","guid":{"rendered":"https:\/\/www.07000.no\/asker\/?page_id=1059"},"modified":"2025-03-31T15:44:13","modified_gmt":"2025-03-31T13:44:13","slug":"miljofyrtarn","status":"publish","type":"page","link":"https:\/\/www.07000.no\/asker\/om-oss\/miljofyrtarn\/","title":{"rendered":"Milj\u00f8fyrt\u00e5rn"},"content":{"rendered":"\n<figure class=\"wp-block-image size-large is-style-default\"><img decoding=\"async\" src=\"https:\/\/www.07000.no\/asker\/wp-content\/uploads\/sites\/14\/2025\/03\/IMG8746-neutral-edited-scaled.jpg\" alt=\"\" class=\"wp-image-1063\"\/><\/figure>\n\n\n\n<div style=\"height:13px\" aria-hidden=\"true\" class=\"wp-block-spacer\"><\/div>\n\n\n\n<p><strong>07000 Asker Taxi er sertifisert som Milj\u00f8fyrt\u00e5rn. Sertifiseringen omfatter administrasjonen og alle v\u00e5re biler.<\/strong><\/p>\n\n\n\n<p>Gjennom vedtatte handlingsplaner arbeider 07000 Asker Taxi aktivt med tiltak som er bra for milj\u00f8et og \u00f8konomien. Som sertifisert Milj\u00f8fyrt\u00e5rn-bedrift forplikter vi oss samtidig \u00e5 v\u00e6re en p\u00e5driver ovenfor v\u00e5re bileiere\/sj\u00e5f\u00f8rer til \u00e5 ta valg som er positive for milj\u00f8et.<\/p>\n\n\n\n<p>Gjennom systematisk gjennomf\u00f8ring av tiltak, skal vi drive forbedringsarbeid i 07000 Asker Taxi innen:<\/p>\n\n\n\n<ul class=\"wp-block-list\">\n<li>arbeidsmilj\u00f8 og sikkerhet<\/li>\n\n\n\n<li>forebygging av helseskade eller milj\u00f8forstyrrelser<\/li>\n\n\n\n<li>vern av det ytre milj\u00f8 mot forurensning og en bedre behandling av avfall.<\/li>\n<\/ul>\n\n\n\n<p>Du kan f\u00f8lge \u00e5rlig status for v\u00e5rt milj\u00f8arbeid p\u00e5<a href=\"https:\/\/rapportering.miljofyrtarn.no\/stats\/160033\"> <\/a><a href=\"https:\/\/rapportering.miljofyrtarn.no\/stats\/179911\" target=\"_blank\" rel=\"noreferrer noopener\">https:\/\/rapportering.miljofyrtarn.no\/stats\/179911<\/a><\/p>\n\n\n\n<p>Se ellers\u00a0<a href=\"https:\/\/www.miljofyrtarn.no\/\" target=\"_blank\" rel=\"noreferrer noopener\">www.miljofyrtarn.no<\/a>\u00a0for mer informasjon.<\/p>\n\n\n\n<p><strong>Har du innspill<\/strong>&nbsp;til v\u00e5re milj\u00f8tiltak eller hvordan virksomheten i 07000 p\u00e5virker milj\u00f8et rundt oss?<br>Kontakt oss gjerne via knappen nedenfor \u2013 takk p\u00e5 forh\u00e5nd!<\/p>\n\n\n\n<div class=\"wp-block-buttons is-layout-flex wp-block-buttons-is-layout-flex\">\n<div class=\"wp-block-button\"><a class=\"wp-block-button__link has-vivid-red-background-color has-background wp-element-button\"><strong>Kontakt oss om milj\u00f8tiltak<\/strong><\/a><\/div>\n<\/div>\n\n\n\n<p><\/p>\n","protected":false},"excerpt":{"rendered":"<p>07000 Asker Taxi er sertifisert som Milj\u00f8fyrt\u00e5rn. Sertifiseringen omfatter administrasjonen og alle v\u00e5re biler. Gjennom vedtatte handlingsplaner arbeider 07000 Asker Taxi aktivt med tiltak som er bra for milj\u00f8et og \u00f8konomien. Som sertifisert Milj\u00f8fyrt\u00e5rn-bedrift forplikter vi oss samtidig \u00e5 v\u00e6re en p\u00e5driver ovenfor v\u00e5re bileiere\/sj\u00e5f\u00f8rer til \u00e5 ta valg som er positive for milj\u00f8et. Gjennom&#8230; <a class=\"readmore\" href=\"https:\/\/www.07000.no\/asker\/om-oss\/miljofyrtarn\/\"><i>Les mer<\/i><\/a><\/p>\n","protected":false},"author":5,"featured_media":0,"parent":8,"menu_order":0,"comment_status":"closed","ping_status":"closed","template":"","meta":{"_acf_changed":false,"footnotes":""},"class_list":["post-1059","page","type-page","status-publish","hentry"],"acf":[],"yoast_head":"<!-- This site is optimized with the Yoast SEO plugin v27.5 - https:\/\/yoast.com\/product\/yoast-seo-wordpress\/ -->\n<title>Milj\u00f8fyrt\u00e5rn - Asker Taxi<\/title>\n<meta name=\"robots\" content=\"index, follow, max-snippet:-1, max-image-preview:large, max-video-preview:-1\" \/>\n<link rel=\"canonical\" href=\"https:\/\/www.07000.no\/asker\/om-oss\/miljofyrtarn\/\" \/>\n<meta property=\"og:locale\" content=\"nb_NO\" \/>\n<meta property=\"og:type\" content=\"article\" \/>\n<meta property=\"og:title\" content=\"Milj\u00f8fyrt\u00e5rn - Asker Taxi\" \/>\n<meta property=\"og:description\" content=\"07000 Asker Taxi er sertifisert som Milj\u00f8fyrt\u00e5rn. Sertifiseringen omfatter administrasjonen og alle v\u00e5re biler. Gjennom vedtatte handlingsplaner arbeider 07000 Asker Taxi aktivt med tiltak som er bra for milj\u00f8et og \u00f8konomien. Som sertifisert Milj\u00f8fyrt\u00e5rn-bedrift forplikter vi oss samtidig \u00e5 v\u00e6re en p\u00e5driver ovenfor v\u00e5re bileiere\/sj\u00e5f\u00f8rer til \u00e5 ta valg som er positive for milj\u00f8et. Gjennom... Les mer\" \/>\n<meta property=\"og:url\" content=\"https:\/\/www.07000.no\/asker\/om-oss\/miljofyrtarn\/\" \/>\n<meta property=\"og:site_name\" content=\"Asker Taxi\" \/>\n<meta property=\"article:modified_time\" content=\"2025-03-31T13:44:13+00:00\" \/>\n<meta property=\"og:image\" content=\"https:\/\/www.07000.no\/asker\/wp-content\/uploads\/sites\/14\/2025\/03\/IMG8746-neutral-edited-scaled-e1751961348526.jpg\" \/>\n\t<meta property=\"og:image:width\" content=\"2550\" \/>\n\t<meta property=\"og:image:height\" content=\"1434\" \/>\n\t<meta property=\"og:image:type\" content=\"image\/jpeg\" \/>\n<meta name=\"twitter:card\" content=\"summary_large_image\" \/>\n<meta name=\"twitter:label1\" content=\"Ansl. lesetid\" \/>\n\t<meta name=\"twitter:data1\" content=\"1 minutt\" \/>\n<script type=\"application\/ld+json\" class=\"yoast-schema-graph\">{\"@context\":\"https:\\\/\\\/schema.org\",\"@graph\":[{\"@type\":\"WebPage\",\"@id\":\"https:\\\/\\\/www.07000.no\\\/asker\\\/om-oss\\\/miljofyrtarn\\\/\",\"url\":\"https:\\\/\\\/www.07000.no\\\/asker\\\/om-oss\\\/miljofyrtarn\\\/\",\"name\":\"Milj\u00f8fyrt\u00e5rn - Asker Taxi\",\"isPartOf\":{\"@id\":\"https:\\\/\\\/www.07000.no\\\/asker\\\/#website\"},\"primaryImageOfPage\":{\"@id\":\"https:\\\/\\\/www.07000.no\\\/asker\\\/om-oss\\\/miljofyrtarn\\\/#primaryimage\"},\"image\":{\"@id\":\"https:\\\/\\\/www.07000.no\\\/asker\\\/om-oss\\\/miljofyrtarn\\\/#primaryimage\"},\"thumbnailUrl\":\"https:\\\/\\\/www.07000.no\\\/asker\\\/wp-content\\\/uploads\\\/sites\\\/14\\\/2025\\\/03\\\/IMG8746-neutral-edited-scaled.jpg\",\"datePublished\":\"2025-03-31T13:33:56+00:00\",\"dateModified\":\"2025-03-31T13:44:13+00:00\",\"breadcrumb\":{\"@id\":\"https:\\\/\\\/www.07000.no\\\/asker\\\/om-oss\\\/miljofyrtarn\\\/#breadcrumb\"},\"inLanguage\":\"nb-NO\",\"potentialAction\":[{\"@type\":\"ReadAction\",\"target\":[\"https:\\\/\\\/www.07000.no\\\/asker\\\/om-oss\\\/miljofyrtarn\\\/\"]}]},{\"@type\":\"ImageObject\",\"inLanguage\":\"nb-NO\",\"@id\":\"https:\\\/\\\/www.07000.no\\\/asker\\\/om-oss\\\/miljofyrtarn\\\/#primaryimage\",\"url\":\"https:\\\/\\\/www.07000.no\\\/asker\\\/wp-content\\\/uploads\\\/sites\\\/14\\\/2025\\\/03\\\/IMG8746-neutral-edited-scaled-e1751961348526.jpg\",\"contentUrl\":\"https:\\\/\\\/www.07000.no\\\/asker\\\/wp-content\\\/uploads\\\/sites\\\/14\\\/2025\\\/03\\\/IMG8746-neutral-edited-scaled-e1751961348526.jpg\",\"width\":2550,\"height\":1434},{\"@type\":\"BreadcrumbList\",\"@id\":\"https:\\\/\\\/www.07000.no\\\/asker\\\/om-oss\\\/miljofyrtarn\\\/#breadcrumb\",\"itemListElement\":[{\"@type\":\"ListItem\",\"position\":1,\"name\":\"Hjem\",\"item\":\"https:\\\/\\\/www.07000.no\\\/asker\\\/\"},{\"@type\":\"ListItem\",\"position\":2,\"name\":\"Om oss\",\"item\":\"https:\\\/\\\/www.07000.no\\\/asker\\\/om-oss\\\/\"},{\"@type\":\"ListItem\",\"position\":3,\"name\":\"Milj\u00f8fyrt\u00e5rn\"}]},{\"@type\":\"WebSite\",\"@id\":\"https:\\\/\\\/www.07000.no\\\/asker\\\/#website\",\"url\":\"https:\\\/\\\/www.07000.no\\\/asker\\\/\",\"name\":\"Asker Taxi\",\"description\":\"Bestill taxi p\u00e5 nett eller i app!\",\"potentialAction\":[{\"@type\":\"SearchAction\",\"target\":{\"@type\":\"EntryPoint\",\"urlTemplate\":\"https:\\\/\\\/www.07000.no\\\/asker\\\/?s={search_term_string}\"},\"query-input\":{\"@type\":\"PropertyValueSpecification\",\"valueRequired\":true,\"valueName\":\"search_term_string\"}}],\"inLanguage\":\"nb-NO\"}]}<\/script>\n<!-- \/ Yoast SEO plugin. -->","yoast_head_json":{"title":"Milj\u00f8fyrt\u00e5rn - Asker Taxi","robots":{"index":"index","follow":"follow","max-snippet":"max-snippet:-1","max-image-preview":"max-image-preview:large","max-video-preview":"max-video-preview:-1"},"canonical":"https:\/\/www.07000.no\/asker\/om-oss\/miljofyrtarn\/","og_locale":"nb_NO","og_type":"article","og_title":"Milj\u00f8fyrt\u00e5rn - Asker Taxi","og_description":"07000 Asker Taxi er sertifisert som Milj\u00f8fyrt\u00e5rn. Sertifiseringen omfatter administrasjonen og alle v\u00e5re biler. Gjennom vedtatte handlingsplaner arbeider 07000 Asker Taxi aktivt med tiltak som er bra for milj\u00f8et og \u00f8konomien. Som sertifisert Milj\u00f8fyrt\u00e5rn-bedrift forplikter vi oss samtidig \u00e5 v\u00e6re en p\u00e5driver ovenfor v\u00e5re bileiere\/sj\u00e5f\u00f8rer til \u00e5 ta valg som er positive for milj\u00f8et. Gjennom... Les mer","og_url":"https:\/\/www.07000.no\/asker\/om-oss\/miljofyrtarn\/","og_site_name":"Asker Taxi","article_modified_time":"2025-03-31T13:44:13+00:00","og_image":[{"width":2550,"height":1434,"url":"https:\/\/www.07000.no\/asker\/wp-content\/uploads\/sites\/14\/2025\/03\/IMG8746-neutral-edited-scaled-e1751961348526.jpg","type":"image\/jpeg"}],"twitter_card":"summary_large_image","twitter_misc":{"Ansl. lesetid":"1 minutt"},"schema":{"@context":"https:\/\/schema.org","@graph":[{"@type":"WebPage","@id":"https:\/\/www.07000.no\/asker\/om-oss\/miljofyrtarn\/","url":"https:\/\/www.07000.no\/asker\/om-oss\/miljofyrtarn\/","name":"Milj\u00f8fyrt\u00e5rn - Asker Taxi","isPartOf":{"@id":"https:\/\/www.07000.no\/asker\/#website"},"primaryImageOfPage":{"@id":"https:\/\/www.07000.no\/asker\/om-oss\/miljofyrtarn\/#primaryimage"},"image":{"@id":"https:\/\/www.07000.no\/asker\/om-oss\/miljofyrtarn\/#primaryimage"},"thumbnailUrl":"https:\/\/www.07000.no\/asker\/wp-content\/uploads\/sites\/14\/2025\/03\/IMG8746-neutral-edited-scaled.jpg","datePublished":"2025-03-31T13:33:56+00:00","dateModified":"2025-03-31T13:44:13+00:00","breadcrumb":{"@id":"https:\/\/www.07000.no\/asker\/om-oss\/miljofyrtarn\/#breadcrumb"},"inLanguage":"nb-NO","potentialAction":[{"@type":"ReadAction","target":["https:\/\/www.07000.no\/asker\/om-oss\/miljofyrtarn\/"]}]},{"@type":"ImageObject","inLanguage":"nb-NO","@id":"https:\/\/www.07000.no\/asker\/om-oss\/miljofyrtarn\/#primaryimage","url":"https:\/\/www.07000.no\/asker\/wp-content\/uploads\/sites\/14\/2025\/03\/IMG8746-neutral-edited-scaled-e1751961348526.jpg","contentUrl":"https:\/\/www.07000.no\/asker\/wp-content\/uploads\/sites\/14\/2025\/03\/IMG8746-neutral-edited-scaled-e1751961348526.jpg","width":2550,"height":1434},{"@type":"BreadcrumbList","@id":"https:\/\/www.07000.no\/asker\/om-oss\/miljofyrtarn\/#breadcrumb","itemListElement":[{"@type":"ListItem","position":1,"name":"Hjem","item":"https:\/\/www.07000.no\/asker\/"},{"@type":"ListItem","position":2,"name":"Om oss","item":"https:\/\/www.07000.no\/asker\/om-oss\/"},{"@type":"ListItem","position":3,"name":"Milj\u00f8fyrt\u00e5rn"}]},{"@type":"WebSite","@id":"https:\/\/www.07000.no\/asker\/#website","url":"https:\/\/www.07000.no\/asker\/","name":"Asker Taxi","description":"Bestill taxi p\u00e5 nett eller i app!","potentialAction":[{"@type":"SearchAction","target":{"@type":"EntryPoint","urlTemplate":"https:\/\/www.07000.no\/asker\/?s={search_term_string}"},"query-input":{"@type":"PropertyValueSpecification","valueRequired":true,"valueName":"search_term_string"}}],"inLanguage":"nb-NO"}]}},"_links":{"self":[{"href":"https:\/\/www.07000.no\/asker\/wp-json\/wp\/v2\/pages\/1059","targetHints":{"allow":["GET"]}}],"collection":[{"href":"https:\/\/www.07000.no\/asker\/wp-json\/wp\/v2\/pages"}],"about":[{"href":"https:\/\/www.07000.no\/asker\/wp-json\/wp\/v2\/types\/page"}],"author":[{"embeddable":true,"href":"https:\/\/www.07000.no\/asker\/wp-json\/wp\/v2\/users\/5"}],"replies":[{"embeddable":true,"href":"https:\/\/www.07000.no\/asker\/wp-json\/wp\/v2\/comments?post=1059"}],"version-history":[{"count":4,"href":"https:\/\/www.07000.no\/asker\/wp-json\/wp\/v2\/pages\/1059\/revisions"}],"predecessor-version":[{"id":1067,"href":"https:\/\/www.07000.no\/asker\/wp-json\/wp\/v2\/pages\/1059\/revisions\/1067"}],"up":[{"embeddable":true,"href":"https:\/\/www.07000.no\/asker\/wp-json\/wp\/v2\/pages\/8"}],"wp:attachment":[{"href":"https:\/\/www.07000.no\/asker\/wp-json\/wp\/v2\/media?parent=1059"}],"curies":[{"name":"wp","href":"https:\/\/api.w.org\/{rel}","templated":true}]}}