{"id":124,"date":"2021-10-26T11:05:00","date_gmt":"2021-10-26T09:05:00","guid":{"rendered":"https:\/\/www.07000.no\/asker\/?page_id=124"},"modified":"2024-08-15T11:29:22","modified_gmt":"2024-08-15T09:29:22","slug":"tjenester","status":"publish","type":"page","link":"https:\/\/www.07000.no\/asker\/tjenester\/","title":{"rendered":"Tjenester"},"content":{"rendered":"\n<figure class=\"wp-block-image size-full is-resized\"><img loading=\"lazy\" decoding=\"async\" width=\"852\" height=\"362\" src=\"https:\/\/www.07000.no\/asker\/wp-content\/uploads\/sites\/14\/2021\/10\/Asker-mock.png\" alt=\"\" class=\"wp-image-150\" style=\"width:471px;height:200px\" srcset=\"https:\/\/www.07000.no\/asker\/wp-content\/uploads\/sites\/14\/2021\/10\/Asker-mock.png 852w, https:\/\/www.07000.no\/asker\/wp-content\/uploads\/sites\/14\/2021\/10\/Asker-mock-300x127.png 300w, https:\/\/www.07000.no\/asker\/wp-content\/uploads\/sites\/14\/2021\/10\/Asker-mock-768x326.png 768w\" sizes=\"auto, (max-width: 852px) 100vw, 852px\" \/><\/figure>\n\n\n\n<p>07000 Asker Taxi taxi utf\u00f8rer tradisjonelle taxitjenester. <br>I menyvalget kan du enkelt gj\u00f8re deg kjent med v\u00e5re tjenester.<br><strong><a href=\"https:\/\/www.07000.no\/asker\/bestill-taxi\/\">Klikk her<\/a><\/strong>&nbsp;og bestill taxi enkelt for privat eller bedrift.<\/p>\n\n\n\n<p>Vi har en bred kundegruppe og tilbyr flere drosjetjenester, blant annet:<\/p>\n\n\n\n<ul class=\"wp-block-list\">\n<li><a href=\"https:\/\/www.07000.no\/asker\/bestill-taxi\/\">Taxi\u00a0<\/a>for privat<\/li>\n\n\n\n<li><a href=\"https:\/\/www.07000.no\/asker\/tjenester\/bedriftskunde\/\">Bedriftstaxi<\/a><\/li>\n\n\n\n<li>Festival transport<\/li>\n\n\n\n<li><a href=\"https:\/\/www.07000.no\/asker\/tjenester\/budbil\/\">Pakke og budservice<\/a><\/li>\n\n\n\n<li>Transport til ulike aktivitetstilbud\u00a0for barn og ungdom<\/li>\n\n\n\n<li><a href=\"https:\/\/www.07000.no\/asker\/tjenester\/skoleskyss\/\">Skoletransport<\/a><\/li>\n\n\n\n<li><a href=\"https:\/\/www.07000.no\/asker\/tjenester\/pasienttransport\/\">Pasienttransport<\/a><\/li>\n<\/ul>\n\n\n\n<p>Vi er spesielt opptatt av \u00e5 ta vare p\u00e5 de kundegrupper med behov for ekstra assistanse.&nbsp;<\/p>\n\n\n\n<h3 class=\"wp-block-heading\"><strong>Drosje tilpasset behov<\/strong><\/h3>\n\n\n\n<p>Vi har flere type drosjer tilpasset ulike behov:<\/p>\n\n\n\n<ul class=\"wp-block-list\">\n<li>Vanlige drosjer for 1 \u2013 4 passasjerer<\/li>\n\n\n\n<li>Mellomstore drosjer for 5 \u2013 8 passasjerer<\/li>\n<\/ul>\n\n\n\n<p><strong>Vi har taxier\u00a0utstyrt for \u00e5 frakte passasjerer i rullestol.<\/strong><br><\/p>\n\n\n<div class=\"wp-block-image\">\n<figure class=\"alignleft size-full is-resized\"><img loading=\"lazy\" decoding=\"async\" width=\"400\" height=\"339\" src=\"https:\/\/www.07000.no\/asker\/wp-content\/uploads\/sites\/14\/2021\/11\/Mft-logo.jpg\" alt=\"\" class=\"wp-image-337\" style=\"width:175px;height:148px\" srcset=\"https:\/\/www.07000.no\/asker\/wp-content\/uploads\/sites\/14\/2021\/11\/Mft-logo.jpg 400w, https:\/\/www.07000.no\/asker\/wp-content\/uploads\/sites\/14\/2021\/11\/Mft-logo-300x254.jpg 300w\" sizes=\"auto, (max-width: 400px) 100vw, 400px\" \/><\/figure>\n<\/div>\n\n\n<h3 class=\"wp-block-heading\"><strong>Et milj\u00f8vennlig alternativ.<\/strong><\/h3>\n\n\n\n<p>Vi er en Milj\u00f8fyrt\u00e5rn-sertifisert bedrift. Det inneb\u00e6rer at vi forholder oss til strenge retningslinjer for utslipp og alder p\u00e5 kj\u00f8ret\u00f8y, samt behandling av avfall. Mange av v\u00e5re biler er hybrid, og alle v\u00e5re sj\u00e5f\u00f8rer gjennomf\u00f8rer kurs i &laquo;\u00f8ko-driving&raquo; (kursing for \u00e5 kj\u00f8re mer \u00f8konomisk og milj\u00f8vennlig). <\/p>\n\n\n\n<p>Vi er det naturlige valget for deg som ser etter drosje i gamle R\u00f8yken og Hurum kommune, Asker, Lier og Drammen. Kontakt oss i dag, hvis du \u00f8nsker mer informasjon om v\u00e5re drosjetjenester.&nbsp;<\/p>\n","protected":false},"excerpt":{"rendered":"<p>07000 Asker Taxi taxi utf\u00f8rer tradisjonelle taxitjenester. I menyvalget kan du enkelt gj\u00f8re deg kjent med v\u00e5re tjenester.Klikk her&nbsp;og bestill taxi enkelt for privat eller bedrift. Vi har en bred kundegruppe og tilbyr flere drosjetjenester, blant annet: Vi er spesielt opptatt av \u00e5 ta vare p\u00e5 de kundegrupper med behov for ekstra assistanse.&nbsp; Drosje tilpasset&#8230; <a class=\"readmore\" href=\"https:\/\/www.07000.no\/asker\/tjenester\/\"><i>Les mer<\/i><\/a><\/p>\n","protected":false},"author":1,"featured_media":0,"parent":0,"menu_order":0,"comment_status":"closed","ping_status":"closed","template":"","meta":{"_acf_changed":false,"footnotes":""},"class_list":["post-124","page","type-page","status-publish","hentry"],"acf":[],"yoast_head":"<!-- This site is optimized with the Yoast SEO plugin v27.4 - https:\/\/yoast.com\/product\/yoast-seo-wordpress\/ -->\n<title>Tjenester - Asker Taxi<\/title>\n<meta name=\"robots\" content=\"index, follow, max-snippet:-1, max-image-preview:large, max-video-preview:-1\" \/>\n<link rel=\"canonical\" href=\"https:\/\/www.07000.no\/asker\/tjenester\/\" \/>\n<meta property=\"og:locale\" content=\"nb_NO\" \/>\n<meta property=\"og:type\" content=\"article\" \/>\n<meta property=\"og:title\" content=\"Tjenester - Asker Taxi\" \/>\n<meta property=\"og:description\" content=\"07000 Asker Taxi taxi utf\u00f8rer tradisjonelle taxitjenester. I menyvalget kan du enkelt gj\u00f8re deg kjent med v\u00e5re tjenester.Klikk her&nbsp;og bestill taxi enkelt for privat eller bedrift. Vi har en bred kundegruppe og tilbyr flere drosjetjenester, blant annet: Vi er spesielt opptatt av \u00e5 ta vare p\u00e5 de kundegrupper med behov for ekstra assistanse.&nbsp; Drosje tilpasset... Les mer\" \/>\n<meta property=\"og:url\" content=\"https:\/\/www.07000.no\/asker\/tjenester\/\" \/>\n<meta property=\"og:site_name\" content=\"Asker Taxi\" \/>\n<meta property=\"article:modified_time\" content=\"2024-08-15T09:29:22+00:00\" \/>\n<meta property=\"og:image\" content=\"https:\/\/www.07000.no\/asker\/wp-content\/uploads\/sites\/14\/2021\/10\/Asker-mock.png\" \/>\n<meta name=\"twitter:card\" content=\"summary_large_image\" \/>\n<meta name=\"twitter:label1\" content=\"Ansl. lesetid\" \/>\n\t<meta name=\"twitter:data1\" content=\"2 minutter\" \/>\n<script type=\"application\/ld+json\" class=\"yoast-schema-graph\">{\"@context\":\"https:\\\/\\\/schema.org\",\"@graph\":[{\"@type\":\"WebPage\",\"@id\":\"https:\\\/\\\/www.07000.no\\\/asker\\\/tjenester\\\/\",\"url\":\"https:\\\/\\\/www.07000.no\\\/asker\\\/tjenester\\\/\",\"name\":\"Tjenester - Asker Taxi\",\"isPartOf\":{\"@id\":\"https:\\\/\\\/www.07000.no\\\/asker\\\/#website\"},\"primaryImageOfPage\":{\"@id\":\"https:\\\/\\\/www.07000.no\\\/asker\\\/tjenester\\\/#primaryimage\"},\"image\":{\"@id\":\"https:\\\/\\\/www.07000.no\\\/asker\\\/tjenester\\\/#primaryimage\"},\"thumbnailUrl\":\"https:\\\/\\\/www.07000.no\\\/asker\\\/wp-content\\\/uploads\\\/sites\\\/14\\\/2021\\\/10\\\/Asker-mock.png\",\"datePublished\":\"2021-10-26T09:05:00+00:00\",\"dateModified\":\"2024-08-15T09:29:22+00:00\",\"breadcrumb\":{\"@id\":\"https:\\\/\\\/www.07000.no\\\/asker\\\/tjenester\\\/#breadcrumb\"},\"inLanguage\":\"nb-NO\",\"potentialAction\":[{\"@type\":\"ReadAction\",\"target\":[\"https:\\\/\\\/www.07000.no\\\/asker\\\/tjenester\\\/\"]}]},{\"@type\":\"ImageObject\",\"inLanguage\":\"nb-NO\",\"@id\":\"https:\\\/\\\/www.07000.no\\\/asker\\\/tjenester\\\/#primaryimage\",\"url\":\"https:\\\/\\\/www.07000.no\\\/asker\\\/wp-content\\\/uploads\\\/sites\\\/14\\\/2021\\\/10\\\/Asker-mock.png\",\"contentUrl\":\"https:\\\/\\\/www.07000.no\\\/asker\\\/wp-content\\\/uploads\\\/sites\\\/14\\\/2021\\\/10\\\/Asker-mock.png\",\"width\":852,\"height\":362},{\"@type\":\"BreadcrumbList\",\"@id\":\"https:\\\/\\\/www.07000.no\\\/asker\\\/tjenester\\\/#breadcrumb\",\"itemListElement\":[{\"@type\":\"ListItem\",\"position\":1,\"name\":\"Hjem\",\"item\":\"https:\\\/\\\/www.07000.no\\\/asker\\\/\"},{\"@type\":\"ListItem\",\"position\":2,\"name\":\"Tjenester\"}]},{\"@type\":\"WebSite\",\"@id\":\"https:\\\/\\\/www.07000.no\\\/asker\\\/#website\",\"url\":\"https:\\\/\\\/www.07000.no\\\/asker\\\/\",\"name\":\"Asker Taxi\",\"description\":\"Bestill taxi p\u00e5 nett eller i app!\",\"potentialAction\":[{\"@type\":\"SearchAction\",\"target\":{\"@type\":\"EntryPoint\",\"urlTemplate\":\"https:\\\/\\\/www.07000.no\\\/asker\\\/?s={search_term_string}\"},\"query-input\":{\"@type\":\"PropertyValueSpecification\",\"valueRequired\":true,\"valueName\":\"search_term_string\"}}],\"inLanguage\":\"nb-NO\"}]}<\/script>\n<!-- \/ Yoast SEO plugin. -->","yoast_head_json":{"title":"Tjenester - Asker Taxi","robots":{"index":"index","follow":"follow","max-snippet":"max-snippet:-1","max-image-preview":"max-image-preview:large","max-video-preview":"max-video-preview:-1"},"canonical":"https:\/\/www.07000.no\/asker\/tjenester\/","og_locale":"nb_NO","og_type":"article","og_title":"Tjenester - Asker Taxi","og_description":"07000 Asker Taxi taxi utf\u00f8rer tradisjonelle taxitjenester. I menyvalget kan du enkelt gj\u00f8re deg kjent med v\u00e5re tjenester.Klikk her&nbsp;og bestill taxi enkelt for privat eller bedrift. Vi har en bred kundegruppe og tilbyr flere drosjetjenester, blant annet: Vi er spesielt opptatt av \u00e5 ta vare p\u00e5 de kundegrupper med behov for ekstra assistanse.&nbsp; Drosje tilpasset... Les mer","og_url":"https:\/\/www.07000.no\/asker\/tjenester\/","og_site_name":"Asker Taxi","article_modified_time":"2024-08-15T09:29:22+00:00","og_image":[{"url":"https:\/\/www.07000.no\/asker\/wp-content\/uploads\/sites\/14\/2021\/10\/Asker-mock.png","type":"","width":"","height":""}],"twitter_card":"summary_large_image","twitter_misc":{"Ansl. lesetid":"2 minutter"},"schema":{"@context":"https:\/\/schema.org","@graph":[{"@type":"WebPage","@id":"https:\/\/www.07000.no\/asker\/tjenester\/","url":"https:\/\/www.07000.no\/asker\/tjenester\/","name":"Tjenester - Asker Taxi","isPartOf":{"@id":"https:\/\/www.07000.no\/asker\/#website"},"primaryImageOfPage":{"@id":"https:\/\/www.07000.no\/asker\/tjenester\/#primaryimage"},"image":{"@id":"https:\/\/www.07000.no\/asker\/tjenester\/#primaryimage"},"thumbnailUrl":"https:\/\/www.07000.no\/asker\/wp-content\/uploads\/sites\/14\/2021\/10\/Asker-mock.png","datePublished":"2021-10-26T09:05:00+00:00","dateModified":"2024-08-15T09:29:22+00:00","breadcrumb":{"@id":"https:\/\/www.07000.no\/asker\/tjenester\/#breadcrumb"},"inLanguage":"nb-NO","potentialAction":[{"@type":"ReadAction","target":["https:\/\/www.07000.no\/asker\/tjenester\/"]}]},{"@type":"ImageObject","inLanguage":"nb-NO","@id":"https:\/\/www.07000.no\/asker\/tjenester\/#primaryimage","url":"https:\/\/www.07000.no\/asker\/wp-content\/uploads\/sites\/14\/2021\/10\/Asker-mock.png","contentUrl":"https:\/\/www.07000.no\/asker\/wp-content\/uploads\/sites\/14\/2021\/10\/Asker-mock.png","width":852,"height":362},{"@type":"BreadcrumbList","@id":"https:\/\/www.07000.no\/asker\/tjenester\/#breadcrumb","itemListElement":[{"@type":"ListItem","position":1,"name":"Hjem","item":"https:\/\/www.07000.no\/asker\/"},{"@type":"ListItem","position":2,"name":"Tjenester"}]},{"@type":"WebSite","@id":"https:\/\/www.07000.no\/asker\/#website","url":"https:\/\/www.07000.no\/asker\/","name":"Asker Taxi","description":"Bestill taxi p\u00e5 nett eller i app!","potentialAction":[{"@type":"SearchAction","target":{"@type":"EntryPoint","urlTemplate":"https:\/\/www.07000.no\/asker\/?s={search_term_string}"},"query-input":{"@type":"PropertyValueSpecification","valueRequired":true,"valueName":"search_term_string"}}],"inLanguage":"nb-NO"}]}},"_links":{"self":[{"href":"https:\/\/www.07000.no\/asker\/wp-json\/wp\/v2\/pages\/124","targetHints":{"allow":["GET"]}}],"collection":[{"href":"https:\/\/www.07000.no\/asker\/wp-json\/wp\/v2\/pages"}],"about":[{"href":"https:\/\/www.07000.no\/asker\/wp-json\/wp\/v2\/types\/page"}],"author":[{"embeddable":true,"href":"https:\/\/www.07000.no\/asker\/wp-json\/wp\/v2\/users\/1"}],"replies":[{"embeddable":true,"href":"https:\/\/www.07000.no\/asker\/wp-json\/wp\/v2\/comments?post=124"}],"version-history":[{"count":15,"href":"https:\/\/www.07000.no\/asker\/wp-json\/wp\/v2\/pages\/124\/revisions"}],"predecessor-version":[{"id":975,"href":"https:\/\/www.07000.no\/asker\/wp-json\/wp\/v2\/pages\/124\/revisions\/975"}],"wp:attachment":[{"href":"https:\/\/www.07000.no\/asker\/wp-json\/wp\/v2\/media?parent=124"}],"curies":[{"name":"wp","href":"https:\/\/api.w.org\/{rel}","templated":true}]}}