{"id":17,"date":"2020-02-17T14:25:25","date_gmt":"2020-02-17T13:25:25","guid":{"rendered":"https:\/\/www.07000.no\/asker\/?page_id=17"},"modified":"2025-06-30T10:00:53","modified_gmt":"2025-06-30T08:00:53","slug":"priser","status":"publish","type":"page","link":"https:\/\/www.07000.no\/asker\/priser\/","title":{"rendered":"Priser"},"content":{"rendered":"\n<p>Her finner du priser for 07000 Asker Taxi gjeldende fra 1. juli 2025. <br><strong>Velg antall passasjerer i menyen for \u00e5 se riktig taksttabell<\/strong>.<\/p>\n\n\n\n<p>Du kan f\u00e5 maksimalpris for din spesifikke reise ved \u00e5 bruke appen eller ringe oss p\u00e5 <strong>07000<\/strong>.<\/p>\n\n\n\n<p><\/p>\n\n\n\n<figure class=\"wp-block-image size-large\"><img loading=\"lazy\" decoding=\"async\" width=\"1024\" height=\"683\" src=\"https:\/\/www.07000.no\/asker\/wp-content\/uploads\/sites\/14\/2021\/11\/07000-Asker-taxi-2b-1024x683.jpg\" alt=\"\" class=\"wp-image-330\" srcset=\"https:\/\/www.07000.no\/asker\/wp-content\/uploads\/sites\/14\/2021\/11\/07000-Asker-taxi-2b-1024x683.jpg 1024w, https:\/\/www.07000.no\/asker\/wp-content\/uploads\/sites\/14\/2021\/11\/07000-Asker-taxi-2b-300x200.jpg 300w, https:\/\/www.07000.no\/asker\/wp-content\/uploads\/sites\/14\/2021\/11\/07000-Asker-taxi-2b-768x512.jpg 768w, https:\/\/www.07000.no\/asker\/wp-content\/uploads\/sites\/14\/2021\/11\/07000-Asker-taxi-2b-1536x1024.jpg 1536w, https:\/\/www.07000.no\/asker\/wp-content\/uploads\/sites\/14\/2021\/11\/07000-Asker-taxi-2b-2048x1365.jpg 2048w\" sizes=\"auto, (max-width: 1024px) 100vw, 1024px\" \/><\/figure>\n\n\n\n<p><a><\/a><\/p>\n","protected":false},"excerpt":{"rendered":"<p>Her finner du priser for 07000 Asker Taxi gjeldende fra 1. juli 2025. Velg antall passasjerer i menyen for \u00e5 se riktig taksttabell. Du kan f\u00e5 maksimalpris for din spesifikke reise ved \u00e5 bruke appen eller ringe oss p\u00e5 07000.<\/p>\n","protected":false},"author":3,"featured_media":0,"parent":0,"menu_order":0,"comment_status":"closed","ping_status":"closed","template":"","meta":{"_acf_changed":false,"footnotes":""},"class_list":["post-17","page","type-page","status-publish","hentry"],"acf":[],"yoast_head":"<!-- This site is optimized with the Yoast SEO plugin v27.6 - https:\/\/yoast.com\/product\/yoast-seo-wordpress\/ -->\n<title>Priser - Asker Taxi<\/title>\n<meta name=\"description\" content=\"Her finner du pristabell for 07000 Asker Taxi! Om du \u00f8nsker \u00e5 fastpris kan du bruke taxiappen 07000 Taxi. Vi henter deg helt uten hentetakst!\" \/>\n<meta name=\"robots\" content=\"index, follow, max-snippet:-1, max-image-preview:large, max-video-preview:-1\" \/>\n<link rel=\"canonical\" href=\"https:\/\/www.07000.no\/asker\/priser\/\" \/>\n<meta property=\"og:locale\" content=\"nb_NO\" \/>\n<meta property=\"og:type\" content=\"article\" \/>\n<meta property=\"og:title\" content=\"Priser - Asker Taxi\" \/>\n<meta property=\"og:description\" content=\"Her finner du pristabell for 07000 Asker Taxi! Om du \u00f8nsker \u00e5 fastpris kan du bruke taxiappen 07000 Taxi. Vi henter deg helt uten hentetakst!\" \/>\n<meta property=\"og:url\" content=\"https:\/\/www.07000.no\/asker\/priser\/\" \/>\n<meta property=\"og:site_name\" content=\"Asker Taxi\" \/>\n<meta property=\"article:modified_time\" content=\"2025-06-30T08:00:53+00:00\" \/>\n<meta property=\"og:image\" content=\"https:\/\/www.07000.no\/asker\/wp-content\/uploads\/sites\/14\/2021\/11\/07000-Asker-taxi-2b-scaled.jpg\" \/>\n\t<meta property=\"og:image:width\" content=\"2560\" \/>\n\t<meta property=\"og:image:height\" content=\"1707\" \/>\n\t<meta property=\"og:image:type\" content=\"image\/jpeg\" \/>\n<meta name=\"twitter:card\" content=\"summary_large_image\" \/>\n<meta name=\"twitter:label1\" content=\"Ansl. lesetid\" \/>\n\t<meta name=\"twitter:data1\" content=\"1 minutt\" \/>\n<script type=\"application\/ld+json\" class=\"yoast-schema-graph\">{\"@context\":\"https:\\\/\\\/schema.org\",\"@graph\":[{\"@type\":\"WebPage\",\"@id\":\"https:\\\/\\\/www.07000.no\\\/asker\\\/priser\\\/\",\"url\":\"https:\\\/\\\/www.07000.no\\\/asker\\\/priser\\\/\",\"name\":\"Priser - Asker Taxi\",\"isPartOf\":{\"@id\":\"https:\\\/\\\/www.07000.no\\\/asker\\\/#website\"},\"primaryImageOfPage\":{\"@id\":\"https:\\\/\\\/www.07000.no\\\/asker\\\/priser\\\/#primaryimage\"},\"image\":{\"@id\":\"https:\\\/\\\/www.07000.no\\\/asker\\\/priser\\\/#primaryimage\"},\"thumbnailUrl\":\"https:\\\/\\\/www.07000.no\\\/asker\\\/wp-content\\\/uploads\\\/sites\\\/14\\\/2021\\\/11\\\/07000-Asker-taxi-2b-1024x683.jpg\",\"datePublished\":\"2020-02-17T13:25:25+00:00\",\"dateModified\":\"2025-06-30T08:00:53+00:00\",\"description\":\"Her finner du pristabell for 07000 Asker Taxi! Om du \u00f8nsker \u00e5 fastpris kan du bruke taxiappen 07000 Taxi. Vi henter deg helt uten hentetakst!\",\"breadcrumb\":{\"@id\":\"https:\\\/\\\/www.07000.no\\\/asker\\\/priser\\\/#breadcrumb\"},\"inLanguage\":\"nb-NO\",\"potentialAction\":[{\"@type\":\"ReadAction\",\"target\":[\"https:\\\/\\\/www.07000.no\\\/asker\\\/priser\\\/\"]}]},{\"@type\":\"ImageObject\",\"inLanguage\":\"nb-NO\",\"@id\":\"https:\\\/\\\/www.07000.no\\\/asker\\\/priser\\\/#primaryimage\",\"url\":\"https:\\\/\\\/www.07000.no\\\/asker\\\/wp-content\\\/uploads\\\/sites\\\/14\\\/2021\\\/11\\\/07000-Asker-taxi-2b-scaled.jpg\",\"contentUrl\":\"https:\\\/\\\/www.07000.no\\\/asker\\\/wp-content\\\/uploads\\\/sites\\\/14\\\/2021\\\/11\\\/07000-Asker-taxi-2b-scaled.jpg\",\"width\":2560,\"height\":1707},{\"@type\":\"BreadcrumbList\",\"@id\":\"https:\\\/\\\/www.07000.no\\\/asker\\\/priser\\\/#breadcrumb\",\"itemListElement\":[{\"@type\":\"ListItem\",\"position\":1,\"name\":\"Hjem\",\"item\":\"https:\\\/\\\/www.07000.no\\\/asker\\\/\"},{\"@type\":\"ListItem\",\"position\":2,\"name\":\"Priser\"}]},{\"@type\":\"WebSite\",\"@id\":\"https:\\\/\\\/www.07000.no\\\/asker\\\/#website\",\"url\":\"https:\\\/\\\/www.07000.no\\\/asker\\\/\",\"name\":\"Asker Taxi\",\"description\":\"Bestill taxi p\u00e5 nett eller i app!\",\"potentialAction\":[{\"@type\":\"SearchAction\",\"target\":{\"@type\":\"EntryPoint\",\"urlTemplate\":\"https:\\\/\\\/www.07000.no\\\/asker\\\/?s={search_term_string}\"},\"query-input\":{\"@type\":\"PropertyValueSpecification\",\"valueRequired\":true,\"valueName\":\"search_term_string\"}}],\"inLanguage\":\"nb-NO\"}]}<\/script>\n<!-- \/ Yoast SEO plugin. -->","yoast_head_json":{"title":"Priser - Asker Taxi","description":"Her finner du pristabell for 07000 Asker Taxi! Om du \u00f8nsker \u00e5 fastpris kan du bruke taxiappen 07000 Taxi. Vi henter deg helt uten hentetakst!","robots":{"index":"index","follow":"follow","max-snippet":"max-snippet:-1","max-image-preview":"max-image-preview:large","max-video-preview":"max-video-preview:-1"},"canonical":"https:\/\/www.07000.no\/asker\/priser\/","og_locale":"nb_NO","og_type":"article","og_title":"Priser - Asker Taxi","og_description":"Her finner du pristabell for 07000 Asker Taxi! Om du \u00f8nsker \u00e5 fastpris kan du bruke taxiappen 07000 Taxi. Vi henter deg helt uten hentetakst!","og_url":"https:\/\/www.07000.no\/asker\/priser\/","og_site_name":"Asker Taxi","article_modified_time":"2025-06-30T08:00:53+00:00","og_image":[{"width":2560,"height":1707,"url":"https:\/\/www.07000.no\/asker\/wp-content\/uploads\/sites\/14\/2021\/11\/07000-Asker-taxi-2b-scaled.jpg","type":"image\/jpeg"}],"twitter_card":"summary_large_image","twitter_misc":{"Ansl. lesetid":"1 minutt"},"schema":{"@context":"https:\/\/schema.org","@graph":[{"@type":"WebPage","@id":"https:\/\/www.07000.no\/asker\/priser\/","url":"https:\/\/www.07000.no\/asker\/priser\/","name":"Priser - Asker Taxi","isPartOf":{"@id":"https:\/\/www.07000.no\/asker\/#website"},"primaryImageOfPage":{"@id":"https:\/\/www.07000.no\/asker\/priser\/#primaryimage"},"image":{"@id":"https:\/\/www.07000.no\/asker\/priser\/#primaryimage"},"thumbnailUrl":"https:\/\/www.07000.no\/asker\/wp-content\/uploads\/sites\/14\/2021\/11\/07000-Asker-taxi-2b-1024x683.jpg","datePublished":"2020-02-17T13:25:25+00:00","dateModified":"2025-06-30T08:00:53+00:00","description":"Her finner du pristabell for 07000 Asker Taxi! Om du \u00f8nsker \u00e5 fastpris kan du bruke taxiappen 07000 Taxi. Vi henter deg helt uten hentetakst!","breadcrumb":{"@id":"https:\/\/www.07000.no\/asker\/priser\/#breadcrumb"},"inLanguage":"nb-NO","potentialAction":[{"@type":"ReadAction","target":["https:\/\/www.07000.no\/asker\/priser\/"]}]},{"@type":"ImageObject","inLanguage":"nb-NO","@id":"https:\/\/www.07000.no\/asker\/priser\/#primaryimage","url":"https:\/\/www.07000.no\/asker\/wp-content\/uploads\/sites\/14\/2021\/11\/07000-Asker-taxi-2b-scaled.jpg","contentUrl":"https:\/\/www.07000.no\/asker\/wp-content\/uploads\/sites\/14\/2021\/11\/07000-Asker-taxi-2b-scaled.jpg","width":2560,"height":1707},{"@type":"BreadcrumbList","@id":"https:\/\/www.07000.no\/asker\/priser\/#breadcrumb","itemListElement":[{"@type":"ListItem","position":1,"name":"Hjem","item":"https:\/\/www.07000.no\/asker\/"},{"@type":"ListItem","position":2,"name":"Priser"}]},{"@type":"WebSite","@id":"https:\/\/www.07000.no\/asker\/#website","url":"https:\/\/www.07000.no\/asker\/","name":"Asker Taxi","description":"Bestill taxi p\u00e5 nett eller i app!","potentialAction":[{"@type":"SearchAction","target":{"@type":"EntryPoint","urlTemplate":"https:\/\/www.07000.no\/asker\/?s={search_term_string}"},"query-input":{"@type":"PropertyValueSpecification","valueRequired":true,"valueName":"search_term_string"}}],"inLanguage":"nb-NO"}]}},"_links":{"self":[{"href":"https:\/\/www.07000.no\/asker\/wp-json\/wp\/v2\/pages\/17","targetHints":{"allow":["GET"]}}],"collection":[{"href":"https:\/\/www.07000.no\/asker\/wp-json\/wp\/v2\/pages"}],"about":[{"href":"https:\/\/www.07000.no\/asker\/wp-json\/wp\/v2\/types\/page"}],"author":[{"embeddable":true,"href":"https:\/\/www.07000.no\/asker\/wp-json\/wp\/v2\/users\/3"}],"replies":[{"embeddable":true,"href":"https:\/\/www.07000.no\/asker\/wp-json\/wp\/v2\/comments?post=17"}],"version-history":[{"count":49,"href":"https:\/\/www.07000.no\/asker\/wp-json\/wp\/v2\/pages\/17\/revisions"}],"predecessor-version":[{"id":1083,"href":"https:\/\/www.07000.no\/asker\/wp-json\/wp\/v2\/pages\/17\/revisions\/1083"}],"wp:attachment":[{"href":"https:\/\/www.07000.no\/asker\/wp-json\/wp\/v2\/media?parent=17"}],"curies":[{"name":"wp","href":"https:\/\/api.w.org\/{rel}","templated":true}]}}