{"id":283,"date":"2021-11-11T14:31:09","date_gmt":"2021-11-11T13:31:09","guid":{"rendered":"https:\/\/www.07000.no\/asker\/?page_id=283"},"modified":"2024-11-06T16:22:04","modified_gmt":"2024-11-06T15:22:04","slug":"priser-rullestolbil","status":"publish","type":"page","link":"https:\/\/www.07000.no\/asker\/priser\/priser-rullestolbil\/","title":{"rendered":"Priser Rullestolbil"},"content":{"rendered":"\n<p><\/p>\n\n\n\n<figure class=\"wp-block-table is-style-regular\"><table><tbody><tr><td class=\"has-text-align-left\" data-align=\"left\"><\/td><td class=\"has-text-align-center\" data-align=\"center\"><strong>Dag<\/strong><\/td><td class=\"has-text-align-center\" data-align=\"center\"><strong>Kveld\/L\u00f8rdag<\/strong><\/td><td class=\"has-text-align-center\" data-align=\"center\"><strong>Natt\/S\u00f8ndag&nbsp;<\/strong><\/td><td class=\"has-text-align-center\" data-align=\"center\"><strong>Helg<\/strong><\/td><td class=\"has-text-align-center\" data-align=\"center\"><strong>H\u00f8ytid<\/strong><\/td><\/tr><tr><td class=\"has-text-align-left\" data-align=\"left\"><\/td><td class=\"has-text-align-center\" data-align=\"center\">Man-Fre<br> 07-17<\/td><td class=\"has-text-align-center\" data-align=\"center\">Man-Tor 17-23<br>Fre 17-22<br>L\u00f8r 07-18<\/td><td class=\"has-text-align-center\" data-align=\"center\">Man-Tor 23-07<br>S\u00f8n 07-07<\/td><td class=\"has-text-align-center\" data-align=\"center\">Fre 22-07<br>L\u00f8r 18-07<\/td><td class=\"has-text-align-center\" data-align=\"center\">H\u00f8ytid<\/td><\/tr><tr><td class=\"has-text-align-left\" data-align=\"left\"><strong>Starttakst <\/strong><\/td><td class=\"has-text-align-center\" data-align=\"center\">240<\/td><td class=\"has-text-align-center\" data-align=\"center\">288<\/td><td class=\"has-text-align-center\" data-align=\"center\">336<\/td><td class=\"has-text-align-center\" data-align=\"center\">360<\/td><td class=\"has-text-align-center\" data-align=\"center\">432<\/td><\/tr><tr><td class=\"has-text-align-left\" data-align=\"left\"><strong>Kr pr km<\/strong><\/td><td class=\"has-text-align-center\" data-align=\"center\">29,50<\/td><td class=\"has-text-align-center\" data-align=\"center\">35,40<\/td><td class=\"has-text-align-center\" data-align=\"center\">41,30<\/td><td class=\"has-text-align-center\" data-align=\"center\">44,25<\/td><td class=\"has-text-align-center\" data-align=\"center\">53,10<\/td><\/tr><tr><td class=\"has-text-align-left\" data-align=\"left\"><strong>Kr pr time<\/strong><\/td><td class=\"has-text-align-center\" data-align=\"center\">789<\/td><td class=\"has-text-align-center\" data-align=\"center\">947<\/td><td class=\"has-text-align-center\" data-align=\"center\">1105<\/td><td class=\"has-text-align-center\" data-align=\"center\">1184<\/td><td class=\"has-text-align-center\" data-align=\"center\">1421<\/td><\/tr><tr><td class=\"has-text-align-left\" data-align=\"left\"><strong>Minstepris:<\/strong><\/td><td class=\"has-text-align-center\" data-align=\"center\">235<\/td><td class=\"has-text-align-center\" data-align=\"center\">285<\/td><td class=\"has-text-align-center\" data-align=\"center\">329<\/td><td class=\"has-text-align-center\" data-align=\"center\">352<\/td><td class=\"has-text-align-center\" data-align=\"center\">423<\/td><\/tr><\/tbody><\/table><figcaption class=\"wp-element-caption\">Alle priser inkl 12% mva<\/figcaption><\/figure>\n\n\n\n<p><\/p>\n","protected":false},"excerpt":{"rendered":"<p>Dag Kveld\/L\u00f8rdag Natt\/S\u00f8ndag&nbsp; Helg H\u00f8ytid Man-Fre 07-17 Man-Tor 17-23Fre 17-22L\u00f8r 07-18 Man-Tor 23-07S\u00f8n 07-07 Fre 22-07L\u00f8r 18-07 H\u00f8ytid Starttakst 240 288 336 360 432 Kr pr km 29,50 35,40 41,30 44,25 53,10 Kr pr time 789 947 1105 1184 1421 Minstepris: 235 285 329 352 423 Alle priser inkl 12% mva<\/p>\n","protected":false},"author":5,"featured_media":0,"parent":17,"menu_order":5,"comment_status":"closed","ping_status":"closed","template":"","meta":{"_acf_changed":false,"footnotes":""},"class_list":["post-283","page","type-page","status-publish","hentry"],"acf":[],"yoast_head":"<!-- This site is optimized with the Yoast SEO plugin v27.5 - https:\/\/yoast.com\/product\/yoast-seo-wordpress\/ -->\n<title>Priser Rullestolbil - Asker Taxi<\/title>\n<meta name=\"robots\" content=\"index, follow, max-snippet:-1, max-image-preview:large, max-video-preview:-1\" \/>\n<link rel=\"canonical\" href=\"https:\/\/www.07000.no\/asker\/priser\/priser-rullestolbil\/\" \/>\n<meta property=\"og:locale\" content=\"nb_NO\" \/>\n<meta property=\"og:type\" content=\"article\" \/>\n<meta property=\"og:title\" content=\"Priser Rullestolbil - Asker Taxi\" \/>\n<meta property=\"og:description\" content=\"Dag Kveld\/L\u00f8rdag Natt\/S\u00f8ndag&nbsp; Helg H\u00f8ytid Man-Fre 07-17 Man-Tor 17-23Fre 17-22L\u00f8r 07-18 Man-Tor 23-07S\u00f8n 07-07 Fre 22-07L\u00f8r 18-07 H\u00f8ytid Starttakst 240 288 336 360 432 Kr pr km 29,50 35,40 41,30 44,25 53,10 Kr pr time 789 947 1105 1184 1421 Minstepris: 235 285 329 352 423 Alle priser inkl 12% mva\" \/>\n<meta property=\"og:url\" content=\"https:\/\/www.07000.no\/asker\/priser\/priser-rullestolbil\/\" \/>\n<meta property=\"og:site_name\" content=\"Asker Taxi\" \/>\n<meta property=\"article:modified_time\" content=\"2024-11-06T15:22:04+00:00\" \/>\n<meta name=\"twitter:card\" content=\"summary_large_image\" \/>\n<meta name=\"twitter:label1\" content=\"Ansl. lesetid\" \/>\n\t<meta name=\"twitter:data1\" content=\"1 minutt\" \/>\n<script type=\"application\/ld+json\" class=\"yoast-schema-graph\">{\"@context\":\"https:\\\/\\\/schema.org\",\"@graph\":[{\"@type\":\"WebPage\",\"@id\":\"https:\\\/\\\/www.07000.no\\\/asker\\\/priser\\\/priser-rullestolbil\\\/\",\"url\":\"https:\\\/\\\/www.07000.no\\\/asker\\\/priser\\\/priser-rullestolbil\\\/\",\"name\":\"Priser Rullestolbil - Asker Taxi\",\"isPartOf\":{\"@id\":\"https:\\\/\\\/www.07000.no\\\/asker\\\/#website\"},\"datePublished\":\"2021-11-11T13:31:09+00:00\",\"dateModified\":\"2024-11-06T15:22:04+00:00\",\"breadcrumb\":{\"@id\":\"https:\\\/\\\/www.07000.no\\\/asker\\\/priser\\\/priser-rullestolbil\\\/#breadcrumb\"},\"inLanguage\":\"nb-NO\",\"potentialAction\":[{\"@type\":\"ReadAction\",\"target\":[\"https:\\\/\\\/www.07000.no\\\/asker\\\/priser\\\/priser-rullestolbil\\\/\"]}]},{\"@type\":\"BreadcrumbList\",\"@id\":\"https:\\\/\\\/www.07000.no\\\/asker\\\/priser\\\/priser-rullestolbil\\\/#breadcrumb\",\"itemListElement\":[{\"@type\":\"ListItem\",\"position\":1,\"name\":\"Hjem\",\"item\":\"https:\\\/\\\/www.07000.no\\\/asker\\\/\"},{\"@type\":\"ListItem\",\"position\":2,\"name\":\"Priser\",\"item\":\"https:\\\/\\\/www.07000.no\\\/asker\\\/priser\\\/\"},{\"@type\":\"ListItem\",\"position\":3,\"name\":\"Priser Rullestolbil\"}]},{\"@type\":\"WebSite\",\"@id\":\"https:\\\/\\\/www.07000.no\\\/asker\\\/#website\",\"url\":\"https:\\\/\\\/www.07000.no\\\/asker\\\/\",\"name\":\"Asker Taxi\",\"description\":\"Bestill taxi p\u00e5 nett eller i app!\",\"potentialAction\":[{\"@type\":\"SearchAction\",\"target\":{\"@type\":\"EntryPoint\",\"urlTemplate\":\"https:\\\/\\\/www.07000.no\\\/asker\\\/?s={search_term_string}\"},\"query-input\":{\"@type\":\"PropertyValueSpecification\",\"valueRequired\":true,\"valueName\":\"search_term_string\"}}],\"inLanguage\":\"nb-NO\"}]}<\/script>\n<!-- \/ Yoast SEO plugin. -->","yoast_head_json":{"title":"Priser Rullestolbil - Asker Taxi","robots":{"index":"index","follow":"follow","max-snippet":"max-snippet:-1","max-image-preview":"max-image-preview:large","max-video-preview":"max-video-preview:-1"},"canonical":"https:\/\/www.07000.no\/asker\/priser\/priser-rullestolbil\/","og_locale":"nb_NO","og_type":"article","og_title":"Priser Rullestolbil - Asker Taxi","og_description":"Dag Kveld\/L\u00f8rdag Natt\/S\u00f8ndag&nbsp; Helg H\u00f8ytid Man-Fre 07-17 Man-Tor 17-23Fre 17-22L\u00f8r 07-18 Man-Tor 23-07S\u00f8n 07-07 Fre 22-07L\u00f8r 18-07 H\u00f8ytid Starttakst 240 288 336 360 432 Kr pr km 29,50 35,40 41,30 44,25 53,10 Kr pr time 789 947 1105 1184 1421 Minstepris: 235 285 329 352 423 Alle priser inkl 12% mva","og_url":"https:\/\/www.07000.no\/asker\/priser\/priser-rullestolbil\/","og_site_name":"Asker Taxi","article_modified_time":"2024-11-06T15:22:04+00:00","twitter_card":"summary_large_image","twitter_misc":{"Ansl. lesetid":"1 minutt"},"schema":{"@context":"https:\/\/schema.org","@graph":[{"@type":"WebPage","@id":"https:\/\/www.07000.no\/asker\/priser\/priser-rullestolbil\/","url":"https:\/\/www.07000.no\/asker\/priser\/priser-rullestolbil\/","name":"Priser Rullestolbil - Asker Taxi","isPartOf":{"@id":"https:\/\/www.07000.no\/asker\/#website"},"datePublished":"2021-11-11T13:31:09+00:00","dateModified":"2024-11-06T15:22:04+00:00","breadcrumb":{"@id":"https:\/\/www.07000.no\/asker\/priser\/priser-rullestolbil\/#breadcrumb"},"inLanguage":"nb-NO","potentialAction":[{"@type":"ReadAction","target":["https:\/\/www.07000.no\/asker\/priser\/priser-rullestolbil\/"]}]},{"@type":"BreadcrumbList","@id":"https:\/\/www.07000.no\/asker\/priser\/priser-rullestolbil\/#breadcrumb","itemListElement":[{"@type":"ListItem","position":1,"name":"Hjem","item":"https:\/\/www.07000.no\/asker\/"},{"@type":"ListItem","position":2,"name":"Priser","item":"https:\/\/www.07000.no\/asker\/priser\/"},{"@type":"ListItem","position":3,"name":"Priser Rullestolbil"}]},{"@type":"WebSite","@id":"https:\/\/www.07000.no\/asker\/#website","url":"https:\/\/www.07000.no\/asker\/","name":"Asker Taxi","description":"Bestill taxi p\u00e5 nett eller i app!","potentialAction":[{"@type":"SearchAction","target":{"@type":"EntryPoint","urlTemplate":"https:\/\/www.07000.no\/asker\/?s={search_term_string}"},"query-input":{"@type":"PropertyValueSpecification","valueRequired":true,"valueName":"search_term_string"}}],"inLanguage":"nb-NO"}]}},"_links":{"self":[{"href":"https:\/\/www.07000.no\/asker\/wp-json\/wp\/v2\/pages\/283","targetHints":{"allow":["GET"]}}],"collection":[{"href":"https:\/\/www.07000.no\/asker\/wp-json\/wp\/v2\/pages"}],"about":[{"href":"https:\/\/www.07000.no\/asker\/wp-json\/wp\/v2\/types\/page"}],"author":[{"embeddable":true,"href":"https:\/\/www.07000.no\/asker\/wp-json\/wp\/v2\/users\/5"}],"replies":[{"embeddable":true,"href":"https:\/\/www.07000.no\/asker\/wp-json\/wp\/v2\/comments?post=283"}],"version-history":[{"count":10,"href":"https:\/\/www.07000.no\/asker\/wp-json\/wp\/v2\/pages\/283\/revisions"}],"predecessor-version":[{"id":1007,"href":"https:\/\/www.07000.no\/asker\/wp-json\/wp\/v2\/pages\/283\/revisions\/1007"}],"up":[{"embeddable":true,"href":"https:\/\/www.07000.no\/asker\/wp-json\/wp\/v2\/pages\/17"}],"wp:attachment":[{"href":"https:\/\/www.07000.no\/asker\/wp-json\/wp\/v2\/media?parent=283"}],"curies":[{"name":"wp","href":"https:\/\/api.w.org\/{rel}","templated":true}]}}