{"id":444,"date":"2021-12-30T14:16:47","date_gmt":"2021-12-30T13:16:47","guid":{"rendered":"https:\/\/www.07000.no\/asker\/?page_id=444"},"modified":"2025-11-10T12:55:36","modified_gmt":"2025-11-10T11:55:36","slug":"sjafor","status":"publish","type":"page","link":"https:\/\/www.07000.no\/asker\/sjafor\/","title":{"rendered":"Bli l\u00f8yvehaver i 07000!"},"content":{"rendered":"\n<div class=\"wp-block-group alignwide\"><div class=\"wp-block-group__inner-container is-layout-flow wp-block-group-is-layout-flow\">\n<p style=\"font-size:16px\"><strong>Vi i 07000 trenger n\u00e5 flere solide taxieiere i Asker, Lier og Drammen<br>Er <em>du<\/em> v\u00e5r neste kollega? Fyll ut skjemaet under, s\u00e5 kontakter vi deg for mer info og videre oppf\u00f8lging<\/strong> \u2b07\ufe0f<br><br><strong>Vil du bli ansatt taxisj\u00e5f\u00f8r Asker og omegn?<\/strong> Vi har for tiden ikke ledige sj\u00e5f\u00f8rstillinger, men ta gjerne kontakt og meld din interesse, s\u00e5 tar vi kontakt om noe blir ledig.<\/p>\n<\/div><\/div>\n\n\n\n<div class=\"wp-block-contact-form-7-contact-form-selector\">\n<div class=\"wpcf7 no-js\" id=\"wpcf7-f593-o1\" lang=\"nb-NO\" dir=\"ltr\" data-wpcf7-id=\"593\">\n<div class=\"screen-reader-response\"><p role=\"status\" aria-live=\"polite\" aria-atomic=\"true\"><\/p> <ul><\/ul><\/div>\n<form action=\"\/asker\/wp-json\/wp\/v2\/pages\/444#wpcf7-f593-o1\" method=\"post\" class=\"wpcf7-form init\" aria-label=\"Kontaktskjema\" novalidate=\"novalidate\" data-status=\"init\">\n<fieldset class=\"hidden-fields-container\"><input type=\"hidden\" name=\"_wpcf7\" value=\"593\" \/><input type=\"hidden\" name=\"_wpcf7_version\" value=\"6.1.5\" \/><input type=\"hidden\" name=\"_wpcf7_locale\" value=\"nb_NO\" \/><input type=\"hidden\" name=\"_wpcf7_unit_tag\" value=\"wpcf7-f593-o1\" \/><input type=\"hidden\" name=\"_wpcf7_container_post\" value=\"0\" \/><input type=\"hidden\" name=\"_wpcf7_posted_data_hash\" value=\"\" \/><input type=\"hidden\" name=\"_wpcf7_recaptcha_response\" value=\"\" \/>\n<\/fieldset>\n<p><b>Ja takk, jeg vil ha uforpliktende info om det \u00e5 v\u00e6re l\u00f8yvehaver for 07000:<\/b>\n<\/p>\n<p><label> Mitt navn<br \/>\n<span class=\"wpcf7-form-control-wrap\" data-name=\"your-name\"><input size=\"40\" maxlength=\"400\" class=\"wpcf7-form-control wpcf7-text wpcf7-validates-as-required\" aria-required=\"true\" aria-invalid=\"false\" value=\"\" type=\"text\" name=\"your-name\" \/><\/span> <\/label>\n<\/p>\n<p><label> Min e-post<br \/>\n<span class=\"wpcf7-form-control-wrap\" data-name=\"your-email\"><input size=\"40\" maxlength=\"400\" class=\"wpcf7-form-control wpcf7-email wpcf7-validates-as-required wpcf7-text wpcf7-validates-as-email\" aria-required=\"true\" aria-invalid=\"false\" value=\"\" type=\"email\" name=\"your-email\" \/><\/span> <\/label>\n<\/p>\n<p><label> Mitt telefonnr:<br \/>\n<span class=\"wpcf7-form-control-wrap\" data-name=\"Mintlf\"><input size=\"40\" maxlength=\"400\" class=\"wpcf7-form-control wpcf7-tel wpcf7-text wpcf7-validates-as-tel\" aria-invalid=\"false\" value=\"\" type=\"tel\" name=\"Mintlf\" \/><\/span> <\/label>\n<\/p>\n<p><label> Jeg er interessert i f\u00f8lgende omr\u00e5de:<br \/>\n<span class=\"wpcf7-form-control-wrap\" data-name=\"Omrde\"><select class=\"wpcf7-form-control wpcf7-select\" aria-invalid=\"false\" name=\"Omrde\"><option value=\"Asker, Lier og Drammen\">Asker, Lier og Drammen<\/option><option value=\"Hurum og R\u00f8yken\">Hurum og R\u00f8yken<\/option><option value=\"Annet (skriv nedenfor)\">Annet (skriv nedenfor)<\/option><\/select><\/span> <\/label>\n<\/p>\n<p><label> Jeg har gyldig drosjel\u00f8yve:<br \/>\n<span class=\"wpcf7-form-control-wrap\" data-name=\"Harlyve\"><span class=\"wpcf7-form-control wpcf7-checkbox wpcf7-validates-as-required\"><span class=\"wpcf7-list-item first\"><span class=\"wpcf7-list-item-label\">Ja<\/span><input type=\"checkbox\" name=\"Harlyve[]\" value=\"Ja\" \/><\/span><span class=\"wpcf7-list-item\"><span class=\"wpcf7-list-item-label\">Nei<\/span><input type=\"checkbox\" name=\"Harlyve[]\" value=\"Nei\" \/><\/span><span class=\"wpcf7-list-item last\"><span class=\"wpcf7-list-item-label\">Planlegger \u00e5 f\u00e5<\/span><input type=\"checkbox\" name=\"Harlyve[]\" value=\"Planlegger \u00e5 f\u00e5\" \/><\/span><\/span><\/span><\/label>\n<\/p>\n<p><label> Melding til 07000 (frivillig)<br \/>\n<span class=\"wpcf7-form-control-wrap\" data-name=\"Meldingtil\"><textarea cols=\"40\" rows=\"10\" maxlength=\"2000\" class=\"wpcf7-form-control wpcf7-textarea\" aria-invalid=\"false\" name=\"Meldingtil\"><\/textarea><\/span> <\/label>\n<\/p>\n<p><input class=\"wpcf7-form-control wpcf7-submit has-spinner\" type=\"submit\" value=\"Send inn\" \/>\n<\/p><div class=\"wpcf7-response-output\" aria-hidden=\"true\"><\/div>\n<\/form>\n<\/div>\n<\/div>\n\n\n\n<p style=\"font-size:16px\">Det \u00e5 sende inn skjemaet er selvf\u00f8lgelig helt uforpliktende! <br>Du vil bli kontaktet av 07000 Asker Taxi eller ditt n\u00e6rmeste 07000-selskap for mer info og oppf\u00f8lging.<\/p>\n\n\n\n<p style=\"font-size:16px\">Du kan ogs\u00e5 kontakte oss p\u00e5 <a href=\"mailto:taxi@02850.no\">taxi@02850.no<\/a> eller opps\u00f8ke din lokale 07000-sentral. <a href=\"https:\/\/www.07000.no\/finn-ditt-taxiselskap\/\">Klikk her for \u00e5 se hvor du finner oss<\/a><\/p>\n\n\n\n<p style=\"font-size:16px\">Vi h\u00f8res!<\/p>\n\n\n\n<div style=\"height:11px\" aria-hidden=\"true\" class=\"wp-block-spacer\"><\/div>\n\n\n\n<div class=\"wp-block-media-text alignwide is-stacked-on-mobile\" style=\"grid-template-columns:44% auto\"><figure class=\"wp-block-media-text__media\"><img loading=\"lazy\" decoding=\"async\" width=\"1024\" height=\"768\" src=\"https:\/\/www.07000.no\/asker\/wp-content\/uploads\/sites\/14\/2025\/03\/IMG8746-neutral-1024x768.jpg\" alt=\"\" class=\"wp-image-1060 size-full\" srcset=\"https:\/\/www.07000.no\/asker\/wp-content\/uploads\/sites\/14\/2025\/03\/IMG8746-neutral-1024x768.jpg 1024w, https:\/\/www.07000.no\/asker\/wp-content\/uploads\/sites\/14\/2025\/03\/IMG8746-neutral-300x225.jpg 300w, https:\/\/www.07000.no\/asker\/wp-content\/uploads\/sites\/14\/2025\/03\/IMG8746-neutral-768x576.jpg 768w, https:\/\/www.07000.no\/asker\/wp-content\/uploads\/sites\/14\/2025\/03\/IMG8746-neutral-1536x1152.jpg 1536w, https:\/\/www.07000.no\/asker\/wp-content\/uploads\/sites\/14\/2025\/03\/IMG8746-neutral-2048x1536.jpg 2048w\" sizes=\"auto, (max-width: 1024px) 100vw, 1024px\" \/><\/figure><div class=\"wp-block-media-text__content\">\n<h1 class=\"wp-block-heading\" id=\"hvorfor\"><strong>Hvorfor bli 07000-sj\u00e5f\u00f8r?<\/strong><\/h1>\n\n\n\n<p style=\"font-size:16px\">Nedenfor kan du lese mer om noen av fordelene ved \u00e5 bli 07000-sj\u00e5f\u00f8r. Vi h\u00f8rer selvf\u00f8lgelig gjerne fra deg hvis du vil vite mer!<\/p>\n\n\n\n<div class=\"wp-block-buttons is-layout-flex wp-block-buttons-is-layout-flex\">\n<div class=\"wp-block-button\"><a class=\"wp-block-button__link wp-element-button\" href=\"#skjema\">Kontakt oss<\/a><\/div>\n<\/div>\n<\/div><\/div>\n\n\n\n<div class=\"wp-block-columns is-layout-flex wp-container-core-columns-is-layout-9d6595d7 wp-block-columns-is-layout-flex\">\n<div class=\"wp-block-column is-layout-flow wp-block-column-is-layout-flow\">\n<div class=\"show-for-medium\" id=\"right-block_d5fff82e1e36045195a7462b555dfb9e\"><\/div>\n<div id=\"taen-block_d5fff82e1e36045195a7462b555dfb9e\" class=\"cell small-12 medium-6 taen-blokk\" data-lrid=\"block_d5fff82e1e36045195a7462b555dfb9e\">\n    <img decoding=\"async\" src=\"https:\/\/www.07000.no\/asker\/wp-content\/themes\/nullsjutusen\/assets\/images\/07000dash.svg\" alt=\"ikon\">\n    <h3>Gode jobbmuligheter<\/h3>\n    <p>Som 07000-sj\u00e5f\u00f8r kan du jobbe b\u00e5de hel- og deltid, ukedag og\/eller helg. Vi har for tiden  behov for sj\u00e5f\u00f8rer b\u00e5de i Asker og andre steder<\/p>\n<\/div>\n<div class=\"show-for-medium\" id=\"left-block_d5fff82e1e36045195a7462b555dfb9e\"><\/div>\n\n\n<div class=\"show-for-medium\" id=\"right-block_244422a79b92d2726e0583b1082735f6\"><\/div>\n<div id=\"taen-block_244422a79b92d2726e0583b1082735f6\" class=\"cell small-12 medium-6 taen-blokk\" data-lrid=\"block_244422a79b92d2726e0583b1082735f6\">\n    <img decoding=\"async\" src=\"https:\/\/www.07000.no\/asker\/wp-content\/themes\/nullsjutusen\/assets\/images\/07000dash.svg\" alt=\"ikon\">\n    <h3>Solid kundebase<\/h3>\n    <p>I 07000 er 8 av 10 reiser er bestilte. Blant annet gir Norges st\u00f8rste taxiapp mange kunder. Du f\u00e5r de aller fleste oppdrag fra sentralen og slipper \u00e5 jakte egne kunder i trafikken. <\/p>\n<\/div>\n<div class=\"show-for-medium\" id=\"left-block_244422a79b92d2726e0583b1082735f6\"><\/div>\n\n\n<div class=\"show-for-medium\" id=\"right-block_3e2898a3220d17f16146638556e15c54\"><\/div>\n<div id=\"taen-block_3e2898a3220d17f16146638556e15c54\" class=\"cell small-12 medium-6 taen-blokk\" data-lrid=\"block_3e2898a3220d17f16146638556e15c54\">\n    <img decoding=\"async\" src=\"https:\/\/www.07000.no\/asker\/wp-content\/themes\/nullsjutusen\/assets\/images\/07000dash.svg\" alt=\"ikon\">\n    <h3>Et godt fellesskap<\/h3>\n    <p>Du f\u00e5r mange gode kollegaer i 07000-familien. 07000 best\u00e5r av rundt 1500 mennesker, enten ute p\u00e5 veien eller i administrasjon.<\/p>\n<\/div>\n<div class=\"show-for-medium\" id=\"left-block_3e2898a3220d17f16146638556e15c54\"><\/div><\/div>\n\n\n\n<div class=\"wp-block-column is-layout-flow wp-block-column-is-layout-flow\">\n<div class=\"show-for-medium\" id=\"right-block_f78ddb3f1d20d365e11521b7076dfdec\"><\/div>\n<div id=\"taen-block_f78ddb3f1d20d365e11521b7076dfdec\" class=\"cell small-12 medium-6 taen-blokk\" data-lrid=\"block_f78ddb3f1d20d365e11521b7076dfdec\">\n    <img decoding=\"async\" src=\"https:\/\/www.07000.no\/asker\/wp-content\/themes\/nullsjutusen\/assets\/images\/07000dash.svg\" alt=\"ikon\">\n    <h3>En fleksibel hverdag<\/h3>\n    <p>Som sj\u00e5f\u00f8r i 07000 skaper du din egen dag. Du avgj\u00f8r hvor du vil jobbe og posisjonerer deg etter trafikk og ettersp\u00f8rsel.<\/p>\n<\/div>\n<div class=\"show-for-medium\" id=\"left-block_f78ddb3f1d20d365e11521b7076dfdec\"><\/div>\n\n\n<div class=\"show-for-medium\" id=\"right-block_81519f1cb70d9efd9b6b923bf1024c1d\"><\/div>\n<div id=\"taen-block_81519f1cb70d9efd9b6b923bf1024c1d\" class=\"cell small-12 medium-6 taen-blokk\" data-lrid=\"block_81519f1cb70d9efd9b6b923bf1024c1d\">\n    <img decoding=\"async\" src=\"https:\/\/www.07000.no\/asker\/wp-content\/themes\/nullsjutusen\/assets\/images\/07000dash.svg\" alt=\"ikon\">\n    <h3>Mulighet for god inntekt<\/h3>\n    <p>Som 07000-sj\u00e5f\u00f8r kan du tjene gode penger &#8211; s\u00e6rlig hvis du kan jobbe n\u00e5r mange trenger deg! Noen har dette som ekstrainntekt sammen med studier eller skiftarbeid &#8211; mange lever av det p\u00e5 heltid. <\/p>\n<\/div>\n<div class=\"show-for-medium\" id=\"left-block_81519f1cb70d9efd9b6b923bf1024c1d\"><\/div>\n\n\n<div class=\"show-for-medium\" id=\"right-block_b6226c11013725fd5c72c27293eb53f3\"><\/div>\n<div id=\"taen-block_b6226c11013725fd5c72c27293eb53f3\" class=\"cell small-12 medium-6 taen-blokk\" data-lrid=\"block_b6226c11013725fd5c72c27293eb53f3\">\n    <img decoding=\"async\" src=\"https:\/\/www.07000.no\/asker\/wp-content\/themes\/nullsjutusen\/assets\/images\/07000dash.svg\" alt=\"ikon\">\n    <h3>Stor variasjon<\/h3>\n    <p>Du har aldri to dager som er like. Veien g\u00e5r dit neste bestilling tar deg, og du f\u00e5r m\u00f8te masse flotte, hyggelige og rare mennesker \ud83d\ude42 <\/p>\n<\/div>\n<div class=\"show-for-medium\" id=\"left-block_b6226c11013725fd5c72c27293eb53f3\"><\/div><\/div>\n<\/div>\n\n\n\n<div style=\"height:30px\" aria-hidden=\"true\" class=\"wp-block-spacer\"><\/div>\n\n\n\n<div class=\"wp-block-media-text alignwide has-media-on-the-right is-stacked-on-mobile\"><div class=\"wp-block-media-text__content\">\n<h1 class=\"wp-block-heading\" id=\"hvem\"><strong>Hvem er 07000-sj\u00e5f\u00f8rene?<\/strong><\/h1>\n\n\n\n<p style=\"font-size:16px\">07000-sj\u00e5f\u00f8rene er b\u00e5de menn og kvinner, i ulike aldre og livssituasjoner. Likevel har de gjerne noen ting til felles. Vi er p\u00e5 jakt etter deg som:<\/p>\n\n\n\n<ul class=\"wp-block-list\">\n<li style=\"font-size:16px\">Er blid, serviceminded og glad i \u00e5 omg\u00e5s mennesker<\/li>\n\n\n\n<li style=\"font-size:16px\">Er god p\u00e5 \u00e5 kommunisere, s\u00e6rlig muntlig<\/li>\n\n\n\n<li style=\"font-size:16px\">Liker \u00e5 kj\u00f8re bil \u2013 og tanken p\u00e5 \u00e5 v\u00e6re \u00abprivatsj\u00e5f\u00f8r\u00bb<\/li>\n\n\n\n<li style=\"font-size:16px\">Ser l\u00f8sninger \u2013 ikke problemer<\/li>\n\n\n\n<li style=\"font-size:16px\">Er proaktiv og beveger deg \u00abdit det skjer\u00bb<\/li>\n\n\n\n<li style=\"font-size:16px\">Bryr deg om folk rundt deg<\/li>\n\n\n\n<li style=\"font-size:16px\">Er til \u00e5 stole p\u00e5<\/li>\n\n\n\n<li style=\"font-size:16px\">\u00d8nsker en fleksibel jobb p\u00e5 hel- eller deltid<\/li>\n<\/ul>\n\n\n\n<div class=\"wp-block-buttons is-layout-flex wp-block-buttons-is-layout-flex\">\n<div class=\"wp-block-button\"><a class=\"wp-block-button__link wp-element-button\" href=\"#skjema\">Fyll ut kontaktskjema \u2b07\ufe0f<\/a><\/div>\n<\/div>\n<\/div><figure class=\"wp-block-media-text__media\"><img loading=\"lazy\" decoding=\"async\" width=\"1024\" height=\"768\" src=\"https:\/\/www.07000.no\/asker\/wp-content\/uploads\/sites\/14\/2025\/07\/DSF8171-1024x768.jpg\" alt=\"\" class=\"wp-image-1136 size-full\" srcset=\"https:\/\/www.07000.no\/asker\/wp-content\/uploads\/sites\/14\/2025\/07\/DSF8171-1024x768.jpg 1024w, https:\/\/www.07000.no\/asker\/wp-content\/uploads\/sites\/14\/2025\/07\/DSF8171-300x225.jpg 300w, https:\/\/www.07000.no\/asker\/wp-content\/uploads\/sites\/14\/2025\/07\/DSF8171-768x576.jpg 768w, https:\/\/www.07000.no\/asker\/wp-content\/uploads\/sites\/14\/2025\/07\/DSF8171-1536x1152.jpg 1536w, https:\/\/www.07000.no\/asker\/wp-content\/uploads\/sites\/14\/2025\/07\/DSF8171-2048x1536.jpg 2048w\" sizes=\"auto, (max-width: 1024px) 100vw, 1024px\" \/><\/figure><\/div>\n\n\n\n<div style=\"height:17px\" aria-hidden=\"true\" class=\"wp-block-spacer\"><\/div>\n\n\n\n<div class=\"wp-block-contact-form-7-contact-form-selector\">\n<div class=\"wpcf7 no-js\" id=\"wpcf7-f1122-o2\" lang=\"nb-NO\" dir=\"ltr\" data-wpcf7-id=\"1122\">\n<div class=\"screen-reader-response\"><p role=\"status\" aria-live=\"polite\" aria-atomic=\"true\"><\/p> <ul><\/ul><\/div>\n<form action=\"\/asker\/wp-json\/wp\/v2\/pages\/444#wpcf7-f1122-o2\" method=\"post\" class=\"wpcf7-form init\" aria-label=\"Kontaktskjema\" novalidate=\"novalidate\" data-status=\"init\">\n<fieldset class=\"hidden-fields-container\"><input type=\"hidden\" name=\"_wpcf7\" value=\"1122\" \/><input type=\"hidden\" name=\"_wpcf7_version\" value=\"6.1.5\" \/><input type=\"hidden\" name=\"_wpcf7_locale\" value=\"nb_NO\" \/><input type=\"hidden\" name=\"_wpcf7_unit_tag\" value=\"wpcf7-f1122-o2\" \/><input type=\"hidden\" name=\"_wpcf7_container_post\" value=\"0\" \/><input type=\"hidden\" name=\"_wpcf7_posted_data_hash\" value=\"\" \/><input type=\"hidden\" name=\"_wpcf7_recaptcha_response\" value=\"\" \/>\n<\/fieldset>\n<p><b>Ja takk, jeg vil ha uforpliktende info om det \u00e5 bli 07000-sj\u00e5f\u00f8r i mitt omr\u00e5de:<\/b>\n<\/p>\n<p><label> Mitt navn<br \/>\n<span class=\"wpcf7-form-control-wrap\" data-name=\"your-name\"><input size=\"40\" maxlength=\"400\" class=\"wpcf7-form-control wpcf7-text wpcf7-validates-as-required\" aria-required=\"true\" aria-invalid=\"false\" value=\"\" type=\"text\" name=\"your-name\" \/><\/span> <\/label>\n<\/p>\n<p><label> Min e-post<br \/>\n<span class=\"wpcf7-form-control-wrap\" data-name=\"your-email\"><input size=\"40\" maxlength=\"400\" class=\"wpcf7-form-control wpcf7-email wpcf7-validates-as-required wpcf7-text wpcf7-validates-as-email\" aria-required=\"true\" aria-invalid=\"false\" value=\"\" type=\"email\" name=\"your-email\" \/><\/span> <\/label>\n<\/p>\n<p><label> Mitt telefonnr:<br \/>\n<span class=\"wpcf7-form-control-wrap\" data-name=\"Mintlf\"><input size=\"40\" maxlength=\"400\" class=\"wpcf7-form-control wpcf7-tel wpcf7-text wpcf7-validates-as-tel\" aria-invalid=\"false\" value=\"\" type=\"tel\" name=\"Mintlf\" \/><\/span> <\/label>\n<\/p>\n<p><label> Jeg bor i (omr\u00e5de):<br \/>\n<span class=\"wpcf7-form-control-wrap\" data-name=\"Omrde\"><select class=\"wpcf7-form-control wpcf7-select\" aria-invalid=\"false\" name=\"Omrde\"><option value=\"Asker, Lier og Drammen\">Asker, Lier og Drammen<\/option><option value=\"Annet (skriv nedenfor)\">Annet (skriv nedenfor)<\/option><\/select><\/span> <\/label>\n<\/p>\n<p><label> Mitt omr\u00e5de (hvis \"Annet\" er valgt ovenfor):<br \/>\n<span class=\"wpcf7-form-control-wrap\" data-name=\"Omrde2\"><input size=\"40\" maxlength=\"400\" class=\"wpcf7-form-control wpcf7-text\" aria-invalid=\"false\" value=\"\" type=\"text\" name=\"Omrde2\" \/><\/span> <\/label>\n<\/p>\n<p><label> Melding til 07000 (frivillig)<br \/>\n<span class=\"wpcf7-form-control-wrap\" data-name=\"Meldingtil\"><textarea cols=\"40\" rows=\"10\" maxlength=\"2000\" class=\"wpcf7-form-control wpcf7-textarea\" aria-invalid=\"false\" name=\"Meldingtil\"><\/textarea><\/span> <\/label>\n<\/p>\n<p><input class=\"wpcf7-form-control wpcf7-submit has-spinner\" type=\"submit\" value=\"Send inn\" \/>\n<\/p><div class=\"wpcf7-response-output\" aria-hidden=\"true\"><\/div>\n<\/form>\n<\/div>\n<\/div>\n\n\n\n<p><\/p>\n\n\n\n<p><\/p>\n\n\n\n<p><\/p>\n","protected":false},"excerpt":{"rendered":"<p>Vi i 07000 trenger n\u00e5 flere solide taxieiere i Asker, Lier og DrammenEr du v\u00e5r neste kollega? Fyll ut skjemaet under, s\u00e5 kontakter vi deg for mer info og videre oppf\u00f8lging \u2b07\ufe0f Vil du bli ansatt taxisj\u00e5f\u00f8r Asker og omegn? Vi har for tiden ikke ledige sj\u00e5f\u00f8rstillinger, men ta gjerne kontakt og meld din interesse,&#8230; <a class=\"readmore\" href=\"https:\/\/www.07000.no\/asker\/sjafor\/\"><i>Les mer<\/i><\/a><\/p>\n","protected":false},"author":5,"featured_media":0,"parent":0,"menu_order":0,"comment_status":"closed","ping_status":"closed","template":"","meta":{"_acf_changed":false,"footnotes":""},"class_list":["post-444","page","type-page","status-publish","hentry"],"acf":[],"yoast_head":"<!-- This site is optimized with the Yoast SEO plugin v27.4 - https:\/\/yoast.com\/product\/yoast-seo-wordpress\/ -->\n<title>Bli l\u00f8yvehaver i 07000! - Asker Taxi<\/title>\n<meta name=\"robots\" content=\"index, follow, max-snippet:-1, max-image-preview:large, max-video-preview:-1\" \/>\n<link rel=\"canonical\" href=\"https:\/\/www.07000.no\/asker\/sjafor\/\" \/>\n<meta property=\"og:locale\" content=\"nb_NO\" \/>\n<meta property=\"og:type\" content=\"article\" \/>\n<meta property=\"og:title\" content=\"Bli l\u00f8yvehaver i 07000! - Asker Taxi\" \/>\n<meta property=\"og:description\" content=\"Vi i 07000 trenger n\u00e5 flere solide taxieiere i Asker, Lier og DrammenEr du v\u00e5r neste kollega? Fyll ut skjemaet under, s\u00e5 kontakter vi deg for mer info og videre oppf\u00f8lging \u2b07\ufe0f Vil du bli ansatt taxisj\u00e5f\u00f8r Asker og omegn? Vi har for tiden ikke ledige sj\u00e5f\u00f8rstillinger, men ta gjerne kontakt og meld din interesse,... Les mer\" \/>\n<meta property=\"og:url\" content=\"https:\/\/www.07000.no\/asker\/sjafor\/\" \/>\n<meta property=\"og:site_name\" content=\"Asker Taxi\" \/>\n<meta property=\"article:modified_time\" content=\"2025-11-10T11:55:36+00:00\" \/>\n<meta property=\"og:image\" content=\"https:\/\/www.07000.no\/asker\/wp-content\/uploads\/sites\/14\/2025\/03\/IMG8746-neutral-scaled.jpg\" \/>\n\t<meta property=\"og:image:width\" content=\"2560\" \/>\n\t<meta property=\"og:image:height\" content=\"1920\" \/>\n\t<meta property=\"og:image:type\" content=\"image\/jpeg\" \/>\n<meta name=\"twitter:card\" content=\"summary_large_image\" \/>\n<meta name=\"twitter:label1\" content=\"Ansl. lesetid\" \/>\n\t<meta name=\"twitter:data1\" content=\"2 minutter\" \/>\n<script type=\"application\/ld+json\" class=\"yoast-schema-graph\">{\"@context\":\"https:\\\/\\\/schema.org\",\"@graph\":[{\"@type\":\"WebPage\",\"@id\":\"https:\\\/\\\/www.07000.no\\\/asker\\\/sjafor\\\/\",\"url\":\"https:\\\/\\\/www.07000.no\\\/asker\\\/sjafor\\\/\",\"name\":\"Bli l\u00f8yvehaver i 07000! - Asker Taxi\",\"isPartOf\":{\"@id\":\"https:\\\/\\\/www.07000.no\\\/asker\\\/#website\"},\"primaryImageOfPage\":{\"@id\":\"https:\\\/\\\/www.07000.no\\\/asker\\\/sjafor\\\/#primaryimage\"},\"image\":{\"@id\":\"https:\\\/\\\/www.07000.no\\\/asker\\\/sjafor\\\/#primaryimage\"},\"thumbnailUrl\":\"https:\\\/\\\/www.07000.no\\\/asker\\\/wp-content\\\/uploads\\\/sites\\\/14\\\/2025\\\/03\\\/IMG8746-neutral-1024x768.jpg\",\"datePublished\":\"2021-12-30T13:16:47+00:00\",\"dateModified\":\"2025-11-10T11:55:36+00:00\",\"breadcrumb\":{\"@id\":\"https:\\\/\\\/www.07000.no\\\/asker\\\/sjafor\\\/#breadcrumb\"},\"inLanguage\":\"nb-NO\",\"potentialAction\":[{\"@type\":\"ReadAction\",\"target\":[\"https:\\\/\\\/www.07000.no\\\/asker\\\/sjafor\\\/\"]}]},{\"@type\":\"ImageObject\",\"inLanguage\":\"nb-NO\",\"@id\":\"https:\\\/\\\/www.07000.no\\\/asker\\\/sjafor\\\/#primaryimage\",\"url\":\"https:\\\/\\\/www.07000.no\\\/asker\\\/wp-content\\\/uploads\\\/sites\\\/14\\\/2025\\\/03\\\/IMG8746-neutral-scaled.jpg\",\"contentUrl\":\"https:\\\/\\\/www.07000.no\\\/asker\\\/wp-content\\\/uploads\\\/sites\\\/14\\\/2025\\\/03\\\/IMG8746-neutral-scaled.jpg\",\"width\":2560,\"height\":1920},{\"@type\":\"BreadcrumbList\",\"@id\":\"https:\\\/\\\/www.07000.no\\\/asker\\\/sjafor\\\/#breadcrumb\",\"itemListElement\":[{\"@type\":\"ListItem\",\"position\":1,\"name\":\"Hjem\",\"item\":\"https:\\\/\\\/www.07000.no\\\/asker\\\/\"},{\"@type\":\"ListItem\",\"position\":2,\"name\":\"Bli l\u00f8yvehaver i 07000!\"}]},{\"@type\":\"WebSite\",\"@id\":\"https:\\\/\\\/www.07000.no\\\/asker\\\/#website\",\"url\":\"https:\\\/\\\/www.07000.no\\\/asker\\\/\",\"name\":\"Asker Taxi\",\"description\":\"Bestill taxi p\u00e5 nett eller i app!\",\"potentialAction\":[{\"@type\":\"SearchAction\",\"target\":{\"@type\":\"EntryPoint\",\"urlTemplate\":\"https:\\\/\\\/www.07000.no\\\/asker\\\/?s={search_term_string}\"},\"query-input\":{\"@type\":\"PropertyValueSpecification\",\"valueRequired\":true,\"valueName\":\"search_term_string\"}}],\"inLanguage\":\"nb-NO\"}]}<\/script>\n<!-- \/ Yoast SEO plugin. -->","yoast_head_json":{"title":"Bli l\u00f8yvehaver i 07000! - Asker Taxi","robots":{"index":"index","follow":"follow","max-snippet":"max-snippet:-1","max-image-preview":"max-image-preview:large","max-video-preview":"max-video-preview:-1"},"canonical":"https:\/\/www.07000.no\/asker\/sjafor\/","og_locale":"nb_NO","og_type":"article","og_title":"Bli l\u00f8yvehaver i 07000! - Asker Taxi","og_description":"Vi i 07000 trenger n\u00e5 flere solide taxieiere i Asker, Lier og DrammenEr du v\u00e5r neste kollega? Fyll ut skjemaet under, s\u00e5 kontakter vi deg for mer info og videre oppf\u00f8lging \u2b07\ufe0f Vil du bli ansatt taxisj\u00e5f\u00f8r Asker og omegn? Vi har for tiden ikke ledige sj\u00e5f\u00f8rstillinger, men ta gjerne kontakt og meld din interesse,... Les mer","og_url":"https:\/\/www.07000.no\/asker\/sjafor\/","og_site_name":"Asker Taxi","article_modified_time":"2025-11-10T11:55:36+00:00","og_image":[{"width":2560,"height":1920,"url":"https:\/\/www.07000.no\/asker\/wp-content\/uploads\/sites\/14\/2025\/03\/IMG8746-neutral-scaled.jpg","type":"image\/jpeg"}],"twitter_card":"summary_large_image","twitter_misc":{"Ansl. lesetid":"2 minutter"},"schema":{"@context":"https:\/\/schema.org","@graph":[{"@type":"WebPage","@id":"https:\/\/www.07000.no\/asker\/sjafor\/","url":"https:\/\/www.07000.no\/asker\/sjafor\/","name":"Bli l\u00f8yvehaver i 07000! - Asker Taxi","isPartOf":{"@id":"https:\/\/www.07000.no\/asker\/#website"},"primaryImageOfPage":{"@id":"https:\/\/www.07000.no\/asker\/sjafor\/#primaryimage"},"image":{"@id":"https:\/\/www.07000.no\/asker\/sjafor\/#primaryimage"},"thumbnailUrl":"https:\/\/www.07000.no\/asker\/wp-content\/uploads\/sites\/14\/2025\/03\/IMG8746-neutral-1024x768.jpg","datePublished":"2021-12-30T13:16:47+00:00","dateModified":"2025-11-10T11:55:36+00:00","breadcrumb":{"@id":"https:\/\/www.07000.no\/asker\/sjafor\/#breadcrumb"},"inLanguage":"nb-NO","potentialAction":[{"@type":"ReadAction","target":["https:\/\/www.07000.no\/asker\/sjafor\/"]}]},{"@type":"ImageObject","inLanguage":"nb-NO","@id":"https:\/\/www.07000.no\/asker\/sjafor\/#primaryimage","url":"https:\/\/www.07000.no\/asker\/wp-content\/uploads\/sites\/14\/2025\/03\/IMG8746-neutral-scaled.jpg","contentUrl":"https:\/\/www.07000.no\/asker\/wp-content\/uploads\/sites\/14\/2025\/03\/IMG8746-neutral-scaled.jpg","width":2560,"height":1920},{"@type":"BreadcrumbList","@id":"https:\/\/www.07000.no\/asker\/sjafor\/#breadcrumb","itemListElement":[{"@type":"ListItem","position":1,"name":"Hjem","item":"https:\/\/www.07000.no\/asker\/"},{"@type":"ListItem","position":2,"name":"Bli l\u00f8yvehaver i 07000!"}]},{"@type":"WebSite","@id":"https:\/\/www.07000.no\/asker\/#website","url":"https:\/\/www.07000.no\/asker\/","name":"Asker Taxi","description":"Bestill taxi p\u00e5 nett eller i app!","potentialAction":[{"@type":"SearchAction","target":{"@type":"EntryPoint","urlTemplate":"https:\/\/www.07000.no\/asker\/?s={search_term_string}"},"query-input":{"@type":"PropertyValueSpecification","valueRequired":true,"valueName":"search_term_string"}}],"inLanguage":"nb-NO"}]}},"_links":{"self":[{"href":"https:\/\/www.07000.no\/asker\/wp-json\/wp\/v2\/pages\/444","targetHints":{"allow":["GET"]}}],"collection":[{"href":"https:\/\/www.07000.no\/asker\/wp-json\/wp\/v2\/pages"}],"about":[{"href":"https:\/\/www.07000.no\/asker\/wp-json\/wp\/v2\/types\/page"}],"author":[{"embeddable":true,"href":"https:\/\/www.07000.no\/asker\/wp-json\/wp\/v2\/users\/5"}],"replies":[{"embeddable":true,"href":"https:\/\/www.07000.no\/asker\/wp-json\/wp\/v2\/comments?post=444"}],"version-history":[{"count":15,"href":"https:\/\/www.07000.no\/asker\/wp-json\/wp\/v2\/pages\/444\/revisions"}],"predecessor-version":[{"id":1243,"href":"https:\/\/www.07000.no\/asker\/wp-json\/wp\/v2\/pages\/444\/revisions\/1243"}],"wp:attachment":[{"href":"https:\/\/www.07000.no\/asker\/wp-json\/wp\/v2\/media?parent=444"}],"curies":[{"name":"wp","href":"https:\/\/api.w.org\/{rel}","templated":true}]}}