{"id":45,"date":"2020-02-17T15:00:40","date_gmt":"2020-02-17T14:00:40","guid":{"rendered":"https:\/\/www.07000.no\/asker\/?page_id=45"},"modified":"2023-11-06T08:51:00","modified_gmt":"2023-11-06T07:51:00","slug":"for-bedrifter","status":"publish","type":"page","link":"https:\/\/www.07000.no\/asker\/for-bedrifter\/","title":{"rendered":"For bedrifter"},"content":{"rendered":"\n<figure class=\"wp-block-image size-full is-resized\"><img loading=\"lazy\" decoding=\"async\" width=\"520\" height=\"292\" src=\"https:\/\/www.07000.no\/asker\/wp-content\/uploads\/sites\/14\/2021\/11\/Bedrift.jpg\" alt=\"\" class=\"wp-image-217\" style=\"width:547px;height:307px\" srcset=\"https:\/\/www.07000.no\/asker\/wp-content\/uploads\/sites\/14\/2021\/11\/Bedrift.jpg 520w, https:\/\/www.07000.no\/asker\/wp-content\/uploads\/sites\/14\/2021\/11\/Bedrift-300x168.jpg 300w\" sizes=\"auto, (max-width: 520px) 100vw, 520px\" \/><\/figure>\n\n\n\n<p>07000 Asker Taxi tilbyr en rekke l\u00f8sninger for bedrifter som \u00f8nsker en avtale med oss. Enten det er dine ansatte eller dine gjester som skal transporteres har vi l\u00f8sningene som gj\u00f8r bestilling og transport s\u00e5 enkelt som mulig.<\/p>\n\n\n\n<p>Som bedriftskunde\/avtalekunde hos oss, har du tilgang til flere praktiske fordeler som eksempelvis \u00e5 benytte rekvisisjoner og f\u00e5 m\u00e5nedlig faktura.&nbsp;Vi har i flere ti\u00e5r bist\u00e5tt med bedriftstaxi for bedrifter som krever effektivitet og god utnyttelse av tiden. Med oss kan du som passasjer kan fortsette arbeidet mens du er p\u00e5 vei, men ogs\u00e5 ta deg en velfortjent pust i bakken. For oss st\u00e5r trafikksikkerhet aller h\u00f8yest, og vi har omfattende rutiner for \u00e5 yte s\u00e5 god service og s\u00e5 h\u00f8y trafikksikkerhet som mulig. Vi har alltid som m\u00e5l null alvorlige ulykker, og null ulykker med noen form for personskade. La oss gj\u00f8re reisen fra A til B mest mulig komfortabel for din bedrift!&nbsp;<\/p>\n\n\n<div class=\"wp-block-image\">\n<figure class=\"alignleft size-full is-resized\"><img loading=\"lazy\" decoding=\"async\" width=\"170\" height=\"169\" src=\"https:\/\/www.07000.no\/asker\/wp-content\/uploads\/sites\/14\/2021\/11\/ISO-39001-1.png\" alt=\"\" class=\"wp-image-366\" style=\"width:106px;height:105px\" srcset=\"https:\/\/www.07000.no\/asker\/wp-content\/uploads\/sites\/14\/2021\/11\/ISO-39001-1.png 170w, https:\/\/www.07000.no\/asker\/wp-content\/uploads\/sites\/14\/2021\/11\/ISO-39001-1-150x150.png 150w, https:\/\/www.07000.no\/asker\/wp-content\/uploads\/sites\/14\/2021\/11\/ISO-39001-1-125x125.png 125w\" sizes=\"auto, (max-width: 170px) 100vw, 170px\" \/><\/figure>\n<\/div>\n\n\n<h3 class=\"wp-block-heading\">Fokus p\u00e5 trafikksikkerhet<\/h3>\n\n\n\n<p>Vi er ISO-39001 sertifisert. Sertifiseringen er et verkt\u00f8y for \u00e5 bygge sikkerhetskultur i v\u00e5r virksomhet, og beskriver konkret hva som kreves av et styringssystem for vegtrafikksikkerhet. Gjennom denne sertifiseringen&nbsp;har vi forankret&nbsp;v\u00e5re m\u00e5l om sikker kj\u00f8ring. Det gir \u00f8kt trygghet for deg som kunde.&nbsp;<\/p>\n\n\n<div class=\"wp-block-image\">\n<figure class=\"alignleft size-full is-resized\"><img loading=\"lazy\" decoding=\"async\" width=\"400\" height=\"339\" src=\"https:\/\/www.07000.no\/asker\/wp-content\/uploads\/sites\/14\/2021\/11\/Mft-logo.jpg\" alt=\"\" class=\"wp-image-337\" style=\"width:109px;height:92px\" srcset=\"https:\/\/www.07000.no\/asker\/wp-content\/uploads\/sites\/14\/2021\/11\/Mft-logo.jpg 400w, https:\/\/www.07000.no\/asker\/wp-content\/uploads\/sites\/14\/2021\/11\/Mft-logo-300x254.jpg 300w\" sizes=\"auto, (max-width: 400px) 100vw, 400px\" \/><\/figure>\n<\/div>\n\n\n<h3 class=\"wp-block-heading\">Et milj\u00f8vennlig alternativ<\/h3>\n\n\n\n<p>Vi er en Milj\u00f8fyrt\u00e5rn-sertifisert bedrift. Det inneb\u00e6rer at vi forholder oss til retningslinjer for utslipp og alder p\u00e5 kj\u00f8ret\u00f8y, samt for milj\u00f8venlig h\u00e5ndtering av avfall. Mange av v\u00e5re biler er hybride, og alle v\u00e5re sj\u00e5f\u00f8rer gjennomf\u00f8rer kurs i &laquo;\u00f8ko-driving&raquo;. Med det m\u00e5l \u00e5 kj\u00f8re b\u00e5de mer \u00f8konomisk og milj\u00f8vennlig.<\/p>\n\n\n\n<h3 class=\"wp-block-heading\">Omr\u00e5der vi betjener<\/h3>\n\n\n\n<p>Vi er tilgjengelig for deg som holder til i\u00a0&laquo;Gamle&raquo; R\u00f8yken og Hurum, Lier, Drammen og Asker.<br><a href=\"https:\/\/www.07000.no\/asker\/kontakt-oss\/\">Ta kontakt<\/a>\u00a0dersom du \u00f8nsker mer informasjon eller vil opprette en avtale for din bedrift.<\/p>\n\n\n\n<div class=\"wp-block-columns is-layout-flex wp-container-core-columns-is-layout-9d6595d7 wp-block-columns-is-layout-flex\">\n<div class=\"wp-block-column is-layout-flow wp-block-column-is-layout-flow\">\n<div class=\"wp-block-button\"><a class=\"wp-block-button__link wp-element-button\" href=\"https:\/\/www.07000.no\/asker\/for-bedrifter\/internettbestilling\/\">Bookingterminal<\/a><\/div>\n<\/div>\n\n\n\n<div class=\"wp-block-column is-layout-flow wp-block-column-is-layout-flow\">\n<div class=\"wp-block-button\"><a class=\"wp-block-button__link wp-element-button\" href=\"https:\/\/www.07000.no\/asker\/for-bedrifter\/bestillingslosninger-for-bedrifter\/\">Bestillingsl\u00f8sninger<\/a><\/div>\n<\/div>\n<\/div>\n","protected":false},"excerpt":{"rendered":"<p>07000 Asker Taxi tilbyr en rekke l\u00f8sninger for bedrifter som \u00f8nsker en avtale med oss. Enten det er dine ansatte eller dine gjester som skal transporteres har vi l\u00f8sningene som gj\u00f8r bestilling og transport s\u00e5 enkelt som mulig. Som bedriftskunde\/avtalekunde hos oss, har du tilgang til flere praktiske fordeler som eksempelvis \u00e5 benytte rekvisisjoner og&#8230; <a class=\"readmore\" href=\"https:\/\/www.07000.no\/asker\/for-bedrifter\/\"><i>Les mer<\/i><\/a><\/p>\n","protected":false},"author":3,"featured_media":0,"parent":0,"menu_order":0,"comment_status":"closed","ping_status":"closed","template":"","meta":{"_acf_changed":false,"footnotes":""},"class_list":["post-45","page","type-page","status-publish","hentry"],"acf":[],"yoast_head":"<!-- This site is optimized with the Yoast SEO plugin v27.4 - https:\/\/yoast.com\/product\/yoast-seo-wordpress\/ -->\n<title>For bedrifter - Asker Taxi<\/title>\n<meta name=\"robots\" content=\"index, follow, max-snippet:-1, max-image-preview:large, max-video-preview:-1\" \/>\n<link rel=\"canonical\" href=\"https:\/\/www.07000.no\/asker\/for-bedrifter\/\" \/>\n<meta property=\"og:locale\" content=\"nb_NO\" \/>\n<meta property=\"og:type\" content=\"article\" \/>\n<meta property=\"og:title\" content=\"For bedrifter - Asker Taxi\" \/>\n<meta property=\"og:description\" content=\"07000 Asker Taxi tilbyr en rekke l\u00f8sninger for bedrifter som \u00f8nsker en avtale med oss. Enten det er dine ansatte eller dine gjester som skal transporteres har vi l\u00f8sningene som gj\u00f8r bestilling og transport s\u00e5 enkelt som mulig. Som bedriftskunde\/avtalekunde hos oss, har du tilgang til flere praktiske fordeler som eksempelvis \u00e5 benytte rekvisisjoner og... Les mer\" \/>\n<meta property=\"og:url\" content=\"https:\/\/www.07000.no\/asker\/for-bedrifter\/\" \/>\n<meta property=\"og:site_name\" content=\"Asker Taxi\" \/>\n<meta property=\"article:modified_time\" content=\"2023-11-06T07:51:00+00:00\" \/>\n<meta property=\"og:image\" content=\"https:\/\/www.07000.no\/asker\/wp-content\/uploads\/sites\/14\/2021\/11\/Bedrift.jpg\" \/>\n<meta name=\"twitter:card\" content=\"summary_large_image\" \/>\n<meta name=\"twitter:label1\" content=\"Ansl. lesetid\" \/>\n\t<meta name=\"twitter:data1\" content=\"3 minutter\" \/>\n<script type=\"application\/ld+json\" class=\"yoast-schema-graph\">{\"@context\":\"https:\\\/\\\/schema.org\",\"@graph\":[{\"@type\":\"WebPage\",\"@id\":\"https:\\\/\\\/www.07000.no\\\/asker\\\/for-bedrifter\\\/\",\"url\":\"https:\\\/\\\/www.07000.no\\\/asker\\\/for-bedrifter\\\/\",\"name\":\"For bedrifter - Asker Taxi\",\"isPartOf\":{\"@id\":\"https:\\\/\\\/www.07000.no\\\/asker\\\/#website\"},\"primaryImageOfPage\":{\"@id\":\"https:\\\/\\\/www.07000.no\\\/asker\\\/for-bedrifter\\\/#primaryimage\"},\"image\":{\"@id\":\"https:\\\/\\\/www.07000.no\\\/asker\\\/for-bedrifter\\\/#primaryimage\"},\"thumbnailUrl\":\"https:\\\/\\\/www.07000.no\\\/asker\\\/wp-content\\\/uploads\\\/sites\\\/14\\\/2021\\\/11\\\/Bedrift.jpg\",\"datePublished\":\"2020-02-17T14:00:40+00:00\",\"dateModified\":\"2023-11-06T07:51:00+00:00\",\"breadcrumb\":{\"@id\":\"https:\\\/\\\/www.07000.no\\\/asker\\\/for-bedrifter\\\/#breadcrumb\"},\"inLanguage\":\"nb-NO\",\"potentialAction\":[{\"@type\":\"ReadAction\",\"target\":[\"https:\\\/\\\/www.07000.no\\\/asker\\\/for-bedrifter\\\/\"]}]},{\"@type\":\"ImageObject\",\"inLanguage\":\"nb-NO\",\"@id\":\"https:\\\/\\\/www.07000.no\\\/asker\\\/for-bedrifter\\\/#primaryimage\",\"url\":\"https:\\\/\\\/www.07000.no\\\/asker\\\/wp-content\\\/uploads\\\/sites\\\/14\\\/2021\\\/11\\\/Bedrift.jpg\",\"contentUrl\":\"https:\\\/\\\/www.07000.no\\\/asker\\\/wp-content\\\/uploads\\\/sites\\\/14\\\/2021\\\/11\\\/Bedrift.jpg\",\"width\":520,\"height\":292},{\"@type\":\"BreadcrumbList\",\"@id\":\"https:\\\/\\\/www.07000.no\\\/asker\\\/for-bedrifter\\\/#breadcrumb\",\"itemListElement\":[{\"@type\":\"ListItem\",\"position\":1,\"name\":\"Hjem\",\"item\":\"https:\\\/\\\/www.07000.no\\\/asker\\\/\"},{\"@type\":\"ListItem\",\"position\":2,\"name\":\"For bedrifter\"}]},{\"@type\":\"WebSite\",\"@id\":\"https:\\\/\\\/www.07000.no\\\/asker\\\/#website\",\"url\":\"https:\\\/\\\/www.07000.no\\\/asker\\\/\",\"name\":\"Asker Taxi\",\"description\":\"Bestill taxi p\u00e5 nett eller i app!\",\"potentialAction\":[{\"@type\":\"SearchAction\",\"target\":{\"@type\":\"EntryPoint\",\"urlTemplate\":\"https:\\\/\\\/www.07000.no\\\/asker\\\/?s={search_term_string}\"},\"query-input\":{\"@type\":\"PropertyValueSpecification\",\"valueRequired\":true,\"valueName\":\"search_term_string\"}}],\"inLanguage\":\"nb-NO\"}]}<\/script>\n<!-- \/ Yoast SEO plugin. -->","yoast_head_json":{"title":"For bedrifter - Asker Taxi","robots":{"index":"index","follow":"follow","max-snippet":"max-snippet:-1","max-image-preview":"max-image-preview:large","max-video-preview":"max-video-preview:-1"},"canonical":"https:\/\/www.07000.no\/asker\/for-bedrifter\/","og_locale":"nb_NO","og_type":"article","og_title":"For bedrifter - Asker Taxi","og_description":"07000 Asker Taxi tilbyr en rekke l\u00f8sninger for bedrifter som \u00f8nsker en avtale med oss. Enten det er dine ansatte eller dine gjester som skal transporteres har vi l\u00f8sningene som gj\u00f8r bestilling og transport s\u00e5 enkelt som mulig. Som bedriftskunde\/avtalekunde hos oss, har du tilgang til flere praktiske fordeler som eksempelvis \u00e5 benytte rekvisisjoner og... Les mer","og_url":"https:\/\/www.07000.no\/asker\/for-bedrifter\/","og_site_name":"Asker Taxi","article_modified_time":"2023-11-06T07:51:00+00:00","og_image":[{"url":"https:\/\/www.07000.no\/asker\/wp-content\/uploads\/sites\/14\/2021\/11\/Bedrift.jpg","type":"","width":"","height":""}],"twitter_card":"summary_large_image","twitter_misc":{"Ansl. lesetid":"3 minutter"},"schema":{"@context":"https:\/\/schema.org","@graph":[{"@type":"WebPage","@id":"https:\/\/www.07000.no\/asker\/for-bedrifter\/","url":"https:\/\/www.07000.no\/asker\/for-bedrifter\/","name":"For bedrifter - Asker Taxi","isPartOf":{"@id":"https:\/\/www.07000.no\/asker\/#website"},"primaryImageOfPage":{"@id":"https:\/\/www.07000.no\/asker\/for-bedrifter\/#primaryimage"},"image":{"@id":"https:\/\/www.07000.no\/asker\/for-bedrifter\/#primaryimage"},"thumbnailUrl":"https:\/\/www.07000.no\/asker\/wp-content\/uploads\/sites\/14\/2021\/11\/Bedrift.jpg","datePublished":"2020-02-17T14:00:40+00:00","dateModified":"2023-11-06T07:51:00+00:00","breadcrumb":{"@id":"https:\/\/www.07000.no\/asker\/for-bedrifter\/#breadcrumb"},"inLanguage":"nb-NO","potentialAction":[{"@type":"ReadAction","target":["https:\/\/www.07000.no\/asker\/for-bedrifter\/"]}]},{"@type":"ImageObject","inLanguage":"nb-NO","@id":"https:\/\/www.07000.no\/asker\/for-bedrifter\/#primaryimage","url":"https:\/\/www.07000.no\/asker\/wp-content\/uploads\/sites\/14\/2021\/11\/Bedrift.jpg","contentUrl":"https:\/\/www.07000.no\/asker\/wp-content\/uploads\/sites\/14\/2021\/11\/Bedrift.jpg","width":520,"height":292},{"@type":"BreadcrumbList","@id":"https:\/\/www.07000.no\/asker\/for-bedrifter\/#breadcrumb","itemListElement":[{"@type":"ListItem","position":1,"name":"Hjem","item":"https:\/\/www.07000.no\/asker\/"},{"@type":"ListItem","position":2,"name":"For bedrifter"}]},{"@type":"WebSite","@id":"https:\/\/www.07000.no\/asker\/#website","url":"https:\/\/www.07000.no\/asker\/","name":"Asker Taxi","description":"Bestill taxi p\u00e5 nett eller i app!","potentialAction":[{"@type":"SearchAction","target":{"@type":"EntryPoint","urlTemplate":"https:\/\/www.07000.no\/asker\/?s={search_term_string}"},"query-input":{"@type":"PropertyValueSpecification","valueRequired":true,"valueName":"search_term_string"}}],"inLanguage":"nb-NO"}]}},"_links":{"self":[{"href":"https:\/\/www.07000.no\/asker\/wp-json\/wp\/v2\/pages\/45","targetHints":{"allow":["GET"]}}],"collection":[{"href":"https:\/\/www.07000.no\/asker\/wp-json\/wp\/v2\/pages"}],"about":[{"href":"https:\/\/www.07000.no\/asker\/wp-json\/wp\/v2\/types\/page"}],"author":[{"embeddable":true,"href":"https:\/\/www.07000.no\/asker\/wp-json\/wp\/v2\/users\/3"}],"replies":[{"embeddable":true,"href":"https:\/\/www.07000.no\/asker\/wp-json\/wp\/v2\/comments?post=45"}],"version-history":[{"count":13,"href":"https:\/\/www.07000.no\/asker\/wp-json\/wp\/v2\/pages\/45\/revisions"}],"predecessor-version":[{"id":839,"href":"https:\/\/www.07000.no\/asker\/wp-json\/wp\/v2\/pages\/45\/revisions\/839"}],"wp:attachment":[{"href":"https:\/\/www.07000.no\/asker\/wp-json\/wp\/v2\/media?parent=45"}],"curies":[{"name":"wp","href":"https:\/\/api.w.org\/{rel}","templated":true}]}}