{"id":66,"date":"2020-03-26T21:31:36","date_gmt":"2020-03-26T20:31:36","guid":{"rendered":"https:\/\/www.07000.no\/asker\/?page_id=66"},"modified":"2025-02-13T09:48:05","modified_gmt":"2025-02-13T08:48:05","slug":"kontakt-oss","status":"publish","type":"page","link":"https:\/\/www.07000.no\/asker\/kontakt-oss\/","title":{"rendered":"Kontakt oss"},"content":{"rendered":"\n<p>07000 Asker Taxi kan kontaktes ved \u00e5 ringe <strong>07000<\/strong> &#8211; du vil da bli rutet til din n\u00e6rmeste 07000-sentral.<\/p>\n\n\n\n<h1 class=\"wp-block-heading\"><strong><span class=\"has-inline-color has-vivid-red-color\">Kontaktskjema:<\/span><\/strong><\/h1>\n\n\n\n<p>Her kan du sende klager, ris\/ros eller andre sp\u00f8rsm\u00e5l &#8211; vi h\u00f8rer gjerne fra deg!<br><strong><span class=\"has-inline-color has-vivid-red-color\">NB! <\/span>Kontaktskjema kan ikke benyttes til bestilling \/ avbestilling \/ endring av taxireiser !<\/strong><\/p>\n\n\n<p class=\"wpcf7-contact-form-not-found\"><strong>Feil:<\/strong> Kontaktskjema ble ikke funnet.<\/p>\n\n\n\n<h1 class=\"wp-block-heading\"><span style=\"background-color:rgba(0, 0, 0, 0)\" class=\"has-inline-color has-vivid-red-color\"><strong>Annen kontaktinformasjon:<\/strong><\/span><\/h1>\n\n\n\n<h2 class=\"wp-block-heading\">Seltralbord<\/h2>\n\n\n\n<p><a href=\"mailto:taxi@02850.no\">epost: taxi@02850.no<\/a><br><a href=\"Telefon: 07000\">Telefon: 07000<\/a><\/p>\n\n\n\n<h2 class=\"wp-block-heading\">Daglig leder<\/h2>\n\n\n\n<h3 class=\"wp-block-heading\">Grethe Becher<\/h3>\n\n\n\n<p><a href=\"mailto:grethe@02850.no\">epost: grethe@02850.no<\/a><br><a href=\"tel:02850\">Telefon: <\/a><a href=\"tel:07000\">07000<\/a><\/p>\n\n\n\n<h2 class=\"wp-block-heading\">IT-sjef<\/h2>\n\n\n\n<h3 class=\"wp-block-heading\"><strong>Finn Arne Olsen<\/strong><\/h3>\n\n\n\n<p><a href=\"mailto:finnarne@02850.no\">epost: finnarne@02850.no<\/a><br><a href=\"Telefon: 07000\">Telefon: 07000<\/a><\/p>\n\n\n\n<h2 class=\"wp-block-heading\">Kundesenter<\/h2>\n\n\n\n<h3 class=\"wp-block-heading\"><strong>Ranveig Becher<\/strong><\/h3>\n\n\n\n<p><a href=\"mailto:wenche@02850.no\">epost: taxi@02850.no<\/a><br><a href=\"tel:02850\">Telefon: <\/a><a href=\"tel:07000\">07000<\/a><\/p>\n\n\n\n<h2 class=\"wp-block-heading\"><\/h2>\n\n\n\n<h3 class=\"wp-block-heading\"><\/h3>\n\n\n\n<p><\/p>\n\n\n\n<p><\/p>\n","protected":false},"excerpt":{"rendered":"<p>07000 Asker Taxi kan kontaktes ved \u00e5 ringe 07000 &#8211; du vil da bli rutet til din n\u00e6rmeste 07000-sentral. Kontaktskjema: Her kan du sende klager, ris\/ros eller andre sp\u00f8rsm\u00e5l &#8211; vi h\u00f8rer gjerne fra deg!NB! Kontaktskjema kan ikke benyttes til bestilling \/ avbestilling \/ endring av taxireiser ! Annen kontaktinformasjon: Seltralbord epost: taxi@02850.noTelefon: 07000 Daglig&#8230; <a class=\"readmore\" href=\"https:\/\/www.07000.no\/asker\/kontakt-oss\/\"><i>Les mer<\/i><\/a><\/p>\n","protected":false},"author":3,"featured_media":0,"parent":0,"menu_order":0,"comment_status":"closed","ping_status":"closed","template":"","meta":{"_acf_changed":false,"footnotes":""},"class_list":["post-66","page","type-page","status-publish","hentry"],"acf":[],"yoast_head":"<!-- This site is optimized with the Yoast SEO plugin v27.5 - https:\/\/yoast.com\/product\/yoast-seo-wordpress\/ -->\n<title>Kontakt oss - Asker Taxi<\/title>\n<meta name=\"robots\" content=\"index, follow, max-snippet:-1, max-image-preview:large, max-video-preview:-1\" \/>\n<link rel=\"canonical\" href=\"https:\/\/www.07000.no\/asker\/kontakt-oss\/\" \/>\n<meta property=\"og:locale\" content=\"nb_NO\" \/>\n<meta property=\"og:type\" content=\"article\" \/>\n<meta property=\"og:title\" content=\"Kontakt oss - Asker Taxi\" \/>\n<meta property=\"og:description\" content=\"07000 Asker Taxi kan kontaktes ved \u00e5 ringe 07000 &#8211; du vil da bli rutet til din n\u00e6rmeste 07000-sentral. Kontaktskjema: Her kan du sende klager, ris\/ros eller andre sp\u00f8rsm\u00e5l &#8211; vi h\u00f8rer gjerne fra deg!NB! Kontaktskjema kan ikke benyttes til bestilling \/ avbestilling \/ endring av taxireiser ! Annen kontaktinformasjon: Seltralbord epost: taxi@02850.noTelefon: 07000 Daglig... Les mer\" \/>\n<meta property=\"og:url\" content=\"https:\/\/www.07000.no\/asker\/kontakt-oss\/\" \/>\n<meta property=\"og:site_name\" content=\"Asker Taxi\" \/>\n<meta property=\"article:modified_time\" content=\"2025-02-13T08:48:05+00:00\" \/>\n<meta name=\"twitter:card\" content=\"summary_large_image\" \/>\n<meta name=\"twitter:label1\" content=\"Ansl. lesetid\" \/>\n\t<meta name=\"twitter:data1\" content=\"1 minutt\" \/>\n<script type=\"application\/ld+json\" class=\"yoast-schema-graph\">{\"@context\":\"https:\\\/\\\/schema.org\",\"@graph\":[{\"@type\":\"WebPage\",\"@id\":\"https:\\\/\\\/www.07000.no\\\/asker\\\/kontakt-oss\\\/\",\"url\":\"https:\\\/\\\/www.07000.no\\\/asker\\\/kontakt-oss\\\/\",\"name\":\"Kontakt oss - Asker Taxi\",\"isPartOf\":{\"@id\":\"https:\\\/\\\/www.07000.no\\\/asker\\\/#website\"},\"datePublished\":\"2020-03-26T20:31:36+00:00\",\"dateModified\":\"2025-02-13T08:48:05+00:00\",\"breadcrumb\":{\"@id\":\"https:\\\/\\\/www.07000.no\\\/asker\\\/kontakt-oss\\\/#breadcrumb\"},\"inLanguage\":\"nb-NO\",\"potentialAction\":[{\"@type\":\"ReadAction\",\"target\":[\"https:\\\/\\\/www.07000.no\\\/asker\\\/kontakt-oss\\\/\"]}]},{\"@type\":\"BreadcrumbList\",\"@id\":\"https:\\\/\\\/www.07000.no\\\/asker\\\/kontakt-oss\\\/#breadcrumb\",\"itemListElement\":[{\"@type\":\"ListItem\",\"position\":1,\"name\":\"Hjem\",\"item\":\"https:\\\/\\\/www.07000.no\\\/asker\\\/\"},{\"@type\":\"ListItem\",\"position\":2,\"name\":\"Kontakt oss\"}]},{\"@type\":\"WebSite\",\"@id\":\"https:\\\/\\\/www.07000.no\\\/asker\\\/#website\",\"url\":\"https:\\\/\\\/www.07000.no\\\/asker\\\/\",\"name\":\"Asker Taxi\",\"description\":\"Bestill taxi p\u00e5 nett eller i app!\",\"potentialAction\":[{\"@type\":\"SearchAction\",\"target\":{\"@type\":\"EntryPoint\",\"urlTemplate\":\"https:\\\/\\\/www.07000.no\\\/asker\\\/?s={search_term_string}\"},\"query-input\":{\"@type\":\"PropertyValueSpecification\",\"valueRequired\":true,\"valueName\":\"search_term_string\"}}],\"inLanguage\":\"nb-NO\"}]}<\/script>\n<!-- \/ Yoast SEO plugin. -->","yoast_head_json":{"title":"Kontakt oss - Asker Taxi","robots":{"index":"index","follow":"follow","max-snippet":"max-snippet:-1","max-image-preview":"max-image-preview:large","max-video-preview":"max-video-preview:-1"},"canonical":"https:\/\/www.07000.no\/asker\/kontakt-oss\/","og_locale":"nb_NO","og_type":"article","og_title":"Kontakt oss - Asker Taxi","og_description":"07000 Asker Taxi kan kontaktes ved \u00e5 ringe 07000 &#8211; du vil da bli rutet til din n\u00e6rmeste 07000-sentral. Kontaktskjema: Her kan du sende klager, ris\/ros eller andre sp\u00f8rsm\u00e5l &#8211; vi h\u00f8rer gjerne fra deg!NB! Kontaktskjema kan ikke benyttes til bestilling \/ avbestilling \/ endring av taxireiser ! Annen kontaktinformasjon: Seltralbord epost: taxi@02850.noTelefon: 07000 Daglig... Les mer","og_url":"https:\/\/www.07000.no\/asker\/kontakt-oss\/","og_site_name":"Asker Taxi","article_modified_time":"2025-02-13T08:48:05+00:00","twitter_card":"summary_large_image","twitter_misc":{"Ansl. lesetid":"1 minutt"},"schema":{"@context":"https:\/\/schema.org","@graph":[{"@type":"WebPage","@id":"https:\/\/www.07000.no\/asker\/kontakt-oss\/","url":"https:\/\/www.07000.no\/asker\/kontakt-oss\/","name":"Kontakt oss - Asker Taxi","isPartOf":{"@id":"https:\/\/www.07000.no\/asker\/#website"},"datePublished":"2020-03-26T20:31:36+00:00","dateModified":"2025-02-13T08:48:05+00:00","breadcrumb":{"@id":"https:\/\/www.07000.no\/asker\/kontakt-oss\/#breadcrumb"},"inLanguage":"nb-NO","potentialAction":[{"@type":"ReadAction","target":["https:\/\/www.07000.no\/asker\/kontakt-oss\/"]}]},{"@type":"BreadcrumbList","@id":"https:\/\/www.07000.no\/asker\/kontakt-oss\/#breadcrumb","itemListElement":[{"@type":"ListItem","position":1,"name":"Hjem","item":"https:\/\/www.07000.no\/asker\/"},{"@type":"ListItem","position":2,"name":"Kontakt oss"}]},{"@type":"WebSite","@id":"https:\/\/www.07000.no\/asker\/#website","url":"https:\/\/www.07000.no\/asker\/","name":"Asker Taxi","description":"Bestill taxi p\u00e5 nett eller i app!","potentialAction":[{"@type":"SearchAction","target":{"@type":"EntryPoint","urlTemplate":"https:\/\/www.07000.no\/asker\/?s={search_term_string}"},"query-input":{"@type":"PropertyValueSpecification","valueRequired":true,"valueName":"search_term_string"}}],"inLanguage":"nb-NO"}]}},"_links":{"self":[{"href":"https:\/\/www.07000.no\/asker\/wp-json\/wp\/v2\/pages\/66","targetHints":{"allow":["GET"]}}],"collection":[{"href":"https:\/\/www.07000.no\/asker\/wp-json\/wp\/v2\/pages"}],"about":[{"href":"https:\/\/www.07000.no\/asker\/wp-json\/wp\/v2\/types\/page"}],"author":[{"embeddable":true,"href":"https:\/\/www.07000.no\/asker\/wp-json\/wp\/v2\/users\/3"}],"replies":[{"embeddable":true,"href":"https:\/\/www.07000.no\/asker\/wp-json\/wp\/v2\/comments?post=66"}],"version-history":[{"count":12,"href":"https:\/\/www.07000.no\/asker\/wp-json\/wp\/v2\/pages\/66\/revisions"}],"predecessor-version":[{"id":1042,"href":"https:\/\/www.07000.no\/asker\/wp-json\/wp\/v2\/pages\/66\/revisions\/1042"}],"wp:attachment":[{"href":"https:\/\/www.07000.no\/asker\/wp-json\/wp\/v2\/media?parent=66"}],"curies":[{"name":"wp","href":"https:\/\/api.w.org\/{rel}","templated":true}]}}