{"id":8,"date":"2020-02-17T11:43:18","date_gmt":"2020-02-17T10:43:18","guid":{"rendered":"https:\/\/www.07000.no\/asker\/?page_id=8"},"modified":"2025-03-18T14:36:21","modified_gmt":"2025-03-18T13:36:21","slug":"om-oss","status":"publish","type":"page","link":"https:\/\/www.07000.no\/asker\/om-oss\/","title":{"rendered":"Om oss"},"content":{"rendered":"\n<figure class=\"wp-block-image size-large\"><img loading=\"lazy\" decoding=\"async\" width=\"1024\" height=\"586\" src=\"https:\/\/www.07000.no\/asker\/wp-content\/uploads\/sites\/14\/2021\/11\/F-232-Low_MG_2873-a-1024x586.jpg\" alt=\"\" class=\"wp-image-193\" srcset=\"https:\/\/www.07000.no\/asker\/wp-content\/uploads\/sites\/14\/2021\/11\/F-232-Low_MG_2873-a-1024x586.jpg 1024w, https:\/\/www.07000.no\/asker\/wp-content\/uploads\/sites\/14\/2021\/11\/F-232-Low_MG_2873-a-300x172.jpg 300w, https:\/\/www.07000.no\/asker\/wp-content\/uploads\/sites\/14\/2021\/11\/F-232-Low_MG_2873-a-768x439.jpg 768w, https:\/\/www.07000.no\/asker\/wp-content\/uploads\/sites\/14\/2021\/11\/F-232-Low_MG_2873-a-1536x878.jpg 1536w, https:\/\/www.07000.no\/asker\/wp-content\/uploads\/sites\/14\/2021\/11\/F-232-Low_MG_2873-a-2048x1171.jpg 2048w\" sizes=\"auto, (max-width: 1024px) 100vw, 1024px\" \/><\/figure>\n\n\n\n<p><strong>Bilparken<\/strong><br>07000 Asker Taxi (tidligere Hurum og R\u00f8yken Taxi) har en bilpark p\u00e5 ca. 30 biler.<br>Vi har vanlige biler for 1 \u2013 4 passasjerer og mellomstore biler for 5 \u2013 8 passasjerer.<br>Vi har ogs\u00e5 biler utstyrt for \u00e5 frakte passasjerer i rullestol.&nbsp;<\/p>\n\n\n<div class=\"wp-block-image\">\n<figure class=\"alignleft size-full is-resized\"><img loading=\"lazy\" decoding=\"async\" width=\"400\" height=\"339\" src=\"https:\/\/www.07000.no\/asker\/wp-content\/uploads\/sites\/14\/2021\/11\/Mft-logo.jpg\" alt=\"\" class=\"wp-image-337\" style=\"width:145px;height:123px\" srcset=\"https:\/\/www.07000.no\/asker\/wp-content\/uploads\/sites\/14\/2021\/11\/Mft-logo.jpg 400w, https:\/\/www.07000.no\/asker\/wp-content\/uploads\/sites\/14\/2021\/11\/Mft-logo-300x254.jpg 300w\" sizes=\"auto, (max-width: 400px) 100vw, 400px\" \/><\/figure>\n<\/div>\n\n\n<p><strong>Milj\u00f8<\/strong><br>07000 Asker Taxi er en Milj\u00f8fyrt\u00e5rn-sertifisert bedrift. Dette inneb\u00e6rer at vi som bedrift og alle v\u00e5re tilsluttede l\u00f8yvehavere m\u00e5 forholde oss til strenge retningslinjer for utslipp og alder p\u00e5 kj\u00f8ret\u00f8y, samt for behandling av avfall. De fleste av v\u00e5re biler er el-biler, og alle v\u00e5re sj\u00e5f\u00f8rer gjennomf\u00f8rer kurs i &laquo;\u00f8ko-driving&raquo;, for \u00e5 kj\u00f8re b\u00e5de \u00f8konomisk og milj\u00f8vennlig. \u00c5rlig klima- og milj\u00f8rapport kan tilgjengeligj\u00f8res p\u00e5 foresp\u00f8rsel.<\/p>\n\n\n\n<p><strong>Type transport<\/strong><br>Vi i 07000 Asker Taxi har en bred kundegruppe og kj\u00f8rer alt fra kunder til og fra jobb, festival-transport, pakke og budservice, idrettsbarn og ungdom til og fra ulike aktivitets-tilbud, skole-elever, pasient-transport m.m.<br>Vi er spesielt opptatt av \u00e5 ta godt vare p\u00e5 de kundegruppene med ulike behov for ekstra assistanse.<\/p>\n\n\n\n<p><\/p>\n\n\n\n<p><strong>HMS<\/strong><br>V\u00e5re HMS-rutiner er forankret i interne systemer og Milj\u00f8fyrt\u00e5rn. Vi er sv\u00e6rt opptatt av godt arbeidsmilj\u00f8 b\u00e5de for ansatte p\u00e5 sentralen og sj\u00e5f\u00f8rene ute. Vi bestreber hele tiden at alle tilsluttet 07000 Asker Taxi  skal ha en trygg, meningsfull og hyggelig arbeidsplass med gode kollegaer, samhold og mangfold.&nbsp;<\/p>\n\n\n","protected":false},"excerpt":{"rendered":"<p>Bilparken07000 Asker Taxi (tidligere Hurum og R\u00f8yken Taxi) har en bilpark p\u00e5 ca. 30 biler.Vi har vanlige biler for 1 \u2013 4 passasjerer og mellomstore biler for 5 \u2013 8 passasjerer.Vi har ogs\u00e5 biler utstyrt for \u00e5 frakte passasjerer i rullestol.&nbsp; Milj\u00f807000 Asker Taxi er en Milj\u00f8fyrt\u00e5rn-sertifisert bedrift. Dette inneb\u00e6rer at vi som bedrift og&#8230; <a class=\"readmore\" href=\"https:\/\/www.07000.no\/asker\/om-oss\/\"><i>Les mer<\/i><\/a><\/p>\n","protected":false},"author":3,"featured_media":0,"parent":0,"menu_order":0,"comment_status":"closed","ping_status":"closed","template":"","meta":{"_acf_changed":false,"footnotes":""},"class_list":["post-8","page","type-page","status-publish","hentry"],"acf":[],"yoast_head":"<!-- This site is optimized with the Yoast SEO plugin v27.5 - https:\/\/yoast.com\/product\/yoast-seo-wordpress\/ -->\n<title>Om oss - Asker Taxi<\/title>\n<meta name=\"robots\" content=\"index, follow, max-snippet:-1, max-image-preview:large, max-video-preview:-1\" \/>\n<link rel=\"canonical\" href=\"https:\/\/www.07000.no\/asker\/om-oss\/\" \/>\n<meta property=\"og:locale\" content=\"nb_NO\" \/>\n<meta property=\"og:type\" content=\"article\" \/>\n<meta property=\"og:title\" content=\"Om oss - Asker Taxi\" \/>\n<meta property=\"og:description\" content=\"Bilparken07000 Asker Taxi (tidligere Hurum og R\u00f8yken Taxi) har en bilpark p\u00e5 ca. 30 biler.Vi har vanlige biler for 1 \u2013 4 passasjerer og mellomstore biler for 5 \u2013 8 passasjerer.Vi har ogs\u00e5 biler utstyrt for \u00e5 frakte passasjerer i rullestol.&nbsp; Milj\u00f807000 Asker Taxi er en Milj\u00f8fyrt\u00e5rn-sertifisert bedrift. Dette inneb\u00e6rer at vi som bedrift og... Les mer\" \/>\n<meta property=\"og:url\" content=\"https:\/\/www.07000.no\/asker\/om-oss\/\" \/>\n<meta property=\"og:site_name\" content=\"Asker Taxi\" \/>\n<meta property=\"article:modified_time\" content=\"2025-03-18T13:36:21+00:00\" \/>\n<meta property=\"og:image\" content=\"https:\/\/www.07000.no\/asker\/wp-content\/uploads\/sites\/14\/2021\/11\/F-232-Low_MG_2873-a-scaled.jpg\" \/>\n\t<meta property=\"og:image:width\" content=\"2560\" \/>\n\t<meta property=\"og:image:height\" content=\"1464\" \/>\n\t<meta property=\"og:image:type\" content=\"image\/jpeg\" \/>\n<meta name=\"twitter:card\" content=\"summary_large_image\" \/>\n<meta name=\"twitter:label1\" content=\"Ansl. lesetid\" \/>\n\t<meta name=\"twitter:data1\" content=\"2 minutter\" \/>\n<script type=\"application\/ld+json\" class=\"yoast-schema-graph\">{\"@context\":\"https:\\\/\\\/schema.org\",\"@graph\":[{\"@type\":\"WebPage\",\"@id\":\"https:\\\/\\\/www.07000.no\\\/asker\\\/om-oss\\\/\",\"url\":\"https:\\\/\\\/www.07000.no\\\/asker\\\/om-oss\\\/\",\"name\":\"Om oss - Asker Taxi\",\"isPartOf\":{\"@id\":\"https:\\\/\\\/www.07000.no\\\/asker\\\/#website\"},\"primaryImageOfPage\":{\"@id\":\"https:\\\/\\\/www.07000.no\\\/asker\\\/om-oss\\\/#primaryimage\"},\"image\":{\"@id\":\"https:\\\/\\\/www.07000.no\\\/asker\\\/om-oss\\\/#primaryimage\"},\"thumbnailUrl\":\"https:\\\/\\\/www.07000.no\\\/asker\\\/wp-content\\\/uploads\\\/sites\\\/14\\\/2021\\\/11\\\/F-232-Low_MG_2873-a-1024x586.jpg\",\"datePublished\":\"2020-02-17T10:43:18+00:00\",\"dateModified\":\"2025-03-18T13:36:21+00:00\",\"breadcrumb\":{\"@id\":\"https:\\\/\\\/www.07000.no\\\/asker\\\/om-oss\\\/#breadcrumb\"},\"inLanguage\":\"nb-NO\",\"potentialAction\":[{\"@type\":\"ReadAction\",\"target\":[\"https:\\\/\\\/www.07000.no\\\/asker\\\/om-oss\\\/\"]}]},{\"@type\":\"ImageObject\",\"inLanguage\":\"nb-NO\",\"@id\":\"https:\\\/\\\/www.07000.no\\\/asker\\\/om-oss\\\/#primaryimage\",\"url\":\"https:\\\/\\\/www.07000.no\\\/asker\\\/wp-content\\\/uploads\\\/sites\\\/14\\\/2021\\\/11\\\/F-232-Low_MG_2873-a-scaled.jpg\",\"contentUrl\":\"https:\\\/\\\/www.07000.no\\\/asker\\\/wp-content\\\/uploads\\\/sites\\\/14\\\/2021\\\/11\\\/F-232-Low_MG_2873-a-scaled.jpg\",\"width\":2560,\"height\":1464},{\"@type\":\"BreadcrumbList\",\"@id\":\"https:\\\/\\\/www.07000.no\\\/asker\\\/om-oss\\\/#breadcrumb\",\"itemListElement\":[{\"@type\":\"ListItem\",\"position\":1,\"name\":\"Hjem\",\"item\":\"https:\\\/\\\/www.07000.no\\\/asker\\\/\"},{\"@type\":\"ListItem\",\"position\":2,\"name\":\"Om oss\"}]},{\"@type\":\"WebSite\",\"@id\":\"https:\\\/\\\/www.07000.no\\\/asker\\\/#website\",\"url\":\"https:\\\/\\\/www.07000.no\\\/asker\\\/\",\"name\":\"Asker Taxi\",\"description\":\"Bestill taxi p\u00e5 nett eller i app!\",\"potentialAction\":[{\"@type\":\"SearchAction\",\"target\":{\"@type\":\"EntryPoint\",\"urlTemplate\":\"https:\\\/\\\/www.07000.no\\\/asker\\\/?s={search_term_string}\"},\"query-input\":{\"@type\":\"PropertyValueSpecification\",\"valueRequired\":true,\"valueName\":\"search_term_string\"}}],\"inLanguage\":\"nb-NO\"}]}<\/script>\n<!-- \/ Yoast SEO plugin. -->","yoast_head_json":{"title":"Om oss - Asker Taxi","robots":{"index":"index","follow":"follow","max-snippet":"max-snippet:-1","max-image-preview":"max-image-preview:large","max-video-preview":"max-video-preview:-1"},"canonical":"https:\/\/www.07000.no\/asker\/om-oss\/","og_locale":"nb_NO","og_type":"article","og_title":"Om oss - Asker Taxi","og_description":"Bilparken07000 Asker Taxi (tidligere Hurum og R\u00f8yken Taxi) har en bilpark p\u00e5 ca. 30 biler.Vi har vanlige biler for 1 \u2013 4 passasjerer og mellomstore biler for 5 \u2013 8 passasjerer.Vi har ogs\u00e5 biler utstyrt for \u00e5 frakte passasjerer i rullestol.&nbsp; Milj\u00f807000 Asker Taxi er en Milj\u00f8fyrt\u00e5rn-sertifisert bedrift. Dette inneb\u00e6rer at vi som bedrift og... Les mer","og_url":"https:\/\/www.07000.no\/asker\/om-oss\/","og_site_name":"Asker Taxi","article_modified_time":"2025-03-18T13:36:21+00:00","og_image":[{"width":2560,"height":1464,"url":"https:\/\/www.07000.no\/asker\/wp-content\/uploads\/sites\/14\/2021\/11\/F-232-Low_MG_2873-a-scaled.jpg","type":"image\/jpeg"}],"twitter_card":"summary_large_image","twitter_misc":{"Ansl. lesetid":"2 minutter"},"schema":{"@context":"https:\/\/schema.org","@graph":[{"@type":"WebPage","@id":"https:\/\/www.07000.no\/asker\/om-oss\/","url":"https:\/\/www.07000.no\/asker\/om-oss\/","name":"Om oss - Asker Taxi","isPartOf":{"@id":"https:\/\/www.07000.no\/asker\/#website"},"primaryImageOfPage":{"@id":"https:\/\/www.07000.no\/asker\/om-oss\/#primaryimage"},"image":{"@id":"https:\/\/www.07000.no\/asker\/om-oss\/#primaryimage"},"thumbnailUrl":"https:\/\/www.07000.no\/asker\/wp-content\/uploads\/sites\/14\/2021\/11\/F-232-Low_MG_2873-a-1024x586.jpg","datePublished":"2020-02-17T10:43:18+00:00","dateModified":"2025-03-18T13:36:21+00:00","breadcrumb":{"@id":"https:\/\/www.07000.no\/asker\/om-oss\/#breadcrumb"},"inLanguage":"nb-NO","potentialAction":[{"@type":"ReadAction","target":["https:\/\/www.07000.no\/asker\/om-oss\/"]}]},{"@type":"ImageObject","inLanguage":"nb-NO","@id":"https:\/\/www.07000.no\/asker\/om-oss\/#primaryimage","url":"https:\/\/www.07000.no\/asker\/wp-content\/uploads\/sites\/14\/2021\/11\/F-232-Low_MG_2873-a-scaled.jpg","contentUrl":"https:\/\/www.07000.no\/asker\/wp-content\/uploads\/sites\/14\/2021\/11\/F-232-Low_MG_2873-a-scaled.jpg","width":2560,"height":1464},{"@type":"BreadcrumbList","@id":"https:\/\/www.07000.no\/asker\/om-oss\/#breadcrumb","itemListElement":[{"@type":"ListItem","position":1,"name":"Hjem","item":"https:\/\/www.07000.no\/asker\/"},{"@type":"ListItem","position":2,"name":"Om oss"}]},{"@type":"WebSite","@id":"https:\/\/www.07000.no\/asker\/#website","url":"https:\/\/www.07000.no\/asker\/","name":"Asker Taxi","description":"Bestill taxi p\u00e5 nett eller i app!","potentialAction":[{"@type":"SearchAction","target":{"@type":"EntryPoint","urlTemplate":"https:\/\/www.07000.no\/asker\/?s={search_term_string}"},"query-input":{"@type":"PropertyValueSpecification","valueRequired":true,"valueName":"search_term_string"}}],"inLanguage":"nb-NO"}]}},"_links":{"self":[{"href":"https:\/\/www.07000.no\/asker\/wp-json\/wp\/v2\/pages\/8","targetHints":{"allow":["GET"]}}],"collection":[{"href":"https:\/\/www.07000.no\/asker\/wp-json\/wp\/v2\/pages"}],"about":[{"href":"https:\/\/www.07000.no\/asker\/wp-json\/wp\/v2\/types\/page"}],"author":[{"embeddable":true,"href":"https:\/\/www.07000.no\/asker\/wp-json\/wp\/v2\/users\/3"}],"replies":[{"embeddable":true,"href":"https:\/\/www.07000.no\/asker\/wp-json\/wp\/v2\/comments?post=8"}],"version-history":[{"count":17,"href":"https:\/\/www.07000.no\/asker\/wp-json\/wp\/v2\/pages\/8\/revisions"}],"predecessor-version":[{"id":1052,"href":"https:\/\/www.07000.no\/asker\/wp-json\/wp\/v2\/pages\/8\/revisions\/1052"}],"wp:attachment":[{"href":"https:\/\/www.07000.no\/asker\/wp-json\/wp\/v2\/media?parent=8"}],"curies":[{"name":"wp","href":"https:\/\/api.w.org\/{rel}","templated":true}]}}