{"id":8,"date":"2020-02-17T11:43:18","date_gmt":"2020-02-17T10:43:18","guid":{"rendered":"https:\/\/www.07000.no\/hardanger\/?page_id=8"},"modified":"2024-02-05T15:30:14","modified_gmt":"2024-02-05T14:30:14","slug":"om-oss","status":"publish","type":"page","link":"https:\/\/www.07000.no\/hardanger\/om-oss\/","title":{"rendered":"Om oss"},"content":{"rendered":"\n<h2 class=\"wp-block-heading\">Velkommen til 07000 Hardanger Taxi!<\/h2>\n\n\n\n<figure class=\"wp-block-image size-large\"><img loading=\"lazy\" decoding=\"async\" width=\"1024\" height=\"569\" src=\"https:\/\/www.07000.no\/hardanger\/wp-content\/uploads\/sites\/6\/2020\/04\/Hardanger-bil-1024x569.jpg\" alt=\"\" class=\"wp-image-84\" srcset=\"https:\/\/www.07000.no\/hardanger\/wp-content\/uploads\/sites\/6\/2020\/04\/Hardanger-bil-1024x569.jpg 1024w, https:\/\/www.07000.no\/hardanger\/wp-content\/uploads\/sites\/6\/2020\/04\/Hardanger-bil-300x167.jpg 300w, https:\/\/www.07000.no\/hardanger\/wp-content\/uploads\/sites\/6\/2020\/04\/Hardanger-bil-768x427.jpg 768w, https:\/\/www.07000.no\/hardanger\/wp-content\/uploads\/sites\/6\/2020\/04\/Hardanger-bil.jpg 1440w\" sizes=\"auto, (max-width: 1024px) 100vw, 1024px\" \/><\/figure>\n\n\n\n<p>07000 Hardanger Taxi tilbyr persontransport med ulike st\u00f8rrelser p\u00e5 taxier, minibussar og rullestolbilar. Me har lang erfaring med dei fleste typer oppdrag.<strong><br>Me ynskjer gamle og nye kundar velkommen til oss.<\/strong><\/p>\n\n\n\n<p>Me er medlem av 07000 Taxi, eit av Norges st\u00f8rste taxinettverk, dette medf\u00f8rer stor tilgang p\u00e5, og utveksling av kompetanse for moderne drift. 07000 Hardanger Taxi er avdeling og varemerke til Norheimsund \u00d8ystese Taxi AS som har sitt opphav sentralt i Kvam Herad.Turisme, hesteskyss og seinere drosjeskyss har ein lang historie her i distriktet, me har ogs\u00e5 den f\u00f8rste holdeplass i landet bygd av vegvesenet, ferdig i 1906. Der har me kontor og nyttar ein del av holdeplassen ogs\u00e5 i dag.<\/p>\n\n\n\n<p>N\u00e5r me no er ein del av 07000-samarbeidet f\u00e5r du ogs\u00e5 tilgang til nye og betre l\u00f8ysingar. Du kan no blant anna bestilla taxi i Norheimsund og \u00d8ystese med 07000-appen og p\u00e5 internett. Du kan ogs\u00e5 n\u00e5 oss ved \u00e5 ringe 07000 (eller 55 99 70 00): heile d\u00f8gnet &#8211; heile \u00e5ret!<\/p>\n\n\n\n<ul class=\"wp-block-list\">\n<li>Dersom du ikkje alt har&nbsp;<strong>07000-appen<\/strong>&nbsp;kan du<strong><a href=\"https:\/\/delivr.com\/1byci\">&nbsp;<strong>lasta den ned her<\/strong><\/a>&nbsp;<\/strong><\/li>\n\n\n\n<li>Dersom du vil\u00a0<a href=\"https:\/\/www.07000.no\/hardanger\/bestill-taxi\/\"><strong>bestilla p\u00e5 nett er det berre \u00e5 klikka her\u00a0<\/strong><\/a><\/li>\n<\/ul>\n\n\n\n<p>Du finn meir informasjon om 07000 Hardanger Taxi og v\u00e5re l\u00f8ysningar i menyen \u00f8verst p\u00e5 siden.<\/p>\n\n\n\n<p>Les meir og f\u00f8lg 07000 Hardanger Taxi p\u00e5 Facebook ved \u00e5 klikka&nbsp;<a href=\"https:\/\/www.facebook.com\/Hardanger-Taxi-2179106662302318\">her<\/a>!<\/p>\n","protected":false},"excerpt":{"rendered":"<p>Velkommen til 07000 Hardanger Taxi! 07000 Hardanger Taxi tilbyr persontransport med ulike st\u00f8rrelser p\u00e5 taxier, minibussar og rullestolbilar. Me har lang erfaring med dei fleste typer oppdrag.Me ynskjer gamle og nye kundar velkommen til oss. Me er medlem av 07000 Taxi, eit av Norges st\u00f8rste taxinettverk, dette medf\u00f8rer stor tilgang p\u00e5, og utveksling av kompetanse&#8230; <a class=\"readmore\" href=\"https:\/\/www.07000.no\/hardanger\/om-oss\/\"><i>Les mer<\/i><\/a><\/p>\n","protected":false},"author":3,"featured_media":0,"parent":0,"menu_order":0,"comment_status":"closed","ping_status":"closed","template":"","meta":{"_acf_changed":false,"footnotes":""},"class_list":["post-8","page","type-page","status-publish","hentry"],"acf":[],"yoast_head":"<!-- This site is optimized with the Yoast SEO plugin v27.5 - https:\/\/yoast.com\/product\/yoast-seo-wordpress\/ -->\n<title>Om oss - Hardanger Taxi<\/title>\n<meta name=\"robots\" content=\"index, follow, max-snippet:-1, max-image-preview:large, max-video-preview:-1\" \/>\n<link rel=\"canonical\" href=\"https:\/\/www.07000.no\/hardanger\/om-oss\/\" \/>\n<meta property=\"og:locale\" content=\"nb_NO\" \/>\n<meta property=\"og:type\" content=\"article\" \/>\n<meta property=\"og:title\" content=\"Om oss - Hardanger Taxi\" \/>\n<meta property=\"og:description\" content=\"Velkommen til 07000 Hardanger Taxi! 07000 Hardanger Taxi tilbyr persontransport med ulike st\u00f8rrelser p\u00e5 taxier, minibussar og rullestolbilar. Me har lang erfaring med dei fleste typer oppdrag.Me ynskjer gamle og nye kundar velkommen til oss. Me er medlem av 07000 Taxi, eit av Norges st\u00f8rste taxinettverk, dette medf\u00f8rer stor tilgang p\u00e5, og utveksling av kompetanse... Les mer\" \/>\n<meta property=\"og:url\" content=\"https:\/\/www.07000.no\/hardanger\/om-oss\/\" \/>\n<meta property=\"og:site_name\" content=\"Hardanger Taxi\" \/>\n<meta property=\"article:modified_time\" content=\"2024-02-05T14:30:14+00:00\" \/>\n<meta property=\"og:image\" content=\"https:\/\/www.07000.no\/hardanger\/wp-content\/uploads\/sites\/6\/2020\/04\/Hardanger-bil-1024x569.jpg\" \/>\n<meta name=\"twitter:card\" content=\"summary_large_image\" \/>\n<meta name=\"twitter:label1\" content=\"Ansl. lesetid\" \/>\n\t<meta name=\"twitter:data1\" content=\"2 minutter\" \/>\n<script type=\"application\/ld+json\" class=\"yoast-schema-graph\">{\"@context\":\"https:\\\/\\\/schema.org\",\"@graph\":[{\"@type\":\"WebPage\",\"@id\":\"https:\\\/\\\/www.07000.no\\\/hardanger\\\/om-oss\\\/\",\"url\":\"https:\\\/\\\/www.07000.no\\\/hardanger\\\/om-oss\\\/\",\"name\":\"Om oss - Hardanger Taxi\",\"isPartOf\":{\"@id\":\"https:\\\/\\\/www.07000.no\\\/hardanger\\\/#website\"},\"primaryImageOfPage\":{\"@id\":\"https:\\\/\\\/www.07000.no\\\/hardanger\\\/om-oss\\\/#primaryimage\"},\"image\":{\"@id\":\"https:\\\/\\\/www.07000.no\\\/hardanger\\\/om-oss\\\/#primaryimage\"},\"thumbnailUrl\":\"https:\\\/\\\/www.07000.no\\\/hardanger\\\/wp-content\\\/uploads\\\/sites\\\/6\\\/2020\\\/04\\\/Hardanger-bil-1024x569.jpg\",\"datePublished\":\"2020-02-17T10:43:18+00:00\",\"dateModified\":\"2024-02-05T14:30:14+00:00\",\"breadcrumb\":{\"@id\":\"https:\\\/\\\/www.07000.no\\\/hardanger\\\/om-oss\\\/#breadcrumb\"},\"inLanguage\":\"nb-NO\",\"potentialAction\":[{\"@type\":\"ReadAction\",\"target\":[\"https:\\\/\\\/www.07000.no\\\/hardanger\\\/om-oss\\\/\"]}]},{\"@type\":\"ImageObject\",\"inLanguage\":\"nb-NO\",\"@id\":\"https:\\\/\\\/www.07000.no\\\/hardanger\\\/om-oss\\\/#primaryimage\",\"url\":\"https:\\\/\\\/www.07000.no\\\/hardanger\\\/wp-content\\\/uploads\\\/sites\\\/6\\\/2020\\\/04\\\/Hardanger-bil.jpg\",\"contentUrl\":\"https:\\\/\\\/www.07000.no\\\/hardanger\\\/wp-content\\\/uploads\\\/sites\\\/6\\\/2020\\\/04\\\/Hardanger-bil.jpg\",\"width\":1440,\"height\":800},{\"@type\":\"BreadcrumbList\",\"@id\":\"https:\\\/\\\/www.07000.no\\\/hardanger\\\/om-oss\\\/#breadcrumb\",\"itemListElement\":[{\"@type\":\"ListItem\",\"position\":1,\"name\":\"Hjem\",\"item\":\"https:\\\/\\\/www.07000.no\\\/hardanger\\\/\"},{\"@type\":\"ListItem\",\"position\":2,\"name\":\"Om oss\"}]},{\"@type\":\"WebSite\",\"@id\":\"https:\\\/\\\/www.07000.no\\\/hardanger\\\/#website\",\"url\":\"https:\\\/\\\/www.07000.no\\\/hardanger\\\/\",\"name\":\"Hardanger Taxi\",\"description\":\"Bestill taxi p\u00e5 nett eller i app!\",\"potentialAction\":[{\"@type\":\"SearchAction\",\"target\":{\"@type\":\"EntryPoint\",\"urlTemplate\":\"https:\\\/\\\/www.07000.no\\\/hardanger\\\/?s={search_term_string}\"},\"query-input\":{\"@type\":\"PropertyValueSpecification\",\"valueRequired\":true,\"valueName\":\"search_term_string\"}}],\"inLanguage\":\"nb-NO\"}]}<\/script>\n<!-- \/ Yoast SEO plugin. -->","yoast_head_json":{"title":"Om oss - Hardanger Taxi","robots":{"index":"index","follow":"follow","max-snippet":"max-snippet:-1","max-image-preview":"max-image-preview:large","max-video-preview":"max-video-preview:-1"},"canonical":"https:\/\/www.07000.no\/hardanger\/om-oss\/","og_locale":"nb_NO","og_type":"article","og_title":"Om oss - Hardanger Taxi","og_description":"Velkommen til 07000 Hardanger Taxi! 07000 Hardanger Taxi tilbyr persontransport med ulike st\u00f8rrelser p\u00e5 taxier, minibussar og rullestolbilar. Me har lang erfaring med dei fleste typer oppdrag.Me ynskjer gamle og nye kundar velkommen til oss. Me er medlem av 07000 Taxi, eit av Norges st\u00f8rste taxinettverk, dette medf\u00f8rer stor tilgang p\u00e5, og utveksling av kompetanse... Les mer","og_url":"https:\/\/www.07000.no\/hardanger\/om-oss\/","og_site_name":"Hardanger Taxi","article_modified_time":"2024-02-05T14:30:14+00:00","og_image":[{"url":"https:\/\/www.07000.no\/hardanger\/wp-content\/uploads\/sites\/6\/2020\/04\/Hardanger-bil-1024x569.jpg","type":"","width":"","height":""}],"twitter_card":"summary_large_image","twitter_misc":{"Ansl. lesetid":"2 minutter"},"schema":{"@context":"https:\/\/schema.org","@graph":[{"@type":"WebPage","@id":"https:\/\/www.07000.no\/hardanger\/om-oss\/","url":"https:\/\/www.07000.no\/hardanger\/om-oss\/","name":"Om oss - Hardanger Taxi","isPartOf":{"@id":"https:\/\/www.07000.no\/hardanger\/#website"},"primaryImageOfPage":{"@id":"https:\/\/www.07000.no\/hardanger\/om-oss\/#primaryimage"},"image":{"@id":"https:\/\/www.07000.no\/hardanger\/om-oss\/#primaryimage"},"thumbnailUrl":"https:\/\/www.07000.no\/hardanger\/wp-content\/uploads\/sites\/6\/2020\/04\/Hardanger-bil-1024x569.jpg","datePublished":"2020-02-17T10:43:18+00:00","dateModified":"2024-02-05T14:30:14+00:00","breadcrumb":{"@id":"https:\/\/www.07000.no\/hardanger\/om-oss\/#breadcrumb"},"inLanguage":"nb-NO","potentialAction":[{"@type":"ReadAction","target":["https:\/\/www.07000.no\/hardanger\/om-oss\/"]}]},{"@type":"ImageObject","inLanguage":"nb-NO","@id":"https:\/\/www.07000.no\/hardanger\/om-oss\/#primaryimage","url":"https:\/\/www.07000.no\/hardanger\/wp-content\/uploads\/sites\/6\/2020\/04\/Hardanger-bil.jpg","contentUrl":"https:\/\/www.07000.no\/hardanger\/wp-content\/uploads\/sites\/6\/2020\/04\/Hardanger-bil.jpg","width":1440,"height":800},{"@type":"BreadcrumbList","@id":"https:\/\/www.07000.no\/hardanger\/om-oss\/#breadcrumb","itemListElement":[{"@type":"ListItem","position":1,"name":"Hjem","item":"https:\/\/www.07000.no\/hardanger\/"},{"@type":"ListItem","position":2,"name":"Om oss"}]},{"@type":"WebSite","@id":"https:\/\/www.07000.no\/hardanger\/#website","url":"https:\/\/www.07000.no\/hardanger\/","name":"Hardanger Taxi","description":"Bestill taxi p\u00e5 nett eller i app!","potentialAction":[{"@type":"SearchAction","target":{"@type":"EntryPoint","urlTemplate":"https:\/\/www.07000.no\/hardanger\/?s={search_term_string}"},"query-input":{"@type":"PropertyValueSpecification","valueRequired":true,"valueName":"search_term_string"}}],"inLanguage":"nb-NO"}]}},"_links":{"self":[{"href":"https:\/\/www.07000.no\/hardanger\/wp-json\/wp\/v2\/pages\/8","targetHints":{"allow":["GET"]}}],"collection":[{"href":"https:\/\/www.07000.no\/hardanger\/wp-json\/wp\/v2\/pages"}],"about":[{"href":"https:\/\/www.07000.no\/hardanger\/wp-json\/wp\/v2\/types\/page"}],"author":[{"embeddable":true,"href":"https:\/\/www.07000.no\/hardanger\/wp-json\/wp\/v2\/users\/3"}],"replies":[{"embeddable":true,"href":"https:\/\/www.07000.no\/hardanger\/wp-json\/wp\/v2\/comments?post=8"}],"version-history":[{"count":5,"href":"https:\/\/www.07000.no\/hardanger\/wp-json\/wp\/v2\/pages\/8\/revisions"}],"predecessor-version":[{"id":155,"href":"https:\/\/www.07000.no\/hardanger\/wp-json\/wp\/v2\/pages\/8\/revisions\/155"}],"wp:attachment":[{"href":"https:\/\/www.07000.no\/hardanger\/wp-json\/wp\/v2\/media?parent=8"}],"curies":[{"name":"wp","href":"https:\/\/api.w.org\/{rel}","templated":true}]}}