{"id":8,"date":"2020-02-28T09:36:11","date_gmt":"2020-02-28T08:36:11","guid":{"rendered":"https:\/\/www.07000.no\/kvinnherad\/?page_id=8"},"modified":"2025-12-02T13:31:02","modified_gmt":"2025-12-02T12:31:02","slug":"priser","status":"publish","type":"page","link":"https:\/\/www.07000.no\/kvinnherad\/priser\/","title":{"rendered":"Priser"},"content":{"rendered":"\n<h2 class=\"wp-block-heading\" id=\"priser-pr-01-02-22\">Priser pr. 1.12.25:<\/h2>\n\n\n\n<h5 class=\"wp-block-heading\" id=\"1-4-personer\">1-4 personer:<\/h5>\n\n\n\n<figure class=\"wp-block-table is-style-regular\"><table><thead><tr><th>Tariff<\/th><th class=\"has-text-align-center\" data-align=\"center\">Startpris<\/th><th class=\"has-text-align-center\" data-align=\"center\">Start m fremm\u00f8te<\/th><th class=\"has-text-align-center\" data-align=\"center\">Kr pr km <sup>1<\/sup><\/th><th class=\"has-text-align-center\" data-align=\"center\">Kr pr min<\/th><th class=\"has-text-align-center\" data-align=\"center\">Minstepris<\/th><th class=\"has-text-align-center\" data-align=\"center\">Jfr. pris<sup>*<\/sup><\/th><th class=\"has-text-align-center\" data-align=\"center\">Fjerntakst pr km <sup>1<\/sup><\/th><th class=\"has-text-align-center\" data-align=\"center\">Tilkj\u00f8rings-takst <sup>2<\/sup><\/th><\/tr><\/thead><tbody><tr><td>Dag<\/td><td class=\"has-text-align-center\" data-align=\"center\">60<\/td><td class=\"has-text-align-center\" data-align=\"center\">100<\/td><td class=\"has-text-align-center\" data-align=\"center\">12,60<\/td><td class=\"has-text-align-center\" data-align=\"center\">8,70<\/td><td class=\"has-text-align-center\" data-align=\"center\">132<\/td><td class=\"has-text-align-center\" data-align=\"center\">274<\/td><td class=\"has-text-align-center\" data-align=\"center\">21,90<\/td><td class=\"has-text-align-center\" data-align=\"center\">21,20<\/td><\/tr><tr><td>Kveld<\/td><td class=\"has-text-align-center\" data-align=\"center\">73<\/td><td class=\"has-text-align-center\" data-align=\"center\">121<\/td><td class=\"has-text-align-center\" data-align=\"center\">15,25<\/td><td class=\"has-text-align-center\" data-align=\"center\">10,53<\/td><td class=\"has-text-align-center\" data-align=\"center\">160<\/td><td class=\"has-text-align-center\" data-align=\"center\">332<\/td><td class=\"has-text-align-center\" data-align=\"center\">26,50<\/td><td class=\"has-text-align-center\" data-align=\"center\">25,65<\/td><\/tr><tr><td>L\u00f8rdag<\/td><td class=\"has-text-align-center\" data-align=\"center\">78<\/td><td class=\"has-text-align-center\" data-align=\"center\">130<\/td><td class=\"has-text-align-center\" data-align=\"center\">16,38<\/td><td class=\"has-text-align-center\" data-align=\"center\">11,31<\/td><td class=\"has-text-align-center\" data-align=\"center\">172<\/td><td class=\"has-text-align-center\" data-align=\"center\">356<\/td><td class=\"has-text-align-center\" data-align=\"center\">28,47<\/td><td class=\"has-text-align-center\" data-align=\"center\">27,56<\/td><\/tr><tr><td>Helg\/Natt<\/td><td class=\"has-text-align-center\" data-align=\"center\">81<\/td><td class=\"has-text-align-center\" data-align=\"center\">135<\/td><td class=\"has-text-align-center\" data-align=\"center\">17,01<\/td><td class=\"has-text-align-center\" data-align=\"center\">11,75<\/td><td class=\"has-text-align-center\" data-align=\"center\">178<\/td><td class=\"has-text-align-center\" data-align=\"center\">370<\/td><td class=\"has-text-align-center\" data-align=\"center\">29,57<\/td><td class=\"has-text-align-center\" data-align=\"center\">28,62<\/td><\/tr><tr><td>Helligdag<sup>**<\/sup><\/td><td class=\"has-text-align-center\" data-align=\"center\">87<\/td><td class=\"has-text-align-center\" data-align=\"center\">145<\/td><td class=\"has-text-align-center\" data-align=\"center\">18,27<\/td><td class=\"has-text-align-center\" data-align=\"center\">12,62<\/td><td class=\"has-text-align-center\" data-align=\"center\">191<\/td><td class=\"has-text-align-center\" data-align=\"center\">397<\/td><td class=\"has-text-align-center\" data-align=\"center\">31,76<\/td><td class=\"has-text-align-center\" data-align=\"center\">30,74<\/td><\/tr><\/tbody><\/table><\/figure>\n\n\n\n<p class=\"has-small-font-size\"><em>*) Jamf\u00f8rprisen er basert p\u00e5 startpris + 8 km + 13 min betalt tid, avrundet til n\u00e6rmeste hele krone<\/em><br><em>**) Gjelder for p\u00e5ske-, pinse-, jul- og nytt\u00e5rsaften fra klokken 12.00 til klokken 06.00 den p\u00e5f\u00f8lgende dag, og for nytt\u00e5rsdag, skj\u00e6rtorsdag, langfredag, f\u00f8rste og andre p\u00e5skedag, Kristi himmelfartsdag, f\u00f8rste og andre pinsedag, f\u00f8rste og syttende mai og f\u00f8rste og andre juledag fra klokken 06.00 til klokken 06.00 den p\u00e5f\u00f8lgende dag.<\/em><br><em><sup>1&nbsp;<\/sup>Fjerntakst pr km etter 10 km,&nbsp;<sup>2&nbsp;<\/sup>Hentetakst pr km utover 10 km fra n\u00e6rmeste holdeplass<\/em><br>Takster er i henhold til&nbsp;<a href=\"https:\/\/lovdata.no\/dokument\/LTI\/forskrift\/2024-04-11-608\">FOR-2024-04-11-608<\/a>: Forskrift om takstberegning og maksimalpriser for l\u00f8yvepliktig drosjetransport med motorvogn.<\/p>\n\n\n\n<figure class=\"wp-block-image size-large is-resized\"><img loading=\"lazy\" decoding=\"async\" width=\"989\" height=\"603\" src=\"https:\/\/www.07000.no\/kvinnherad\/wp-content\/uploads\/sites\/11\/2020\/04\/Sj\u00e5f-kunde.jpg\" alt=\"\" class=\"wp-image-65\" style=\"width:820px;height:500px\" srcset=\"https:\/\/www.07000.no\/kvinnherad\/wp-content\/uploads\/sites\/11\/2020\/04\/Sj\u00e5f-kunde.jpg 989w, https:\/\/www.07000.no\/kvinnherad\/wp-content\/uploads\/sites\/11\/2020\/04\/Sj\u00e5f-kunde-300x183.jpg 300w, https:\/\/www.07000.no\/kvinnherad\/wp-content\/uploads\/sites\/11\/2020\/04\/Sj\u00e5f-kunde-768x468.jpg 768w\" sizes=\"auto, (max-width: 989px) 100vw, 989px\" \/><\/figure>\n","protected":false},"excerpt":{"rendered":"<p>Priser pr. 1.12.25: 1-4 personer: *) Jamf\u00f8rprisen er basert p\u00e5 startpris + 8 km + 13 min betalt tid, avrundet til n\u00e6rmeste hele krone**) Gjelder for p\u00e5ske-, pinse-, jul- og nytt\u00e5rsaften fra klokken 12.00 til klokken 06.00 den p\u00e5f\u00f8lgende dag, og for nytt\u00e5rsdag, skj\u00e6rtorsdag, langfredag, f\u00f8rste og andre p\u00e5skedag, Kristi himmelfartsdag, f\u00f8rste og andre pinsedag,&#8230; <a class=\"readmore\" href=\"https:\/\/www.07000.no\/kvinnherad\/priser\/\"><i>Les mer<\/i><\/a><\/p>\n","protected":false},"author":7,"featured_media":0,"parent":0,"menu_order":0,"comment_status":"closed","ping_status":"closed","template":"","meta":{"_acf_changed":false,"footnotes":""},"class_list":["post-8","page","type-page","status-publish","hentry"],"acf":[],"yoast_head":"<!-- This site is optimized with the Yoast SEO plugin v27.4 - https:\/\/yoast.com\/product\/yoast-seo-wordpress\/ -->\n<title>Priser - Kvinnherad<\/title>\n<meta name=\"robots\" content=\"index, follow, max-snippet:-1, max-image-preview:large, max-video-preview:-1\" \/>\n<link rel=\"canonical\" href=\"https:\/\/www.07000.no\/kvinnherad\/priser\/\" \/>\n<meta property=\"og:locale\" content=\"nb_NO\" \/>\n<meta property=\"og:type\" content=\"article\" \/>\n<meta property=\"og:title\" content=\"Priser - Kvinnherad\" \/>\n<meta property=\"og:description\" content=\"Priser pr. 1.12.25: 1-4 personer: *) Jamf\u00f8rprisen er basert p\u00e5 startpris + 8 km + 13 min betalt tid, avrundet til n\u00e6rmeste hele krone**) Gjelder for p\u00e5ske-, pinse-, jul- og nytt\u00e5rsaften fra klokken 12.00 til klokken 06.00 den p\u00e5f\u00f8lgende dag, og for nytt\u00e5rsdag, skj\u00e6rtorsdag, langfredag, f\u00f8rste og andre p\u00e5skedag, Kristi himmelfartsdag, f\u00f8rste og andre pinsedag,... Les mer\" \/>\n<meta property=\"og:url\" content=\"https:\/\/www.07000.no\/kvinnherad\/priser\/\" \/>\n<meta property=\"og:site_name\" content=\"Kvinnherad\" \/>\n<meta property=\"article:modified_time\" content=\"2025-12-02T12:31:02+00:00\" \/>\n<meta property=\"og:image\" content=\"https:\/\/www.07000.no\/kvinnherad\/wp-content\/uploads\/sites\/11\/2020\/04\/IMG_2514_opt.jpg\" \/>\n\t<meta property=\"og:image:width\" content=\"1920\" \/>\n\t<meta property=\"og:image:height\" content=\"1215\" \/>\n\t<meta property=\"og:image:type\" content=\"image\/jpeg\" \/>\n<meta name=\"twitter:card\" content=\"summary_large_image\" \/>\n<meta name=\"twitter:label1\" content=\"Ansl. lesetid\" \/>\n\t<meta name=\"twitter:data1\" content=\"1 minutt\" \/>\n<script type=\"application\/ld+json\" class=\"yoast-schema-graph\">{\"@context\":\"https:\\\/\\\/schema.org\",\"@graph\":[{\"@type\":\"WebPage\",\"@id\":\"https:\\\/\\\/www.07000.no\\\/kvinnherad\\\/priser\\\/\",\"url\":\"https:\\\/\\\/www.07000.no\\\/kvinnherad\\\/priser\\\/\",\"name\":\"Priser - Kvinnherad\",\"isPartOf\":{\"@id\":\"https:\\\/\\\/www.07000.no\\\/kvinnherad\\\/#website\"},\"datePublished\":\"2020-02-28T08:36:11+00:00\",\"dateModified\":\"2025-12-02T12:31:02+00:00\",\"breadcrumb\":{\"@id\":\"https:\\\/\\\/www.07000.no\\\/kvinnherad\\\/priser\\\/#breadcrumb\"},\"inLanguage\":\"nb-NO\",\"potentialAction\":[{\"@type\":\"ReadAction\",\"target\":[\"https:\\\/\\\/www.07000.no\\\/kvinnherad\\\/priser\\\/\"]}]},{\"@type\":\"BreadcrumbList\",\"@id\":\"https:\\\/\\\/www.07000.no\\\/kvinnherad\\\/priser\\\/#breadcrumb\",\"itemListElement\":[{\"@type\":\"ListItem\",\"position\":1,\"name\":\"Hjem\",\"item\":\"https:\\\/\\\/www.07000.no\\\/kvinnherad\\\/\"},{\"@type\":\"ListItem\",\"position\":2,\"name\":\"Priser\"}]},{\"@type\":\"WebSite\",\"@id\":\"https:\\\/\\\/www.07000.no\\\/kvinnherad\\\/#website\",\"url\":\"https:\\\/\\\/www.07000.no\\\/kvinnherad\\\/\",\"name\":\"Kvinnherad\",\"description\":\"Bestill taxi p\u00e5 nett eller i app!\",\"potentialAction\":[{\"@type\":\"SearchAction\",\"target\":{\"@type\":\"EntryPoint\",\"urlTemplate\":\"https:\\\/\\\/www.07000.no\\\/kvinnherad\\\/?s={search_term_string}\"},\"query-input\":{\"@type\":\"PropertyValueSpecification\",\"valueRequired\":true,\"valueName\":\"search_term_string\"}}],\"inLanguage\":\"nb-NO\"}]}<\/script>\n<!-- \/ Yoast SEO plugin. -->","yoast_head_json":{"title":"Priser - Kvinnherad","robots":{"index":"index","follow":"follow","max-snippet":"max-snippet:-1","max-image-preview":"max-image-preview:large","max-video-preview":"max-video-preview:-1"},"canonical":"https:\/\/www.07000.no\/kvinnherad\/priser\/","og_locale":"nb_NO","og_type":"article","og_title":"Priser - Kvinnherad","og_description":"Priser pr. 1.12.25: 1-4 personer: *) Jamf\u00f8rprisen er basert p\u00e5 startpris + 8 km + 13 min betalt tid, avrundet til n\u00e6rmeste hele krone**) Gjelder for p\u00e5ske-, pinse-, jul- og nytt\u00e5rsaften fra klokken 12.00 til klokken 06.00 den p\u00e5f\u00f8lgende dag, og for nytt\u00e5rsdag, skj\u00e6rtorsdag, langfredag, f\u00f8rste og andre p\u00e5skedag, Kristi himmelfartsdag, f\u00f8rste og andre pinsedag,... Les mer","og_url":"https:\/\/www.07000.no\/kvinnherad\/priser\/","og_site_name":"Kvinnherad","article_modified_time":"2025-12-02T12:31:02+00:00","og_image":[{"width":1920,"height":1215,"url":"https:\/\/www.07000.no\/kvinnherad\/wp-content\/uploads\/sites\/11\/2020\/04\/IMG_2514_opt.jpg","type":"image\/jpeg"}],"twitter_card":"summary_large_image","twitter_misc":{"Ansl. lesetid":"1 minutt"},"schema":{"@context":"https:\/\/schema.org","@graph":[{"@type":"WebPage","@id":"https:\/\/www.07000.no\/kvinnherad\/priser\/","url":"https:\/\/www.07000.no\/kvinnherad\/priser\/","name":"Priser - Kvinnherad","isPartOf":{"@id":"https:\/\/www.07000.no\/kvinnherad\/#website"},"datePublished":"2020-02-28T08:36:11+00:00","dateModified":"2025-12-02T12:31:02+00:00","breadcrumb":{"@id":"https:\/\/www.07000.no\/kvinnherad\/priser\/#breadcrumb"},"inLanguage":"nb-NO","potentialAction":[{"@type":"ReadAction","target":["https:\/\/www.07000.no\/kvinnherad\/priser\/"]}]},{"@type":"BreadcrumbList","@id":"https:\/\/www.07000.no\/kvinnherad\/priser\/#breadcrumb","itemListElement":[{"@type":"ListItem","position":1,"name":"Hjem","item":"https:\/\/www.07000.no\/kvinnherad\/"},{"@type":"ListItem","position":2,"name":"Priser"}]},{"@type":"WebSite","@id":"https:\/\/www.07000.no\/kvinnherad\/#website","url":"https:\/\/www.07000.no\/kvinnherad\/","name":"Kvinnherad","description":"Bestill taxi p\u00e5 nett eller i app!","potentialAction":[{"@type":"SearchAction","target":{"@type":"EntryPoint","urlTemplate":"https:\/\/www.07000.no\/kvinnherad\/?s={search_term_string}"},"query-input":{"@type":"PropertyValueSpecification","valueRequired":true,"valueName":"search_term_string"}}],"inLanguage":"nb-NO"}]}},"_links":{"self":[{"href":"https:\/\/www.07000.no\/kvinnherad\/wp-json\/wp\/v2\/pages\/8","targetHints":{"allow":["GET"]}}],"collection":[{"href":"https:\/\/www.07000.no\/kvinnherad\/wp-json\/wp\/v2\/pages"}],"about":[{"href":"https:\/\/www.07000.no\/kvinnherad\/wp-json\/wp\/v2\/types\/page"}],"author":[{"embeddable":true,"href":"https:\/\/www.07000.no\/kvinnherad\/wp-json\/wp\/v2\/users\/7"}],"replies":[{"embeddable":true,"href":"https:\/\/www.07000.no\/kvinnherad\/wp-json\/wp\/v2\/comments?post=8"}],"version-history":[{"count":22,"href":"https:\/\/www.07000.no\/kvinnherad\/wp-json\/wp\/v2\/pages\/8\/revisions"}],"predecessor-version":[{"id":266,"href":"https:\/\/www.07000.no\/kvinnherad\/wp-json\/wp\/v2\/pages\/8\/revisions\/266"}],"wp:attachment":[{"href":"https:\/\/www.07000.no\/kvinnherad\/wp-json\/wp\/v2\/media?parent=8"}],"curies":[{"name":"wp","href":"https:\/\/api.w.org\/{rel}","templated":true}]}}