{"id":11,"date":"2020-03-02T15:26:02","date_gmt":"2020-03-02T14:26:02","guid":{"rendered":"https:\/\/www.07000.no\/lillesand-taxi\/?page_id=11"},"modified":"2025-01-22T10:05:36","modified_gmt":"2025-01-22T09:05:36","slug":"om-oss","status":"publish","type":"page","link":"https:\/\/www.07000.no\/lillesand\/om-oss\/","title":{"rendered":"Om oss"},"content":{"rendered":"\n<p>Vi er 07000 Lillesand! Vi st\u00e5r klar til \u00e5 hjelpe med alle transportbehov, b\u00e5de store og sm\u00e5.<\/p>\n\n\n\n<p>Med 07000-samarbeidet f\u00e5r du ogs\u00e5 tilgang til nye og bedre l\u00f8sninger. Du kan n\u00e5 blant annet bestille taxi fra oss med 07000-appen og p\u00e5 internett. Du kan ogs\u00e5 n\u00e5 oss ved \u00e5 ringe 07000 hele d\u00f8gnet &#8211; hele \u00e5ret!<\/p>\n\n\n\n<ul class=\"wp-block-list\">\n<li>Hvis ikke du allerede har&nbsp;<strong>07000-appen<\/strong>&nbsp;kan du<strong><a href=\"https:\/\/delivr.com\/1byci\">&nbsp;<strong>laste den ned her<\/strong><\/a>&nbsp;<\/strong><\/li>\n\n\n\n<li>Hvis du vil&nbsp;<a href=\"https:\/\/www.07000.no\/lillesand\/bestill-taxi\/\"><strong>bestille p\u00e5 nett er det bare \u00e5 klikke her&nbsp;<\/strong><\/a><\/li>\n<\/ul>\n\n\n\n<p>Du finner mer informasjon om 07000 Lillesand og v\u00e5re l\u00f8sninger i menyen til venstre.<\/p>\n\n\n\n<p>Les mer p\u00e5 v\u00e5r <a href=\"https:\/\/www.facebook.com\/07000agdertaxi\">facebookside<\/a>.<\/p>\n\n\n\n<p><\/p>\n","protected":false},"excerpt":{"rendered":"<p>Vi er 07000 Lillesand! Vi st\u00e5r klar til \u00e5 hjelpe med alle transportbehov, b\u00e5de store og sm\u00e5. Med 07000-samarbeidet f\u00e5r du ogs\u00e5 tilgang til nye og bedre l\u00f8sninger. Du kan n\u00e5 blant annet bestille taxi fra oss med 07000-appen og p\u00e5 internett. Du kan ogs\u00e5 n\u00e5 oss ved \u00e5 ringe 07000 hele d\u00f8gnet &#8211; hele&#8230; <a class=\"readmore\" href=\"https:\/\/www.07000.no\/lillesand\/om-oss\/\"><i>Les mer<\/i><\/a><\/p>\n","protected":false},"author":3,"featured_media":0,"parent":0,"menu_order":0,"comment_status":"closed","ping_status":"closed","template":"","meta":{"_acf_changed":false,"footnotes":""},"class_list":["post-11","page","type-page","status-publish","hentry"],"acf":[],"yoast_head":"<!-- This site is optimized with the Yoast SEO plugin v27.3 - https:\/\/yoast.com\/product\/yoast-seo-wordpress\/ -->\n<title>Om oss - Lillesand<\/title>\n<meta name=\"robots\" content=\"index, follow, max-snippet:-1, max-image-preview:large, max-video-preview:-1\" \/>\n<link rel=\"canonical\" href=\"https:\/\/www.07000.no\/lillesand\/om-oss\/\" \/>\n<meta property=\"og:locale\" content=\"nb_NO\" \/>\n<meta property=\"og:type\" content=\"article\" \/>\n<meta property=\"og:title\" content=\"Om oss - Lillesand\" \/>\n<meta property=\"og:description\" content=\"Vi er 07000 Lillesand! Vi st\u00e5r klar til \u00e5 hjelpe med alle transportbehov, b\u00e5de store og sm\u00e5. Med 07000-samarbeidet f\u00e5r du ogs\u00e5 tilgang til nye og bedre l\u00f8sninger. Du kan n\u00e5 blant annet bestille taxi fra oss med 07000-appen og p\u00e5 internett. Du kan ogs\u00e5 n\u00e5 oss ved \u00e5 ringe 07000 hele d\u00f8gnet &#8211; hele... Les mer\" \/>\n<meta property=\"og:url\" content=\"https:\/\/www.07000.no\/lillesand\/om-oss\/\" \/>\n<meta property=\"og:site_name\" content=\"Lillesand\" \/>\n<meta property=\"article:modified_time\" content=\"2025-01-22T09:05:36+00:00\" \/>\n<meta property=\"og:image\" content=\"https:\/\/www.07000.no\/lillesand\/wp-content\/uploads\/sites\/22\/2020\/03\/Vennesla-web-1.jpg\" \/>\n\t<meta property=\"og:image:width\" content=\"2248\" \/>\n\t<meta property=\"og:image:height\" content=\"1197\" \/>\n\t<meta property=\"og:image:type\" content=\"image\/jpeg\" \/>\n<meta name=\"twitter:card\" content=\"summary_large_image\" \/>\n<meta name=\"twitter:label1\" content=\"Ansl. lesetid\" \/>\n\t<meta name=\"twitter:data1\" content=\"1 minutt\" \/>\n<script type=\"application\/ld+json\" class=\"yoast-schema-graph\">{\"@context\":\"https:\\\/\\\/schema.org\",\"@graph\":[{\"@type\":\"WebPage\",\"@id\":\"https:\\\/\\\/www.07000.no\\\/lillesand\\\/om-oss\\\/\",\"url\":\"https:\\\/\\\/www.07000.no\\\/lillesand\\\/om-oss\\\/\",\"name\":\"Om oss - Lillesand\",\"isPartOf\":{\"@id\":\"https:\\\/\\\/www.07000.no\\\/lillesand\\\/#website\"},\"datePublished\":\"2020-03-02T14:26:02+00:00\",\"dateModified\":\"2025-01-22T09:05:36+00:00\",\"breadcrumb\":{\"@id\":\"https:\\\/\\\/www.07000.no\\\/lillesand\\\/om-oss\\\/#breadcrumb\"},\"inLanguage\":\"nb-NO\",\"potentialAction\":[{\"@type\":\"ReadAction\",\"target\":[\"https:\\\/\\\/www.07000.no\\\/lillesand\\\/om-oss\\\/\"]}]},{\"@type\":\"BreadcrumbList\",\"@id\":\"https:\\\/\\\/www.07000.no\\\/lillesand\\\/om-oss\\\/#breadcrumb\",\"itemListElement\":[{\"@type\":\"ListItem\",\"position\":1,\"name\":\"Hjem\",\"item\":\"https:\\\/\\\/www.07000.no\\\/lillesand\\\/\"},{\"@type\":\"ListItem\",\"position\":2,\"name\":\"Om oss\"}]},{\"@type\":\"WebSite\",\"@id\":\"https:\\\/\\\/www.07000.no\\\/lillesand\\\/#website\",\"url\":\"https:\\\/\\\/www.07000.no\\\/lillesand\\\/\",\"name\":\"Lillesand\",\"description\":\"Bestill taxi p\u00e5 nett eller i app!\",\"potentialAction\":[{\"@type\":\"SearchAction\",\"target\":{\"@type\":\"EntryPoint\",\"urlTemplate\":\"https:\\\/\\\/www.07000.no\\\/lillesand\\\/?s={search_term_string}\"},\"query-input\":{\"@type\":\"PropertyValueSpecification\",\"valueRequired\":true,\"valueName\":\"search_term_string\"}}],\"inLanguage\":\"nb-NO\"}]}<\/script>\n<!-- \/ Yoast SEO plugin. -->","yoast_head_json":{"title":"Om oss - Lillesand","robots":{"index":"index","follow":"follow","max-snippet":"max-snippet:-1","max-image-preview":"max-image-preview:large","max-video-preview":"max-video-preview:-1"},"canonical":"https:\/\/www.07000.no\/lillesand\/om-oss\/","og_locale":"nb_NO","og_type":"article","og_title":"Om oss - Lillesand","og_description":"Vi er 07000 Lillesand! Vi st\u00e5r klar til \u00e5 hjelpe med alle transportbehov, b\u00e5de store og sm\u00e5. Med 07000-samarbeidet f\u00e5r du ogs\u00e5 tilgang til nye og bedre l\u00f8sninger. Du kan n\u00e5 blant annet bestille taxi fra oss med 07000-appen og p\u00e5 internett. Du kan ogs\u00e5 n\u00e5 oss ved \u00e5 ringe 07000 hele d\u00f8gnet &#8211; hele... Les mer","og_url":"https:\/\/www.07000.no\/lillesand\/om-oss\/","og_site_name":"Lillesand","article_modified_time":"2025-01-22T09:05:36+00:00","og_image":[{"width":2248,"height":1197,"url":"https:\/\/www.07000.no\/lillesand\/wp-content\/uploads\/sites\/22\/2020\/03\/Vennesla-web-1.jpg","type":"image\/jpeg"}],"twitter_card":"summary_large_image","twitter_misc":{"Ansl. lesetid":"1 minutt"},"schema":{"@context":"https:\/\/schema.org","@graph":[{"@type":"WebPage","@id":"https:\/\/www.07000.no\/lillesand\/om-oss\/","url":"https:\/\/www.07000.no\/lillesand\/om-oss\/","name":"Om oss - Lillesand","isPartOf":{"@id":"https:\/\/www.07000.no\/lillesand\/#website"},"datePublished":"2020-03-02T14:26:02+00:00","dateModified":"2025-01-22T09:05:36+00:00","breadcrumb":{"@id":"https:\/\/www.07000.no\/lillesand\/om-oss\/#breadcrumb"},"inLanguage":"nb-NO","potentialAction":[{"@type":"ReadAction","target":["https:\/\/www.07000.no\/lillesand\/om-oss\/"]}]},{"@type":"BreadcrumbList","@id":"https:\/\/www.07000.no\/lillesand\/om-oss\/#breadcrumb","itemListElement":[{"@type":"ListItem","position":1,"name":"Hjem","item":"https:\/\/www.07000.no\/lillesand\/"},{"@type":"ListItem","position":2,"name":"Om oss"}]},{"@type":"WebSite","@id":"https:\/\/www.07000.no\/lillesand\/#website","url":"https:\/\/www.07000.no\/lillesand\/","name":"Lillesand","description":"Bestill taxi p\u00e5 nett eller i app!","potentialAction":[{"@type":"SearchAction","target":{"@type":"EntryPoint","urlTemplate":"https:\/\/www.07000.no\/lillesand\/?s={search_term_string}"},"query-input":{"@type":"PropertyValueSpecification","valueRequired":true,"valueName":"search_term_string"}}],"inLanguage":"nb-NO"}]}},"_links":{"self":[{"href":"https:\/\/www.07000.no\/lillesand\/wp-json\/wp\/v2\/pages\/11","targetHints":{"allow":["GET"]}}],"collection":[{"href":"https:\/\/www.07000.no\/lillesand\/wp-json\/wp\/v2\/pages"}],"about":[{"href":"https:\/\/www.07000.no\/lillesand\/wp-json\/wp\/v2\/types\/page"}],"author":[{"embeddable":true,"href":"https:\/\/www.07000.no\/lillesand\/wp-json\/wp\/v2\/users\/3"}],"replies":[{"embeddable":true,"href":"https:\/\/www.07000.no\/lillesand\/wp-json\/wp\/v2\/comments?post=11"}],"version-history":[{"count":6,"href":"https:\/\/www.07000.no\/lillesand\/wp-json\/wp\/v2\/pages\/11\/revisions"}],"predecessor-version":[{"id":204,"href":"https:\/\/www.07000.no\/lillesand\/wp-json\/wp\/v2\/pages\/11\/revisions\/204"}],"wp:attachment":[{"href":"https:\/\/www.07000.no\/lillesand\/wp-json\/wp\/v2\/media?parent=11"}],"curies":[{"name":"wp","href":"https:\/\/api.w.org\/{rel}","templated":true}]}}