{"id":7,"date":"2020-03-02T15:23:03","date_gmt":"2020-03-02T14:23:03","guid":{"rendered":"https:\/\/www.07000.no\/lillesand-taxi\/?page_id=7"},"modified":"2025-12-01T12:58:40","modified_gmt":"2025-12-01T11:58:40","slug":"priser","status":"publish","type":"page","link":"https:\/\/www.07000.no\/lillesand\/priser\/","title":{"rendered":"Priser"},"content":{"rendered":"\n<p><strong>Priser pr. 01.12.2025:<\/strong><\/p>\n\n\n\n<figure class=\"wp-block-table\"><table><tbody><tr><td><strong>Tariff<\/strong><\/td><td><strong>Tidspunkt<\/strong><\/td><td>Startpris<\/td><td>Start m fremm\u00f8te<\/td><td>Kr pr km<sup>1<\/sup><\/td><td>Kr pr time<\/td><td>Kr pr min<\/td><td>Minstepris<\/td><td>Jamf\u00f8rpris*<\/td><td>Fjerntakst pr km<sup>1<\/sup><\/td><td>Tilkj\u00f8ringstakst<sup>2<\/sup><\/td><\/tr><tr><td>Dag<\/td><td>Man\u2013Fre 06\u201318<\/td><td>60<\/td><td>100<\/td><td>12,60<\/td><td>522<\/td><td>8,70<\/td><td>132<\/td><td>274<\/td><td>21,90<\/td><td>21,20<\/td><\/tr><tr><td>Kveld<\/td><td>Man\u2013Fre 18\u201324<\/td><td>73<\/td><td>121<\/td><td>15,25<\/td><td>631,62<\/td><td>10,53<\/td><td>160<\/td><td>331<\/td><td>26,50<\/td><td>25,65<\/td><\/tr><tr><td>L\u00f8rdag<\/td><td>L\u00f8r 06\u201315<\/td><td>78<\/td><td>130<\/td><td>16,38<\/td><td>678,60<\/td><td>11,31<\/td><td>172<\/td><td>356<\/td><td>28,47<\/td><td>27,56<\/td><\/tr><tr><td>Helg\/ natt<\/td><td>Man\u2013L\u00f8r 00\u201306, L\u00f8r 15\u201324, S\u00f8n<\/td><td>81<\/td><td>135<\/td><td>17,01<\/td><td>704,70<\/td><td>11,75<\/td><td>178<\/td><td>370<\/td><td>29,57<\/td><td>28,62<\/td><\/tr><tr><td>Helligdag<\/td><td>H\u00f8ytid og helligdager**<\/td><td>87<\/td><td>145<\/td><td>18,27<\/td><td>756,90<\/td><td>12,62<\/td><td>191<\/td><td>397<\/td><td>31,76<\/td><td>30,74<\/td><\/tr><\/tbody><\/table><\/figure>\n\n\n\n<p><br>*) Jamf\u00f8rprisen er basert p\u00e5 startpris + 8 km + 13 min betalt tid, avrundet til n\u00e6rmeste hele krone.<\/p>\n\n\n\n<p>**) Gjelder for p\u00e5ske-, pinse-, jul- og nytt\u00e5rsaften fra klokken 12.00 til klokken 06.00 den p\u00e5f\u00f8lgende dag, og for nytt\u00e5rsdag, skj\u00e6rtorsdag, langfredag, f\u00f8rste og andre p\u00e5skedag, Kristi himmelfartsdag, f\u00f8rste og andre pinsedag, f\u00f8rste og syttende mai og f\u00f8rste og andre juledag fra klokken 06.00 til klokken 06.00 den p\u00e5f\u00f8lgende dag.<\/p>\n\n\n\n<p><sup>1<\/sup>Fjerntakst pr km etter 10 km,&nbsp;<sup>2<\/sup>Hentetakst pr km utover 10 km fra n\u00e6rmeste holdeplass<\/p>\n\n\n\n<p>Takster er i henhold til&nbsp;<em><a href=\"https:\/\/lovdata.no\/dokument\/LTI\/forskrift\/2024-04-11-608\">FOR 2010-09-30 nr. 1307<\/a>:<\/em>&nbsp;Forskrift om takstberegning og makspriser for l\u00f8yvepliktig drosjetransport med motorvogn.<\/p>\n\n\n\n<p><\/p>\n","protected":false},"excerpt":{"rendered":"<p>Priser pr. 01.12.2025: Tariff Tidspunkt Startpris Start m fremm\u00f8te Kr pr km1 Kr pr time Kr pr min Minstepris Jamf\u00f8rpris* Fjerntakst pr km1 Tilkj\u00f8ringstakst2 Dag Man\u2013Fre 06\u201318 60 100 12,60 522 8,70 132 274 21,90 21,20 Kveld Man\u2013Fre 18\u201324 73 121 15,25 631,62 10,53 160 331 26,50 25,65 L\u00f8rdag L\u00f8r 06\u201315 78 130 16,38 678,60&#8230; <a class=\"readmore\" href=\"https:\/\/www.07000.no\/lillesand\/priser\/\"><i>Les mer<\/i><\/a><\/p>\n","protected":false},"author":3,"featured_media":0,"parent":0,"menu_order":0,"comment_status":"closed","ping_status":"closed","template":"template-full-width.php","meta":{"_acf_changed":false,"footnotes":""},"class_list":["post-7","page","type-page","status-publish","hentry"],"acf":[],"yoast_head":"<!-- This site is optimized with the Yoast SEO plugin v27.3 - https:\/\/yoast.com\/product\/yoast-seo-wordpress\/ -->\n<title>Priser - Lillesand<\/title>\n<meta name=\"robots\" content=\"index, follow, max-snippet:-1, max-image-preview:large, max-video-preview:-1\" \/>\n<link rel=\"canonical\" href=\"https:\/\/www.07000.no\/lillesand\/priser\/\" \/>\n<meta property=\"og:locale\" content=\"nb_NO\" \/>\n<meta property=\"og:type\" content=\"article\" \/>\n<meta property=\"og:title\" content=\"Priser - Lillesand\" \/>\n<meta property=\"og:description\" content=\"Priser pr. 01.12.2025: Tariff Tidspunkt Startpris Start m fremm\u00f8te Kr pr km1 Kr pr time Kr pr min Minstepris Jamf\u00f8rpris* Fjerntakst pr km1 Tilkj\u00f8ringstakst2 Dag Man\u2013Fre 06\u201318 60 100 12,60 522 8,70 132 274 21,90 21,20 Kveld Man\u2013Fre 18\u201324 73 121 15,25 631,62 10,53 160 331 26,50 25,65 L\u00f8rdag L\u00f8r 06\u201315 78 130 16,38 678,60... Les mer\" \/>\n<meta property=\"og:url\" content=\"https:\/\/www.07000.no\/lillesand\/priser\/\" \/>\n<meta property=\"og:site_name\" content=\"Lillesand\" \/>\n<meta property=\"article:modified_time\" content=\"2025-12-01T11:58:40+00:00\" \/>\n<meta property=\"og:image\" content=\"https:\/\/www.07000.no\/lillesand\/wp-content\/uploads\/sites\/22\/2020\/03\/Vennesla-web-1.jpg\" \/>\n\t<meta property=\"og:image:width\" content=\"2248\" \/>\n\t<meta property=\"og:image:height\" content=\"1197\" \/>\n\t<meta property=\"og:image:type\" content=\"image\/jpeg\" \/>\n<meta name=\"twitter:card\" content=\"summary_large_image\" \/>\n<meta name=\"twitter:label1\" content=\"Ansl. lesetid\" \/>\n\t<meta name=\"twitter:data1\" content=\"2 minutter\" \/>\n<script type=\"application\/ld+json\" class=\"yoast-schema-graph\">{\"@context\":\"https:\\\/\\\/schema.org\",\"@graph\":[{\"@type\":\"WebPage\",\"@id\":\"https:\\\/\\\/www.07000.no\\\/lillesand\\\/priser\\\/\",\"url\":\"https:\\\/\\\/www.07000.no\\\/lillesand\\\/priser\\\/\",\"name\":\"Priser - Lillesand\",\"isPartOf\":{\"@id\":\"https:\\\/\\\/www.07000.no\\\/lillesand\\\/#website\"},\"datePublished\":\"2020-03-02T14:23:03+00:00\",\"dateModified\":\"2025-12-01T11:58:40+00:00\",\"breadcrumb\":{\"@id\":\"https:\\\/\\\/www.07000.no\\\/lillesand\\\/priser\\\/#breadcrumb\"},\"inLanguage\":\"nb-NO\",\"potentialAction\":[{\"@type\":\"ReadAction\",\"target\":[\"https:\\\/\\\/www.07000.no\\\/lillesand\\\/priser\\\/\"]}]},{\"@type\":\"BreadcrumbList\",\"@id\":\"https:\\\/\\\/www.07000.no\\\/lillesand\\\/priser\\\/#breadcrumb\",\"itemListElement\":[{\"@type\":\"ListItem\",\"position\":1,\"name\":\"Hjem\",\"item\":\"https:\\\/\\\/www.07000.no\\\/lillesand\\\/\"},{\"@type\":\"ListItem\",\"position\":2,\"name\":\"Priser\"}]},{\"@type\":\"WebSite\",\"@id\":\"https:\\\/\\\/www.07000.no\\\/lillesand\\\/#website\",\"url\":\"https:\\\/\\\/www.07000.no\\\/lillesand\\\/\",\"name\":\"Lillesand\",\"description\":\"Bestill taxi p\u00e5 nett eller i app!\",\"potentialAction\":[{\"@type\":\"SearchAction\",\"target\":{\"@type\":\"EntryPoint\",\"urlTemplate\":\"https:\\\/\\\/www.07000.no\\\/lillesand\\\/?s={search_term_string}\"},\"query-input\":{\"@type\":\"PropertyValueSpecification\",\"valueRequired\":true,\"valueName\":\"search_term_string\"}}],\"inLanguage\":\"nb-NO\"}]}<\/script>\n<!-- \/ Yoast SEO plugin. -->","yoast_head_json":{"title":"Priser - Lillesand","robots":{"index":"index","follow":"follow","max-snippet":"max-snippet:-1","max-image-preview":"max-image-preview:large","max-video-preview":"max-video-preview:-1"},"canonical":"https:\/\/www.07000.no\/lillesand\/priser\/","og_locale":"nb_NO","og_type":"article","og_title":"Priser - Lillesand","og_description":"Priser pr. 01.12.2025: Tariff Tidspunkt Startpris Start m fremm\u00f8te Kr pr km1 Kr pr time Kr pr min Minstepris Jamf\u00f8rpris* Fjerntakst pr km1 Tilkj\u00f8ringstakst2 Dag Man\u2013Fre 06\u201318 60 100 12,60 522 8,70 132 274 21,90 21,20 Kveld Man\u2013Fre 18\u201324 73 121 15,25 631,62 10,53 160 331 26,50 25,65 L\u00f8rdag L\u00f8r 06\u201315 78 130 16,38 678,60... Les mer","og_url":"https:\/\/www.07000.no\/lillesand\/priser\/","og_site_name":"Lillesand","article_modified_time":"2025-12-01T11:58:40+00:00","og_image":[{"width":2248,"height":1197,"url":"https:\/\/www.07000.no\/lillesand\/wp-content\/uploads\/sites\/22\/2020\/03\/Vennesla-web-1.jpg","type":"image\/jpeg"}],"twitter_card":"summary_large_image","twitter_misc":{"Ansl. lesetid":"2 minutter"},"schema":{"@context":"https:\/\/schema.org","@graph":[{"@type":"WebPage","@id":"https:\/\/www.07000.no\/lillesand\/priser\/","url":"https:\/\/www.07000.no\/lillesand\/priser\/","name":"Priser - Lillesand","isPartOf":{"@id":"https:\/\/www.07000.no\/lillesand\/#website"},"datePublished":"2020-03-02T14:23:03+00:00","dateModified":"2025-12-01T11:58:40+00:00","breadcrumb":{"@id":"https:\/\/www.07000.no\/lillesand\/priser\/#breadcrumb"},"inLanguage":"nb-NO","potentialAction":[{"@type":"ReadAction","target":["https:\/\/www.07000.no\/lillesand\/priser\/"]}]},{"@type":"BreadcrumbList","@id":"https:\/\/www.07000.no\/lillesand\/priser\/#breadcrumb","itemListElement":[{"@type":"ListItem","position":1,"name":"Hjem","item":"https:\/\/www.07000.no\/lillesand\/"},{"@type":"ListItem","position":2,"name":"Priser"}]},{"@type":"WebSite","@id":"https:\/\/www.07000.no\/lillesand\/#website","url":"https:\/\/www.07000.no\/lillesand\/","name":"Lillesand","description":"Bestill taxi p\u00e5 nett eller i app!","potentialAction":[{"@type":"SearchAction","target":{"@type":"EntryPoint","urlTemplate":"https:\/\/www.07000.no\/lillesand\/?s={search_term_string}"},"query-input":{"@type":"PropertyValueSpecification","valueRequired":true,"valueName":"search_term_string"}}],"inLanguage":"nb-NO"}]}},"_links":{"self":[{"href":"https:\/\/www.07000.no\/lillesand\/wp-json\/wp\/v2\/pages\/7","targetHints":{"allow":["GET"]}}],"collection":[{"href":"https:\/\/www.07000.no\/lillesand\/wp-json\/wp\/v2\/pages"}],"about":[{"href":"https:\/\/www.07000.no\/lillesand\/wp-json\/wp\/v2\/types\/page"}],"author":[{"embeddable":true,"href":"https:\/\/www.07000.no\/lillesand\/wp-json\/wp\/v2\/users\/3"}],"replies":[{"embeddable":true,"href":"https:\/\/www.07000.no\/lillesand\/wp-json\/wp\/v2\/comments?post=7"}],"version-history":[{"count":13,"href":"https:\/\/www.07000.no\/lillesand\/wp-json\/wp\/v2\/pages\/7\/revisions"}],"predecessor-version":[{"id":239,"href":"https:\/\/www.07000.no\/lillesand\/wp-json\/wp\/v2\/pages\/7\/revisions\/239"}],"wp:attachment":[{"href":"https:\/\/www.07000.no\/lillesand\/wp-json\/wp\/v2\/media?parent=7"}],"curies":[{"name":"wp","href":"https:\/\/api.w.org\/{rel}","templated":true}]}}