{"id":4,"date":"2020-02-10T10:47:12","date_gmt":"2020-02-10T09:47:12","guid":{"rendered":"https:\/\/www.07000.no\/osteroy\/?page_id=4"},"modified":"2024-11-29T19:07:38","modified_gmt":"2024-11-29T18:07:38","slug":"07000-osteroy-taxi","status":"publish","type":"page","link":"https:\/\/www.07000.no\/osteroy\/","title":{"rendered":"Velkommen til 07000 Oster\u00f8y Taxi"},"content":{"rendered":"\n<div class=\"wp-block-columns is-layout-flex wp-container-core-columns-is-layout-9d6595d7 wp-block-columns-is-layout-flex\">\n<div class=\"wp-block-column is-layout-flow wp-block-column-is-layout-flow\" style=\"flex-basis:66.66%\"><div class=\"latestnews\" data-equalizer-watch>\n    <div class=\"grid-x align-top\">\n        <div class=\"header small-12\">\n            <h4>Aktuelt<\/h4>\n        <\/div>\n        \n                            <div class=\"small-12\">\n                <span class=\"date\">28. november 2025<\/span>\n                <a href=\"https:\/\/www.07000.no\/osteroy\/aktuelt\/taxi-for-buss-fra-1-12\/\"><h5><span class=\"header\">Taxi for buss fra 1.12<\/span><span class=\"rsaquo\"> &rsaquo;<\/span><\/h5><\/a>\n                \n                            <\/div>\n\n                    <div class=\"small-12\">\n                <span class=\"date\">3. november 2025<\/span>\n                <a href=\"https:\/\/www.07000.no\/osteroy\/aktuelt\/%f0%9f%9a%96-ledig-100-stilling-som-taxisjafor-hos-osteroy-taxi-%f0%9f%9a%96\/\"><h5><span class=\"header\">\ud83d\ude96 Ledig 100 % stilling som taxisj\u00e5f\u00f8r hos Oster\u00f8y Taxi! \ud83d\ude96<\/span><span class=\"rsaquo\"> &rsaquo;<\/span><\/h5><\/a>\n                \n                            <\/div>\n\n                    <div class=\"small-12\">\n                <span class=\"date\">21. februar 2025<\/span>\n                <a href=\"https:\/\/www.07000.no\/osteroy\/aktuelt\/oppstart-pasientreiser-pa-mandag\/\"><h5><span class=\"header\">Oppstart Pasientreiser p\u00e5 mandag<\/span><span class=\"rsaquo\"> &rsaquo;<\/span><\/h5><\/a>\n                \n                            <\/div>\n\n                    <div class=\"small-12\">\n                <span class=\"date\">8. desember 2024<\/span>\n                <a href=\"https:\/\/www.07000.no\/osteroy\/aktuelt\/sjaforer-sokes-2\/\"><h5><span class=\"header\">Sj\u00e5f\u00f8rer s\u00f8kes!<\/span><span class=\"rsaquo\"> &rsaquo;<\/span><\/h5><\/a>\n                \n                            <\/div>\n\n                    <div class=\"small-12\">\n                <span class=\"date\">29. november 2024<\/span>\n                <a href=\"https:\/\/www.07000.no\/osteroy\/aktuelt\/pasientreiser-24-7-fra-24-02-2025\/\"><h5><span class=\"header\">Pasientreiser 24\/7 fra 24.02.2025<\/span><span class=\"rsaquo\"> &rsaquo;<\/span><\/h5><\/a>\n                \n                            <\/div>\n\n                                                <div class=\"morelink small-12 align-self-bottom\">\n            <a href=\"https:\/\/www.07000.no\/osteroy\/aktuelt\/\">\n                Les flere saker\n            <\/a>\n        <\/div>\n    <\/div>\n<\/div><\/div>\n\n\n\n<div class=\"wp-block-column is-layout-flow wp-block-column-is-layout-flow\" style=\"flex-basis:33.33%\"><div class=\"contactus\" data-equalizer-watch>\n    <div class=\"grid-x align-middle\">\n        <div class=\"small-12 align-self-top\">\n            <h4>Kontakt oss<\/h4>\n        <\/div>\n            \n        <div class=\"small-12\">\n            <ul class=\"menu\">\n                <li class=\"iconphone\">\n                    <a href=\"tel:+4707000\">\n                        <img decoding=\"async\" src=\"https:\/\/www.07000.no\/osteroy\/wp-content\/themes\/nullsjutusen\/assets\/images\/icon_phone.svg\" width=\"16\" \/>\n                        07000                    <\/a>              \n                <\/li>\n                                    <li class=\"iconchat\">\n                        <a href=\"#\" class=\"chatstarter\" onClick=\"startChat();\">\n                            <img decoding=\"async\" src=\"https:\/\/www.07000.no\/osteroy\/wp-content\/themes\/nullsjutusen\/assets\/images\/icon_chat.svg\" width=\"16\" \/>\n                            Start ny samtale\n                        <\/a>\n                    <\/li>\n                \n                                <li class=\"iconcontactscheme\">\n                    <a href=\"https:\/\/www.07000.no\/osteroy\/kontakt-oss\/\">\n                        <img decoding=\"async\" src=\"https:\/\/www.07000.no\/osteroy\/wp-content\/themes\/nullsjutusen\/assets\/images\/icon_email.svg\" width=\"16\" \/>\n                        Kontaktskjema\n                    <\/a>\n                <\/li>\n                                                <li class=\"iconfacebook\">\n                    <a href=\"https:\/\/www.facebook.com\/07000osteroy\/\">\n                        <img decoding=\"async\" src=\"https:\/\/www.07000.no\/osteroy\/wp-content\/themes\/nullsjutusen\/assets\/images\/icon_facebook.svg\" width=\"16\" \/>\n                        F\u00f8lg oss p\u00e5 facebook!\n                    <\/a>\n                <\/li>\n                                <li class=\"iconsearch\">\n                    <a href=\"https:\/\/www.07000.no\/osteroy\/?s\">\n                        <img decoding=\"async\" src=\"https:\/\/www.07000.no\/osteroy\/wp-content\/themes\/nullsjutusen\/assets\/images\/icon_search.svg\" width=\"16\" \/>\n                        S\u00f8k etter artikler\n                    <\/a>    \n                <\/li>\n                                <li class=\"iconcontactpage\">\n                    <a href=\"https:\/\/www.07000.no\/osteroy\/kontakt-oss\/\">\n                        <img decoding=\"async\" src=\"https:\/\/www.07000.no\/osteroy\/wp-content\/themes\/nullsjutusen\/assets\/images\/icon_person.svg\" width=\"16\" \/>\n                        Annen kontaktinfo\n                    <\/a>\n                <\/li>\n                            <\/ul>\n        <\/div>\n    <\/div>\n<\/div><\/div>\n<\/div>\n\n\n\n<div style=\"height:20px\" aria-hidden=\"true\" class=\"wp-block-spacer\"><\/div>\n\n\n<div class=\"faqwrapper\" data-equalizer-watch>\n    <div class=\"grid-x align-top\">\n        <div class=\"header small-12\">\n            <h4>Vanlige sp\u00f8rsm\u00e5l<\/h4>\n        <\/div>\n        \n                                        <div class=\"small-12\">\n                    <h5 onClick=\"jQuery(this).next('.faqexcerpt').toggle('500');jQuery(this).children('.rsaquo').toggleClass('rotate')\"><span class=\"header\">Hva er fremkj\u00f8ringstakst (hentetakst)?<\/span><\/h5>\n                    <div class=\"faqexcerpt\">Dette er prisen du betaler for at en taxi henter deg p\u00e5 din adresse. Fremkj\u00f8ringstakst fremg\u00e5r av gjeldende taksttabell for ditt taxiselskap. MERK: I byene Bergen, Kristiansand, Sandnes\/Stavanger og Arendal\/Grimstad betaler du ikke fremkj\u00f8ringstakst. Der henter vi deg der du \u00f8nsker &#8211; til samme pris som taxi fra holdeplass!&#8230; <a href=\"https:\/\/www.07000.no\/osteroy\/aktuelt\/faq\/\">Les mer<\/a><\/div>\n                <\/div>\n                            <div class=\"small-12\">\n                    <h5 onClick=\"jQuery(this).next('.faqexcerpt').toggle('500');jQuery(this).children('.rsaquo').toggleClass('rotate')\"><span class=\"header\">Hva gj\u00f8r jeg om jeg glemmer noe i en taxi?<\/span><\/h5>\n                    <div class=\"faqexcerpt\">Eiendeler som er gjenglemt i en av v\u00e5re biler, blir normalt levert til politiets hittegodskontor ved f\u00f8rste passende anledning.\u00a0 Hvis du vet hvilken bil du har kj\u00f8rt med, kan vi s\u00e5 langt mulig ogs\u00e5 pr\u00f8ve \u00e5 sjekke direkte med sj\u00e5f\u00f8r&#8230; <a href=\"https:\/\/www.07000.no\/osteroy\/aktuelt\/faq\/\">Les mer<\/a><\/div>\n                <\/div>\n                            <div class=\"small-12\">\n                    <h5 onClick=\"jQuery(this).next('.faqexcerpt').toggle('500');jQuery(this).children('.rsaquo').toggleClass('rotate')\"><span class=\"header\">Hvordan blir jeg taxisj\u00e5f\u00f8r?<\/span><\/h5>\n                    <div class=\"faqexcerpt\">For \u00e5 bli sj\u00e5f\u00f8r i 07000 Taxi kreves det at du har gjennomg\u00e5tt sj\u00e5f\u00f8roppl\u00e6ring for aktuelt omr\u00e5de. Dette g\u00e5r normalt flere ganger i l\u00f8pet av \u00e5ret. I tillegg m\u00e5 du ha en vandelsattest fra politiet og v\u00e6re fylt 20 \u00e5r. &#8230; <a href=\"https:\/\/www.07000.no\/osteroy\/aktuelt\/faq\/\">Les mer<\/a><\/div>\n                <\/div>\n                            <div class=\"morelink small-12 align-self-bottom\">\n            <a href=\"https:\/\/www.07000.no\/osteroy\/aktuelt\/faq\/\">\n                Alle sp\u00f8rsm\u00e5l\n            <\/a>\n        <\/div>\n    <\/div>\n<\/div>\n\n\n<p>   <\/p>\n\n\n\n<p class=\"has-text-align-center\"><strong><a href=\"https:\/\/bt-bookingterminal.itf-as.com\/Login\">07000 BOOKINGTERMINAL &#8211; NETTBESTILLING FOR BEDRIFTER<\/a><\/strong><\/p>\n\n\n\n<p><\/p>\n","protected":false},"excerpt":{"rendered":"<p>07000 BOOKINGTERMINAL &#8211; NETTBESTILLING FOR BEDRIFTER<\/p>\n","protected":false},"author":3,"featured_media":160,"parent":0,"menu_order":0,"comment_status":"closed","ping_status":"closed","template":"","meta":{"_acf_changed":false,"footnotes":""},"class_list":["post-4","page","type-page","status-publish","has-post-thumbnail","hentry"],"acf":[],"yoast_head":"<!-- This site is optimized with the Yoast SEO plugin v27.4 - https:\/\/yoast.com\/product\/yoast-seo-wordpress\/ -->\n<title>07000 Oster\u00f8y Taxi - Bestill taxi p\u00e5 nett eller i app | Sandnes og Stavanger<\/title>\n<meta name=\"description\" content=\"Bestille taxi n\u00e5 eller forh\u00e5ndsbestille taxi til senere? Oster\u00f8y Taxi gj\u00f8r det lett \u00e5 bestille taxi p\u00e5 telefon 07000, p\u00e5 nett eller i app!\" \/>\n<meta name=\"robots\" content=\"index, follow, max-snippet:-1, max-image-preview:large, max-video-preview:-1\" \/>\n<link rel=\"canonical\" href=\"https:\/\/www.07000.no\/osteroy\/\" \/>\n<meta property=\"og:locale\" content=\"nb_NO\" \/>\n<meta property=\"og:type\" content=\"article\" \/>\n<meta property=\"og:title\" content=\"07000 Oster\u00f8y Taxi - Bestill taxi p\u00e5 nett eller i app | Sandnes og Stavanger\" \/>\n<meta property=\"og:description\" content=\"Bestille taxi n\u00e5 eller forh\u00e5ndsbestille taxi til senere? Oster\u00f8y Taxi gj\u00f8r det lett \u00e5 bestille taxi p\u00e5 telefon 07000, p\u00e5 nett eller i app!\" \/>\n<meta property=\"og:url\" content=\"https:\/\/www.07000.no\/osteroy\/\" \/>\n<meta property=\"og:site_name\" content=\"Oster\u00f8y Taxi\" \/>\n<meta property=\"article:modified_time\" content=\"2024-11-29T18:07:38+00:00\" \/>\n<meta property=\"og:image\" content=\"https:\/\/www.07000.no\/osteroy\/wp-content\/uploads\/sites\/5\/2020\/04\/TINY_Oster\u00f8y_Flesland.jpg\" \/>\n\t<meta property=\"og:image:width\" content=\"1800\" \/>\n\t<meta property=\"og:image:height\" content=\"1350\" \/>\n\t<meta property=\"og:image:type\" content=\"image\/jpeg\" \/>\n<meta name=\"twitter:card\" content=\"summary_large_image\" \/>\n<meta name=\"twitter:label1\" content=\"Ansl. lesetid\" \/>\n\t<meta name=\"twitter:data1\" content=\"1 minutt\" \/>\n<script type=\"application\/ld+json\" class=\"yoast-schema-graph\">{\"@context\":\"https:\\\/\\\/schema.org\",\"@graph\":[{\"@type\":\"WebPage\",\"@id\":\"https:\\\/\\\/www.07000.no\\\/osteroy\\\/\",\"url\":\"https:\\\/\\\/www.07000.no\\\/osteroy\\\/\",\"name\":\"07000 Oster\u00f8y Taxi - Bestill taxi p\u00e5 nett eller i app | Sandnes og Stavanger\",\"isPartOf\":{\"@id\":\"https:\\\/\\\/www.07000.no\\\/osteroy\\\/#website\"},\"primaryImageOfPage\":{\"@id\":\"https:\\\/\\\/www.07000.no\\\/osteroy\\\/#primaryimage\"},\"image\":{\"@id\":\"https:\\\/\\\/www.07000.no\\\/osteroy\\\/#primaryimage\"},\"thumbnailUrl\":\"https:\\\/\\\/www.07000.no\\\/osteroy\\\/wp-content\\\/uploads\\\/sites\\\/5\\\/2020\\\/05\\\/IMG_9337-scaled.jpg\",\"datePublished\":\"2020-02-10T09:47:12+00:00\",\"dateModified\":\"2024-11-29T18:07:38+00:00\",\"description\":\"Bestille taxi n\u00e5 eller forh\u00e5ndsbestille taxi til senere? Oster\u00f8y Taxi gj\u00f8r det lett \u00e5 bestille taxi p\u00e5 telefon 07000, p\u00e5 nett eller i app!\",\"breadcrumb\":{\"@id\":\"https:\\\/\\\/www.07000.no\\\/osteroy\\\/#breadcrumb\"},\"inLanguage\":\"nb-NO\",\"potentialAction\":[{\"@type\":\"ReadAction\",\"target\":[\"https:\\\/\\\/www.07000.no\\\/osteroy\\\/\"]}]},{\"@type\":\"ImageObject\",\"inLanguage\":\"nb-NO\",\"@id\":\"https:\\\/\\\/www.07000.no\\\/osteroy\\\/#primaryimage\",\"url\":\"https:\\\/\\\/www.07000.no\\\/osteroy\\\/wp-content\\\/uploads\\\/sites\\\/5\\\/2020\\\/05\\\/IMG_9337-scaled.jpg\",\"contentUrl\":\"https:\\\/\\\/www.07000.no\\\/osteroy\\\/wp-content\\\/uploads\\\/sites\\\/5\\\/2020\\\/05\\\/IMG_9337-scaled.jpg\",\"width\":2560,\"height\":1920},{\"@type\":\"BreadcrumbList\",\"@id\":\"https:\\\/\\\/www.07000.no\\\/osteroy\\\/#breadcrumb\",\"itemListElement\":[{\"@type\":\"ListItem\",\"position\":1,\"name\":\"Hjem\",\"item\":\"https:\\\/\\\/www.07000.no\\\/osteroy\\\/\"},{\"@type\":\"ListItem\",\"position\":2,\"name\":\"Velkommen til 07000 Oster\u00f8y Taxi\"}]},{\"@type\":\"WebSite\",\"@id\":\"https:\\\/\\\/www.07000.no\\\/osteroy\\\/#website\",\"url\":\"https:\\\/\\\/www.07000.no\\\/osteroy\\\/\",\"name\":\"Oster\u00f8y Taxi\",\"description\":\"Bestill taxi p\u00e5 nett eller i app!\",\"potentialAction\":[{\"@type\":\"SearchAction\",\"target\":{\"@type\":\"EntryPoint\",\"urlTemplate\":\"https:\\\/\\\/www.07000.no\\\/osteroy\\\/?s={search_term_string}\"},\"query-input\":{\"@type\":\"PropertyValueSpecification\",\"valueRequired\":true,\"valueName\":\"search_term_string\"}}],\"inLanguage\":\"nb-NO\"}]}<\/script>\n<!-- \/ Yoast SEO plugin. -->","yoast_head_json":{"title":"07000 Oster\u00f8y Taxi - Bestill taxi p\u00e5 nett eller i app | Sandnes og Stavanger","description":"Bestille taxi n\u00e5 eller forh\u00e5ndsbestille taxi til senere? Oster\u00f8y Taxi gj\u00f8r det lett \u00e5 bestille taxi p\u00e5 telefon 07000, p\u00e5 nett eller i app!","robots":{"index":"index","follow":"follow","max-snippet":"max-snippet:-1","max-image-preview":"max-image-preview:large","max-video-preview":"max-video-preview:-1"},"canonical":"https:\/\/www.07000.no\/osteroy\/","og_locale":"nb_NO","og_type":"article","og_title":"07000 Oster\u00f8y Taxi - Bestill taxi p\u00e5 nett eller i app | Sandnes og Stavanger","og_description":"Bestille taxi n\u00e5 eller forh\u00e5ndsbestille taxi til senere? Oster\u00f8y Taxi gj\u00f8r det lett \u00e5 bestille taxi p\u00e5 telefon 07000, p\u00e5 nett eller i app!","og_url":"https:\/\/www.07000.no\/osteroy\/","og_site_name":"Oster\u00f8y Taxi","article_modified_time":"2024-11-29T18:07:38+00:00","og_image":[{"width":1800,"height":1350,"url":"https:\/\/www.07000.no\/osteroy\/wp-content\/uploads\/sites\/5\/2020\/04\/TINY_Oster\u00f8y_Flesland.jpg","type":"image\/jpeg"}],"twitter_card":"summary_large_image","twitter_misc":{"Ansl. lesetid":"1 minutt"},"schema":{"@context":"https:\/\/schema.org","@graph":[{"@type":"WebPage","@id":"https:\/\/www.07000.no\/osteroy\/","url":"https:\/\/www.07000.no\/osteroy\/","name":"07000 Oster\u00f8y Taxi - Bestill taxi p\u00e5 nett eller i app | Sandnes og Stavanger","isPartOf":{"@id":"https:\/\/www.07000.no\/osteroy\/#website"},"primaryImageOfPage":{"@id":"https:\/\/www.07000.no\/osteroy\/#primaryimage"},"image":{"@id":"https:\/\/www.07000.no\/osteroy\/#primaryimage"},"thumbnailUrl":"https:\/\/www.07000.no\/osteroy\/wp-content\/uploads\/sites\/5\/2020\/05\/IMG_9337-scaled.jpg","datePublished":"2020-02-10T09:47:12+00:00","dateModified":"2024-11-29T18:07:38+00:00","description":"Bestille taxi n\u00e5 eller forh\u00e5ndsbestille taxi til senere? Oster\u00f8y Taxi gj\u00f8r det lett \u00e5 bestille taxi p\u00e5 telefon 07000, p\u00e5 nett eller i app!","breadcrumb":{"@id":"https:\/\/www.07000.no\/osteroy\/#breadcrumb"},"inLanguage":"nb-NO","potentialAction":[{"@type":"ReadAction","target":["https:\/\/www.07000.no\/osteroy\/"]}]},{"@type":"ImageObject","inLanguage":"nb-NO","@id":"https:\/\/www.07000.no\/osteroy\/#primaryimage","url":"https:\/\/www.07000.no\/osteroy\/wp-content\/uploads\/sites\/5\/2020\/05\/IMG_9337-scaled.jpg","contentUrl":"https:\/\/www.07000.no\/osteroy\/wp-content\/uploads\/sites\/5\/2020\/05\/IMG_9337-scaled.jpg","width":2560,"height":1920},{"@type":"BreadcrumbList","@id":"https:\/\/www.07000.no\/osteroy\/#breadcrumb","itemListElement":[{"@type":"ListItem","position":1,"name":"Hjem","item":"https:\/\/www.07000.no\/osteroy\/"},{"@type":"ListItem","position":2,"name":"Velkommen til 07000 Oster\u00f8y Taxi"}]},{"@type":"WebSite","@id":"https:\/\/www.07000.no\/osteroy\/#website","url":"https:\/\/www.07000.no\/osteroy\/","name":"Oster\u00f8y Taxi","description":"Bestill taxi p\u00e5 nett eller i app!","potentialAction":[{"@type":"SearchAction","target":{"@type":"EntryPoint","urlTemplate":"https:\/\/www.07000.no\/osteroy\/?s={search_term_string}"},"query-input":{"@type":"PropertyValueSpecification","valueRequired":true,"valueName":"search_term_string"}}],"inLanguage":"nb-NO"}]}},"_links":{"self":[{"href":"https:\/\/www.07000.no\/osteroy\/wp-json\/wp\/v2\/pages\/4","targetHints":{"allow":["GET"]}}],"collection":[{"href":"https:\/\/www.07000.no\/osteroy\/wp-json\/wp\/v2\/pages"}],"about":[{"href":"https:\/\/www.07000.no\/osteroy\/wp-json\/wp\/v2\/types\/page"}],"author":[{"embeddable":true,"href":"https:\/\/www.07000.no\/osteroy\/wp-json\/wp\/v2\/users\/3"}],"replies":[{"embeddable":true,"href":"https:\/\/www.07000.no\/osteroy\/wp-json\/wp\/v2\/comments?post=4"}],"version-history":[{"count":19,"href":"https:\/\/www.07000.no\/osteroy\/wp-json\/wp\/v2\/pages\/4\/revisions"}],"predecessor-version":[{"id":403,"href":"https:\/\/www.07000.no\/osteroy\/wp-json\/wp\/v2\/pages\/4\/revisions\/403"}],"wp:featuredmedia":[{"embeddable":true,"href":"https:\/\/www.07000.no\/osteroy\/wp-json\/wp\/v2\/media\/160"}],"wp:attachment":[{"href":"https:\/\/www.07000.no\/osteroy\/wp-json\/wp\/v2\/media?parent=4"}],"curies":[{"name":"wp","href":"https:\/\/api.w.org\/{rel}","templated":true}]}}