{"id":216,"date":"2022-03-24T09:38:17","date_gmt":"2022-03-24T08:38:17","guid":{"rendered":"https:\/\/www.07000.no\/rong\/?page_id=216"},"modified":"2022-03-25T15:05:49","modified_gmt":"2022-03-25T14:05:49","slug":"vare-tjenester","status":"publish","type":"page","link":"https:\/\/www.07000.no\/rong\/velkommen-til-07000-rong\/vare-tjenester\/","title":{"rendered":"V\u00e5re tjenester"},"content":{"rendered":"\n<div class=\"wp-block-image\"><figure class=\"alignleft size-full is-resized\"><img loading=\"lazy\" decoding=\"async\" src=\"https:\/\/www.07000.no\/rong\/wp-content\/uploads\/sites\/17\/2022\/03\/07000-kundesjafor.jpg\" alt=\"\" class=\"wp-image-228\" width=\"251\" height=\"167\"\/><\/figure><\/div>\n\n\n\n<h4 class=\"wp-block-heading\"><strong>Ordin\u00e6r taxitransport<\/strong><\/h4>\n\n\n\n<div class=\"wp-block-group\"><div class=\"wp-block-group__inner-container is-layout-flow wp-block-group-is-layout-flow\">\n<p>Vi har personbiler tilgjengelig som kan ta inntil 4 passasjerer hver. Vi tar imot direkte bestillinger og forh\u00e5ndsbestillinger. Alle bilene har god bagasjeplass. Vi tar de fleste typer kort (Visa, Amex, Mastercard, Diners) samt kontant eller VIPPS i alle v\u00e5re biler.<\/p>\n<\/div><\/div>\n\n\n\n<div style=\"height:14px\" aria-hidden=\"true\" class=\"wp-block-spacer\"><\/div>\n\n\n\n<div class=\"wp-block-image\"><figure class=\"alignright size-full is-resized\"><img loading=\"lazy\" decoding=\"async\" src=\"https:\/\/www.07000.no\/rong\/wp-content\/uploads\/sites\/17\/2022\/03\/TT-kort.jpg\" alt=\"\" class=\"wp-image-221\" width=\"261\" height=\"166\"\/><\/figure><\/div>\n\n\n\n<h4 class=\"wp-block-heading\"><strong>TT-kort<\/strong><\/h4>\n\n\n\n<p>Hos oss kan du benytte TT-kort dersom du innehar et slikt kort. Vi \u00f8nsker alle med TT-kort hjertelig velkommen til oss for en trygg og behagelig tur. P\u00e5 slike turer betaler man en fast egenandelssum p\u00e5 kr 30 pr tur uavhengig av turens lengde s\u00e5 lenge det er dekning p\u00e5 kortet.&nbsp; Bestilling av TT-taxi gj\u00f8res til v\u00e5r taxitelefon: 454 31 710<\/p>\n\n\n\n<div style=\"height:31px\" aria-hidden=\"true\" class=\"wp-block-spacer\"><\/div>\n\n\n\n<div class=\"wp-block-image\"><figure class=\"alignleft size-full is-resized\"><img loading=\"lazy\" decoding=\"async\" src=\"https:\/\/www.07000.no\/rong\/wp-content\/uploads\/sites\/17\/2022\/03\/Skoleskyss.png\" alt=\"\" class=\"wp-image-220\" width=\"253\" height=\"173\" srcset=\"https:\/\/www.07000.no\/rong\/wp-content\/uploads\/sites\/17\/2022\/03\/Skoleskyss.png 398w, https:\/\/www.07000.no\/rong\/wp-content\/uploads\/sites\/17\/2022\/03\/Skoleskyss-300x205.png 300w\" sizes=\"auto, (max-width: 253px) 100vw, 253px\" \/><\/figure><\/div>\n\n\n\n<h4 class=\"wp-block-heading\"><strong>Spesialskyss<\/strong><\/h4>\n\n\n\n<p>Vi utf\u00f8rer spesialskyss som blant annet barnehagekj\u00f8ring, skolekj\u00f8ring og kommunal kj\u00f8ring. Vi har barneseter og barneputer tilgjengelig i flere av v\u00e5re biler som brukes p\u00e5 slike oppdrag. Vi har god erfaring med spesialskyss-oppdrag.<\/p>\n\n\n\n<div style=\"height:21px\" aria-hidden=\"true\" class=\"wp-block-spacer\"><\/div>\n\n\n\n<div style=\"height:0px\" aria-hidden=\"true\" class=\"wp-block-spacer\"><\/div>\n\n\n\n<div class=\"wp-block-image\"><figure class=\"alignright size-full\"><img loading=\"lazy\" decoding=\"async\" width=\"290\" height=\"140\" src=\"https:\/\/www.07000.no\/rong\/wp-content\/uploads\/sites\/17\/2022\/03\/PT-lav.png\" alt=\"\" class=\"wp-image-247\"\/><\/figure><\/div>\n\n\n\n<h4 class=\"wp-block-heading\"><strong>Pasienttransport<\/strong><\/h4>\n\n\n\n<p>Vi har lang erfaring med pasienttransport. Alle henvendelser vedr\u00f8rende bestillinger m\u00e5 gj\u00f8res til Pasientreiser p\u00e5 tlf: 915 05515.&nbsp;<\/p>\n\n\n\n<div style=\"height:10px\" aria-hidden=\"true\" class=\"wp-block-spacer\"><\/div>\n\n\n\n<p><\/p>\n\n\n\n<div class=\"wp-block-image\"><figure class=\"alignleft size-full is-resized\"><img loading=\"lazy\" decoding=\"async\" src=\"https:\/\/www.07000.no\/rong\/wp-content\/uploads\/sites\/17\/2022\/03\/07000-Flyplass-X.png\" alt=\"\" class=\"wp-image-234\" width=\"254\" height=\"170\" srcset=\"https:\/\/www.07000.no\/rong\/wp-content\/uploads\/sites\/17\/2022\/03\/07000-Flyplass-X.png 806w, https:\/\/www.07000.no\/rong\/wp-content\/uploads\/sites\/17\/2022\/03\/07000-Flyplass-X-300x200.png 300w, https:\/\/www.07000.no\/rong\/wp-content\/uploads\/sites\/17\/2022\/03\/07000-Flyplass-X-768x513.png 768w\" sizes=\"auto, (max-width: 254px) 100vw, 254px\" \/><\/figure><\/div>\n\n\n\n<h4 class=\"wp-block-heading\"><strong>Returtaxi<\/strong><\/h4>\n\n\n\n<p>Ankommer du p\u00e5 Flesland eller andre steder og skal til v\u00e5rt omr\u00e5de henter vi deg gjerne s\u00e5 lenge vi har kapasitet. Ring v\u00e5r vakttelefon og informer n\u00e5r og hvor du vil hentes. Det er selvsagt ikke dyrere for deg som kunde med returtaxi. Taksameteret starter ikke f\u00f8r du er kommet i bilen.<\/p>\n\n\n\n<div style=\"height:32px\" aria-hidden=\"true\" class=\"wp-block-spacer\"><\/div>\n\n\n\n<div class=\"wp-block-image\"><figure class=\"alignright size-large is-resized\"><img loading=\"lazy\" decoding=\"async\" src=\"https:\/\/www.07000.no\/rong\/wp-content\/uploads\/sites\/17\/2022\/03\/Arendal-sprinter-1024x768.jpg\" alt=\"\" class=\"wp-image-235\" width=\"263\" height=\"198\" srcset=\"https:\/\/www.07000.no\/rong\/wp-content\/uploads\/sites\/17\/2022\/03\/Arendal-sprinter-1024x768.jpg 1024w, https:\/\/www.07000.no\/rong\/wp-content\/uploads\/sites\/17\/2022\/03\/Arendal-sprinter-300x225.jpg 300w, https:\/\/www.07000.no\/rong\/wp-content\/uploads\/sites\/17\/2022\/03\/Arendal-sprinter-768x576.jpg 768w, https:\/\/www.07000.no\/rong\/wp-content\/uploads\/sites\/17\/2022\/03\/Arendal-sprinter-1536x1152.jpg 1536w, https:\/\/www.07000.no\/rong\/wp-content\/uploads\/sites\/17\/2022\/03\/Arendal-sprinter.jpg 2048w\" sizes=\"auto, (max-width: 263px) 100vw, 263px\" \/><\/figure><\/div>\n\n\n\n<h4 class=\"wp-block-heading\"><strong>Rullestol-transport og maxitaxi<\/strong><\/h4>\n\n\n\n<p>Har du behov for maxitaxi (mer enn 4 passasjerer) eller rullestoltransport har vi et godt samarbeid med 07000 Bergen Taxi som utf\u00f8rer slike oppdrag for oss. De har et stort utvalg av slike kj\u00f8ret\u00f8y. Ta direkte kontakt  p\u00e5 telefon 07000 eller til oss s\u00e5 ordner vi bestillingen for deg. Nb! P\u00e5 slike oppdrag m\u00e5 det p\u00e5regnes ekstra ventetid ved direktebestilling.<\/p>\n","protected":false},"excerpt":{"rendered":"<p>Ordin\u00e6r taxitransport Vi har personbiler tilgjengelig som kan ta inntil 4 passasjerer hver. Vi tar imot direkte bestillinger og forh\u00e5ndsbestillinger. Alle bilene har god bagasjeplass. Vi tar de fleste typer kort (Visa, Amex, Mastercard, Diners) samt kontant eller VIPPS i alle v\u00e5re biler. TT-kort Hos oss kan du benytte TT-kort dersom du innehar et slikt&#8230; <a class=\"readmore\" href=\"https:\/\/www.07000.no\/rong\/velkommen-til-07000-rong\/vare-tjenester\/\"><i>Les mer<\/i><\/a><\/p>\n","protected":false},"author":5,"featured_media":0,"parent":4,"menu_order":3,"comment_status":"closed","ping_status":"closed","template":"","meta":{"_acf_changed":false,"footnotes":""},"class_list":["post-216","page","type-page","status-publish","hentry"],"acf":[],"yoast_head":"<!-- This site is optimized with the Yoast SEO plugin v27.6 - https:\/\/yoast.com\/product\/yoast-seo-wordpress\/ -->\n<title>V\u00e5re tjenester - Rong Taxi<\/title>\n<meta name=\"robots\" content=\"index, follow, max-snippet:-1, max-image-preview:large, max-video-preview:-1\" \/>\n<link rel=\"canonical\" href=\"https:\/\/www.07000.no\/rong\/velkommen-til-07000-rong\/vare-tjenester\/\" \/>\n<meta property=\"og:locale\" content=\"nb_NO\" \/>\n<meta property=\"og:type\" content=\"article\" \/>\n<meta property=\"og:title\" content=\"V\u00e5re tjenester - Rong Taxi\" \/>\n<meta property=\"og:description\" content=\"Ordin\u00e6r taxitransport Vi har personbiler tilgjengelig som kan ta inntil 4 passasjerer hver. Vi tar imot direkte bestillinger og forh\u00e5ndsbestillinger. Alle bilene har god bagasjeplass. Vi tar de fleste typer kort (Visa, Amex, Mastercard, Diners) samt kontant eller VIPPS i alle v\u00e5re biler. TT-kort Hos oss kan du benytte TT-kort dersom du innehar et slikt... Les mer\" \/>\n<meta property=\"og:url\" content=\"https:\/\/www.07000.no\/rong\/velkommen-til-07000-rong\/vare-tjenester\/\" \/>\n<meta property=\"og:site_name\" content=\"Rong Taxi\" \/>\n<meta property=\"article:modified_time\" content=\"2022-03-25T14:05:49+00:00\" \/>\n<meta property=\"og:image\" content=\"https:\/\/www.07000.no\/rong\/wp-content\/uploads\/sites\/17\/2022\/03\/07000-kundesjafor.jpg\" \/>\n<meta name=\"twitter:card\" content=\"summary_large_image\" \/>\n<meta name=\"twitter:label1\" content=\"Ansl. lesetid\" \/>\n\t<meta name=\"twitter:data1\" content=\"3 minutter\" \/>\n<script type=\"application\/ld+json\" class=\"yoast-schema-graph\">{\"@context\":\"https:\\\/\\\/schema.org\",\"@graph\":[{\"@type\":\"WebPage\",\"@id\":\"https:\\\/\\\/www.07000.no\\\/rong\\\/velkommen-til-07000-rong\\\/vare-tjenester\\\/\",\"url\":\"https:\\\/\\\/www.07000.no\\\/rong\\\/velkommen-til-07000-rong\\\/vare-tjenester\\\/\",\"name\":\"V\u00e5re tjenester - Rong Taxi\",\"isPartOf\":{\"@id\":\"https:\\\/\\\/www.07000.no\\\/rong\\\/#website\"},\"primaryImageOfPage\":{\"@id\":\"https:\\\/\\\/www.07000.no\\\/rong\\\/velkommen-til-07000-rong\\\/vare-tjenester\\\/#primaryimage\"},\"image\":{\"@id\":\"https:\\\/\\\/www.07000.no\\\/rong\\\/velkommen-til-07000-rong\\\/vare-tjenester\\\/#primaryimage\"},\"thumbnailUrl\":\"https:\\\/\\\/www.07000.no\\\/rong\\\/wp-content\\\/uploads\\\/sites\\\/17\\\/2022\\\/03\\\/07000-kundesjafor.jpg\",\"datePublished\":\"2022-03-24T08:38:17+00:00\",\"dateModified\":\"2022-03-25T14:05:49+00:00\",\"breadcrumb\":{\"@id\":\"https:\\\/\\\/www.07000.no\\\/rong\\\/velkommen-til-07000-rong\\\/vare-tjenester\\\/#breadcrumb\"},\"inLanguage\":\"nb-NO\",\"potentialAction\":[{\"@type\":\"ReadAction\",\"target\":[\"https:\\\/\\\/www.07000.no\\\/rong\\\/velkommen-til-07000-rong\\\/vare-tjenester\\\/\"]}]},{\"@type\":\"ImageObject\",\"inLanguage\":\"nb-NO\",\"@id\":\"https:\\\/\\\/www.07000.no\\\/rong\\\/velkommen-til-07000-rong\\\/vare-tjenester\\\/#primaryimage\",\"url\":\"https:\\\/\\\/www.07000.no\\\/rong\\\/wp-content\\\/uploads\\\/sites\\\/17\\\/2022\\\/03\\\/07000-kundesjafor-scaled.jpg\",\"contentUrl\":\"https:\\\/\\\/www.07000.no\\\/rong\\\/wp-content\\\/uploads\\\/sites\\\/17\\\/2022\\\/03\\\/07000-kundesjafor-scaled.jpg\",\"width\":2560,\"height\":1707},{\"@type\":\"BreadcrumbList\",\"@id\":\"https:\\\/\\\/www.07000.no\\\/rong\\\/velkommen-til-07000-rong\\\/vare-tjenester\\\/#breadcrumb\",\"itemListElement\":[{\"@type\":\"ListItem\",\"position\":1,\"name\":\"Hjem\",\"item\":\"https:\\\/\\\/www.07000.no\\\/rong\\\/\"},{\"@type\":\"ListItem\",\"position\":2,\"name\":\"Velkommen til 07000 Rong Taxi\",\"item\":\"https:\\\/\\\/www.07000.no\\\/rong\\\/\"},{\"@type\":\"ListItem\",\"position\":3,\"name\":\"V\u00e5re tjenester\"}]},{\"@type\":\"WebSite\",\"@id\":\"https:\\\/\\\/www.07000.no\\\/rong\\\/#website\",\"url\":\"https:\\\/\\\/www.07000.no\\\/rong\\\/\",\"name\":\"Rong Taxi\",\"description\":\"Bestill taxi p\u00e5 nett eller i app!\",\"potentialAction\":[{\"@type\":\"SearchAction\",\"target\":{\"@type\":\"EntryPoint\",\"urlTemplate\":\"https:\\\/\\\/www.07000.no\\\/rong\\\/?s={search_term_string}\"},\"query-input\":{\"@type\":\"PropertyValueSpecification\",\"valueRequired\":true,\"valueName\":\"search_term_string\"}}],\"inLanguage\":\"nb-NO\"}]}<\/script>\n<!-- \/ Yoast SEO plugin. -->","yoast_head_json":{"title":"V\u00e5re tjenester - Rong Taxi","robots":{"index":"index","follow":"follow","max-snippet":"max-snippet:-1","max-image-preview":"max-image-preview:large","max-video-preview":"max-video-preview:-1"},"canonical":"https:\/\/www.07000.no\/rong\/velkommen-til-07000-rong\/vare-tjenester\/","og_locale":"nb_NO","og_type":"article","og_title":"V\u00e5re tjenester - Rong Taxi","og_description":"Ordin\u00e6r taxitransport Vi har personbiler tilgjengelig som kan ta inntil 4 passasjerer hver. Vi tar imot direkte bestillinger og forh\u00e5ndsbestillinger. Alle bilene har god bagasjeplass. Vi tar de fleste typer kort (Visa, Amex, Mastercard, Diners) samt kontant eller VIPPS i alle v\u00e5re biler. TT-kort Hos oss kan du benytte TT-kort dersom du innehar et slikt... Les mer","og_url":"https:\/\/www.07000.no\/rong\/velkommen-til-07000-rong\/vare-tjenester\/","og_site_name":"Rong Taxi","article_modified_time":"2022-03-25T14:05:49+00:00","og_image":[{"url":"https:\/\/www.07000.no\/rong\/wp-content\/uploads\/sites\/17\/2022\/03\/07000-kundesjafor.jpg","type":"","width":"","height":""}],"twitter_card":"summary_large_image","twitter_misc":{"Ansl. lesetid":"3 minutter"},"schema":{"@context":"https:\/\/schema.org","@graph":[{"@type":"WebPage","@id":"https:\/\/www.07000.no\/rong\/velkommen-til-07000-rong\/vare-tjenester\/","url":"https:\/\/www.07000.no\/rong\/velkommen-til-07000-rong\/vare-tjenester\/","name":"V\u00e5re tjenester - Rong Taxi","isPartOf":{"@id":"https:\/\/www.07000.no\/rong\/#website"},"primaryImageOfPage":{"@id":"https:\/\/www.07000.no\/rong\/velkommen-til-07000-rong\/vare-tjenester\/#primaryimage"},"image":{"@id":"https:\/\/www.07000.no\/rong\/velkommen-til-07000-rong\/vare-tjenester\/#primaryimage"},"thumbnailUrl":"https:\/\/www.07000.no\/rong\/wp-content\/uploads\/sites\/17\/2022\/03\/07000-kundesjafor.jpg","datePublished":"2022-03-24T08:38:17+00:00","dateModified":"2022-03-25T14:05:49+00:00","breadcrumb":{"@id":"https:\/\/www.07000.no\/rong\/velkommen-til-07000-rong\/vare-tjenester\/#breadcrumb"},"inLanguage":"nb-NO","potentialAction":[{"@type":"ReadAction","target":["https:\/\/www.07000.no\/rong\/velkommen-til-07000-rong\/vare-tjenester\/"]}]},{"@type":"ImageObject","inLanguage":"nb-NO","@id":"https:\/\/www.07000.no\/rong\/velkommen-til-07000-rong\/vare-tjenester\/#primaryimage","url":"https:\/\/www.07000.no\/rong\/wp-content\/uploads\/sites\/17\/2022\/03\/07000-kundesjafor-scaled.jpg","contentUrl":"https:\/\/www.07000.no\/rong\/wp-content\/uploads\/sites\/17\/2022\/03\/07000-kundesjafor-scaled.jpg","width":2560,"height":1707},{"@type":"BreadcrumbList","@id":"https:\/\/www.07000.no\/rong\/velkommen-til-07000-rong\/vare-tjenester\/#breadcrumb","itemListElement":[{"@type":"ListItem","position":1,"name":"Hjem","item":"https:\/\/www.07000.no\/rong\/"},{"@type":"ListItem","position":2,"name":"Velkommen til 07000 Rong Taxi","item":"https:\/\/www.07000.no\/rong\/"},{"@type":"ListItem","position":3,"name":"V\u00e5re tjenester"}]},{"@type":"WebSite","@id":"https:\/\/www.07000.no\/rong\/#website","url":"https:\/\/www.07000.no\/rong\/","name":"Rong Taxi","description":"Bestill taxi p\u00e5 nett eller i app!","potentialAction":[{"@type":"SearchAction","target":{"@type":"EntryPoint","urlTemplate":"https:\/\/www.07000.no\/rong\/?s={search_term_string}"},"query-input":{"@type":"PropertyValueSpecification","valueRequired":true,"valueName":"search_term_string"}}],"inLanguage":"nb-NO"}]}},"_links":{"self":[{"href":"https:\/\/www.07000.no\/rong\/wp-json\/wp\/v2\/pages\/216","targetHints":{"allow":["GET"]}}],"collection":[{"href":"https:\/\/www.07000.no\/rong\/wp-json\/wp\/v2\/pages"}],"about":[{"href":"https:\/\/www.07000.no\/rong\/wp-json\/wp\/v2\/types\/page"}],"author":[{"embeddable":true,"href":"https:\/\/www.07000.no\/rong\/wp-json\/wp\/v2\/users\/5"}],"replies":[{"embeddable":true,"href":"https:\/\/www.07000.no\/rong\/wp-json\/wp\/v2\/comments?post=216"}],"version-history":[{"count":24,"href":"https:\/\/www.07000.no\/rong\/wp-json\/wp\/v2\/pages\/216\/revisions"}],"predecessor-version":[{"id":306,"href":"https:\/\/www.07000.no\/rong\/wp-json\/wp\/v2\/pages\/216\/revisions\/306"}],"up":[{"embeddable":true,"href":"https:\/\/www.07000.no\/rong\/wp-json\/wp\/v2\/pages\/4"}],"wp:attachment":[{"href":"https:\/\/www.07000.no\/rong\/wp-json\/wp\/v2\/media?parent=216"}],"curies":[{"name":"wp","href":"https:\/\/api.w.org\/{rel}","templated":true}]}}