{"id":8,"date":"2020-02-28T09:36:11","date_gmt":"2020-02-28T08:36:11","guid":{"rendered":"https:\/\/www.07000.no\/rong\/?page_id=8"},"modified":"2024-06-28T13:33:49","modified_gmt":"2024-06-28T11:33:49","slug":"priser","status":"publish","type":"page","link":"https:\/\/www.07000.no\/rong\/priser\/","title":{"rendered":"Priser"},"content":{"rendered":"\n<p id=\"1-4-personer\">Gjelder fra 01.07.24<\/p>\n\n\n\n<div style=\"height:16px\" aria-hidden=\"true\" class=\"wp-block-spacer\"><\/div>\n\n\n\n<h3 class=\"wp-block-heading\" id=\"1-4-personer\">1-4 personer:<\/h3>\n\n\n\n<figure class=\"wp-block-table\"><table><tbody><tr><td><strong>Taksttype:<\/strong><\/td><td><strong>Starttakst:<\/strong><\/td><td><strong>Kr pr km:<\/strong><\/td><td><strong>Kr pr minutt:<\/strong><\/td><td><strong>Minstepris<\/strong><\/td><td><strong>Jmf pris:<\/strong><\/td><\/tr><tr><td>Dag man-fre (09-15)<\/td><td>98<\/td><td>14,00<\/td><td>8,50<\/td><td>150<\/td><td>320<\/td><\/tr><tr><td>Rush + kveld man-fre (06-09 og 15-24)<\/td><td>108<\/td><td>16,10<\/td><td>9,70<\/td><td>170<\/td><td>363<\/td><\/tr><tr><td>Alle netter (00-06)<\/td><td>118<\/td><td>18,20<\/td><td>11,05<\/td><td>180<\/td><td>407<\/td><\/tr><tr><td>Helg (L\u00f8r-S\u00f8n 06-24)<\/td><td>110<\/td><td>16,80<\/td><td>10,20<\/td><td>170<\/td><td>377<\/td><\/tr><tr><td>H\u00f8ytid<\/td><td>133<\/td><td>19,60<\/td><td>11,90<\/td><td>190<\/td><td>445<\/td><\/tr><\/tbody><\/table><\/figure>\n\n\n\n<p><strong>Bomavgift kr 15<\/strong> tilkommer for turer med fysisk passering av bomstasjon.<br>Prisene gjelder for 1-4 passasjerer. Alle priser er inkl. 12% mva.<br>Jmf pris = Starttakst + 8 km + 13 minutter betalt tid.<\/p>\n\n\n\n<h3 class=\"wp-block-heading\"><strong>5-8 personer:<\/strong><\/h3>\n\n\n\n<figure class=\"wp-block-table\"><table><tbody><tr><td><strong>Taksttype:<\/strong><\/td><td><strong>Starttakst:<\/strong><\/td><td><strong>Kr pr km:<\/strong><\/td><td><strong>Kr pr minutt:<\/strong><\/td><td><strong>Minstepris:<\/strong><\/td><\/tr><tr><td>Dag man-fre: (06-18)                  <\/td><td>130<\/td><td>18,2<\/td><td>11,05<\/td><td>250<\/td><\/tr><tr><td>Kveld man-fre (18-00)<\/td><td>140<\/td><td>20,93<\/td><td>12,61<\/td><td>300<\/td><\/tr><tr><td>Alle netter (00-06)<\/td><td>153<\/td><td>23,66<\/td><td>14,36<\/td><td>350<\/td><\/tr><tr><td>Helg (L\u00f8r-s\u00f8n 06-24)<\/td><td>143<\/td><td>21,84<\/td><td>13,26<\/td><td>310<\/td><\/tr><tr><td>H\u00f8ytid<\/td><td>172<\/td><td>25,48<\/td><td>15,47<\/td><td>400<\/td><\/tr><\/tbody><\/table><\/figure>\n\n\n\n<p><strong>Rullestoltransport: Startpris: 290 kr. Minstepris: 400 kroner. Gjelder alle dager.<\/strong><\/p>\n\n\n\n<h3 class=\"wp-block-heading\">\u00d8NSKER DU FASTPRIS?<\/h3>\n\n\n\n<p>For kunder som skal p\u00e5 lengre strekninger kan vi tilby fastpris om \u00f8nskelig. <br>Ta kontakt med oss og h\u00f8r hvilket tilbud vi kan gi deg!&nbsp;<\/p>\n\n\n\n\n\n<p class=\"has-small-font-size\"><\/p>\n\n\n\n<figure class=\"wp-block-image size-large is-resized\"><img loading=\"lazy\" decoding=\"async\" width=\"989\" height=\"603\" src=\"https:\/\/www.07000.no\/rong\/wp-content\/uploads\/sites\/17\/2020\/04\/Sj\u00e5f-kunde.jpg\" alt=\"\" class=\"wp-image-65\" style=\"width:820px;height:500px\" srcset=\"https:\/\/www.07000.no\/rong\/wp-content\/uploads\/sites\/17\/2020\/04\/Sj\u00e5f-kunde.jpg 989w, https:\/\/www.07000.no\/rong\/wp-content\/uploads\/sites\/17\/2020\/04\/Sj\u00e5f-kunde-300x183.jpg 300w, https:\/\/www.07000.no\/rong\/wp-content\/uploads\/sites\/17\/2020\/04\/Sj\u00e5f-kunde-768x468.jpg 768w\" sizes=\"auto, (max-width: 989px) 100vw, 989px\" \/><\/figure>\n","protected":false},"excerpt":{"rendered":"<p>Gjelder fra 01.07.24 1-4 personer: Taksttype: Starttakst: Kr pr km: Kr pr minutt: Minstepris Jmf pris: Dag man-fre (09-15) 98 14,00 8,50 150 320 Rush + kveld man-fre (06-09 og 15-24) 108 16,10 9,70 170 363 Alle netter (00-06) 118 18,20 11,05 180 407 Helg (L\u00f8r-S\u00f8n 06-24) 110 16,80 10,20 170 377 H\u00f8ytid 133 19,60&#8230; <a class=\"readmore\" href=\"https:\/\/www.07000.no\/rong\/priser\/\"><i>Les mer<\/i><\/a><\/p>\n","protected":false},"author":3,"featured_media":0,"parent":0,"menu_order":0,"comment_status":"closed","ping_status":"closed","template":"","meta":{"_acf_changed":false,"footnotes":""},"class_list":["post-8","page","type-page","status-publish","hentry"],"acf":[],"yoast_head":"<!-- This site is optimized with the Yoast SEO plugin v27.5 - https:\/\/yoast.com\/product\/yoast-seo-wordpress\/ -->\n<title>Priser - Rong Taxi<\/title>\n<meta name=\"robots\" content=\"index, follow, max-snippet:-1, max-image-preview:large, max-video-preview:-1\" \/>\n<link rel=\"canonical\" href=\"https:\/\/www.07000.no\/rong\/priser\/\" \/>\n<meta property=\"og:locale\" content=\"nb_NO\" \/>\n<meta property=\"og:type\" content=\"article\" \/>\n<meta property=\"og:title\" content=\"Priser - Rong Taxi\" \/>\n<meta property=\"og:description\" content=\"Gjelder fra 01.07.24 1-4 personer: Taksttype: Starttakst: Kr pr km: Kr pr minutt: Minstepris Jmf pris: Dag man-fre (09-15) 98 14,00 8,50 150 320 Rush + kveld man-fre (06-09 og 15-24) 108 16,10 9,70 170 363 Alle netter (00-06) 118 18,20 11,05 180 407 Helg (L\u00f8r-S\u00f8n 06-24) 110 16,80 10,20 170 377 H\u00f8ytid 133 19,60... Les mer\" \/>\n<meta property=\"og:url\" content=\"https:\/\/www.07000.no\/rong\/priser\/\" \/>\n<meta property=\"og:site_name\" content=\"Rong Taxi\" \/>\n<meta property=\"article:modified_time\" content=\"2024-06-28T11:33:49+00:00\" \/>\n<meta property=\"og:image\" content=\"https:\/\/www.07000.no\/rong\/wp-content\/uploads\/sites\/17\/2020\/04\/IMG_2514_opt.jpg\" \/>\n\t<meta property=\"og:image:width\" content=\"1920\" \/>\n\t<meta property=\"og:image:height\" content=\"1215\" \/>\n\t<meta property=\"og:image:type\" content=\"image\/jpeg\" \/>\n<meta name=\"twitter:card\" content=\"summary_large_image\" \/>\n<meta name=\"twitter:label1\" content=\"Ansl. lesetid\" \/>\n\t<meta name=\"twitter:data1\" content=\"3 minutter\" \/>\n<script type=\"application\/ld+json\" class=\"yoast-schema-graph\">{\"@context\":\"https:\\\/\\\/schema.org\",\"@graph\":[{\"@type\":\"WebPage\",\"@id\":\"https:\\\/\\\/www.07000.no\\\/rong\\\/priser\\\/\",\"url\":\"https:\\\/\\\/www.07000.no\\\/rong\\\/priser\\\/\",\"name\":\"Priser - Rong Taxi\",\"isPartOf\":{\"@id\":\"https:\\\/\\\/www.07000.no\\\/rong\\\/#website\"},\"datePublished\":\"2020-02-28T08:36:11+00:00\",\"dateModified\":\"2024-06-28T11:33:49+00:00\",\"breadcrumb\":{\"@id\":\"https:\\\/\\\/www.07000.no\\\/rong\\\/priser\\\/#breadcrumb\"},\"inLanguage\":\"nb-NO\",\"potentialAction\":[{\"@type\":\"ReadAction\",\"target\":[\"https:\\\/\\\/www.07000.no\\\/rong\\\/priser\\\/\"]}]},{\"@type\":\"BreadcrumbList\",\"@id\":\"https:\\\/\\\/www.07000.no\\\/rong\\\/priser\\\/#breadcrumb\",\"itemListElement\":[{\"@type\":\"ListItem\",\"position\":1,\"name\":\"Hjem\",\"item\":\"https:\\\/\\\/www.07000.no\\\/rong\\\/\"},{\"@type\":\"ListItem\",\"position\":2,\"name\":\"Priser\"}]},{\"@type\":\"WebSite\",\"@id\":\"https:\\\/\\\/www.07000.no\\\/rong\\\/#website\",\"url\":\"https:\\\/\\\/www.07000.no\\\/rong\\\/\",\"name\":\"Rong Taxi\",\"description\":\"Bestill taxi p\u00e5 nett eller i app!\",\"potentialAction\":[{\"@type\":\"SearchAction\",\"target\":{\"@type\":\"EntryPoint\",\"urlTemplate\":\"https:\\\/\\\/www.07000.no\\\/rong\\\/?s={search_term_string}\"},\"query-input\":{\"@type\":\"PropertyValueSpecification\",\"valueRequired\":true,\"valueName\":\"search_term_string\"}}],\"inLanguage\":\"nb-NO\"}]}<\/script>\n<!-- \/ Yoast SEO plugin. -->","yoast_head_json":{"title":"Priser - Rong Taxi","robots":{"index":"index","follow":"follow","max-snippet":"max-snippet:-1","max-image-preview":"max-image-preview:large","max-video-preview":"max-video-preview:-1"},"canonical":"https:\/\/www.07000.no\/rong\/priser\/","og_locale":"nb_NO","og_type":"article","og_title":"Priser - Rong Taxi","og_description":"Gjelder fra 01.07.24 1-4 personer: Taksttype: Starttakst: Kr pr km: Kr pr minutt: Minstepris Jmf pris: Dag man-fre (09-15) 98 14,00 8,50 150 320 Rush + kveld man-fre (06-09 og 15-24) 108 16,10 9,70 170 363 Alle netter (00-06) 118 18,20 11,05 180 407 Helg (L\u00f8r-S\u00f8n 06-24) 110 16,80 10,20 170 377 H\u00f8ytid 133 19,60... Les mer","og_url":"https:\/\/www.07000.no\/rong\/priser\/","og_site_name":"Rong Taxi","article_modified_time":"2024-06-28T11:33:49+00:00","og_image":[{"width":1920,"height":1215,"url":"https:\/\/www.07000.no\/rong\/wp-content\/uploads\/sites\/17\/2020\/04\/IMG_2514_opt.jpg","type":"image\/jpeg"}],"twitter_card":"summary_large_image","twitter_misc":{"Ansl. lesetid":"3 minutter"},"schema":{"@context":"https:\/\/schema.org","@graph":[{"@type":"WebPage","@id":"https:\/\/www.07000.no\/rong\/priser\/","url":"https:\/\/www.07000.no\/rong\/priser\/","name":"Priser - Rong Taxi","isPartOf":{"@id":"https:\/\/www.07000.no\/rong\/#website"},"datePublished":"2020-02-28T08:36:11+00:00","dateModified":"2024-06-28T11:33:49+00:00","breadcrumb":{"@id":"https:\/\/www.07000.no\/rong\/priser\/#breadcrumb"},"inLanguage":"nb-NO","potentialAction":[{"@type":"ReadAction","target":["https:\/\/www.07000.no\/rong\/priser\/"]}]},{"@type":"BreadcrumbList","@id":"https:\/\/www.07000.no\/rong\/priser\/#breadcrumb","itemListElement":[{"@type":"ListItem","position":1,"name":"Hjem","item":"https:\/\/www.07000.no\/rong\/"},{"@type":"ListItem","position":2,"name":"Priser"}]},{"@type":"WebSite","@id":"https:\/\/www.07000.no\/rong\/#website","url":"https:\/\/www.07000.no\/rong\/","name":"Rong Taxi","description":"Bestill taxi p\u00e5 nett eller i app!","potentialAction":[{"@type":"SearchAction","target":{"@type":"EntryPoint","urlTemplate":"https:\/\/www.07000.no\/rong\/?s={search_term_string}"},"query-input":{"@type":"PropertyValueSpecification","valueRequired":true,"valueName":"search_term_string"}}],"inLanguage":"nb-NO"}]}},"_links":{"self":[{"href":"https:\/\/www.07000.no\/rong\/wp-json\/wp\/v2\/pages\/8","targetHints":{"allow":["GET"]}}],"collection":[{"href":"https:\/\/www.07000.no\/rong\/wp-json\/wp\/v2\/pages"}],"about":[{"href":"https:\/\/www.07000.no\/rong\/wp-json\/wp\/v2\/types\/page"}],"author":[{"embeddable":true,"href":"https:\/\/www.07000.no\/rong\/wp-json\/wp\/v2\/users\/3"}],"replies":[{"embeddable":true,"href":"https:\/\/www.07000.no\/rong\/wp-json\/wp\/v2\/comments?post=8"}],"version-history":[{"count":31,"href":"https:\/\/www.07000.no\/rong\/wp-json\/wp\/v2\/pages\/8\/revisions"}],"predecessor-version":[{"id":437,"href":"https:\/\/www.07000.no\/rong\/wp-json\/wp\/v2\/pages\/8\/revisions\/437"}],"wp:attachment":[{"href":"https:\/\/www.07000.no\/rong\/wp-json\/wp\/v2\/media?parent=8"}],"curies":[{"name":"wp","href":"https:\/\/api.w.org\/{rel}","templated":true}]}}