{"id":66,"date":"2020-03-26T21:31:36","date_gmt":"2020-03-26T20:31:36","guid":{"rendered":"https:\/\/www.07000.no\/samnanger\/?page_id=66"},"modified":"2020-03-26T21:31:37","modified_gmt":"2020-03-26T20:31:37","slug":"kontakt-oss","status":"publish","type":"page","link":"https:\/\/www.07000.no\/samnanger\/kontakt-oss\/","title":{"rendered":"Kontakt oss"},"content":{"rendered":"\n<p>07000 Taxi kan kontaktes ved \u00e5 ringe <strong>07000<\/strong> &#8211; du vil da bli rutet til din n\u00e6rmeste 07000-sentral.<\/p>\n\n\n\n<h1 class=\"wp-block-heading\"><strong><span class=\"has-inline-color has-vivid-red-color\">Kontaktskjema:<\/span><\/strong><\/h1>\n\n\n\n<p>Her kan du sende klager, ris\/ros eller andre sp\u00f8rsm\u00e5l &#8211; vi h\u00f8rer gjerne fra deg!<br><strong><span class=\"has-inline-color has-vivid-red-color\">NB! <\/span>Kontaktskjema kan ikke benyttes til bestilling \/ avbestilling \/ endring av taxireiser !<\/strong><\/p>\n\n\n\n<div class=\"wpcf7 no-js\" id=\"wpcf7-f65-o1\" lang=\"nb-NO\" dir=\"ltr\" data-wpcf7-id=\"65\">\n<div class=\"screen-reader-response\"><p role=\"status\" aria-live=\"polite\" aria-atomic=\"true\"><\/p> <ul><\/ul><\/div>\n<form action=\"\/samnanger\/wp-json\/wp\/v2\/pages\/66#wpcf7-f65-o1\" method=\"post\" class=\"wpcf7-form init\" aria-label=\"Kontaktskjema\" novalidate=\"novalidate\" data-status=\"init\">\n<fieldset class=\"hidden-fields-container\"><input type=\"hidden\" name=\"_wpcf7\" value=\"65\" \/><input type=\"hidden\" name=\"_wpcf7_version\" value=\"6.1.5\" \/><input type=\"hidden\" name=\"_wpcf7_locale\" value=\"nb_NO\" \/><input type=\"hidden\" name=\"_wpcf7_unit_tag\" value=\"wpcf7-f65-o1\" \/><input type=\"hidden\" name=\"_wpcf7_container_post\" value=\"0\" \/><input type=\"hidden\" name=\"_wpcf7_posted_data_hash\" value=\"\" \/><input type=\"hidden\" name=\"_wpcf7_recaptcha_response\" value=\"\" \/>\n<\/fieldset>\n<p><label> Ditt navn (obligatorisk)<br \/>\n<span class=\"wpcf7-form-control-wrap\" data-name=\"your-name\"><input size=\"40\" maxlength=\"400\" class=\"wpcf7-form-control wpcf7-text wpcf7-validates-as-required\" aria-required=\"true\" aria-invalid=\"false\" value=\"\" type=\"text\" name=\"your-name\" \/><\/span> <\/label>\n<\/p>\n<p><label> E-post (obligatorisk)<br \/>\n<span class=\"wpcf7-form-control-wrap\" data-name=\"your-email\"><input size=\"40\" maxlength=\"400\" class=\"wpcf7-form-control wpcf7-email wpcf7-validates-as-required wpcf7-text wpcf7-validates-as-email\" aria-required=\"true\" aria-invalid=\"false\" value=\"\" type=\"email\" name=\"your-email\" \/><\/span> <\/label>\n<\/p>\n<p><label> Emne<br \/>\n<span class=\"wpcf7-form-control-wrap\" data-name=\"your-subject\"><input size=\"40\" maxlength=\"400\" class=\"wpcf7-form-control wpcf7-text\" aria-invalid=\"false\" value=\"\" type=\"text\" name=\"your-subject\" \/><\/span> <\/label>\n<\/p>\n<p><label> Melding<br \/>\n<span class=\"wpcf7-form-control-wrap\" data-name=\"your-message\"><textarea cols=\"40\" rows=\"5\" maxlength=\"2000\" class=\"wpcf7-form-control wpcf7-textarea\" aria-invalid=\"false\" name=\"your-message\"><\/textarea><\/span> <\/label>\n<\/p>\n<p><input class=\"wpcf7-form-control wpcf7-submit has-spinner button primary\" type=\"submit\" value=\"Send\" \/>\n<\/p><div class=\"wpcf7-response-output\" aria-hidden=\"true\"><\/div>\n<\/form>\n<\/div>\n\n","protected":false},"excerpt":{"rendered":"<p>07000 Taxi kan kontaktes ved \u00e5 ringe 07000 &#8211; du vil da bli rutet til din n\u00e6rmeste 07000-sentral. Kontaktskjema: Her kan du sende klager, ris\/ros eller andre sp\u00f8rsm\u00e5l &#8211; vi h\u00f8rer gjerne fra deg!NB! Kontaktskjema kan ikke benyttes til bestilling \/ avbestilling \/ endring av taxireiser !<\/p>\n","protected":false},"author":3,"featured_media":0,"parent":0,"menu_order":0,"comment_status":"closed","ping_status":"closed","template":"","meta":{"_acf_changed":false,"footnotes":""},"class_list":["post-66","page","type-page","status-publish","hentry"],"acf":[],"yoast_head":"<!-- This site is optimized with the Yoast SEO plugin v27.4 - https:\/\/yoast.com\/product\/yoast-seo-wordpress\/ -->\n<title>Kontakt oss - Samnanger Taxi<\/title>\n<meta name=\"robots\" content=\"index, follow, max-snippet:-1, max-image-preview:large, max-video-preview:-1\" \/>\n<link rel=\"canonical\" href=\"https:\/\/www.07000.no\/samnanger\/kontakt-oss\/\" \/>\n<meta property=\"og:locale\" content=\"nb_NO\" \/>\n<meta property=\"og:type\" content=\"article\" \/>\n<meta property=\"og:title\" content=\"Kontakt oss - Samnanger Taxi\" \/>\n<meta property=\"og:description\" content=\"07000 Taxi kan kontaktes ved \u00e5 ringe 07000 &#8211; du vil da bli rutet til din n\u00e6rmeste 07000-sentral. Kontaktskjema: Her kan du sende klager, ris\/ros eller andre sp\u00f8rsm\u00e5l &#8211; vi h\u00f8rer gjerne fra deg!NB! Kontaktskjema kan ikke benyttes til bestilling \/ avbestilling \/ endring av taxireiser !\" \/>\n<meta property=\"og:url\" content=\"https:\/\/www.07000.no\/samnanger\/kontakt-oss\/\" \/>\n<meta property=\"og:site_name\" content=\"Samnanger Taxi\" \/>\n<meta property=\"article:modified_time\" content=\"2020-03-26T20:31:37+00:00\" \/>\n<meta property=\"og:image\" content=\"https:\/\/www.07000.no\/samnanger\/wp-content\/uploads\/sites\/21\/2020\/02\/hardanger-toppbilde.jpg\" \/>\n\t<meta property=\"og:image:width\" content=\"1100\" \/>\n\t<meta property=\"og:image:height\" content=\"725\" \/>\n\t<meta property=\"og:image:type\" content=\"image\/jpeg\" \/>\n<meta name=\"twitter:card\" content=\"summary_large_image\" \/>\n<script type=\"application\/ld+json\" class=\"yoast-schema-graph\">{\"@context\":\"https:\\\/\\\/schema.org\",\"@graph\":[{\"@type\":\"WebPage\",\"@id\":\"https:\\\/\\\/www.07000.no\\\/samnanger\\\/kontakt-oss\\\/\",\"url\":\"https:\\\/\\\/www.07000.no\\\/samnanger\\\/kontakt-oss\\\/\",\"name\":\"Kontakt oss - Samnanger Taxi\",\"isPartOf\":{\"@id\":\"https:\\\/\\\/www.07000.no\\\/samnanger\\\/#website\"},\"datePublished\":\"2020-03-26T20:31:36+00:00\",\"dateModified\":\"2020-03-26T20:31:37+00:00\",\"breadcrumb\":{\"@id\":\"https:\\\/\\\/www.07000.no\\\/samnanger\\\/kontakt-oss\\\/#breadcrumb\"},\"inLanguage\":\"nb-NO\",\"potentialAction\":[{\"@type\":\"ReadAction\",\"target\":[\"https:\\\/\\\/www.07000.no\\\/samnanger\\\/kontakt-oss\\\/\"]}]},{\"@type\":\"BreadcrumbList\",\"@id\":\"https:\\\/\\\/www.07000.no\\\/samnanger\\\/kontakt-oss\\\/#breadcrumb\",\"itemListElement\":[{\"@type\":\"ListItem\",\"position\":1,\"name\":\"Hjem\",\"item\":\"https:\\\/\\\/www.07000.no\\\/samnanger\\\/\"},{\"@type\":\"ListItem\",\"position\":2,\"name\":\"Kontakt oss\"}]},{\"@type\":\"WebSite\",\"@id\":\"https:\\\/\\\/www.07000.no\\\/samnanger\\\/#website\",\"url\":\"https:\\\/\\\/www.07000.no\\\/samnanger\\\/\",\"name\":\"Samnanger Taxi\",\"description\":\"Bestill taxi p\u00e5 nett eller i app!\",\"potentialAction\":[{\"@type\":\"SearchAction\",\"target\":{\"@type\":\"EntryPoint\",\"urlTemplate\":\"https:\\\/\\\/www.07000.no\\\/samnanger\\\/?s={search_term_string}\"},\"query-input\":{\"@type\":\"PropertyValueSpecification\",\"valueRequired\":true,\"valueName\":\"search_term_string\"}}],\"inLanguage\":\"nb-NO\"}]}<\/script>\n<!-- \/ Yoast SEO plugin. -->","yoast_head_json":{"title":"Kontakt oss - Samnanger Taxi","robots":{"index":"index","follow":"follow","max-snippet":"max-snippet:-1","max-image-preview":"max-image-preview:large","max-video-preview":"max-video-preview:-1"},"canonical":"https:\/\/www.07000.no\/samnanger\/kontakt-oss\/","og_locale":"nb_NO","og_type":"article","og_title":"Kontakt oss - Samnanger Taxi","og_description":"07000 Taxi kan kontaktes ved \u00e5 ringe 07000 &#8211; du vil da bli rutet til din n\u00e6rmeste 07000-sentral. Kontaktskjema: Her kan du sende klager, ris\/ros eller andre sp\u00f8rsm\u00e5l &#8211; vi h\u00f8rer gjerne fra deg!NB! Kontaktskjema kan ikke benyttes til bestilling \/ avbestilling \/ endring av taxireiser !","og_url":"https:\/\/www.07000.no\/samnanger\/kontakt-oss\/","og_site_name":"Samnanger Taxi","article_modified_time":"2020-03-26T20:31:37+00:00","og_image":[{"width":1100,"height":725,"url":"https:\/\/www.07000.no\/samnanger\/wp-content\/uploads\/sites\/21\/2020\/02\/hardanger-toppbilde.jpg","type":"image\/jpeg"}],"twitter_card":"summary_large_image","schema":{"@context":"https:\/\/schema.org","@graph":[{"@type":"WebPage","@id":"https:\/\/www.07000.no\/samnanger\/kontakt-oss\/","url":"https:\/\/www.07000.no\/samnanger\/kontakt-oss\/","name":"Kontakt oss - Samnanger Taxi","isPartOf":{"@id":"https:\/\/www.07000.no\/samnanger\/#website"},"datePublished":"2020-03-26T20:31:36+00:00","dateModified":"2020-03-26T20:31:37+00:00","breadcrumb":{"@id":"https:\/\/www.07000.no\/samnanger\/kontakt-oss\/#breadcrumb"},"inLanguage":"nb-NO","potentialAction":[{"@type":"ReadAction","target":["https:\/\/www.07000.no\/samnanger\/kontakt-oss\/"]}]},{"@type":"BreadcrumbList","@id":"https:\/\/www.07000.no\/samnanger\/kontakt-oss\/#breadcrumb","itemListElement":[{"@type":"ListItem","position":1,"name":"Hjem","item":"https:\/\/www.07000.no\/samnanger\/"},{"@type":"ListItem","position":2,"name":"Kontakt oss"}]},{"@type":"WebSite","@id":"https:\/\/www.07000.no\/samnanger\/#website","url":"https:\/\/www.07000.no\/samnanger\/","name":"Samnanger Taxi","description":"Bestill taxi p\u00e5 nett eller i app!","potentialAction":[{"@type":"SearchAction","target":{"@type":"EntryPoint","urlTemplate":"https:\/\/www.07000.no\/samnanger\/?s={search_term_string}"},"query-input":{"@type":"PropertyValueSpecification","valueRequired":true,"valueName":"search_term_string"}}],"inLanguage":"nb-NO"}]}},"_links":{"self":[{"href":"https:\/\/www.07000.no\/samnanger\/wp-json\/wp\/v2\/pages\/66","targetHints":{"allow":["GET"]}}],"collection":[{"href":"https:\/\/www.07000.no\/samnanger\/wp-json\/wp\/v2\/pages"}],"about":[{"href":"https:\/\/www.07000.no\/samnanger\/wp-json\/wp\/v2\/types\/page"}],"author":[{"embeddable":true,"href":"https:\/\/www.07000.no\/samnanger\/wp-json\/wp\/v2\/users\/3"}],"replies":[{"embeddable":true,"href":"https:\/\/www.07000.no\/samnanger\/wp-json\/wp\/v2\/comments?post=66"}],"version-history":[{"count":1,"href":"https:\/\/www.07000.no\/samnanger\/wp-json\/wp\/v2\/pages\/66\/revisions"}],"predecessor-version":[{"id":67,"href":"https:\/\/www.07000.no\/samnanger\/wp-json\/wp\/v2\/pages\/66\/revisions\/67"}],"wp:attachment":[{"href":"https:\/\/www.07000.no\/samnanger\/wp-json\/wp\/v2\/media?parent=66"}],"curies":[{"name":"wp","href":"https:\/\/api.w.org\/{rel}","templated":true}]}}