{"id":1020,"date":"2025-08-05T13:49:46","date_gmt":"2025-08-05T11:49:46","guid":{"rendered":"https:\/\/www.07000.no\/stavanger\/?page_id=1020"},"modified":"2025-08-05T14:20:36","modified_gmt":"2025-08-05T12:20:36","slug":"bestillingslosninger-2","status":"publish","type":"page","link":"https:\/\/www.07000.no\/stavanger\/kundeservice\/bestillingslosninger-2\/","title":{"rendered":"Bestillingsl\u00f8sninger"},"content":{"rendered":"\n<h3 class=\"wp-block-heading\" style=\"font-size:20px\">Telefon<\/h3>\n\n\n\n<p>V\u00e5rt kundesenter p\u00e5 telefon 07000 er betjent 24 timer i d\u00f8gnet, alle dager.<\/p>\n\n\n\n<h3 class=\"wp-block-heading\" style=\"font-size:20px\">Internett<\/h3>\n\n\n\n<p>Via v\u00e5re websider kan du b\u00e5de direktebestille og forh\u00e5ndsbestille taxi. For \u00e5 bestille taxi via internett, kreves kun en gateadresse og husnummer, samt ditt telefonnummer. Om du oppgir et mobilnummer vil du motta en SMS n\u00e5r bilen er p\u00e5 vei.&nbsp;<a href=\"https:\/\/bestilling.sandnestaxi.no\/\">Klikk her for \u00e5 bestille<\/a>.<\/p>\n\n\n\n<p>Bestillingsl\u00f8sninger for bedrifter finner du&nbsp;<a href=\"https:\/\/www.sandnestaxi.no\/For-bedrifter\/Autobooking\">her<\/a>.<\/p>\n\n\n\n<h3 class=\"wp-block-heading\" style=\"font-size:20px\">App<\/h3>\n\n\n\n<p>Med v\u00e5r innholdsrike iPhone\/Android app kan du blant annet:<\/p>\n\n\n\n<ul class=\"wp-block-list\">\n<li>Bestille til \u00abher og n\u00e5&raquo; med ett trykk! (basert p\u00e5 GPS posisjon)<\/li>\n\n\n\n<li>Direkte- og forh\u00e5ndsbestille<\/li>\n\n\n\n<li>Bestille til faste henteadresser (favoritter)<\/li>\n\n\n\n<li>Alltid f\u00e5 makspris p\u00e5 forh\u00e5nd (n\u00e5r til-adresse oppgis)<\/li>\n\n\n\n<li>F\u00f8lge din bil p\u00e5 kartet<\/li>\n\n\n\n<li>Betale automatisk i appen &#8211; uten \u00e5 ta frem kortet<\/li>\n\n\n\n<li>Motta kvitteringer elektronisk<\/li>\n\n\n\n<li>F\u00e5 oversikt over aktive bestillinger &amp; utf\u00f8rte reiser<\/li>\n<\/ul>\n\n\n\n<p><a href=\"https:\/\/delivr.com\/1byci\">Les mer om appen og last ned her<\/a>.<\/p>\n\n\n\n<h3 class=\"wp-block-heading\" style=\"font-size:20px\">Chat<\/h3>\n\n\n\n<figure class=\"wp-block-image size-full\"><img decoding=\"async\" src=\"https:\/\/www.sandnestaxi.no\/wp-content\/uploads\/sites\/3\/2025\/07\/Chat-07000.png\" alt=\"\" class=\"wp-image-4026\" \/><\/figure>\n\n\n\n<p><br>N\u00e5 kan du ogs\u00e5 bestille via chat!&nbsp;<br>Trykk p\u00e5 \u00abStart en ny samtale\u00bb i vinduet som dukker opp nede i h\u00f8yre hj\u00f8rne p\u00e5 siden, s\u00e5 vil du raskt komme i kontakt med en av v\u00e5re hyggelige medarbeidere.<\/p>\n\n\n\n<p>Chat fungerer b\u00e5de fra PC og mobil, og kan selvf\u00f8lgelig ogs\u00e5 brukes for sp\u00f8rsm\u00e5l og andre henvendelser til 07000 Sandnes Taxi<\/p>\n","protected":false},"excerpt":{"rendered":"<p>Telefon V\u00e5rt kundesenter p\u00e5 telefon 07000 er betjent 24 timer i d\u00f8gnet, alle dager. Internett Via v\u00e5re websider kan du b\u00e5de direktebestille og forh\u00e5ndsbestille taxi. For \u00e5 bestille taxi via internett, kreves kun en gateadresse og husnummer, samt ditt telefonnummer. Om du oppgir et mobilnummer vil du motta en SMS n\u00e5r bilen er p\u00e5 vei.&nbsp;Klikk&#8230; <a class=\"readmore\" href=\"https:\/\/www.07000.no\/stavanger\/kundeservice\/bestillingslosninger-2\/\"><i>Les mer<\/i><\/a><\/p>\n","protected":false},"author":31,"featured_media":0,"parent":23,"menu_order":0,"comment_status":"closed","ping_status":"closed","template":"","meta":{"_acf_changed":false,"footnotes":""},"class_list":["post-1020","page","type-page","status-publish","hentry"],"acf":[],"yoast_head":"<!-- This site is optimized with the Yoast SEO plugin v27.4 - https:\/\/yoast.com\/product\/yoast-seo-wordpress\/ -->\n<title>Bestillingsl\u00f8sninger - Stavanger<\/title>\n<meta name=\"robots\" content=\"index, follow, max-snippet:-1, max-image-preview:large, max-video-preview:-1\" \/>\n<link rel=\"canonical\" href=\"https:\/\/www.07000.no\/stavanger\/kundeservice\/bestillingslosninger-2\/\" \/>\n<meta property=\"og:locale\" content=\"nb_NO\" \/>\n<meta property=\"og:type\" content=\"article\" \/>\n<meta property=\"og:title\" content=\"Bestillingsl\u00f8sninger - Stavanger\" \/>\n<meta property=\"og:description\" content=\"Telefon V\u00e5rt kundesenter p\u00e5 telefon 07000 er betjent 24 timer i d\u00f8gnet, alle dager. Internett Via v\u00e5re websider kan du b\u00e5de direktebestille og forh\u00e5ndsbestille taxi. For \u00e5 bestille taxi via internett, kreves kun en gateadresse og husnummer, samt ditt telefonnummer. Om du oppgir et mobilnummer vil du motta en SMS n\u00e5r bilen er p\u00e5 vei.&nbsp;Klikk... Les mer\" \/>\n<meta property=\"og:url\" content=\"https:\/\/www.07000.no\/stavanger\/kundeservice\/bestillingslosninger-2\/\" \/>\n<meta property=\"og:site_name\" content=\"Stavanger\" \/>\n<meta property=\"article:modified_time\" content=\"2025-08-05T12:20:36+00:00\" \/>\n<meta name=\"twitter:card\" content=\"summary_large_image\" \/>\n<meta name=\"twitter:label1\" content=\"Ansl. lesetid\" \/>\n\t<meta name=\"twitter:data1\" content=\"2 minutter\" \/>\n<script type=\"application\/ld+json\" class=\"yoast-schema-graph\">{\"@context\":\"https:\\\/\\\/schema.org\",\"@graph\":[{\"@type\":\"WebPage\",\"@id\":\"https:\\\/\\\/www.07000.no\\\/stavanger\\\/kundeservice\\\/bestillingslosninger-2\\\/\",\"url\":\"https:\\\/\\\/www.07000.no\\\/stavanger\\\/kundeservice\\\/bestillingslosninger-2\\\/\",\"name\":\"Bestillingsl\u00f8sninger - Stavanger\",\"isPartOf\":{\"@id\":\"https:\\\/\\\/www.07000.no\\\/stavanger\\\/#website\"},\"primaryImageOfPage\":{\"@id\":\"https:\\\/\\\/www.07000.no\\\/stavanger\\\/kundeservice\\\/bestillingslosninger-2\\\/#primaryimage\"},\"image\":{\"@id\":\"https:\\\/\\\/www.07000.no\\\/stavanger\\\/kundeservice\\\/bestillingslosninger-2\\\/#primaryimage\"},\"thumbnailUrl\":\"https:\\\/\\\/www.sandnestaxi.no\\\/wp-content\\\/uploads\\\/sites\\\/3\\\/2025\\\/07\\\/Chat-07000.png\",\"datePublished\":\"2025-08-05T11:49:46+00:00\",\"dateModified\":\"2025-08-05T12:20:36+00:00\",\"breadcrumb\":{\"@id\":\"https:\\\/\\\/www.07000.no\\\/stavanger\\\/kundeservice\\\/bestillingslosninger-2\\\/#breadcrumb\"},\"inLanguage\":\"nb-NO\",\"potentialAction\":[{\"@type\":\"ReadAction\",\"target\":[\"https:\\\/\\\/www.07000.no\\\/stavanger\\\/kundeservice\\\/bestillingslosninger-2\\\/\"]}]},{\"@type\":\"ImageObject\",\"inLanguage\":\"nb-NO\",\"@id\":\"https:\\\/\\\/www.07000.no\\\/stavanger\\\/kundeservice\\\/bestillingslosninger-2\\\/#primaryimage\",\"url\":\"https:\\\/\\\/www.sandnestaxi.no\\\/wp-content\\\/uploads\\\/sites\\\/3\\\/2025\\\/07\\\/Chat-07000.png\",\"contentUrl\":\"https:\\\/\\\/www.sandnestaxi.no\\\/wp-content\\\/uploads\\\/sites\\\/3\\\/2025\\\/07\\\/Chat-07000.png\"},{\"@type\":\"BreadcrumbList\",\"@id\":\"https:\\\/\\\/www.07000.no\\\/stavanger\\\/kundeservice\\\/bestillingslosninger-2\\\/#breadcrumb\",\"itemListElement\":[{\"@type\":\"ListItem\",\"position\":1,\"name\":\"Hjem\",\"item\":\"https:\\\/\\\/www.07000.no\\\/stavanger\\\/\"},{\"@type\":\"ListItem\",\"position\":2,\"name\":\"Kundeservice\",\"item\":\"https:\\\/\\\/www.07000.no\\\/stavanger\\\/kundeservice\\\/\"},{\"@type\":\"ListItem\",\"position\":3,\"name\":\"Bestillingsl\u00f8sninger\"}]},{\"@type\":\"WebSite\",\"@id\":\"https:\\\/\\\/www.07000.no\\\/stavanger\\\/#website\",\"url\":\"https:\\\/\\\/www.07000.no\\\/stavanger\\\/\",\"name\":\"Stavanger\",\"description\":\"Bestill taxi p\u00e5 nett eller i app!\",\"potentialAction\":[{\"@type\":\"SearchAction\",\"target\":{\"@type\":\"EntryPoint\",\"urlTemplate\":\"https:\\\/\\\/www.07000.no\\\/stavanger\\\/?s={search_term_string}\"},\"query-input\":{\"@type\":\"PropertyValueSpecification\",\"valueRequired\":true,\"valueName\":\"search_term_string\"}}],\"inLanguage\":\"nb-NO\"}]}<\/script>\n<!-- \/ Yoast SEO plugin. -->","yoast_head_json":{"title":"Bestillingsl\u00f8sninger - Stavanger","robots":{"index":"index","follow":"follow","max-snippet":"max-snippet:-1","max-image-preview":"max-image-preview:large","max-video-preview":"max-video-preview:-1"},"canonical":"https:\/\/www.07000.no\/stavanger\/kundeservice\/bestillingslosninger-2\/","og_locale":"nb_NO","og_type":"article","og_title":"Bestillingsl\u00f8sninger - Stavanger","og_description":"Telefon V\u00e5rt kundesenter p\u00e5 telefon 07000 er betjent 24 timer i d\u00f8gnet, alle dager. Internett Via v\u00e5re websider kan du b\u00e5de direktebestille og forh\u00e5ndsbestille taxi. For \u00e5 bestille taxi via internett, kreves kun en gateadresse og husnummer, samt ditt telefonnummer. Om du oppgir et mobilnummer vil du motta en SMS n\u00e5r bilen er p\u00e5 vei.&nbsp;Klikk... Les mer","og_url":"https:\/\/www.07000.no\/stavanger\/kundeservice\/bestillingslosninger-2\/","og_site_name":"Stavanger","article_modified_time":"2025-08-05T12:20:36+00:00","twitter_card":"summary_large_image","twitter_misc":{"Ansl. lesetid":"2 minutter"},"schema":{"@context":"https:\/\/schema.org","@graph":[{"@type":"WebPage","@id":"https:\/\/www.07000.no\/stavanger\/kundeservice\/bestillingslosninger-2\/","url":"https:\/\/www.07000.no\/stavanger\/kundeservice\/bestillingslosninger-2\/","name":"Bestillingsl\u00f8sninger - Stavanger","isPartOf":{"@id":"https:\/\/www.07000.no\/stavanger\/#website"},"primaryImageOfPage":{"@id":"https:\/\/www.07000.no\/stavanger\/kundeservice\/bestillingslosninger-2\/#primaryimage"},"image":{"@id":"https:\/\/www.07000.no\/stavanger\/kundeservice\/bestillingslosninger-2\/#primaryimage"},"thumbnailUrl":"https:\/\/www.sandnestaxi.no\/wp-content\/uploads\/sites\/3\/2025\/07\/Chat-07000.png","datePublished":"2025-08-05T11:49:46+00:00","dateModified":"2025-08-05T12:20:36+00:00","breadcrumb":{"@id":"https:\/\/www.07000.no\/stavanger\/kundeservice\/bestillingslosninger-2\/#breadcrumb"},"inLanguage":"nb-NO","potentialAction":[{"@type":"ReadAction","target":["https:\/\/www.07000.no\/stavanger\/kundeservice\/bestillingslosninger-2\/"]}]},{"@type":"ImageObject","inLanguage":"nb-NO","@id":"https:\/\/www.07000.no\/stavanger\/kundeservice\/bestillingslosninger-2\/#primaryimage","url":"https:\/\/www.sandnestaxi.no\/wp-content\/uploads\/sites\/3\/2025\/07\/Chat-07000.png","contentUrl":"https:\/\/www.sandnestaxi.no\/wp-content\/uploads\/sites\/3\/2025\/07\/Chat-07000.png"},{"@type":"BreadcrumbList","@id":"https:\/\/www.07000.no\/stavanger\/kundeservice\/bestillingslosninger-2\/#breadcrumb","itemListElement":[{"@type":"ListItem","position":1,"name":"Hjem","item":"https:\/\/www.07000.no\/stavanger\/"},{"@type":"ListItem","position":2,"name":"Kundeservice","item":"https:\/\/www.07000.no\/stavanger\/kundeservice\/"},{"@type":"ListItem","position":3,"name":"Bestillingsl\u00f8sninger"}]},{"@type":"WebSite","@id":"https:\/\/www.07000.no\/stavanger\/#website","url":"https:\/\/www.07000.no\/stavanger\/","name":"Stavanger","description":"Bestill taxi p\u00e5 nett eller i app!","potentialAction":[{"@type":"SearchAction","target":{"@type":"EntryPoint","urlTemplate":"https:\/\/www.07000.no\/stavanger\/?s={search_term_string}"},"query-input":{"@type":"PropertyValueSpecification","valueRequired":true,"valueName":"search_term_string"}}],"inLanguage":"nb-NO"}]}},"_links":{"self":[{"href":"https:\/\/www.07000.no\/stavanger\/wp-json\/wp\/v2\/pages\/1020","targetHints":{"allow":["GET"]}}],"collection":[{"href":"https:\/\/www.07000.no\/stavanger\/wp-json\/wp\/v2\/pages"}],"about":[{"href":"https:\/\/www.07000.no\/stavanger\/wp-json\/wp\/v2\/types\/page"}],"author":[{"embeddable":true,"href":"https:\/\/www.07000.no\/stavanger\/wp-json\/wp\/v2\/users\/31"}],"replies":[{"embeddable":true,"href":"https:\/\/www.07000.no\/stavanger\/wp-json\/wp\/v2\/comments?post=1020"}],"version-history":[{"count":1,"href":"https:\/\/www.07000.no\/stavanger\/wp-json\/wp\/v2\/pages\/1020\/revisions"}],"predecessor-version":[{"id":1022,"href":"https:\/\/www.07000.no\/stavanger\/wp-json\/wp\/v2\/pages\/1020\/revisions\/1022"}],"up":[{"embeddable":true,"href":"https:\/\/www.07000.no\/stavanger\/wp-json\/wp\/v2\/pages\/23"}],"wp:attachment":[{"href":"https:\/\/www.07000.no\/stavanger\/wp-json\/wp\/v2\/media?parent=1020"}],"curies":[{"name":"wp","href":"https:\/\/api.w.org\/{rel}","templated":true}]}}