{"id":1029,"date":"2025-08-05T14:18:25","date_gmt":"2025-08-05T12:18:25","guid":{"rendered":"https:\/\/www.07000.no\/stavanger\/?page_id=1029"},"modified":"2025-08-05T14:19:50","modified_gmt":"2025-08-05T12:19:50","slug":"tt-kort","status":"publish","type":"page","link":"https:\/\/www.07000.no\/stavanger\/kundeservice\/tt-kort\/","title":{"rendered":"TT-kort"},"content":{"rendered":"\n<h3 class=\"wp-block-heading\" style=\"font-size:20px\">Tilrettelagt transport (TT)<\/h3>\n\n\n\n<p>Dette er et tilbud om alternativ transport for personer som p\u00e5 grunn av nedsatt funksjonsevne eller sykdom, ikke kan bruke kollektivtransport. Det er ingen lovfestet individuell rett til TT-tjenester.<\/p>\n\n\n\n<h3 class=\"wp-block-heading\" style=\"font-size:20px\">Hva kan TT-kortet brukes til?<\/h3>\n\n\n\n<p>TT-kortet kan benyttes til fritidsreiser med drosje. Det gjelder ikke for reiser som er dekket av NAV som f.eks. behandling hos lege og p\u00e5 sykehus. &nbsp;<\/p>\n\n\n\n<h3 class=\"wp-block-heading\" style=\"font-size:20px\">Hvor mye f\u00e5r jeg p\u00e5 TT-kortet?<\/h3>\n\n\n\n<p>Hvor mye du f\u00e5r p\u00e5fylt TT-kortet er avhengig av hvilken brukergruppe og sone du tilh\u00f8rer. Tildelingsummen kan variere da fordelingen tar utgangspunkt i de \u00e5rlige fylkeskommunale bevilgningene<\/p>\n\n\n\n<h3 class=\"wp-block-heading\" style=\"font-size:20px\">Hvordan bruker jeg TT-kortet?<\/h3>\n\n\n\n<p>TT-kortet er et personlig betalingskort med magnetstripe, og kan kun brukes av den som har f\u00e5tt det tildelt.<\/p>\n\n\n\n<p><strong>Kortets varighet<\/strong><br>Du f\u00e5r TT-kortet for en periode p\u00e5 to \u00e5r (reiseretten). Kortet beholdes i hele perioden \u2013 du f\u00e5r ikke nytt kort hvert \u00e5r.<\/p>\n\n\n\n<p><strong>\u00c5rlig oppdatering<\/strong><br>Ved hvert \u00e5rsskifte nullstilles kortet og fylles automatisk med nytt bel\u00f8p. Hvis du bruker kortet lite eller ikke i det hele tatt, p\u00e5virker ikke det bel\u00f8pet du f\u00e5r tildelt neste \u00e5r.<\/p>\n\n\n\n<p><strong>Utslettelse og gjen\u00e5pning<\/strong><br>Hvis saldoen p\u00e5 kortet g\u00e5r tom, blir kortet midlertidig sperret. Det \u00e5pnes automatisk igjen ved neste tildeling.<\/p>\n\n\n\n<p><strong>Utl\u00f8p av reiserett<\/strong><br>N\u00e5r reiseretten n\u00e6rmer seg slutten, vil du f\u00e5 varsel i god tid. Du m\u00e5 da s\u00f8ke om ny periode. Det brukes samme s\u00f8knadsskjema som for nye s\u00f8kere.<\/p>\n\n\n\n<p><strong>Egenandel<\/strong><br>Ved hver reise betaler du en egenandel p\u00e5 <strong>20 % av prisen<\/strong>.<\/p>\n\n\n\n<h3 class=\"wp-block-heading\" style=\"font-size:20px\">Hvordan sjekker jeg saldo p\u00e5 TT-kortet?<\/h3>\n\n\n\n<p>Opplysninger om saldoen p\u00e5 kortet kan du f\u00e5 p\u00e5 flere m\u00e5ter:<\/p>\n\n\n\n<p>\u2022&nbsp;&nbsp;&nbsp;&nbsp;&nbsp;&nbsp;&nbsp;&nbsp; Ring Sandnes Taxi, tlf&nbsp;<a href=\"tel:51 66 16 00\">51 66 16 00<\/a><\/p>\n\n\n\n<p>\u2022&nbsp;&nbsp;&nbsp;&nbsp;&nbsp;&nbsp;&nbsp;&nbsp; Via internettadresse&nbsp;<a href=\"https:\/\/www.rtt.no\/tt\">rtt.no\/tt<\/a> &#8211;&nbsp;tast inn brukernummer i det \u00e5pne feltet.<\/p>\n\n\n\n<p>\u2022&nbsp;&nbsp;&nbsp;&nbsp;&nbsp;&nbsp;&nbsp;&nbsp; Sende tekstmelding (SMS) med brukernummer til&nbsp;<a href=\"tel:40 46 60 00\">40 46 60 00<\/a>. Her f\u00e5r man svar hele d\u00f8gnet.<\/p>\n\n\n\n<h3 class=\"wp-block-heading\" style=\"font-size:20px\">Har du mistet TT-kortet?<\/h3>\n\n\n\n<p>\u2022&nbsp;&nbsp;&nbsp;&nbsp;&nbsp;&nbsp;&nbsp;&nbsp; Ta omg\u00e5ende kontakt p\u00e5 telefon 51 90 90 01&nbsp;for sperring av kort hos kortleverand\u00f8r.<\/p>\n\n\n\n<h3 class=\"wp-block-heading\" style=\"font-size:20px\">Hvor og n\u00e5r skal jeg s\u00f8ke om TT-kort?<\/h3>\n\n\n\n<p>S\u00f8knad om \u00e5 bli godkjent bruker av TT-ordningen fremmes p\u00e5&nbsp;fastsatt s\u00f8knadsskjema med vedlagt legeerkl\u00e6ring. S\u00f8knaden sendes Rogaland fylkeskommune.<\/p>\n\n\n\n<h3 class=\"wp-block-heading\" style=\"font-size:20px\">Hvordan klage p\u00e5 s\u00f8knad?<\/h3>\n\n\n\n<p>Dersom du \u00f8nsker \u00e5 klage p\u00e5 avslag om godkjenning som TT-bruker, skal klagen sendes til Rogaland fylkeskommune. Klagen blir videresendt til 2 av legene i legenemnden. Dersom klagen ikke blir tatt til f\u00f8lge, g\u00e5r denne videre til den fylkeskommunale klagenemnden. Klagebehandlingen kan ta 2-4 m\u00e5neder.<\/p>\n\n\n\n<h3 class=\"wp-block-heading\" style=\"font-size:20px\">Hvor kan jeg lese mer?<\/h3>\n\n\n\n<p>L\u00e6r mer om TT-ordningen via denne linken: <a href=\"https:\/\/www.rogfk.no\/Vaare-tjenester\/Samferdsel\/TT-ordningen\">https:\/\/www.rogfk.no\/Vaare-tjenester\/Samferdsel\/TT-ordningen<\/a><\/p>\n","protected":false},"excerpt":{"rendered":"<p>Tilrettelagt transport (TT) Dette er et tilbud om alternativ transport for personer som p\u00e5 grunn av nedsatt funksjonsevne eller sykdom, ikke kan bruke kollektivtransport. Det er ingen lovfestet individuell rett til TT-tjenester. Hva kan TT-kortet brukes til? TT-kortet kan benyttes til fritidsreiser med drosje. Det gjelder ikke for reiser som er dekket av NAV som&#8230; <a class=\"readmore\" href=\"https:\/\/www.07000.no\/stavanger\/kundeservice\/tt-kort\/\"><i>Les mer<\/i><\/a><\/p>\n","protected":false},"author":31,"featured_media":0,"parent":23,"menu_order":3,"comment_status":"closed","ping_status":"closed","template":"","meta":{"_acf_changed":false,"footnotes":""},"class_list":["post-1029","page","type-page","status-publish","hentry"],"acf":[],"yoast_head":"<!-- This site is optimized with the Yoast SEO plugin v27.4 - https:\/\/yoast.com\/product\/yoast-seo-wordpress\/ -->\n<title>TT-kort - Stavanger<\/title>\n<meta name=\"robots\" content=\"index, follow, max-snippet:-1, max-image-preview:large, max-video-preview:-1\" \/>\n<link rel=\"canonical\" href=\"https:\/\/www.07000.no\/stavanger\/kundeservice\/tt-kort\/\" \/>\n<meta property=\"og:locale\" content=\"nb_NO\" \/>\n<meta property=\"og:type\" content=\"article\" \/>\n<meta property=\"og:title\" content=\"TT-kort - Stavanger\" \/>\n<meta property=\"og:description\" content=\"Tilrettelagt transport (TT) Dette er et tilbud om alternativ transport for personer som p\u00e5 grunn av nedsatt funksjonsevne eller sykdom, ikke kan bruke kollektivtransport. Det er ingen lovfestet individuell rett til TT-tjenester. Hva kan TT-kortet brukes til? TT-kortet kan benyttes til fritidsreiser med drosje. Det gjelder ikke for reiser som er dekket av NAV som... Les mer\" \/>\n<meta property=\"og:url\" content=\"https:\/\/www.07000.no\/stavanger\/kundeservice\/tt-kort\/\" \/>\n<meta property=\"og:site_name\" content=\"Stavanger\" \/>\n<meta property=\"article:modified_time\" content=\"2025-08-05T12:19:50+00:00\" \/>\n<meta name=\"twitter:card\" content=\"summary_large_image\" \/>\n<meta name=\"twitter:label1\" content=\"Ansl. lesetid\" \/>\n\t<meta name=\"twitter:data1\" content=\"3 minutter\" \/>\n<script type=\"application\/ld+json\" class=\"yoast-schema-graph\">{\"@context\":\"https:\\\/\\\/schema.org\",\"@graph\":[{\"@type\":\"WebPage\",\"@id\":\"https:\\\/\\\/www.07000.no\\\/stavanger\\\/kundeservice\\\/tt-kort\\\/\",\"url\":\"https:\\\/\\\/www.07000.no\\\/stavanger\\\/kundeservice\\\/tt-kort\\\/\",\"name\":\"TT-kort - Stavanger\",\"isPartOf\":{\"@id\":\"https:\\\/\\\/www.07000.no\\\/stavanger\\\/#website\"},\"datePublished\":\"2025-08-05T12:18:25+00:00\",\"dateModified\":\"2025-08-05T12:19:50+00:00\",\"breadcrumb\":{\"@id\":\"https:\\\/\\\/www.07000.no\\\/stavanger\\\/kundeservice\\\/tt-kort\\\/#breadcrumb\"},\"inLanguage\":\"nb-NO\",\"potentialAction\":[{\"@type\":\"ReadAction\",\"target\":[\"https:\\\/\\\/www.07000.no\\\/stavanger\\\/kundeservice\\\/tt-kort\\\/\"]}]},{\"@type\":\"BreadcrumbList\",\"@id\":\"https:\\\/\\\/www.07000.no\\\/stavanger\\\/kundeservice\\\/tt-kort\\\/#breadcrumb\",\"itemListElement\":[{\"@type\":\"ListItem\",\"position\":1,\"name\":\"Hjem\",\"item\":\"https:\\\/\\\/www.07000.no\\\/stavanger\\\/\"},{\"@type\":\"ListItem\",\"position\":2,\"name\":\"Kundeservice\",\"item\":\"https:\\\/\\\/www.07000.no\\\/stavanger\\\/kundeservice\\\/\"},{\"@type\":\"ListItem\",\"position\":3,\"name\":\"TT-kort\"}]},{\"@type\":\"WebSite\",\"@id\":\"https:\\\/\\\/www.07000.no\\\/stavanger\\\/#website\",\"url\":\"https:\\\/\\\/www.07000.no\\\/stavanger\\\/\",\"name\":\"Stavanger\",\"description\":\"Bestill taxi p\u00e5 nett eller i app!\",\"potentialAction\":[{\"@type\":\"SearchAction\",\"target\":{\"@type\":\"EntryPoint\",\"urlTemplate\":\"https:\\\/\\\/www.07000.no\\\/stavanger\\\/?s={search_term_string}\"},\"query-input\":{\"@type\":\"PropertyValueSpecification\",\"valueRequired\":true,\"valueName\":\"search_term_string\"}}],\"inLanguage\":\"nb-NO\"}]}<\/script>\n<!-- \/ Yoast SEO plugin. -->","yoast_head_json":{"title":"TT-kort - Stavanger","robots":{"index":"index","follow":"follow","max-snippet":"max-snippet:-1","max-image-preview":"max-image-preview:large","max-video-preview":"max-video-preview:-1"},"canonical":"https:\/\/www.07000.no\/stavanger\/kundeservice\/tt-kort\/","og_locale":"nb_NO","og_type":"article","og_title":"TT-kort - Stavanger","og_description":"Tilrettelagt transport (TT) Dette er et tilbud om alternativ transport for personer som p\u00e5 grunn av nedsatt funksjonsevne eller sykdom, ikke kan bruke kollektivtransport. Det er ingen lovfestet individuell rett til TT-tjenester. Hva kan TT-kortet brukes til? TT-kortet kan benyttes til fritidsreiser med drosje. Det gjelder ikke for reiser som er dekket av NAV som... Les mer","og_url":"https:\/\/www.07000.no\/stavanger\/kundeservice\/tt-kort\/","og_site_name":"Stavanger","article_modified_time":"2025-08-05T12:19:50+00:00","twitter_card":"summary_large_image","twitter_misc":{"Ansl. lesetid":"3 minutter"},"schema":{"@context":"https:\/\/schema.org","@graph":[{"@type":"WebPage","@id":"https:\/\/www.07000.no\/stavanger\/kundeservice\/tt-kort\/","url":"https:\/\/www.07000.no\/stavanger\/kundeservice\/tt-kort\/","name":"TT-kort - Stavanger","isPartOf":{"@id":"https:\/\/www.07000.no\/stavanger\/#website"},"datePublished":"2025-08-05T12:18:25+00:00","dateModified":"2025-08-05T12:19:50+00:00","breadcrumb":{"@id":"https:\/\/www.07000.no\/stavanger\/kundeservice\/tt-kort\/#breadcrumb"},"inLanguage":"nb-NO","potentialAction":[{"@type":"ReadAction","target":["https:\/\/www.07000.no\/stavanger\/kundeservice\/tt-kort\/"]}]},{"@type":"BreadcrumbList","@id":"https:\/\/www.07000.no\/stavanger\/kundeservice\/tt-kort\/#breadcrumb","itemListElement":[{"@type":"ListItem","position":1,"name":"Hjem","item":"https:\/\/www.07000.no\/stavanger\/"},{"@type":"ListItem","position":2,"name":"Kundeservice","item":"https:\/\/www.07000.no\/stavanger\/kundeservice\/"},{"@type":"ListItem","position":3,"name":"TT-kort"}]},{"@type":"WebSite","@id":"https:\/\/www.07000.no\/stavanger\/#website","url":"https:\/\/www.07000.no\/stavanger\/","name":"Stavanger","description":"Bestill taxi p\u00e5 nett eller i app!","potentialAction":[{"@type":"SearchAction","target":{"@type":"EntryPoint","urlTemplate":"https:\/\/www.07000.no\/stavanger\/?s={search_term_string}"},"query-input":{"@type":"PropertyValueSpecification","valueRequired":true,"valueName":"search_term_string"}}],"inLanguage":"nb-NO"}]}},"_links":{"self":[{"href":"https:\/\/www.07000.no\/stavanger\/wp-json\/wp\/v2\/pages\/1029","targetHints":{"allow":["GET"]}}],"collection":[{"href":"https:\/\/www.07000.no\/stavanger\/wp-json\/wp\/v2\/pages"}],"about":[{"href":"https:\/\/www.07000.no\/stavanger\/wp-json\/wp\/v2\/types\/page"}],"author":[{"embeddable":true,"href":"https:\/\/www.07000.no\/stavanger\/wp-json\/wp\/v2\/users\/31"}],"replies":[{"embeddable":true,"href":"https:\/\/www.07000.no\/stavanger\/wp-json\/wp\/v2\/comments?post=1029"}],"version-history":[{"count":1,"href":"https:\/\/www.07000.no\/stavanger\/wp-json\/wp\/v2\/pages\/1029\/revisions"}],"predecessor-version":[{"id":1030,"href":"https:\/\/www.07000.no\/stavanger\/wp-json\/wp\/v2\/pages\/1029\/revisions\/1030"}],"up":[{"embeddable":true,"href":"https:\/\/www.07000.no\/stavanger\/wp-json\/wp\/v2\/pages\/23"}],"wp:attachment":[{"href":"https:\/\/www.07000.no\/stavanger\/wp-json\/wp\/v2\/media?parent=1029"}],"curies":[{"name":"wp","href":"https:\/\/api.w.org\/{rel}","templated":true}]}}