{"id":1104,"date":"2026-01-13T10:06:54","date_gmt":"2026-01-13T09:06:54","guid":{"rendered":"https:\/\/www.07000.no\/stavanger\/?page_id=1104"},"modified":"2026-01-13T10:26:26","modified_gmt":"2026-01-13T09:26:26","slug":"07000-for-bedrifter","status":"publish","type":"page","link":"https:\/\/www.07000.no\/stavanger\/07000-for-bedrifter\/","title":{"rendered":"07000 for bedrifter"},"content":{"rendered":"\n<p>07000 Stavanger Taxi tilbyr p\u00e5litelige og fleksible l\u00f8sninger som dekker hele spekteret av deres transportbehov \u2013 fra daglig drift til spesialoppdrag.<\/p>\n\n\n\n<figure class=\"wp-block-image size-full\"><img loading=\"lazy\" decoding=\"async\" width=\"520\" height=\"292\" src=\"https:\/\/www.07000.no\/stavanger\/wp-content\/uploads\/sites\/20\/2021\/11\/Bedrift.jpg\" alt=\"\" class=\"wp-image-217\" srcset=\"https:\/\/www.07000.no\/stavanger\/wp-content\/uploads\/sites\/20\/2021\/11\/Bedrift.jpg 520w, https:\/\/www.07000.no\/stavanger\/wp-content\/uploads\/sites\/20\/2021\/11\/Bedrift-300x168.jpg 300w\" sizes=\"auto, (max-width: 520px) 100vw, 520px\" \/><\/figure>\n\n\n\n<h3 class=\"wp-block-heading\">Vi tilbyr blant annet:<\/h3>\n\n\n\n<ul class=\"wp-block-list\">\n<li>Persontransport til og fra flyplass, togstasjon, m\u00f8ter og konferanser<\/li>\n\n\n\n<li>Mannskapstransport og kontraktskj\u00f8ring<\/li>\n\n\n\n<li>Varetaxi, pakke- og dokumentlevering<\/li>\n\n\n\n<li>VIP-kj\u00f8ring og spesialoppdrag<\/li>\n\n\n\n<li>Autobooking og andre digitale bestillingsl\u00f8sninger<\/li>\n<\/ul>\n\n\n\n<p>For bedrifter med faste eller gjentakende behov tilbyr vi ogs\u00e5&nbsp;<strong>fakturaavtale<\/strong>&nbsp;(med forbehold om kredittsjekk), slik at ansatte og gjester enkelt kan benytte v\u00e5re tjenester uten \u00e5 legge ut for reisen.<\/p>\n\n\n\n<p>Trenger din bedrift fakturaavtale med 07000?\u00a0<a href=\"https:\/\/www.sandnestaxi.no\/for-bedrifter\/firmaavtale\/\" target=\"_blank\" rel=\"noreferrer noopener\">Klikk her for s\u00f8knadsskjema<\/a><br><br>Ta gjerne kontakt for mer informasjon via tlf\u00a0<a href=\"tel:07000\">07000<\/a> eller <a href=\"sandnestaxi@marked.no\">e-post<\/a>.<br><\/p>\n\n\n\n<h1 class=\"wp-block-heading\"><\/h1>\n","protected":false},"excerpt":{"rendered":"<p>07000 Stavanger Taxi tilbyr p\u00e5litelige og fleksible l\u00f8sninger som dekker hele spekteret av deres transportbehov \u2013 fra daglig drift til spesialoppdrag. Vi tilbyr blant annet: For bedrifter med faste eller gjentakende behov tilbyr vi ogs\u00e5&nbsp;fakturaavtale&nbsp;(med forbehold om kredittsjekk), slik at ansatte og gjester enkelt kan benytte v\u00e5re tjenester uten \u00e5 legge ut for reisen. Trenger&#8230; <a class=\"readmore\" href=\"https:\/\/www.07000.no\/stavanger\/07000-for-bedrifter\/\"><i>Les mer<\/i><\/a><\/p>\n","protected":false},"author":31,"featured_media":0,"parent":0,"menu_order":0,"comment_status":"closed","ping_status":"closed","template":"","meta":{"_acf_changed":false,"footnotes":""},"class_list":["post-1104","page","type-page","status-publish","hentry"],"acf":[],"yoast_head":"<!-- This site is optimized with the Yoast SEO plugin v27.4 - https:\/\/yoast.com\/product\/yoast-seo-wordpress\/ -->\n<title>07000 for bedrifter - Stavanger<\/title>\n<meta name=\"robots\" content=\"index, follow, max-snippet:-1, max-image-preview:large, max-video-preview:-1\" \/>\n<link rel=\"canonical\" href=\"https:\/\/www.07000.no\/stavanger\/07000-for-bedrifter\/\" \/>\n<meta property=\"og:locale\" content=\"nb_NO\" \/>\n<meta property=\"og:type\" content=\"article\" \/>\n<meta property=\"og:title\" content=\"07000 for bedrifter - Stavanger\" \/>\n<meta property=\"og:description\" content=\"07000 Stavanger Taxi tilbyr p\u00e5litelige og fleksible l\u00f8sninger som dekker hele spekteret av deres transportbehov \u2013 fra daglig drift til spesialoppdrag. Vi tilbyr blant annet: For bedrifter med faste eller gjentakende behov tilbyr vi ogs\u00e5&nbsp;fakturaavtale&nbsp;(med forbehold om kredittsjekk), slik at ansatte og gjester enkelt kan benytte v\u00e5re tjenester uten \u00e5 legge ut for reisen. Trenger... Les mer\" \/>\n<meta property=\"og:url\" content=\"https:\/\/www.07000.no\/stavanger\/07000-for-bedrifter\/\" \/>\n<meta property=\"og:site_name\" content=\"Stavanger\" \/>\n<meta property=\"article:modified_time\" content=\"2026-01-13T09:26:26+00:00\" \/>\n<meta property=\"og:image\" content=\"https:\/\/www.07000.no\/stavanger\/wp-content\/uploads\/sites\/20\/2021\/11\/Bedrift.jpg\" \/>\n\t<meta property=\"og:image:width\" content=\"520\" \/>\n\t<meta property=\"og:image:height\" content=\"292\" \/>\n\t<meta property=\"og:image:type\" content=\"image\/jpeg\" \/>\n<meta name=\"twitter:card\" content=\"summary_large_image\" \/>\n<meta name=\"twitter:label1\" content=\"Ansl. lesetid\" \/>\n\t<meta name=\"twitter:data1\" content=\"1 minutt\" \/>\n<script type=\"application\/ld+json\" class=\"yoast-schema-graph\">{\"@context\":\"https:\\\/\\\/schema.org\",\"@graph\":[{\"@type\":\"WebPage\",\"@id\":\"https:\\\/\\\/www.07000.no\\\/stavanger\\\/07000-for-bedrifter\\\/\",\"url\":\"https:\\\/\\\/www.07000.no\\\/stavanger\\\/07000-for-bedrifter\\\/\",\"name\":\"07000 for bedrifter - Stavanger\",\"isPartOf\":{\"@id\":\"https:\\\/\\\/www.07000.no\\\/stavanger\\\/#website\"},\"primaryImageOfPage\":{\"@id\":\"https:\\\/\\\/www.07000.no\\\/stavanger\\\/07000-for-bedrifter\\\/#primaryimage\"},\"image\":{\"@id\":\"https:\\\/\\\/www.07000.no\\\/stavanger\\\/07000-for-bedrifter\\\/#primaryimage\"},\"thumbnailUrl\":\"https:\\\/\\\/www.07000.no\\\/stavanger\\\/wp-content\\\/uploads\\\/sites\\\/20\\\/2021\\\/11\\\/Bedrift.jpg\",\"datePublished\":\"2026-01-13T09:06:54+00:00\",\"dateModified\":\"2026-01-13T09:26:26+00:00\",\"breadcrumb\":{\"@id\":\"https:\\\/\\\/www.07000.no\\\/stavanger\\\/07000-for-bedrifter\\\/#breadcrumb\"},\"inLanguage\":\"nb-NO\",\"potentialAction\":[{\"@type\":\"ReadAction\",\"target\":[\"https:\\\/\\\/www.07000.no\\\/stavanger\\\/07000-for-bedrifter\\\/\"]}]},{\"@type\":\"ImageObject\",\"inLanguage\":\"nb-NO\",\"@id\":\"https:\\\/\\\/www.07000.no\\\/stavanger\\\/07000-for-bedrifter\\\/#primaryimage\",\"url\":\"https:\\\/\\\/www.07000.no\\\/stavanger\\\/wp-content\\\/uploads\\\/sites\\\/20\\\/2021\\\/11\\\/Bedrift.jpg\",\"contentUrl\":\"https:\\\/\\\/www.07000.no\\\/stavanger\\\/wp-content\\\/uploads\\\/sites\\\/20\\\/2021\\\/11\\\/Bedrift.jpg\",\"width\":520,\"height\":292},{\"@type\":\"BreadcrumbList\",\"@id\":\"https:\\\/\\\/www.07000.no\\\/stavanger\\\/07000-for-bedrifter\\\/#breadcrumb\",\"itemListElement\":[{\"@type\":\"ListItem\",\"position\":1,\"name\":\"Hjem\",\"item\":\"https:\\\/\\\/www.07000.no\\\/stavanger\\\/\"},{\"@type\":\"ListItem\",\"position\":2,\"name\":\"07000 for bedrifter\"}]},{\"@type\":\"WebSite\",\"@id\":\"https:\\\/\\\/www.07000.no\\\/stavanger\\\/#website\",\"url\":\"https:\\\/\\\/www.07000.no\\\/stavanger\\\/\",\"name\":\"Stavanger\",\"description\":\"Bestill taxi p\u00e5 nett eller i app!\",\"potentialAction\":[{\"@type\":\"SearchAction\",\"target\":{\"@type\":\"EntryPoint\",\"urlTemplate\":\"https:\\\/\\\/www.07000.no\\\/stavanger\\\/?s={search_term_string}\"},\"query-input\":{\"@type\":\"PropertyValueSpecification\",\"valueRequired\":true,\"valueName\":\"search_term_string\"}}],\"inLanguage\":\"nb-NO\"}]}<\/script>\n<!-- \/ Yoast SEO plugin. -->","yoast_head_json":{"title":"07000 for bedrifter - Stavanger","robots":{"index":"index","follow":"follow","max-snippet":"max-snippet:-1","max-image-preview":"max-image-preview:large","max-video-preview":"max-video-preview:-1"},"canonical":"https:\/\/www.07000.no\/stavanger\/07000-for-bedrifter\/","og_locale":"nb_NO","og_type":"article","og_title":"07000 for bedrifter - Stavanger","og_description":"07000 Stavanger Taxi tilbyr p\u00e5litelige og fleksible l\u00f8sninger som dekker hele spekteret av deres transportbehov \u2013 fra daglig drift til spesialoppdrag. Vi tilbyr blant annet: For bedrifter med faste eller gjentakende behov tilbyr vi ogs\u00e5&nbsp;fakturaavtale&nbsp;(med forbehold om kredittsjekk), slik at ansatte og gjester enkelt kan benytte v\u00e5re tjenester uten \u00e5 legge ut for reisen. Trenger... Les mer","og_url":"https:\/\/www.07000.no\/stavanger\/07000-for-bedrifter\/","og_site_name":"Stavanger","article_modified_time":"2026-01-13T09:26:26+00:00","og_image":[{"width":520,"height":292,"url":"https:\/\/www.07000.no\/stavanger\/wp-content\/uploads\/sites\/20\/2021\/11\/Bedrift.jpg","type":"image\/jpeg"}],"twitter_card":"summary_large_image","twitter_misc":{"Ansl. lesetid":"1 minutt"},"schema":{"@context":"https:\/\/schema.org","@graph":[{"@type":"WebPage","@id":"https:\/\/www.07000.no\/stavanger\/07000-for-bedrifter\/","url":"https:\/\/www.07000.no\/stavanger\/07000-for-bedrifter\/","name":"07000 for bedrifter - Stavanger","isPartOf":{"@id":"https:\/\/www.07000.no\/stavanger\/#website"},"primaryImageOfPage":{"@id":"https:\/\/www.07000.no\/stavanger\/07000-for-bedrifter\/#primaryimage"},"image":{"@id":"https:\/\/www.07000.no\/stavanger\/07000-for-bedrifter\/#primaryimage"},"thumbnailUrl":"https:\/\/www.07000.no\/stavanger\/wp-content\/uploads\/sites\/20\/2021\/11\/Bedrift.jpg","datePublished":"2026-01-13T09:06:54+00:00","dateModified":"2026-01-13T09:26:26+00:00","breadcrumb":{"@id":"https:\/\/www.07000.no\/stavanger\/07000-for-bedrifter\/#breadcrumb"},"inLanguage":"nb-NO","potentialAction":[{"@type":"ReadAction","target":["https:\/\/www.07000.no\/stavanger\/07000-for-bedrifter\/"]}]},{"@type":"ImageObject","inLanguage":"nb-NO","@id":"https:\/\/www.07000.no\/stavanger\/07000-for-bedrifter\/#primaryimage","url":"https:\/\/www.07000.no\/stavanger\/wp-content\/uploads\/sites\/20\/2021\/11\/Bedrift.jpg","contentUrl":"https:\/\/www.07000.no\/stavanger\/wp-content\/uploads\/sites\/20\/2021\/11\/Bedrift.jpg","width":520,"height":292},{"@type":"BreadcrumbList","@id":"https:\/\/www.07000.no\/stavanger\/07000-for-bedrifter\/#breadcrumb","itemListElement":[{"@type":"ListItem","position":1,"name":"Hjem","item":"https:\/\/www.07000.no\/stavanger\/"},{"@type":"ListItem","position":2,"name":"07000 for bedrifter"}]},{"@type":"WebSite","@id":"https:\/\/www.07000.no\/stavanger\/#website","url":"https:\/\/www.07000.no\/stavanger\/","name":"Stavanger","description":"Bestill taxi p\u00e5 nett eller i app!","potentialAction":[{"@type":"SearchAction","target":{"@type":"EntryPoint","urlTemplate":"https:\/\/www.07000.no\/stavanger\/?s={search_term_string}"},"query-input":{"@type":"PropertyValueSpecification","valueRequired":true,"valueName":"search_term_string"}}],"inLanguage":"nb-NO"}]}},"_links":{"self":[{"href":"https:\/\/www.07000.no\/stavanger\/wp-json\/wp\/v2\/pages\/1104","targetHints":{"allow":["GET"]}}],"collection":[{"href":"https:\/\/www.07000.no\/stavanger\/wp-json\/wp\/v2\/pages"}],"about":[{"href":"https:\/\/www.07000.no\/stavanger\/wp-json\/wp\/v2\/types\/page"}],"author":[{"embeddable":true,"href":"https:\/\/www.07000.no\/stavanger\/wp-json\/wp\/v2\/users\/31"}],"replies":[{"embeddable":true,"href":"https:\/\/www.07000.no\/stavanger\/wp-json\/wp\/v2\/comments?post=1104"}],"version-history":[{"count":6,"href":"https:\/\/www.07000.no\/stavanger\/wp-json\/wp\/v2\/pages\/1104\/revisions"}],"predecessor-version":[{"id":1112,"href":"https:\/\/www.07000.no\/stavanger\/wp-json\/wp\/v2\/pages\/1104\/revisions\/1112"}],"wp:attachment":[{"href":"https:\/\/www.07000.no\/stavanger\/wp-json\/wp\/v2\/media?parent=1104"}],"curies":[{"name":"wp","href":"https:\/\/api.w.org\/{rel}","templated":true}]}}