{"id":1122,"date":"2026-01-13T15:24:16","date_gmt":"2026-01-13T14:24:16","guid":{"rendered":"https:\/\/www.07000.no\/stavanger\/?page_id=1122"},"modified":"2026-01-14T08:30:22","modified_gmt":"2026-01-14T07:30:22","slug":"autobooking","status":"publish","type":"page","link":"https:\/\/www.07000.no\/stavanger\/07000-for-bedrifter\/autobooking\/","title":{"rendered":"Autobooking"},"content":{"rendered":"\n<p><\/p>\n\n\n\n<p>Med 07000 Bookingterminal f\u00e5r du en moderne bookingl\u00f8sning for hoteller, restauranter og andre bedrifter. L\u00f8sningen gir bl.a. f\u00f8lgende muligheter:<\/p>\n\n\n<div class=\"wp-block-image\">\n<figure class=\"alignright size-large is-resized\"><img decoding=\"async\" src=\"https:\/\/www.sandnestaxi.no\/wp-content\/uploads\/sites\/3\/2020\/01\/Bterminal-16-disk.jpg\" alt=\"skjerm med bookingterminalen \u00e5pen\" class=\"wp-image-62\" style=\"aspect-ratio:1.411764705882353;width:488px;height:auto\" \/><\/figure>\n<\/div>\n\n\n<ul class=\"wp-block-list\">\n<li><strong>Selvbetjent gjesteskjerm:&nbsp;<\/strong>Her kan gjester og ansatte selv bestille taxi med f\u00e5 trykk. Bestillingen kobles direkte til bestillers eget mobilnummer.<\/li>\n\n\n\n<li><strong>Resepsjonistskjerm:<\/strong>&nbsp;Her kan man bestille for gjest, f\u00e5 full oversikt over alle bestillinger og endre\/ avbestille frem til tur er tildelt bil. Man f\u00e5r ogs\u00e5 tilgang til tilleggsfunksjoner som ett trykks bestilling, kommentarfelt og alternativ henteadresse<\/li>\n\n\n\n<li><strong>Lokale brukere:&nbsp;<\/strong>Mulighet for \u00e5 lage lokale brukerprofiler for ulike avdelinger\/kontorer &#8211; hele tiden med full oversikt for resepsjonister<\/li>\n\n\n\n<li><strong>Kredittbestilling:<\/strong>&nbsp;L\u00f8sningen kan kobles mot en kundeavtale hos 07000 Sandnes Taxi, slik at bestillinger kj\u00f8res p\u00e5 kreditt og faktureres i etterkant.<\/li>\n<\/ul>\n\n\n\n<p><strong>07000 Bookingterminal kan f\u00e5s i ulike st\u00f8rrelser tilpasset deres behov<\/strong>.<\/p>\n\n\n<div class=\"wp-block-image\">\n<figure class=\"alignleft size-full is-resized\"><img decoding=\"async\" src=\"https:\/\/www.sandnestaxi.no\/wp-content\/uploads\/sites\/3\/2025\/08\/Berminal-gulv-hvit2-636x1024-1.jpg\" alt=\"\" class=\"wp-image-4262\" style=\"width:244px;height:auto\" \/><\/figure>\n<\/div>\n\n\n<ul class=\"wp-block-list\">\n<li>10\u2019\u2019 Pad med bord- eller gulvstativ<\/li>\n\n\n\n<li>16\u2019\u2019 skjerm for st\u00f8rre resepsjoner<\/li>\n\n\n\n<li>H\u00e5ndholdt nettbrett for restaurant\/konferanse.<br><\/li>\n<\/ul>\n\n\n\n<p>L\u00f8sningen koster ingenting for brukersted, og vedlikeholdes av 07000 Sandnes Taxi.<\/p>\n\n\n\n<p><strong>Ta gjerne kontakt for mer informasjon p\u00e5 enten: Tlf\u00a0<a href=\"tel:07000\">07000<\/a>, eller <a href=\"mailto:marked@sandnestaxi.no\">e-post.<\/a><\/strong><\/p>\n\n\n\n<p><\/p>\n","protected":false},"excerpt":{"rendered":"<p>Med 07000 Bookingterminal f\u00e5r du en moderne bookingl\u00f8sning for hoteller, restauranter og andre bedrifter. L\u00f8sningen gir bl.a. f\u00f8lgende muligheter: 07000 Bookingterminal kan f\u00e5s i ulike st\u00f8rrelser tilpasset deres behov. L\u00f8sningen koster ingenting for brukersted, og vedlikeholdes av 07000 Sandnes Taxi. Ta gjerne kontakt for mer informasjon p\u00e5 enten: Tlf\u00a007000, eller e-post.<\/p>\n","protected":false},"author":31,"featured_media":0,"parent":1104,"menu_order":0,"comment_status":"closed","ping_status":"closed","template":"","meta":{"_acf_changed":false,"footnotes":""},"class_list":["post-1122","page","type-page","status-publish","hentry"],"acf":[],"yoast_head":"<!-- This site is optimized with the Yoast SEO plugin v27.4 - https:\/\/yoast.com\/product\/yoast-seo-wordpress\/ -->\n<title>Autobooking - Stavanger<\/title>\n<meta name=\"robots\" content=\"index, follow, max-snippet:-1, max-image-preview:large, max-video-preview:-1\" \/>\n<link rel=\"canonical\" href=\"https:\/\/www.07000.no\/stavanger\/07000-for-bedrifter\/autobooking\/\" \/>\n<meta property=\"og:locale\" content=\"nb_NO\" \/>\n<meta property=\"og:type\" content=\"article\" \/>\n<meta property=\"og:title\" content=\"Autobooking - Stavanger\" \/>\n<meta property=\"og:description\" content=\"Med 07000 Bookingterminal f\u00e5r du en moderne bookingl\u00f8sning for hoteller, restauranter og andre bedrifter. L\u00f8sningen gir bl.a. f\u00f8lgende muligheter: 07000 Bookingterminal kan f\u00e5s i ulike st\u00f8rrelser tilpasset deres behov. L\u00f8sningen koster ingenting for brukersted, og vedlikeholdes av 07000 Sandnes Taxi. Ta gjerne kontakt for mer informasjon p\u00e5 enten: Tlf\u00a007000, eller e-post.\" \/>\n<meta property=\"og:url\" content=\"https:\/\/www.07000.no\/stavanger\/07000-for-bedrifter\/autobooking\/\" \/>\n<meta property=\"og:site_name\" content=\"Stavanger\" \/>\n<meta property=\"article:modified_time\" content=\"2026-01-14T07:30:22+00:00\" \/>\n<meta name=\"twitter:card\" content=\"summary_large_image\" \/>\n<meta name=\"twitter:label1\" content=\"Ansl. lesetid\" \/>\n\t<meta name=\"twitter:data1\" content=\"2 minutter\" \/>\n<script type=\"application\/ld+json\" class=\"yoast-schema-graph\">{\"@context\":\"https:\\\/\\\/schema.org\",\"@graph\":[{\"@type\":\"WebPage\",\"@id\":\"https:\\\/\\\/www.07000.no\\\/stavanger\\\/07000-for-bedrifter\\\/autobooking\\\/\",\"url\":\"https:\\\/\\\/www.07000.no\\\/stavanger\\\/07000-for-bedrifter\\\/autobooking\\\/\",\"name\":\"Autobooking - Stavanger\",\"isPartOf\":{\"@id\":\"https:\\\/\\\/www.07000.no\\\/stavanger\\\/#website\"},\"primaryImageOfPage\":{\"@id\":\"https:\\\/\\\/www.07000.no\\\/stavanger\\\/07000-for-bedrifter\\\/autobooking\\\/#primaryimage\"},\"image\":{\"@id\":\"https:\\\/\\\/www.07000.no\\\/stavanger\\\/07000-for-bedrifter\\\/autobooking\\\/#primaryimage\"},\"thumbnailUrl\":\"https:\\\/\\\/www.sandnestaxi.no\\\/wp-content\\\/uploads\\\/sites\\\/3\\\/2020\\\/01\\\/Bterminal-16-disk.jpg\",\"datePublished\":\"2026-01-13T14:24:16+00:00\",\"dateModified\":\"2026-01-14T07:30:22+00:00\",\"breadcrumb\":{\"@id\":\"https:\\\/\\\/www.07000.no\\\/stavanger\\\/07000-for-bedrifter\\\/autobooking\\\/#breadcrumb\"},\"inLanguage\":\"nb-NO\",\"potentialAction\":[{\"@type\":\"ReadAction\",\"target\":[\"https:\\\/\\\/www.07000.no\\\/stavanger\\\/07000-for-bedrifter\\\/autobooking\\\/\"]}]},{\"@type\":\"ImageObject\",\"inLanguage\":\"nb-NO\",\"@id\":\"https:\\\/\\\/www.07000.no\\\/stavanger\\\/07000-for-bedrifter\\\/autobooking\\\/#primaryimage\",\"url\":\"https:\\\/\\\/www.sandnestaxi.no\\\/wp-content\\\/uploads\\\/sites\\\/3\\\/2020\\\/01\\\/Bterminal-16-disk.jpg\",\"contentUrl\":\"https:\\\/\\\/www.sandnestaxi.no\\\/wp-content\\\/uploads\\\/sites\\\/3\\\/2020\\\/01\\\/Bterminal-16-disk.jpg\"},{\"@type\":\"BreadcrumbList\",\"@id\":\"https:\\\/\\\/www.07000.no\\\/stavanger\\\/07000-for-bedrifter\\\/autobooking\\\/#breadcrumb\",\"itemListElement\":[{\"@type\":\"ListItem\",\"position\":1,\"name\":\"Hjem\",\"item\":\"https:\\\/\\\/www.07000.no\\\/stavanger\\\/\"},{\"@type\":\"ListItem\",\"position\":2,\"name\":\"07000 for bedrifter\",\"item\":\"https:\\\/\\\/www.07000.no\\\/stavanger\\\/07000-for-bedrifter\\\/\"},{\"@type\":\"ListItem\",\"position\":3,\"name\":\"Autobooking\"}]},{\"@type\":\"WebSite\",\"@id\":\"https:\\\/\\\/www.07000.no\\\/stavanger\\\/#website\",\"url\":\"https:\\\/\\\/www.07000.no\\\/stavanger\\\/\",\"name\":\"Stavanger\",\"description\":\"Bestill taxi p\u00e5 nett eller i app!\",\"potentialAction\":[{\"@type\":\"SearchAction\",\"target\":{\"@type\":\"EntryPoint\",\"urlTemplate\":\"https:\\\/\\\/www.07000.no\\\/stavanger\\\/?s={search_term_string}\"},\"query-input\":{\"@type\":\"PropertyValueSpecification\",\"valueRequired\":true,\"valueName\":\"search_term_string\"}}],\"inLanguage\":\"nb-NO\"}]}<\/script>\n<!-- \/ Yoast SEO plugin. -->","yoast_head_json":{"title":"Autobooking - Stavanger","robots":{"index":"index","follow":"follow","max-snippet":"max-snippet:-1","max-image-preview":"max-image-preview:large","max-video-preview":"max-video-preview:-1"},"canonical":"https:\/\/www.07000.no\/stavanger\/07000-for-bedrifter\/autobooking\/","og_locale":"nb_NO","og_type":"article","og_title":"Autobooking - Stavanger","og_description":"Med 07000 Bookingterminal f\u00e5r du en moderne bookingl\u00f8sning for hoteller, restauranter og andre bedrifter. L\u00f8sningen gir bl.a. f\u00f8lgende muligheter: 07000 Bookingterminal kan f\u00e5s i ulike st\u00f8rrelser tilpasset deres behov. L\u00f8sningen koster ingenting for brukersted, og vedlikeholdes av 07000 Sandnes Taxi. Ta gjerne kontakt for mer informasjon p\u00e5 enten: Tlf\u00a007000, eller e-post.","og_url":"https:\/\/www.07000.no\/stavanger\/07000-for-bedrifter\/autobooking\/","og_site_name":"Stavanger","article_modified_time":"2026-01-14T07:30:22+00:00","twitter_card":"summary_large_image","twitter_misc":{"Ansl. lesetid":"2 minutter"},"schema":{"@context":"https:\/\/schema.org","@graph":[{"@type":"WebPage","@id":"https:\/\/www.07000.no\/stavanger\/07000-for-bedrifter\/autobooking\/","url":"https:\/\/www.07000.no\/stavanger\/07000-for-bedrifter\/autobooking\/","name":"Autobooking - Stavanger","isPartOf":{"@id":"https:\/\/www.07000.no\/stavanger\/#website"},"primaryImageOfPage":{"@id":"https:\/\/www.07000.no\/stavanger\/07000-for-bedrifter\/autobooking\/#primaryimage"},"image":{"@id":"https:\/\/www.07000.no\/stavanger\/07000-for-bedrifter\/autobooking\/#primaryimage"},"thumbnailUrl":"https:\/\/www.sandnestaxi.no\/wp-content\/uploads\/sites\/3\/2020\/01\/Bterminal-16-disk.jpg","datePublished":"2026-01-13T14:24:16+00:00","dateModified":"2026-01-14T07:30:22+00:00","breadcrumb":{"@id":"https:\/\/www.07000.no\/stavanger\/07000-for-bedrifter\/autobooking\/#breadcrumb"},"inLanguage":"nb-NO","potentialAction":[{"@type":"ReadAction","target":["https:\/\/www.07000.no\/stavanger\/07000-for-bedrifter\/autobooking\/"]}]},{"@type":"ImageObject","inLanguage":"nb-NO","@id":"https:\/\/www.07000.no\/stavanger\/07000-for-bedrifter\/autobooking\/#primaryimage","url":"https:\/\/www.sandnestaxi.no\/wp-content\/uploads\/sites\/3\/2020\/01\/Bterminal-16-disk.jpg","contentUrl":"https:\/\/www.sandnestaxi.no\/wp-content\/uploads\/sites\/3\/2020\/01\/Bterminal-16-disk.jpg"},{"@type":"BreadcrumbList","@id":"https:\/\/www.07000.no\/stavanger\/07000-for-bedrifter\/autobooking\/#breadcrumb","itemListElement":[{"@type":"ListItem","position":1,"name":"Hjem","item":"https:\/\/www.07000.no\/stavanger\/"},{"@type":"ListItem","position":2,"name":"07000 for bedrifter","item":"https:\/\/www.07000.no\/stavanger\/07000-for-bedrifter\/"},{"@type":"ListItem","position":3,"name":"Autobooking"}]},{"@type":"WebSite","@id":"https:\/\/www.07000.no\/stavanger\/#website","url":"https:\/\/www.07000.no\/stavanger\/","name":"Stavanger","description":"Bestill taxi p\u00e5 nett eller i app!","potentialAction":[{"@type":"SearchAction","target":{"@type":"EntryPoint","urlTemplate":"https:\/\/www.07000.no\/stavanger\/?s={search_term_string}"},"query-input":{"@type":"PropertyValueSpecification","valueRequired":true,"valueName":"search_term_string"}}],"inLanguage":"nb-NO"}]}},"_links":{"self":[{"href":"https:\/\/www.07000.no\/stavanger\/wp-json\/wp\/v2\/pages\/1122","targetHints":{"allow":["GET"]}}],"collection":[{"href":"https:\/\/www.07000.no\/stavanger\/wp-json\/wp\/v2\/pages"}],"about":[{"href":"https:\/\/www.07000.no\/stavanger\/wp-json\/wp\/v2\/types\/page"}],"author":[{"embeddable":true,"href":"https:\/\/www.07000.no\/stavanger\/wp-json\/wp\/v2\/users\/31"}],"replies":[{"embeddable":true,"href":"https:\/\/www.07000.no\/stavanger\/wp-json\/wp\/v2\/comments?post=1122"}],"version-history":[{"count":4,"href":"https:\/\/www.07000.no\/stavanger\/wp-json\/wp\/v2\/pages\/1122\/revisions"}],"predecessor-version":[{"id":1128,"href":"https:\/\/www.07000.no\/stavanger\/wp-json\/wp\/v2\/pages\/1122\/revisions\/1128"}],"up":[{"embeddable":true,"href":"https:\/\/www.07000.no\/stavanger\/wp-json\/wp\/v2\/pages\/1104"}],"wp:attachment":[{"href":"https:\/\/www.07000.no\/stavanger\/wp-json\/wp\/v2\/media?parent=1122"}],"curies":[{"name":"wp","href":"https:\/\/api.w.org\/{rel}","templated":true}]}}