{"id":1132,"date":"2026-01-14T09:57:43","date_gmt":"2026-01-14T08:57:43","guid":{"rendered":"https:\/\/www.07000.no\/stavanger\/?page_id=1132"},"modified":"2026-01-14T09:57:43","modified_gmt":"2026-01-14T08:57:43","slug":"crewtransport","status":"publish","type":"page","link":"https:\/\/www.07000.no\/stavanger\/spesialoppdrag\/crewtransport\/","title":{"rendered":"Crewtransport"},"content":{"rendered":"\n<h3 class=\"wp-block-heading\">Komfortabelt til jobb \u2013 og tilbake<\/h3>\n\n\n\n<p>V\u00e5r n\u00e6rhet til Stavanger lufthavn, Sola og v\u00e5r fleksible bilpark gj\u00f8r oss i stand til \u00e5 tilby effektiv transport for mannskaper som skal til og fra arbeid \u2013 enten det er i luften, p\u00e5 sj\u00f8en eller p\u00e5 store arbeidsplasser i distriktet.<\/p>\n\n\n\n<h3 class=\"wp-block-heading\">Flymannskaper<\/h3>\n\n\n\n<p>Vi frakter daglig flycrew fra Stavanger lufthavn, Sola til hoteller og andre adresser i Sandnes\/Stavanger omr\u00e5det. V\u00e5r varierte bilpark gj\u00f8r det lett \u00e5 h\u00e5ndtere endringer p\u00e5 kort varsel \u2013 og \u00e5 tilpasse kapasiteten etter behov.<\/p>\n\n\n\n<h3 class=\"wp-block-heading\">Store arbeidsplasser i distriktet<\/h3>\n\n\n\n<p>I et distrikt med omfattende industrivirksomhet er det stort behov for frakt av medarbeidere fra store industriomr\u00e5der som Forus, Risavika p\u00e5 Tananger og Dusavik p\u00e5 Randaberg til og fra Stavanger lufthavn, Sola og andre reiseknutepunkter. Vi har fleksible transportl\u00f8sninger som passer dere \u2013 enten det dreier seg om enkeltturer eller faste oppdrag.<\/p>\n\n\n\n<h3 class=\"wp-block-heading\">Mannskap p\u00e5 sj\u00f8en<\/h3>\n\n\n\n<p>07000 Sandnes Taxi er stolte over b\u00e5de Sandnes og Stavanger som tradisjonsrik sj\u00f8fartsbyer, og frakter mer enn gjerne sj\u00f8mannskaper til og fra kai. Vi tilbyr ogs\u00e5 biler\/minibusser p\u00e5 timebasis for mannskaper med behov for \u00e5 ordne praktiske gj\u00f8rem\u00e5l i Sandnes\/Stavanger og omegn.<\/p>\n\n\n\n<p><\/p>\n","protected":false},"excerpt":{"rendered":"<p>Komfortabelt til jobb \u2013 og tilbake V\u00e5r n\u00e6rhet til Stavanger lufthavn, Sola og v\u00e5r fleksible bilpark gj\u00f8r oss i stand til \u00e5 tilby effektiv transport for mannskaper som skal til og fra arbeid \u2013 enten det er i luften, p\u00e5 sj\u00f8en eller p\u00e5 store arbeidsplasser i distriktet. Flymannskaper Vi frakter daglig flycrew fra Stavanger lufthavn,&#8230; <a class=\"readmore\" href=\"https:\/\/www.07000.no\/stavanger\/spesialoppdrag\/crewtransport\/\"><i>Les mer<\/i><\/a><\/p>\n","protected":false},"author":31,"featured_media":0,"parent":124,"menu_order":0,"comment_status":"closed","ping_status":"closed","template":"","meta":{"_acf_changed":false,"footnotes":""},"class_list":["post-1132","page","type-page","status-publish","hentry"],"acf":[],"yoast_head":"<!-- This site is optimized with the Yoast SEO plugin v27.4 - https:\/\/yoast.com\/product\/yoast-seo-wordpress\/ -->\n<title>Crewtransport - Stavanger<\/title>\n<meta name=\"robots\" content=\"index, follow, max-snippet:-1, max-image-preview:large, max-video-preview:-1\" \/>\n<link rel=\"canonical\" href=\"https:\/\/www.07000.no\/stavanger\/spesialoppdrag\/crewtransport\/\" \/>\n<meta property=\"og:locale\" content=\"nb_NO\" \/>\n<meta property=\"og:type\" content=\"article\" \/>\n<meta property=\"og:title\" content=\"Crewtransport - Stavanger\" \/>\n<meta property=\"og:description\" content=\"Komfortabelt til jobb \u2013 og tilbake V\u00e5r n\u00e6rhet til Stavanger lufthavn, Sola og v\u00e5r fleksible bilpark gj\u00f8r oss i stand til \u00e5 tilby effektiv transport for mannskaper som skal til og fra arbeid \u2013 enten det er i luften, p\u00e5 sj\u00f8en eller p\u00e5 store arbeidsplasser i distriktet. Flymannskaper Vi frakter daglig flycrew fra Stavanger lufthavn,... Les mer\" \/>\n<meta property=\"og:url\" content=\"https:\/\/www.07000.no\/stavanger\/spesialoppdrag\/crewtransport\/\" \/>\n<meta property=\"og:site_name\" content=\"Stavanger\" \/>\n<meta name=\"twitter:card\" content=\"summary_large_image\" \/>\n<meta name=\"twitter:label1\" content=\"Ansl. lesetid\" \/>\n\t<meta name=\"twitter:data1\" content=\"1 minutt\" \/>\n<script type=\"application\/ld+json\" class=\"yoast-schema-graph\">{\"@context\":\"https:\\\/\\\/schema.org\",\"@graph\":[{\"@type\":\"WebPage\",\"@id\":\"https:\\\/\\\/www.07000.no\\\/stavanger\\\/spesialoppdrag\\\/crewtransport\\\/\",\"url\":\"https:\\\/\\\/www.07000.no\\\/stavanger\\\/spesialoppdrag\\\/crewtransport\\\/\",\"name\":\"Crewtransport - Stavanger\",\"isPartOf\":{\"@id\":\"https:\\\/\\\/www.07000.no\\\/stavanger\\\/#website\"},\"datePublished\":\"2026-01-14T08:57:43+00:00\",\"breadcrumb\":{\"@id\":\"https:\\\/\\\/www.07000.no\\\/stavanger\\\/spesialoppdrag\\\/crewtransport\\\/#breadcrumb\"},\"inLanguage\":\"nb-NO\",\"potentialAction\":[{\"@type\":\"ReadAction\",\"target\":[\"https:\\\/\\\/www.07000.no\\\/stavanger\\\/spesialoppdrag\\\/crewtransport\\\/\"]}]},{\"@type\":\"BreadcrumbList\",\"@id\":\"https:\\\/\\\/www.07000.no\\\/stavanger\\\/spesialoppdrag\\\/crewtransport\\\/#breadcrumb\",\"itemListElement\":[{\"@type\":\"ListItem\",\"position\":1,\"name\":\"Hjem\",\"item\":\"https:\\\/\\\/www.07000.no\\\/stavanger\\\/\"},{\"@type\":\"ListItem\",\"position\":2,\"name\":\"Spesialoppdrag \u2013 vi har plass til alle!\",\"item\":\"https:\\\/\\\/www.07000.no\\\/stavanger\\\/spesialoppdrag\\\/\"},{\"@type\":\"ListItem\",\"position\":3,\"name\":\"Crewtransport\"}]},{\"@type\":\"WebSite\",\"@id\":\"https:\\\/\\\/www.07000.no\\\/stavanger\\\/#website\",\"url\":\"https:\\\/\\\/www.07000.no\\\/stavanger\\\/\",\"name\":\"Stavanger\",\"description\":\"Bestill taxi p\u00e5 nett eller i app!\",\"potentialAction\":[{\"@type\":\"SearchAction\",\"target\":{\"@type\":\"EntryPoint\",\"urlTemplate\":\"https:\\\/\\\/www.07000.no\\\/stavanger\\\/?s={search_term_string}\"},\"query-input\":{\"@type\":\"PropertyValueSpecification\",\"valueRequired\":true,\"valueName\":\"search_term_string\"}}],\"inLanguage\":\"nb-NO\"}]}<\/script>\n<!-- \/ Yoast SEO plugin. -->","yoast_head_json":{"title":"Crewtransport - Stavanger","robots":{"index":"index","follow":"follow","max-snippet":"max-snippet:-1","max-image-preview":"max-image-preview:large","max-video-preview":"max-video-preview:-1"},"canonical":"https:\/\/www.07000.no\/stavanger\/spesialoppdrag\/crewtransport\/","og_locale":"nb_NO","og_type":"article","og_title":"Crewtransport - Stavanger","og_description":"Komfortabelt til jobb \u2013 og tilbake V\u00e5r n\u00e6rhet til Stavanger lufthavn, Sola og v\u00e5r fleksible bilpark gj\u00f8r oss i stand til \u00e5 tilby effektiv transport for mannskaper som skal til og fra arbeid \u2013 enten det er i luften, p\u00e5 sj\u00f8en eller p\u00e5 store arbeidsplasser i distriktet. Flymannskaper Vi frakter daglig flycrew fra Stavanger lufthavn,... Les mer","og_url":"https:\/\/www.07000.no\/stavanger\/spesialoppdrag\/crewtransport\/","og_site_name":"Stavanger","twitter_card":"summary_large_image","twitter_misc":{"Ansl. lesetid":"1 minutt"},"schema":{"@context":"https:\/\/schema.org","@graph":[{"@type":"WebPage","@id":"https:\/\/www.07000.no\/stavanger\/spesialoppdrag\/crewtransport\/","url":"https:\/\/www.07000.no\/stavanger\/spesialoppdrag\/crewtransport\/","name":"Crewtransport - Stavanger","isPartOf":{"@id":"https:\/\/www.07000.no\/stavanger\/#website"},"datePublished":"2026-01-14T08:57:43+00:00","breadcrumb":{"@id":"https:\/\/www.07000.no\/stavanger\/spesialoppdrag\/crewtransport\/#breadcrumb"},"inLanguage":"nb-NO","potentialAction":[{"@type":"ReadAction","target":["https:\/\/www.07000.no\/stavanger\/spesialoppdrag\/crewtransport\/"]}]},{"@type":"BreadcrumbList","@id":"https:\/\/www.07000.no\/stavanger\/spesialoppdrag\/crewtransport\/#breadcrumb","itemListElement":[{"@type":"ListItem","position":1,"name":"Hjem","item":"https:\/\/www.07000.no\/stavanger\/"},{"@type":"ListItem","position":2,"name":"Spesialoppdrag \u2013 vi har plass til alle!","item":"https:\/\/www.07000.no\/stavanger\/spesialoppdrag\/"},{"@type":"ListItem","position":3,"name":"Crewtransport"}]},{"@type":"WebSite","@id":"https:\/\/www.07000.no\/stavanger\/#website","url":"https:\/\/www.07000.no\/stavanger\/","name":"Stavanger","description":"Bestill taxi p\u00e5 nett eller i app!","potentialAction":[{"@type":"SearchAction","target":{"@type":"EntryPoint","urlTemplate":"https:\/\/www.07000.no\/stavanger\/?s={search_term_string}"},"query-input":{"@type":"PropertyValueSpecification","valueRequired":true,"valueName":"search_term_string"}}],"inLanguage":"nb-NO"}]}},"_links":{"self":[{"href":"https:\/\/www.07000.no\/stavanger\/wp-json\/wp\/v2\/pages\/1132","targetHints":{"allow":["GET"]}}],"collection":[{"href":"https:\/\/www.07000.no\/stavanger\/wp-json\/wp\/v2\/pages"}],"about":[{"href":"https:\/\/www.07000.no\/stavanger\/wp-json\/wp\/v2\/types\/page"}],"author":[{"embeddable":true,"href":"https:\/\/www.07000.no\/stavanger\/wp-json\/wp\/v2\/users\/31"}],"replies":[{"embeddable":true,"href":"https:\/\/www.07000.no\/stavanger\/wp-json\/wp\/v2\/comments?post=1132"}],"version-history":[{"count":1,"href":"https:\/\/www.07000.no\/stavanger\/wp-json\/wp\/v2\/pages\/1132\/revisions"}],"predecessor-version":[{"id":1133,"href":"https:\/\/www.07000.no\/stavanger\/wp-json\/wp\/v2\/pages\/1132\/revisions\/1133"}],"up":[{"embeddable":true,"href":"https:\/\/www.07000.no\/stavanger\/wp-json\/wp\/v2\/pages\/124"}],"wp:attachment":[{"href":"https:\/\/www.07000.no\/stavanger\/wp-json\/wp\/v2\/media?parent=1132"}],"curies":[{"name":"wp","href":"https:\/\/api.w.org\/{rel}","templated":true}]}}