{"id":1137,"date":"2026-01-14T10:23:39","date_gmt":"2026-01-14T09:23:39","guid":{"rendered":"https:\/\/www.07000.no\/stavanger\/?page_id=1137"},"modified":"2026-01-14T10:23:40","modified_gmt":"2026-01-14T09:23:40","slug":"eldre-personer-med-nedsatt-funksjonsevne","status":"publish","type":"page","link":"https:\/\/www.07000.no\/stavanger\/spesialoppdrag\/eldre-personer-med-nedsatt-funksjonsevne\/","title":{"rendered":"Eldre\/Personer med nedsatt funksjonsevne"},"content":{"rendered":"\n<h3 class=\"wp-block-heading\">Vi gj\u00f8r turen litt enklere!<\/h3>\n\n\n\n<p>07000 Sandnes Taxi har lang erfaring med pasient- og rullestoltransport. Vi har derfor de beste forutsetninger for \u00e5 utf\u00f8re transport av eldre og personer med nedsatt funksjonsevne p\u00e5 en tilfredsstillende m\u00e5te \u2013 b\u00e5de for institusjoner og for lag, foreninger og privatpersoner.<\/p>\n\n\n\n<h3 class=\"wp-block-heading\">Vi kan rullestoltransport!<\/h3>\n\n\n\n<p>Vi har minibusser i ulike st\u00f8rrelser \u2013 alle tilpasset for \u00e5 ta med en, to eller tre rullestoler. Vi utf\u00f8rer hvert \u00e5r et stort antall transporter for Helse Stavanger, og har mange \u00e5rs erfaring med \u00e5 frakte passasjerer med behov for spesiell assistanse.<\/p>\n\n\n\n<h3 class=\"wp-block-heading\">En naturlig partner for institusjoner i Rogaland<\/h3>\n\n\n\n<p>Vi frakter beboere p\u00e5 en rekke institusjoner i Sandnes\/Stavanger og n\u00e6rliggende kommuner, blant annet gjennom v\u00e5rt samarbeid med Helse Stavanger. Det gj\u00f8r oss til en naturlig transportpartner ogs\u00e5 for private omsorgsinstitusjoner og andre som trenger sikker transport av eldre og personer med nedsatt funksjonsevne.<\/p>\n\n\n\n<h3 class=\"wp-block-heading\">Tur med pensjonistforeningen?<\/h3>\n\n\n\n<p>Vi stiller ogs\u00e5 gjerne opp for pensjonistforeninger eller private vennegjenger som vil p\u00e5 tur.<br>Ta kontakt med oss p\u00e5&nbsp;<a href=\"tel:07000\">07000<\/a>&nbsp;eller&nbsp;<a href=\"tel:51 66 16 00\">51 66 16 00<\/a><\/p>\n","protected":false},"excerpt":{"rendered":"<p>Vi gj\u00f8r turen litt enklere! 07000 Sandnes Taxi har lang erfaring med pasient- og rullestoltransport. Vi har derfor de beste forutsetninger for \u00e5 utf\u00f8re transport av eldre og personer med nedsatt funksjonsevne p\u00e5 en tilfredsstillende m\u00e5te \u2013 b\u00e5de for institusjoner og for lag, foreninger og privatpersoner. Vi kan rullestoltransport! Vi har minibusser i ulike st\u00f8rrelser&#8230; <a class=\"readmore\" href=\"https:\/\/www.07000.no\/stavanger\/spesialoppdrag\/eldre-personer-med-nedsatt-funksjonsevne\/\"><i>Les mer<\/i><\/a><\/p>\n","protected":false},"author":31,"featured_media":0,"parent":124,"menu_order":0,"comment_status":"closed","ping_status":"closed","template":"","meta":{"_acf_changed":false,"footnotes":""},"class_list":["post-1137","page","type-page","status-publish","hentry"],"acf":[],"yoast_head":"<!-- This site is optimized with the Yoast SEO plugin v27.4 - https:\/\/yoast.com\/product\/yoast-seo-wordpress\/ -->\n<title>Eldre\/Personer med nedsatt funksjonsevne - Stavanger<\/title>\n<meta name=\"robots\" content=\"index, follow, max-snippet:-1, max-image-preview:large, max-video-preview:-1\" \/>\n<link rel=\"canonical\" href=\"https:\/\/www.07000.no\/stavanger\/spesialoppdrag\/eldre-personer-med-nedsatt-funksjonsevne\/\" \/>\n<meta property=\"og:locale\" content=\"nb_NO\" \/>\n<meta property=\"og:type\" content=\"article\" \/>\n<meta property=\"og:title\" content=\"Eldre\/Personer med nedsatt funksjonsevne - Stavanger\" \/>\n<meta property=\"og:description\" content=\"Vi gj\u00f8r turen litt enklere! 07000 Sandnes Taxi har lang erfaring med pasient- og rullestoltransport. Vi har derfor de beste forutsetninger for \u00e5 utf\u00f8re transport av eldre og personer med nedsatt funksjonsevne p\u00e5 en tilfredsstillende m\u00e5te \u2013 b\u00e5de for institusjoner og for lag, foreninger og privatpersoner. Vi kan rullestoltransport! Vi har minibusser i ulike st\u00f8rrelser... Les mer\" \/>\n<meta property=\"og:url\" content=\"https:\/\/www.07000.no\/stavanger\/spesialoppdrag\/eldre-personer-med-nedsatt-funksjonsevne\/\" \/>\n<meta property=\"og:site_name\" content=\"Stavanger\" \/>\n<meta property=\"article:modified_time\" content=\"2026-01-14T09:23:40+00:00\" \/>\n<meta name=\"twitter:card\" content=\"summary_large_image\" \/>\n<meta name=\"twitter:label1\" content=\"Ansl. lesetid\" \/>\n\t<meta name=\"twitter:data1\" content=\"1 minutt\" \/>\n<script type=\"application\/ld+json\" class=\"yoast-schema-graph\">{\"@context\":\"https:\\\/\\\/schema.org\",\"@graph\":[{\"@type\":\"WebPage\",\"@id\":\"https:\\\/\\\/www.07000.no\\\/stavanger\\\/spesialoppdrag\\\/eldre-personer-med-nedsatt-funksjonsevne\\\/\",\"url\":\"https:\\\/\\\/www.07000.no\\\/stavanger\\\/spesialoppdrag\\\/eldre-personer-med-nedsatt-funksjonsevne\\\/\",\"name\":\"Eldre\\\/Personer med nedsatt funksjonsevne - Stavanger\",\"isPartOf\":{\"@id\":\"https:\\\/\\\/www.07000.no\\\/stavanger\\\/#website\"},\"datePublished\":\"2026-01-14T09:23:39+00:00\",\"dateModified\":\"2026-01-14T09:23:40+00:00\",\"breadcrumb\":{\"@id\":\"https:\\\/\\\/www.07000.no\\\/stavanger\\\/spesialoppdrag\\\/eldre-personer-med-nedsatt-funksjonsevne\\\/#breadcrumb\"},\"inLanguage\":\"nb-NO\",\"potentialAction\":[{\"@type\":\"ReadAction\",\"target\":[\"https:\\\/\\\/www.07000.no\\\/stavanger\\\/spesialoppdrag\\\/eldre-personer-med-nedsatt-funksjonsevne\\\/\"]}]},{\"@type\":\"BreadcrumbList\",\"@id\":\"https:\\\/\\\/www.07000.no\\\/stavanger\\\/spesialoppdrag\\\/eldre-personer-med-nedsatt-funksjonsevne\\\/#breadcrumb\",\"itemListElement\":[{\"@type\":\"ListItem\",\"position\":1,\"name\":\"Hjem\",\"item\":\"https:\\\/\\\/www.07000.no\\\/stavanger\\\/\"},{\"@type\":\"ListItem\",\"position\":2,\"name\":\"Spesialoppdrag \u2013 vi har plass til alle!\",\"item\":\"https:\\\/\\\/www.07000.no\\\/stavanger\\\/spesialoppdrag\\\/\"},{\"@type\":\"ListItem\",\"position\":3,\"name\":\"Eldre\\\/Personer med nedsatt funksjonsevne\"}]},{\"@type\":\"WebSite\",\"@id\":\"https:\\\/\\\/www.07000.no\\\/stavanger\\\/#website\",\"url\":\"https:\\\/\\\/www.07000.no\\\/stavanger\\\/\",\"name\":\"Stavanger\",\"description\":\"Bestill taxi p\u00e5 nett eller i app!\",\"potentialAction\":[{\"@type\":\"SearchAction\",\"target\":{\"@type\":\"EntryPoint\",\"urlTemplate\":\"https:\\\/\\\/www.07000.no\\\/stavanger\\\/?s={search_term_string}\"},\"query-input\":{\"@type\":\"PropertyValueSpecification\",\"valueRequired\":true,\"valueName\":\"search_term_string\"}}],\"inLanguage\":\"nb-NO\"}]}<\/script>\n<!-- \/ Yoast SEO plugin. -->","yoast_head_json":{"title":"Eldre\/Personer med nedsatt funksjonsevne - Stavanger","robots":{"index":"index","follow":"follow","max-snippet":"max-snippet:-1","max-image-preview":"max-image-preview:large","max-video-preview":"max-video-preview:-1"},"canonical":"https:\/\/www.07000.no\/stavanger\/spesialoppdrag\/eldre-personer-med-nedsatt-funksjonsevne\/","og_locale":"nb_NO","og_type":"article","og_title":"Eldre\/Personer med nedsatt funksjonsevne - Stavanger","og_description":"Vi gj\u00f8r turen litt enklere! 07000 Sandnes Taxi har lang erfaring med pasient- og rullestoltransport. Vi har derfor de beste forutsetninger for \u00e5 utf\u00f8re transport av eldre og personer med nedsatt funksjonsevne p\u00e5 en tilfredsstillende m\u00e5te \u2013 b\u00e5de for institusjoner og for lag, foreninger og privatpersoner. Vi kan rullestoltransport! Vi har minibusser i ulike st\u00f8rrelser... Les mer","og_url":"https:\/\/www.07000.no\/stavanger\/spesialoppdrag\/eldre-personer-med-nedsatt-funksjonsevne\/","og_site_name":"Stavanger","article_modified_time":"2026-01-14T09:23:40+00:00","twitter_card":"summary_large_image","twitter_misc":{"Ansl. lesetid":"1 minutt"},"schema":{"@context":"https:\/\/schema.org","@graph":[{"@type":"WebPage","@id":"https:\/\/www.07000.no\/stavanger\/spesialoppdrag\/eldre-personer-med-nedsatt-funksjonsevne\/","url":"https:\/\/www.07000.no\/stavanger\/spesialoppdrag\/eldre-personer-med-nedsatt-funksjonsevne\/","name":"Eldre\/Personer med nedsatt funksjonsevne - Stavanger","isPartOf":{"@id":"https:\/\/www.07000.no\/stavanger\/#website"},"datePublished":"2026-01-14T09:23:39+00:00","dateModified":"2026-01-14T09:23:40+00:00","breadcrumb":{"@id":"https:\/\/www.07000.no\/stavanger\/spesialoppdrag\/eldre-personer-med-nedsatt-funksjonsevne\/#breadcrumb"},"inLanguage":"nb-NO","potentialAction":[{"@type":"ReadAction","target":["https:\/\/www.07000.no\/stavanger\/spesialoppdrag\/eldre-personer-med-nedsatt-funksjonsevne\/"]}]},{"@type":"BreadcrumbList","@id":"https:\/\/www.07000.no\/stavanger\/spesialoppdrag\/eldre-personer-med-nedsatt-funksjonsevne\/#breadcrumb","itemListElement":[{"@type":"ListItem","position":1,"name":"Hjem","item":"https:\/\/www.07000.no\/stavanger\/"},{"@type":"ListItem","position":2,"name":"Spesialoppdrag \u2013 vi har plass til alle!","item":"https:\/\/www.07000.no\/stavanger\/spesialoppdrag\/"},{"@type":"ListItem","position":3,"name":"Eldre\/Personer med nedsatt funksjonsevne"}]},{"@type":"WebSite","@id":"https:\/\/www.07000.no\/stavanger\/#website","url":"https:\/\/www.07000.no\/stavanger\/","name":"Stavanger","description":"Bestill taxi p\u00e5 nett eller i app!","potentialAction":[{"@type":"SearchAction","target":{"@type":"EntryPoint","urlTemplate":"https:\/\/www.07000.no\/stavanger\/?s={search_term_string}"},"query-input":{"@type":"PropertyValueSpecification","valueRequired":true,"valueName":"search_term_string"}}],"inLanguage":"nb-NO"}]}},"_links":{"self":[{"href":"https:\/\/www.07000.no\/stavanger\/wp-json\/wp\/v2\/pages\/1137","targetHints":{"allow":["GET"]}}],"collection":[{"href":"https:\/\/www.07000.no\/stavanger\/wp-json\/wp\/v2\/pages"}],"about":[{"href":"https:\/\/www.07000.no\/stavanger\/wp-json\/wp\/v2\/types\/page"}],"author":[{"embeddable":true,"href":"https:\/\/www.07000.no\/stavanger\/wp-json\/wp\/v2\/users\/31"}],"replies":[{"embeddable":true,"href":"https:\/\/www.07000.no\/stavanger\/wp-json\/wp\/v2\/comments?post=1137"}],"version-history":[{"count":1,"href":"https:\/\/www.07000.no\/stavanger\/wp-json\/wp\/v2\/pages\/1137\/revisions"}],"predecessor-version":[{"id":1138,"href":"https:\/\/www.07000.no\/stavanger\/wp-json\/wp\/v2\/pages\/1137\/revisions\/1138"}],"up":[{"embeddable":true,"href":"https:\/\/www.07000.no\/stavanger\/wp-json\/wp\/v2\/pages\/124"}],"wp:attachment":[{"href":"https:\/\/www.07000.no\/stavanger\/wp-json\/wp\/v2\/media?parent=1137"}],"curies":[{"name":"wp","href":"https:\/\/api.w.org\/{rel}","templated":true}]}}