{"id":124,"date":"2021-10-26T11:05:00","date_gmt":"2021-10-26T09:05:00","guid":{"rendered":"https:\/\/www.07000.no\/stavanger\/?page_id=124"},"modified":"2026-01-14T09:46:02","modified_gmt":"2026-01-14T08:46:02","slug":"spesialoppdrag","status":"publish","type":"page","link":"https:\/\/www.07000.no\/stavanger\/spesialoppdrag\/","title":{"rendered":"Spesialoppdrag \u2013 vi har plass til alle!"},"content":{"rendered":"\n<p>Til kunder med s\u00e6rskilt behov for gruppe- eller spesialtransport tilbyr vi det vi kaller Spesialoppdrag. Slike oppdrag bestilles og planlegges i god tid, og leveres hovedsakelig av v\u00e5re minibusser. Med spesialoppdrag planlegges alt i forkant \u2013 dermed kan vi skreddersy transport til dine behov og sikre ekstra god leveringspresisjon.<\/p>\n\n\n\n<p><strong>Spesialoppdrag avviker fra et vanlig taxioppdrag p\u00e5 f\u00f8lgende m\u00e5ter:<\/strong><\/p>\n\n\n\n<ul class=\"wp-block-list\">\n<li><strong>H\u00e5ndplukket bil\/minibuss<\/strong>\u00a0og sj\u00e5f\u00f8r tilpasset ditt behov<\/li>\n\n\n\n<li>Foh\u00e5ndsavtalt\u00a0<strong>fast pris<\/strong><\/li>\n\n\n\n<li>Fleksible betalingsl\u00f8sninger \u2013 mulighet for\u00a0<strong>kreditt<\/strong>\u00a0(forbehold om kredittsjekk for nye kunder)<\/li>\n<\/ul>\n\n\n\n<p>Spesialoppdrag egner seg godt til gruppe- og spesialtransport, for eksempel :<\/p>\n\n\n\n<ul class=\"wp-block-list\">\n<li>Firmatur<\/li>\n\n\n\n<li>Crewtransport<\/li>\n\n\n\n<li>Eldre og bevegelseshemmede<\/li>\n\n\n\n<li>Skoler, barnehager og lag<\/li>\n\n\n\n<li>Kurs- og konferansetransport<\/li>\n<\/ul>\n\n\n\n<p>Via menyen til venstre kan du kan lese mer om spesialoppdrag til ulike form\u00e5l.<\/p>\n\n\n\n<p>Spesialoppdrag bestilles senest foreg\u00e5ende hverdag kl. 16.00.<br>For mer informasjon, kontakt gjerne v\u00e5rt kundesenter for spesialoppdrag p\u00e5&nbsp;<a href=\"tel:07000\">07000<\/a>&nbsp;eller&nbsp;<a href=\"tel:51 66 16 00\">51 66 16 00<\/a><\/p>\n","protected":false},"excerpt":{"rendered":"<p>Til kunder med s\u00e6rskilt behov for gruppe- eller spesialtransport tilbyr vi det vi kaller Spesialoppdrag. Slike oppdrag bestilles og planlegges i god tid, og leveres hovedsakelig av v\u00e5re minibusser. Med spesialoppdrag planlegges alt i forkant \u2013 dermed kan vi skreddersy transport til dine behov og sikre ekstra god leveringspresisjon. Spesialoppdrag avviker fra et vanlig taxioppdrag&#8230; <a class=\"readmore\" href=\"https:\/\/www.07000.no\/stavanger\/spesialoppdrag\/\"><i>Les mer<\/i><\/a><\/p>\n","protected":false},"author":1,"featured_media":0,"parent":0,"menu_order":0,"comment_status":"closed","ping_status":"closed","template":"","meta":{"_acf_changed":false,"footnotes":""},"class_list":["post-124","page","type-page","status-publish","hentry"],"acf":[],"yoast_head":"<!-- This site is optimized with the Yoast SEO plugin v27.4 - https:\/\/yoast.com\/product\/yoast-seo-wordpress\/ -->\n<title>Spesialoppdrag \u2013 vi har plass til alle! - Stavanger<\/title>\n<meta name=\"robots\" content=\"index, follow, max-snippet:-1, max-image-preview:large, max-video-preview:-1\" \/>\n<link rel=\"canonical\" href=\"https:\/\/www.07000.no\/stavanger\/spesialoppdrag\/\" \/>\n<meta property=\"og:locale\" content=\"nb_NO\" \/>\n<meta property=\"og:type\" content=\"article\" \/>\n<meta property=\"og:title\" content=\"Spesialoppdrag \u2013 vi har plass til alle! - Stavanger\" \/>\n<meta property=\"og:description\" content=\"Til kunder med s\u00e6rskilt behov for gruppe- eller spesialtransport tilbyr vi det vi kaller Spesialoppdrag. Slike oppdrag bestilles og planlegges i god tid, og leveres hovedsakelig av v\u00e5re minibusser. Med spesialoppdrag planlegges alt i forkant \u2013 dermed kan vi skreddersy transport til dine behov og sikre ekstra god leveringspresisjon. Spesialoppdrag avviker fra et vanlig taxioppdrag... Les mer\" \/>\n<meta property=\"og:url\" content=\"https:\/\/www.07000.no\/stavanger\/spesialoppdrag\/\" \/>\n<meta property=\"og:site_name\" content=\"Stavanger\" \/>\n<meta property=\"article:modified_time\" content=\"2026-01-14T08:46:02+00:00\" \/>\n<meta name=\"twitter:card\" content=\"summary_large_image\" \/>\n<meta name=\"twitter:label1\" content=\"Ansl. lesetid\" \/>\n\t<meta name=\"twitter:data1\" content=\"1 minutt\" \/>\n<script type=\"application\/ld+json\" class=\"yoast-schema-graph\">{\"@context\":\"https:\\\/\\\/schema.org\",\"@graph\":[{\"@type\":\"WebPage\",\"@id\":\"https:\\\/\\\/www.07000.no\\\/stavanger\\\/spesialoppdrag\\\/\",\"url\":\"https:\\\/\\\/www.07000.no\\\/stavanger\\\/spesialoppdrag\\\/\",\"name\":\"Spesialoppdrag \u2013 vi har plass til alle! - Stavanger\",\"isPartOf\":{\"@id\":\"https:\\\/\\\/www.07000.no\\\/stavanger\\\/#website\"},\"datePublished\":\"2021-10-26T09:05:00+00:00\",\"dateModified\":\"2026-01-14T08:46:02+00:00\",\"breadcrumb\":{\"@id\":\"https:\\\/\\\/www.07000.no\\\/stavanger\\\/spesialoppdrag\\\/#breadcrumb\"},\"inLanguage\":\"nb-NO\",\"potentialAction\":[{\"@type\":\"ReadAction\",\"target\":[\"https:\\\/\\\/www.07000.no\\\/stavanger\\\/spesialoppdrag\\\/\"]}]},{\"@type\":\"BreadcrumbList\",\"@id\":\"https:\\\/\\\/www.07000.no\\\/stavanger\\\/spesialoppdrag\\\/#breadcrumb\",\"itemListElement\":[{\"@type\":\"ListItem\",\"position\":1,\"name\":\"Hjem\",\"item\":\"https:\\\/\\\/www.07000.no\\\/stavanger\\\/\"},{\"@type\":\"ListItem\",\"position\":2,\"name\":\"Spesialoppdrag \u2013 vi har plass til alle!\"}]},{\"@type\":\"WebSite\",\"@id\":\"https:\\\/\\\/www.07000.no\\\/stavanger\\\/#website\",\"url\":\"https:\\\/\\\/www.07000.no\\\/stavanger\\\/\",\"name\":\"Stavanger\",\"description\":\"Bestill taxi p\u00e5 nett eller i app!\",\"potentialAction\":[{\"@type\":\"SearchAction\",\"target\":{\"@type\":\"EntryPoint\",\"urlTemplate\":\"https:\\\/\\\/www.07000.no\\\/stavanger\\\/?s={search_term_string}\"},\"query-input\":{\"@type\":\"PropertyValueSpecification\",\"valueRequired\":true,\"valueName\":\"search_term_string\"}}],\"inLanguage\":\"nb-NO\"}]}<\/script>\n<!-- \/ Yoast SEO plugin. -->","yoast_head_json":{"title":"Spesialoppdrag \u2013 vi har plass til alle! - Stavanger","robots":{"index":"index","follow":"follow","max-snippet":"max-snippet:-1","max-image-preview":"max-image-preview:large","max-video-preview":"max-video-preview:-1"},"canonical":"https:\/\/www.07000.no\/stavanger\/spesialoppdrag\/","og_locale":"nb_NO","og_type":"article","og_title":"Spesialoppdrag \u2013 vi har plass til alle! - Stavanger","og_description":"Til kunder med s\u00e6rskilt behov for gruppe- eller spesialtransport tilbyr vi det vi kaller Spesialoppdrag. Slike oppdrag bestilles og planlegges i god tid, og leveres hovedsakelig av v\u00e5re minibusser. Med spesialoppdrag planlegges alt i forkant \u2013 dermed kan vi skreddersy transport til dine behov og sikre ekstra god leveringspresisjon. Spesialoppdrag avviker fra et vanlig taxioppdrag... Les mer","og_url":"https:\/\/www.07000.no\/stavanger\/spesialoppdrag\/","og_site_name":"Stavanger","article_modified_time":"2026-01-14T08:46:02+00:00","twitter_card":"summary_large_image","twitter_misc":{"Ansl. lesetid":"1 minutt"},"schema":{"@context":"https:\/\/schema.org","@graph":[{"@type":"WebPage","@id":"https:\/\/www.07000.no\/stavanger\/spesialoppdrag\/","url":"https:\/\/www.07000.no\/stavanger\/spesialoppdrag\/","name":"Spesialoppdrag \u2013 vi har plass til alle! - Stavanger","isPartOf":{"@id":"https:\/\/www.07000.no\/stavanger\/#website"},"datePublished":"2021-10-26T09:05:00+00:00","dateModified":"2026-01-14T08:46:02+00:00","breadcrumb":{"@id":"https:\/\/www.07000.no\/stavanger\/spesialoppdrag\/#breadcrumb"},"inLanguage":"nb-NO","potentialAction":[{"@type":"ReadAction","target":["https:\/\/www.07000.no\/stavanger\/spesialoppdrag\/"]}]},{"@type":"BreadcrumbList","@id":"https:\/\/www.07000.no\/stavanger\/spesialoppdrag\/#breadcrumb","itemListElement":[{"@type":"ListItem","position":1,"name":"Hjem","item":"https:\/\/www.07000.no\/stavanger\/"},{"@type":"ListItem","position":2,"name":"Spesialoppdrag \u2013 vi har plass til alle!"}]},{"@type":"WebSite","@id":"https:\/\/www.07000.no\/stavanger\/#website","url":"https:\/\/www.07000.no\/stavanger\/","name":"Stavanger","description":"Bestill taxi p\u00e5 nett eller i app!","potentialAction":[{"@type":"SearchAction","target":{"@type":"EntryPoint","urlTemplate":"https:\/\/www.07000.no\/stavanger\/?s={search_term_string}"},"query-input":{"@type":"PropertyValueSpecification","valueRequired":true,"valueName":"search_term_string"}}],"inLanguage":"nb-NO"}]}},"_links":{"self":[{"href":"https:\/\/www.07000.no\/stavanger\/wp-json\/wp\/v2\/pages\/124","targetHints":{"allow":["GET"]}}],"collection":[{"href":"https:\/\/www.07000.no\/stavanger\/wp-json\/wp\/v2\/pages"}],"about":[{"href":"https:\/\/www.07000.no\/stavanger\/wp-json\/wp\/v2\/types\/page"}],"author":[{"embeddable":true,"href":"https:\/\/www.07000.no\/stavanger\/wp-json\/wp\/v2\/users\/1"}],"replies":[{"embeddable":true,"href":"https:\/\/www.07000.no\/stavanger\/wp-json\/wp\/v2\/comments?post=124"}],"version-history":[{"count":16,"href":"https:\/\/www.07000.no\/stavanger\/wp-json\/wp\/v2\/pages\/124\/revisions"}],"predecessor-version":[{"id":1131,"href":"https:\/\/www.07000.no\/stavanger\/wp-json\/wp\/v2\/pages\/124\/revisions\/1131"}],"wp:attachment":[{"href":"https:\/\/www.07000.no\/stavanger\/wp-json\/wp\/v2\/media?parent=124"}],"curies":[{"name":"wp","href":"https:\/\/api.w.org\/{rel}","templated":true}]}}