{"id":212,"date":"2021-11-11T13:18:18","date_gmt":"2021-11-11T12:18:18","guid":{"rendered":"https:\/\/www.07000.no\/stavanger\/?page_id=212"},"modified":"2025-08-22T15:11:53","modified_gmt":"2025-08-22T13:11:53","slug":"skoleskyss","status":"publish","type":"page","link":"https:\/\/www.07000.no\/stavanger\/spesialoppdrag\/skoleskyss\/","title":{"rendered":"Skoleskyss"},"content":{"rendered":"\n<figure class=\"wp-block-image size-full is-resized is-style-default\"><img loading=\"lazy\" decoding=\"async\" width=\"520\" height=\"292\" src=\"https:\/\/www.07000.no\/stavanger\/wp-content\/uploads\/sites\/20\/2021\/11\/Skoleskyss.jpg\" alt=\"\" class=\"wp-image-219\" style=\"width:626px;height:351px\" srcset=\"https:\/\/www.07000.no\/stavanger\/wp-content\/uploads\/sites\/20\/2021\/11\/Skoleskyss.jpg 520w, https:\/\/www.07000.no\/stavanger\/wp-content\/uploads\/sites\/20\/2021\/11\/Skoleskyss-300x168.jpg 300w\" sizes=\"auto, (max-width: 520px) 100vw, 520px\" \/><\/figure>\n\n\n\n<p>07000 Stavanger utf\u00f8rer skoleskyss for Kolumbus i Stavanger kommune. Har du behov for taxi til skolen bist\u00e5r vi effektivt og profesjonelt, alltid med str\u00e5lende service.<br><br>Vi i 07000 Stavanger har et eget team som jobber med skoleskyss. Skoleteamet er tilgjengelig p\u00e5 telefon (<a href=\"tel:51685168\">51685168<\/a>) hverdager mellom 07.00 og 16.00. Det er ogs\u00e5 mulig \u00e5\u00a0<a href=\"mailto:ruteplan@sandnestaxi.no\">sende epost<\/a>\u00a0direkte til oss.<\/p>\n\n\n\n<h3 class=\"wp-block-heading\">Taxi til eller fra skole<\/h3>\n\n\n\n<p>Skoleskyss er en kostnadsfri tjeneste for barn og unge i Rogaland, som har s\u00e6rskilte behov eller bor langt fra skolen. Det er ulike retningslinjer, for hvem som kan ha krav p\u00e5 skoleskyss med&nbsp;taxi. Kravene er som f\u00f8lger:<\/p>\n\n\n\n<ul class=\"wp-block-list\">\n<li>F\u00f8rste klassinger som bor minimum 2 kilometer fra skolen<\/li>\n\n\n\n<li>2. til 10. klassinger som bor minimum 4 km fra sin respektive skole<\/li>\n\n\n\n<li>Elever p\u00e5 videreg\u00e5ende som bor minst 6 kilometer fra skolen<\/li>\n\n\n\n<li>Elever der skoleveien er definert som spesielt farlig<\/li>\n\n\n\n<li>Barn som har s\u00e6rskilte behov<\/li>\n<\/ul>\n\n\n\n<h2 class=\"wp-block-heading\">Har du rett p\u00e5 skoleskyss?<\/h2>\n\n\n\n<p>Har du sp\u00f8rsm\u00e5l om skoleskyss, ta kontakt med skolen eller <a href=\"https:\/\/www.kolumbus.no\/reise\/rutetabeller\/buss\/skoleskyss\/\">Kolumbus<\/a>, som administrerer skoletransport.<\/p>\n\n\n\n<p>Skal du bestille drosje? Da kan du enkelt gj\u00f8r det&nbsp;<strong><a href=\"https:\/\/www.07000.no\/stavanger\/bestill-taxi\/\" target=\"_blank\" rel=\"noreferrer noopener\">her<\/a><\/strong>!<\/p>\n","protected":false},"excerpt":{"rendered":"<p>07000 Stavanger utf\u00f8rer skoleskyss for Kolumbus i Stavanger kommune. Har du behov for taxi til skolen bist\u00e5r vi effektivt og profesjonelt, alltid med str\u00e5lende service. Vi i 07000 Stavanger har et eget team som jobber med skoleskyss. Skoleteamet er tilgjengelig p\u00e5 telefon (51685168) hverdager mellom 07.00 og 16.00. Det er ogs\u00e5 mulig \u00e5\u00a0sende epost\u00a0direkte til&#8230; <a class=\"readmore\" href=\"https:\/\/www.07000.no\/stavanger\/spesialoppdrag\/skoleskyss\/\"><i>Les mer<\/i><\/a><\/p>\n","protected":false},"author":5,"featured_media":0,"parent":124,"menu_order":2,"comment_status":"closed","ping_status":"closed","template":"","meta":{"_acf_changed":false,"footnotes":""},"class_list":["post-212","page","type-page","status-publish","hentry"],"acf":[],"yoast_head":"<!-- This site is optimized with the Yoast SEO plugin v27.4 - https:\/\/yoast.com\/product\/yoast-seo-wordpress\/ -->\n<title>Skoleskyss - Stavanger<\/title>\n<meta name=\"robots\" content=\"index, follow, max-snippet:-1, max-image-preview:large, max-video-preview:-1\" \/>\n<link rel=\"canonical\" href=\"https:\/\/www.07000.no\/stavanger\/spesialoppdrag\/skoleskyss\/\" \/>\n<meta property=\"og:locale\" content=\"nb_NO\" \/>\n<meta property=\"og:type\" content=\"article\" \/>\n<meta property=\"og:title\" content=\"Skoleskyss - Stavanger\" \/>\n<meta property=\"og:description\" content=\"07000 Stavanger utf\u00f8rer skoleskyss for Kolumbus i Stavanger kommune. Har du behov for taxi til skolen bist\u00e5r vi effektivt og profesjonelt, alltid med str\u00e5lende service. Vi i 07000 Stavanger har et eget team som jobber med skoleskyss. Skoleteamet er tilgjengelig p\u00e5 telefon (51685168) hverdager mellom 07.00 og 16.00. Det er ogs\u00e5 mulig \u00e5\u00a0sende epost\u00a0direkte til... Les mer\" \/>\n<meta property=\"og:url\" content=\"https:\/\/www.07000.no\/stavanger\/spesialoppdrag\/skoleskyss\/\" \/>\n<meta property=\"og:site_name\" content=\"Stavanger\" \/>\n<meta property=\"article:modified_time\" content=\"2025-08-22T13:11:53+00:00\" \/>\n<meta property=\"og:image\" content=\"https:\/\/www.07000.no\/stavanger\/wp-content\/uploads\/sites\/20\/2021\/11\/Skoleskyss.jpg\" \/>\n\t<meta property=\"og:image:width\" content=\"520\" \/>\n\t<meta property=\"og:image:height\" content=\"292\" \/>\n\t<meta property=\"og:image:type\" content=\"image\/jpeg\" \/>\n<meta name=\"twitter:card\" content=\"summary_large_image\" \/>\n<meta name=\"twitter:label1\" content=\"Ansl. lesetid\" \/>\n\t<meta name=\"twitter:data1\" content=\"2 minutter\" \/>\n<script type=\"application\/ld+json\" class=\"yoast-schema-graph\">{\"@context\":\"https:\\\/\\\/schema.org\",\"@graph\":[{\"@type\":\"WebPage\",\"@id\":\"https:\\\/\\\/www.07000.no\\\/stavanger\\\/spesialoppdrag\\\/skoleskyss\\\/\",\"url\":\"https:\\\/\\\/www.07000.no\\\/stavanger\\\/spesialoppdrag\\\/skoleskyss\\\/\",\"name\":\"Skoleskyss - Stavanger\",\"isPartOf\":{\"@id\":\"https:\\\/\\\/www.07000.no\\\/stavanger\\\/#website\"},\"primaryImageOfPage\":{\"@id\":\"https:\\\/\\\/www.07000.no\\\/stavanger\\\/spesialoppdrag\\\/skoleskyss\\\/#primaryimage\"},\"image\":{\"@id\":\"https:\\\/\\\/www.07000.no\\\/stavanger\\\/spesialoppdrag\\\/skoleskyss\\\/#primaryimage\"},\"thumbnailUrl\":\"https:\\\/\\\/www.07000.no\\\/stavanger\\\/wp-content\\\/uploads\\\/sites\\\/20\\\/2021\\\/11\\\/Skoleskyss.jpg\",\"datePublished\":\"2021-11-11T12:18:18+00:00\",\"dateModified\":\"2025-08-22T13:11:53+00:00\",\"breadcrumb\":{\"@id\":\"https:\\\/\\\/www.07000.no\\\/stavanger\\\/spesialoppdrag\\\/skoleskyss\\\/#breadcrumb\"},\"inLanguage\":\"nb-NO\",\"potentialAction\":[{\"@type\":\"ReadAction\",\"target\":[\"https:\\\/\\\/www.07000.no\\\/stavanger\\\/spesialoppdrag\\\/skoleskyss\\\/\"]}]},{\"@type\":\"ImageObject\",\"inLanguage\":\"nb-NO\",\"@id\":\"https:\\\/\\\/www.07000.no\\\/stavanger\\\/spesialoppdrag\\\/skoleskyss\\\/#primaryimage\",\"url\":\"https:\\\/\\\/www.07000.no\\\/stavanger\\\/wp-content\\\/uploads\\\/sites\\\/20\\\/2021\\\/11\\\/Skoleskyss.jpg\",\"contentUrl\":\"https:\\\/\\\/www.07000.no\\\/stavanger\\\/wp-content\\\/uploads\\\/sites\\\/20\\\/2021\\\/11\\\/Skoleskyss.jpg\",\"width\":520,\"height\":292},{\"@type\":\"BreadcrumbList\",\"@id\":\"https:\\\/\\\/www.07000.no\\\/stavanger\\\/spesialoppdrag\\\/skoleskyss\\\/#breadcrumb\",\"itemListElement\":[{\"@type\":\"ListItem\",\"position\":1,\"name\":\"Hjem\",\"item\":\"https:\\\/\\\/www.07000.no\\\/stavanger\\\/\"},{\"@type\":\"ListItem\",\"position\":2,\"name\":\"Spesialoppdrag \u2013 vi har plass til alle!\",\"item\":\"https:\\\/\\\/www.07000.no\\\/stavanger\\\/spesialoppdrag\\\/\"},{\"@type\":\"ListItem\",\"position\":3,\"name\":\"Skoleskyss\"}]},{\"@type\":\"WebSite\",\"@id\":\"https:\\\/\\\/www.07000.no\\\/stavanger\\\/#website\",\"url\":\"https:\\\/\\\/www.07000.no\\\/stavanger\\\/\",\"name\":\"Stavanger\",\"description\":\"Bestill taxi p\u00e5 nett eller i app!\",\"potentialAction\":[{\"@type\":\"SearchAction\",\"target\":{\"@type\":\"EntryPoint\",\"urlTemplate\":\"https:\\\/\\\/www.07000.no\\\/stavanger\\\/?s={search_term_string}\"},\"query-input\":{\"@type\":\"PropertyValueSpecification\",\"valueRequired\":true,\"valueName\":\"search_term_string\"}}],\"inLanguage\":\"nb-NO\"}]}<\/script>\n<!-- \/ Yoast SEO plugin. -->","yoast_head_json":{"title":"Skoleskyss - Stavanger","robots":{"index":"index","follow":"follow","max-snippet":"max-snippet:-1","max-image-preview":"max-image-preview:large","max-video-preview":"max-video-preview:-1"},"canonical":"https:\/\/www.07000.no\/stavanger\/spesialoppdrag\/skoleskyss\/","og_locale":"nb_NO","og_type":"article","og_title":"Skoleskyss - Stavanger","og_description":"07000 Stavanger utf\u00f8rer skoleskyss for Kolumbus i Stavanger kommune. Har du behov for taxi til skolen bist\u00e5r vi effektivt og profesjonelt, alltid med str\u00e5lende service. Vi i 07000 Stavanger har et eget team som jobber med skoleskyss. Skoleteamet er tilgjengelig p\u00e5 telefon (51685168) hverdager mellom 07.00 og 16.00. Det er ogs\u00e5 mulig \u00e5\u00a0sende epost\u00a0direkte til... Les mer","og_url":"https:\/\/www.07000.no\/stavanger\/spesialoppdrag\/skoleskyss\/","og_site_name":"Stavanger","article_modified_time":"2025-08-22T13:11:53+00:00","og_image":[{"width":520,"height":292,"url":"https:\/\/www.07000.no\/stavanger\/wp-content\/uploads\/sites\/20\/2021\/11\/Skoleskyss.jpg","type":"image\/jpeg"}],"twitter_card":"summary_large_image","twitter_misc":{"Ansl. lesetid":"2 minutter"},"schema":{"@context":"https:\/\/schema.org","@graph":[{"@type":"WebPage","@id":"https:\/\/www.07000.no\/stavanger\/spesialoppdrag\/skoleskyss\/","url":"https:\/\/www.07000.no\/stavanger\/spesialoppdrag\/skoleskyss\/","name":"Skoleskyss - Stavanger","isPartOf":{"@id":"https:\/\/www.07000.no\/stavanger\/#website"},"primaryImageOfPage":{"@id":"https:\/\/www.07000.no\/stavanger\/spesialoppdrag\/skoleskyss\/#primaryimage"},"image":{"@id":"https:\/\/www.07000.no\/stavanger\/spesialoppdrag\/skoleskyss\/#primaryimage"},"thumbnailUrl":"https:\/\/www.07000.no\/stavanger\/wp-content\/uploads\/sites\/20\/2021\/11\/Skoleskyss.jpg","datePublished":"2021-11-11T12:18:18+00:00","dateModified":"2025-08-22T13:11:53+00:00","breadcrumb":{"@id":"https:\/\/www.07000.no\/stavanger\/spesialoppdrag\/skoleskyss\/#breadcrumb"},"inLanguage":"nb-NO","potentialAction":[{"@type":"ReadAction","target":["https:\/\/www.07000.no\/stavanger\/spesialoppdrag\/skoleskyss\/"]}]},{"@type":"ImageObject","inLanguage":"nb-NO","@id":"https:\/\/www.07000.no\/stavanger\/spesialoppdrag\/skoleskyss\/#primaryimage","url":"https:\/\/www.07000.no\/stavanger\/wp-content\/uploads\/sites\/20\/2021\/11\/Skoleskyss.jpg","contentUrl":"https:\/\/www.07000.no\/stavanger\/wp-content\/uploads\/sites\/20\/2021\/11\/Skoleskyss.jpg","width":520,"height":292},{"@type":"BreadcrumbList","@id":"https:\/\/www.07000.no\/stavanger\/spesialoppdrag\/skoleskyss\/#breadcrumb","itemListElement":[{"@type":"ListItem","position":1,"name":"Hjem","item":"https:\/\/www.07000.no\/stavanger\/"},{"@type":"ListItem","position":2,"name":"Spesialoppdrag \u2013 vi har plass til alle!","item":"https:\/\/www.07000.no\/stavanger\/spesialoppdrag\/"},{"@type":"ListItem","position":3,"name":"Skoleskyss"}]},{"@type":"WebSite","@id":"https:\/\/www.07000.no\/stavanger\/#website","url":"https:\/\/www.07000.no\/stavanger\/","name":"Stavanger","description":"Bestill taxi p\u00e5 nett eller i app!","potentialAction":[{"@type":"SearchAction","target":{"@type":"EntryPoint","urlTemplate":"https:\/\/www.07000.no\/stavanger\/?s={search_term_string}"},"query-input":{"@type":"PropertyValueSpecification","valueRequired":true,"valueName":"search_term_string"}}],"inLanguage":"nb-NO"}]}},"_links":{"self":[{"href":"https:\/\/www.07000.no\/stavanger\/wp-json\/wp\/v2\/pages\/212","targetHints":{"allow":["GET"]}}],"collection":[{"href":"https:\/\/www.07000.no\/stavanger\/wp-json\/wp\/v2\/pages"}],"about":[{"href":"https:\/\/www.07000.no\/stavanger\/wp-json\/wp\/v2\/types\/page"}],"author":[{"embeddable":true,"href":"https:\/\/www.07000.no\/stavanger\/wp-json\/wp\/v2\/users\/5"}],"replies":[{"embeddable":true,"href":"https:\/\/www.07000.no\/stavanger\/wp-json\/wp\/v2\/comments?post=212"}],"version-history":[{"count":8,"href":"https:\/\/www.07000.no\/stavanger\/wp-json\/wp\/v2\/pages\/212\/revisions"}],"predecessor-version":[{"id":1038,"href":"https:\/\/www.07000.no\/stavanger\/wp-json\/wp\/v2\/pages\/212\/revisions\/1038"}],"up":[{"embeddable":true,"href":"https:\/\/www.07000.no\/stavanger\/wp-json\/wp\/v2\/pages\/124"}],"wp:attachment":[{"href":"https:\/\/www.07000.no\/stavanger\/wp-json\/wp\/v2\/media?parent=212"}],"curies":[{"name":"wp","href":"https:\/\/api.w.org\/{rel}","templated":true}]}}