{"id":222,"date":"2021-11-11T13:38:11","date_gmt":"2021-11-11T12:38:11","guid":{"rendered":"https:\/\/www.07000.no\/stavanger\/?page_id=222"},"modified":"2023-09-21T13:27:21","modified_gmt":"2023-09-21T11:27:21","slug":"pasienttransport","status":"publish","type":"page","link":"https:\/\/www.07000.no\/stavanger\/spesialoppdrag\/pasienttransport\/","title":{"rendered":"Pasienttransport"},"content":{"rendered":"\n<figure class=\"wp-block-image size-full is-resized\"><img loading=\"lazy\" decoding=\"async\" src=\"https:\/\/www.07000.no\/stavanger\/wp-content\/uploads\/sites\/20\/2021\/11\/Pasienttransport.jpg\" alt=\"\" class=\"wp-image-223\" style=\"width:619px;height:348px\" width=\"619\" height=\"348\" srcset=\"https:\/\/www.07000.no\/stavanger\/wp-content\/uploads\/sites\/20\/2021\/11\/Pasienttransport.jpg 520w, https:\/\/www.07000.no\/stavanger\/wp-content\/uploads\/sites\/20\/2021\/11\/Pasienttransport-300x168.jpg 300w\" sizes=\"auto, (max-width: 619px) 100vw, 619px\" \/><\/figure>\n\n\n\n<p>07000 Stavanger har siden oppstart bist\u00e5tt med pasienttransport. Vi ser viktigheten og behovet,\u00a0for \u00e5 bist\u00e5\u00a0mennesker som ikke er i stand til \u00e5 benytte seg av bil eller ruteg\u00e5ende transport, med tilpasset helsetransport.<\/p>\n\n\n\n<h3 class=\"wp-block-heading\">Rekvisjon eller manglende rutetilbud<\/h3>\n\n\n\n<p>Dersom du av helsemessige \u00e5rsaker ikke er i stand til \u00e5 benytte ruteg\u00e5ende transport, kan du f\u00e5 rekvisisjon til drosje. Du kan ikke selv bestille drosjen for denne type reiser. Det er din behandler som skal vurdere ditt behov, skrive rekvisisjonen og bestille reisen.&nbsp;Manglende ruteg\u00e5ende tilbud der du bor, gir ogs\u00e5 i noen tilfeller rett til drosje. Ditt lokale Pasientreisekontor avgj\u00f8r om du har krav p\u00e5 dette. Reisen kan&nbsp;bestilles p\u00e5 Pasientreisers telefonnummer: 05515. Om du har behov for \u00e5 endre eller avbestille, skal dette ogs\u00e5 gj\u00f8res p\u00e5 telefon 05515. Ved alle pasientreiser m\u00e5 du betale en egenandel. Egenandelen legges til grunn for frikort og rapporteres elektronisk til HELFO.<\/p>\n\n\n\n<h3 class=\"wp-block-heading\">Profesjonell helsetransport<\/h3>\n\n\n\n<p>V\u00e5re sj\u00e5f\u00f8rer har gode lokalkunnskaper, utvidet kurs\/oppl\u00e6ring for helse- og uf\u00f8retransport, og har lang erfaring med helsetransport. Vi er behjelpelig med \u00e5 f\u00f8lge v\u00e5re passasjerer ut og inn av offentlige bygg etc. Hyggelige og serviceinnstilte sj\u00e5f\u00f8rer, gj\u00f8r pasienttransport med 07000 Stavanger til en fin opplevelse. Alle v\u00e5re sj\u00e5f\u00f8rer m\u00e5 gjennom ett 07000 Care program. (Service).<\/p>\n\n\n\n<h3 class=\"wp-block-heading\">Omr\u00e5der vi betjener<\/h3>\n\n\n\n<p>Vi er tilgjengelig for de som har krav p\u00e5 helsetransport i Stavanger. Ta kontakt hvis du \u00f8nsker mer informasjon om helsetransport.<\/p>\n","protected":false},"excerpt":{"rendered":"<p>07000 Stavanger har siden oppstart bist\u00e5tt med pasienttransport. Vi ser viktigheten og behovet,\u00a0for \u00e5 bist\u00e5\u00a0mennesker som ikke er i stand til \u00e5 benytte seg av bil eller ruteg\u00e5ende transport, med tilpasset helsetransport. Rekvisjon eller manglende rutetilbud Dersom du av helsemessige \u00e5rsaker ikke er i stand til \u00e5 benytte ruteg\u00e5ende transport, kan du f\u00e5 rekvisisjon til&#8230; <a class=\"readmore\" href=\"https:\/\/www.07000.no\/stavanger\/spesialoppdrag\/pasienttransport\/\"><i>Les mer<\/i><\/a><\/p>\n","protected":false},"author":5,"featured_media":0,"parent":124,"menu_order":3,"comment_status":"closed","ping_status":"closed","template":"","meta":{"_acf_changed":false,"footnotes":""},"class_list":["post-222","page","type-page","status-publish","hentry"],"acf":[],"yoast_head":"<!-- This site is optimized with the Yoast SEO plugin v27.4 - https:\/\/yoast.com\/product\/yoast-seo-wordpress\/ -->\n<title>Pasienttransport - Stavanger<\/title>\n<meta name=\"robots\" content=\"index, follow, max-snippet:-1, max-image-preview:large, max-video-preview:-1\" \/>\n<link rel=\"canonical\" href=\"https:\/\/www.07000.no\/stavanger\/spesialoppdrag\/pasienttransport\/\" \/>\n<meta property=\"og:locale\" content=\"nb_NO\" \/>\n<meta property=\"og:type\" content=\"article\" \/>\n<meta property=\"og:title\" content=\"Pasienttransport - Stavanger\" \/>\n<meta property=\"og:description\" content=\"07000 Stavanger har siden oppstart bist\u00e5tt med pasienttransport. Vi ser viktigheten og behovet,\u00a0for \u00e5 bist\u00e5\u00a0mennesker som ikke er i stand til \u00e5 benytte seg av bil eller ruteg\u00e5ende transport, med tilpasset helsetransport. Rekvisjon eller manglende rutetilbud Dersom du av helsemessige \u00e5rsaker ikke er i stand til \u00e5 benytte ruteg\u00e5ende transport, kan du f\u00e5 rekvisisjon til... Les mer\" \/>\n<meta property=\"og:url\" content=\"https:\/\/www.07000.no\/stavanger\/spesialoppdrag\/pasienttransport\/\" \/>\n<meta property=\"og:site_name\" content=\"Stavanger\" \/>\n<meta property=\"article:modified_time\" content=\"2023-09-21T11:27:21+00:00\" \/>\n<meta property=\"og:image\" content=\"https:\/\/www.07000.no\/stavanger\/wp-content\/uploads\/sites\/20\/2021\/11\/Pasienttransport.jpg\" \/>\n<meta name=\"twitter:card\" content=\"summary_large_image\" \/>\n<meta name=\"twitter:label1\" content=\"Ansl. lesetid\" \/>\n\t<meta name=\"twitter:data1\" content=\"2 minutter\" \/>\n<script type=\"application\/ld+json\" class=\"yoast-schema-graph\">{\"@context\":\"https:\\\/\\\/schema.org\",\"@graph\":[{\"@type\":\"WebPage\",\"@id\":\"https:\\\/\\\/www.07000.no\\\/stavanger\\\/spesialoppdrag\\\/pasienttransport\\\/\",\"url\":\"https:\\\/\\\/www.07000.no\\\/stavanger\\\/spesialoppdrag\\\/pasienttransport\\\/\",\"name\":\"Pasienttransport - Stavanger\",\"isPartOf\":{\"@id\":\"https:\\\/\\\/www.07000.no\\\/stavanger\\\/#website\"},\"primaryImageOfPage\":{\"@id\":\"https:\\\/\\\/www.07000.no\\\/stavanger\\\/spesialoppdrag\\\/pasienttransport\\\/#primaryimage\"},\"image\":{\"@id\":\"https:\\\/\\\/www.07000.no\\\/stavanger\\\/spesialoppdrag\\\/pasienttransport\\\/#primaryimage\"},\"thumbnailUrl\":\"https:\\\/\\\/www.07000.no\\\/stavanger\\\/wp-content\\\/uploads\\\/sites\\\/20\\\/2021\\\/11\\\/Pasienttransport.jpg\",\"datePublished\":\"2021-11-11T12:38:11+00:00\",\"dateModified\":\"2023-09-21T11:27:21+00:00\",\"breadcrumb\":{\"@id\":\"https:\\\/\\\/www.07000.no\\\/stavanger\\\/spesialoppdrag\\\/pasienttransport\\\/#breadcrumb\"},\"inLanguage\":\"nb-NO\",\"potentialAction\":[{\"@type\":\"ReadAction\",\"target\":[\"https:\\\/\\\/www.07000.no\\\/stavanger\\\/spesialoppdrag\\\/pasienttransport\\\/\"]}]},{\"@type\":\"ImageObject\",\"inLanguage\":\"nb-NO\",\"@id\":\"https:\\\/\\\/www.07000.no\\\/stavanger\\\/spesialoppdrag\\\/pasienttransport\\\/#primaryimage\",\"url\":\"https:\\\/\\\/www.07000.no\\\/stavanger\\\/wp-content\\\/uploads\\\/sites\\\/20\\\/2021\\\/11\\\/Pasienttransport.jpg\",\"contentUrl\":\"https:\\\/\\\/www.07000.no\\\/stavanger\\\/wp-content\\\/uploads\\\/sites\\\/20\\\/2021\\\/11\\\/Pasienttransport.jpg\",\"width\":520,\"height\":292},{\"@type\":\"BreadcrumbList\",\"@id\":\"https:\\\/\\\/www.07000.no\\\/stavanger\\\/spesialoppdrag\\\/pasienttransport\\\/#breadcrumb\",\"itemListElement\":[{\"@type\":\"ListItem\",\"position\":1,\"name\":\"Hjem\",\"item\":\"https:\\\/\\\/www.07000.no\\\/stavanger\\\/\"},{\"@type\":\"ListItem\",\"position\":2,\"name\":\"Spesialoppdrag \u2013 vi har plass til alle!\",\"item\":\"https:\\\/\\\/www.07000.no\\\/stavanger\\\/spesialoppdrag\\\/\"},{\"@type\":\"ListItem\",\"position\":3,\"name\":\"Pasienttransport\"}]},{\"@type\":\"WebSite\",\"@id\":\"https:\\\/\\\/www.07000.no\\\/stavanger\\\/#website\",\"url\":\"https:\\\/\\\/www.07000.no\\\/stavanger\\\/\",\"name\":\"Stavanger\",\"description\":\"Bestill taxi p\u00e5 nett eller i app!\",\"potentialAction\":[{\"@type\":\"SearchAction\",\"target\":{\"@type\":\"EntryPoint\",\"urlTemplate\":\"https:\\\/\\\/www.07000.no\\\/stavanger\\\/?s={search_term_string}\"},\"query-input\":{\"@type\":\"PropertyValueSpecification\",\"valueRequired\":true,\"valueName\":\"search_term_string\"}}],\"inLanguage\":\"nb-NO\"}]}<\/script>\n<!-- \/ Yoast SEO plugin. -->","yoast_head_json":{"title":"Pasienttransport - Stavanger","robots":{"index":"index","follow":"follow","max-snippet":"max-snippet:-1","max-image-preview":"max-image-preview:large","max-video-preview":"max-video-preview:-1"},"canonical":"https:\/\/www.07000.no\/stavanger\/spesialoppdrag\/pasienttransport\/","og_locale":"nb_NO","og_type":"article","og_title":"Pasienttransport - Stavanger","og_description":"07000 Stavanger har siden oppstart bist\u00e5tt med pasienttransport. Vi ser viktigheten og behovet,\u00a0for \u00e5 bist\u00e5\u00a0mennesker som ikke er i stand til \u00e5 benytte seg av bil eller ruteg\u00e5ende transport, med tilpasset helsetransport. Rekvisjon eller manglende rutetilbud Dersom du av helsemessige \u00e5rsaker ikke er i stand til \u00e5 benytte ruteg\u00e5ende transport, kan du f\u00e5 rekvisisjon til... Les mer","og_url":"https:\/\/www.07000.no\/stavanger\/spesialoppdrag\/pasienttransport\/","og_site_name":"Stavanger","article_modified_time":"2023-09-21T11:27:21+00:00","og_image":[{"url":"https:\/\/www.07000.no\/stavanger\/wp-content\/uploads\/sites\/20\/2021\/11\/Pasienttransport.jpg","type":"","width":"","height":""}],"twitter_card":"summary_large_image","twitter_misc":{"Ansl. lesetid":"2 minutter"},"schema":{"@context":"https:\/\/schema.org","@graph":[{"@type":"WebPage","@id":"https:\/\/www.07000.no\/stavanger\/spesialoppdrag\/pasienttransport\/","url":"https:\/\/www.07000.no\/stavanger\/spesialoppdrag\/pasienttransport\/","name":"Pasienttransport - Stavanger","isPartOf":{"@id":"https:\/\/www.07000.no\/stavanger\/#website"},"primaryImageOfPage":{"@id":"https:\/\/www.07000.no\/stavanger\/spesialoppdrag\/pasienttransport\/#primaryimage"},"image":{"@id":"https:\/\/www.07000.no\/stavanger\/spesialoppdrag\/pasienttransport\/#primaryimage"},"thumbnailUrl":"https:\/\/www.07000.no\/stavanger\/wp-content\/uploads\/sites\/20\/2021\/11\/Pasienttransport.jpg","datePublished":"2021-11-11T12:38:11+00:00","dateModified":"2023-09-21T11:27:21+00:00","breadcrumb":{"@id":"https:\/\/www.07000.no\/stavanger\/spesialoppdrag\/pasienttransport\/#breadcrumb"},"inLanguage":"nb-NO","potentialAction":[{"@type":"ReadAction","target":["https:\/\/www.07000.no\/stavanger\/spesialoppdrag\/pasienttransport\/"]}]},{"@type":"ImageObject","inLanguage":"nb-NO","@id":"https:\/\/www.07000.no\/stavanger\/spesialoppdrag\/pasienttransport\/#primaryimage","url":"https:\/\/www.07000.no\/stavanger\/wp-content\/uploads\/sites\/20\/2021\/11\/Pasienttransport.jpg","contentUrl":"https:\/\/www.07000.no\/stavanger\/wp-content\/uploads\/sites\/20\/2021\/11\/Pasienttransport.jpg","width":520,"height":292},{"@type":"BreadcrumbList","@id":"https:\/\/www.07000.no\/stavanger\/spesialoppdrag\/pasienttransport\/#breadcrumb","itemListElement":[{"@type":"ListItem","position":1,"name":"Hjem","item":"https:\/\/www.07000.no\/stavanger\/"},{"@type":"ListItem","position":2,"name":"Spesialoppdrag \u2013 vi har plass til alle!","item":"https:\/\/www.07000.no\/stavanger\/spesialoppdrag\/"},{"@type":"ListItem","position":3,"name":"Pasienttransport"}]},{"@type":"WebSite","@id":"https:\/\/www.07000.no\/stavanger\/#website","url":"https:\/\/www.07000.no\/stavanger\/","name":"Stavanger","description":"Bestill taxi p\u00e5 nett eller i app!","potentialAction":[{"@type":"SearchAction","target":{"@type":"EntryPoint","urlTemplate":"https:\/\/www.07000.no\/stavanger\/?s={search_term_string}"},"query-input":{"@type":"PropertyValueSpecification","valueRequired":true,"valueName":"search_term_string"}}],"inLanguage":"nb-NO"}]}},"_links":{"self":[{"href":"https:\/\/www.07000.no\/stavanger\/wp-json\/wp\/v2\/pages\/222","targetHints":{"allow":["GET"]}}],"collection":[{"href":"https:\/\/www.07000.no\/stavanger\/wp-json\/wp\/v2\/pages"}],"about":[{"href":"https:\/\/www.07000.no\/stavanger\/wp-json\/wp\/v2\/types\/page"}],"author":[{"embeddable":true,"href":"https:\/\/www.07000.no\/stavanger\/wp-json\/wp\/v2\/users\/5"}],"replies":[{"embeddable":true,"href":"https:\/\/www.07000.no\/stavanger\/wp-json\/wp\/v2\/comments?post=222"}],"version-history":[{"count":4,"href":"https:\/\/www.07000.no\/stavanger\/wp-json\/wp\/v2\/pages\/222\/revisions"}],"predecessor-version":[{"id":821,"href":"https:\/\/www.07000.no\/stavanger\/wp-json\/wp\/v2\/pages\/222\/revisions\/821"}],"up":[{"embeddable":true,"href":"https:\/\/www.07000.no\/stavanger\/wp-json\/wp\/v2\/pages\/124"}],"wp:attachment":[{"href":"https:\/\/www.07000.no\/stavanger\/wp-json\/wp\/v2\/media?parent=222"}],"curies":[{"name":"wp","href":"https:\/\/api.w.org\/{rel}","templated":true}]}}