{"id":23,"date":"2020-02-17T14:36:58","date_gmt":"2020-02-17T13:36:58","guid":{"rendered":"https:\/\/www.07000.no\/stavanger\/?page_id=23"},"modified":"2025-08-05T14:11:53","modified_gmt":"2025-08-05T12:11:53","slug":"kundeservice","status":"publish","type":"page","link":"https:\/\/www.07000.no\/stavanger\/kundeservice\/","title":{"rendered":"Kundeservice"},"content":{"rendered":"\n<h2 class=\"wp-block-heading\">Generelt om bestillinger<\/h2>\n\n\n\n<h3 class=\"wp-block-heading\" style=\"font-size:25px\"><strong>Direktebestilling<\/strong><\/h3>\n\n\n\n<p>Dette er den vanligste bestillingstypen. Du vil ha bil med en gang og ditt reise\u00f8nske registreres i v\u00e5rt trafikkdirigeringssystem. Bestillingen sendes ut umiddelbart for s\u00f8k etter ledig bil i omr\u00e5det.<\/p>\n\n\n\n<h3 class=\"wp-block-heading has-text-align-left\" style=\"font-size:25px\"><strong>Forh\u00e5ndsbestilling<\/strong><\/h3>\n\n\n\n<p>Du kan foreta en forh\u00e5ndsbestilling inntil 15 minutter f\u00f8r du \u00f8nsker en taxi. Din bestilling blir da sendt ut i taxien en stund f\u00f8r du skal hentes, slik at taxien er p\u00e5 din henteadresse til riktig tid. Det tilkommer ingen ekstra kostnader ved en forh\u00e5ndsbestilling.<\/p>\n\n\n\n<h3 class=\"wp-block-heading has-text-align-left\" style=\"font-size:25px\"><strong>Oppf\u00f8lging og sporbarhet<\/strong><\/h3>\n\n\n\n<p>Registrerte turer (direktebestillinger og forh\u00e5ndsbestillinger) kan spores i v\u00e5re trafikksystemer. Slike turer gir derfor en bedre mulighet for oppf\u00f8lging under og etter turen. For holdeplassturer og praieturer (bil stoppet p\u00e5 gaten) foreligger det mindre informasjon for ettertiden. Dette kan ha betydning for gjenglemte ting.<\/p>\n\n\n\n<p><\/p>\n","protected":false},"excerpt":{"rendered":"<p>Generelt om bestillinger Direktebestilling Dette er den vanligste bestillingstypen. Du vil ha bil med en gang og ditt reise\u00f8nske registreres i v\u00e5rt trafikkdirigeringssystem. Bestillingen sendes ut umiddelbart for s\u00f8k etter ledig bil i omr\u00e5det. Forh\u00e5ndsbestilling Du kan foreta en forh\u00e5ndsbestilling inntil 15 minutter f\u00f8r du \u00f8nsker en taxi. Din bestilling blir da sendt ut i&#8230; <a class=\"readmore\" href=\"https:\/\/www.07000.no\/stavanger\/kundeservice\/\"><i>Les mer<\/i><\/a><\/p>\n","protected":false},"author":3,"featured_media":0,"parent":0,"menu_order":0,"comment_status":"closed","ping_status":"closed","template":"","meta":{"_acf_changed":false,"footnotes":""},"class_list":["post-23","page","type-page","status-publish","hentry"],"acf":[],"yoast_head":"<!-- This site is optimized with the Yoast SEO plugin v27.4 - https:\/\/yoast.com\/product\/yoast-seo-wordpress\/ -->\n<title>Kundeservice - Stavanger<\/title>\n<meta name=\"robots\" content=\"index, follow, max-snippet:-1, max-image-preview:large, max-video-preview:-1\" \/>\n<link rel=\"canonical\" href=\"https:\/\/www.07000.no\/stavanger\/kundeservice\/\" \/>\n<meta property=\"og:locale\" content=\"nb_NO\" \/>\n<meta property=\"og:type\" content=\"article\" \/>\n<meta property=\"og:title\" content=\"Kundeservice - Stavanger\" \/>\n<meta property=\"og:description\" content=\"Generelt om bestillinger Direktebestilling Dette er den vanligste bestillingstypen. Du vil ha bil med en gang og ditt reise\u00f8nske registreres i v\u00e5rt trafikkdirigeringssystem. Bestillingen sendes ut umiddelbart for s\u00f8k etter ledig bil i omr\u00e5det. Forh\u00e5ndsbestilling Du kan foreta en forh\u00e5ndsbestilling inntil 15 minutter f\u00f8r du \u00f8nsker en taxi. Din bestilling blir da sendt ut i... Les mer\" \/>\n<meta property=\"og:url\" content=\"https:\/\/www.07000.no\/stavanger\/kundeservice\/\" \/>\n<meta property=\"og:site_name\" content=\"Stavanger\" \/>\n<meta property=\"article:modified_time\" content=\"2025-08-05T12:11:53+00:00\" \/>\n<meta name=\"twitter:card\" content=\"summary_large_image\" \/>\n<meta name=\"twitter:label1\" content=\"Ansl. lesetid\" \/>\n\t<meta name=\"twitter:data1\" content=\"1 minutt\" \/>\n<script type=\"application\/ld+json\" class=\"yoast-schema-graph\">{\"@context\":\"https:\\\/\\\/schema.org\",\"@graph\":[{\"@type\":\"WebPage\",\"@id\":\"https:\\\/\\\/www.07000.no\\\/stavanger\\\/kundeservice\\\/\",\"url\":\"https:\\\/\\\/www.07000.no\\\/stavanger\\\/kundeservice\\\/\",\"name\":\"Kundeservice - Stavanger\",\"isPartOf\":{\"@id\":\"https:\\\/\\\/www.07000.no\\\/stavanger\\\/#website\"},\"datePublished\":\"2020-02-17T13:36:58+00:00\",\"dateModified\":\"2025-08-05T12:11:53+00:00\",\"breadcrumb\":{\"@id\":\"https:\\\/\\\/www.07000.no\\\/stavanger\\\/kundeservice\\\/#breadcrumb\"},\"inLanguage\":\"nb-NO\",\"potentialAction\":[{\"@type\":\"ReadAction\",\"target\":[\"https:\\\/\\\/www.07000.no\\\/stavanger\\\/kundeservice\\\/\"]}]},{\"@type\":\"BreadcrumbList\",\"@id\":\"https:\\\/\\\/www.07000.no\\\/stavanger\\\/kundeservice\\\/#breadcrumb\",\"itemListElement\":[{\"@type\":\"ListItem\",\"position\":1,\"name\":\"Hjem\",\"item\":\"https:\\\/\\\/www.07000.no\\\/stavanger\\\/\"},{\"@type\":\"ListItem\",\"position\":2,\"name\":\"Kundeservice\"}]},{\"@type\":\"WebSite\",\"@id\":\"https:\\\/\\\/www.07000.no\\\/stavanger\\\/#website\",\"url\":\"https:\\\/\\\/www.07000.no\\\/stavanger\\\/\",\"name\":\"Stavanger\",\"description\":\"Bestill taxi p\u00e5 nett eller i app!\",\"potentialAction\":[{\"@type\":\"SearchAction\",\"target\":{\"@type\":\"EntryPoint\",\"urlTemplate\":\"https:\\\/\\\/www.07000.no\\\/stavanger\\\/?s={search_term_string}\"},\"query-input\":{\"@type\":\"PropertyValueSpecification\",\"valueRequired\":true,\"valueName\":\"search_term_string\"}}],\"inLanguage\":\"nb-NO\"}]}<\/script>\n<!-- \/ Yoast SEO plugin. -->","yoast_head_json":{"title":"Kundeservice - Stavanger","robots":{"index":"index","follow":"follow","max-snippet":"max-snippet:-1","max-image-preview":"max-image-preview:large","max-video-preview":"max-video-preview:-1"},"canonical":"https:\/\/www.07000.no\/stavanger\/kundeservice\/","og_locale":"nb_NO","og_type":"article","og_title":"Kundeservice - Stavanger","og_description":"Generelt om bestillinger Direktebestilling Dette er den vanligste bestillingstypen. Du vil ha bil med en gang og ditt reise\u00f8nske registreres i v\u00e5rt trafikkdirigeringssystem. Bestillingen sendes ut umiddelbart for s\u00f8k etter ledig bil i omr\u00e5det. Forh\u00e5ndsbestilling Du kan foreta en forh\u00e5ndsbestilling inntil 15 minutter f\u00f8r du \u00f8nsker en taxi. Din bestilling blir da sendt ut i... Les mer","og_url":"https:\/\/www.07000.no\/stavanger\/kundeservice\/","og_site_name":"Stavanger","article_modified_time":"2025-08-05T12:11:53+00:00","twitter_card":"summary_large_image","twitter_misc":{"Ansl. lesetid":"1 minutt"},"schema":{"@context":"https:\/\/schema.org","@graph":[{"@type":"WebPage","@id":"https:\/\/www.07000.no\/stavanger\/kundeservice\/","url":"https:\/\/www.07000.no\/stavanger\/kundeservice\/","name":"Kundeservice - Stavanger","isPartOf":{"@id":"https:\/\/www.07000.no\/stavanger\/#website"},"datePublished":"2020-02-17T13:36:58+00:00","dateModified":"2025-08-05T12:11:53+00:00","breadcrumb":{"@id":"https:\/\/www.07000.no\/stavanger\/kundeservice\/#breadcrumb"},"inLanguage":"nb-NO","potentialAction":[{"@type":"ReadAction","target":["https:\/\/www.07000.no\/stavanger\/kundeservice\/"]}]},{"@type":"BreadcrumbList","@id":"https:\/\/www.07000.no\/stavanger\/kundeservice\/#breadcrumb","itemListElement":[{"@type":"ListItem","position":1,"name":"Hjem","item":"https:\/\/www.07000.no\/stavanger\/"},{"@type":"ListItem","position":2,"name":"Kundeservice"}]},{"@type":"WebSite","@id":"https:\/\/www.07000.no\/stavanger\/#website","url":"https:\/\/www.07000.no\/stavanger\/","name":"Stavanger","description":"Bestill taxi p\u00e5 nett eller i app!","potentialAction":[{"@type":"SearchAction","target":{"@type":"EntryPoint","urlTemplate":"https:\/\/www.07000.no\/stavanger\/?s={search_term_string}"},"query-input":{"@type":"PropertyValueSpecification","valueRequired":true,"valueName":"search_term_string"}}],"inLanguage":"nb-NO"}]}},"_links":{"self":[{"href":"https:\/\/www.07000.no\/stavanger\/wp-json\/wp\/v2\/pages\/23","targetHints":{"allow":["GET"]}}],"collection":[{"href":"https:\/\/www.07000.no\/stavanger\/wp-json\/wp\/v2\/pages"}],"about":[{"href":"https:\/\/www.07000.no\/stavanger\/wp-json\/wp\/v2\/types\/page"}],"author":[{"embeddable":true,"href":"https:\/\/www.07000.no\/stavanger\/wp-json\/wp\/v2\/users\/3"}],"replies":[{"embeddable":true,"href":"https:\/\/www.07000.no\/stavanger\/wp-json\/wp\/v2\/comments?post=23"}],"version-history":[{"count":15,"href":"https:\/\/www.07000.no\/stavanger\/wp-json\/wp\/v2\/pages\/23\/revisions"}],"predecessor-version":[{"id":1028,"href":"https:\/\/www.07000.no\/stavanger\/wp-json\/wp\/v2\/pages\/23\/revisions\/1028"}],"wp:attachment":[{"href":"https:\/\/www.07000.no\/stavanger\/wp-json\/wp\/v2\/media?parent=23"}],"curies":[{"name":"wp","href":"https:\/\/api.w.org\/{rel}","templated":true}]}}