{"id":444,"date":"2021-12-30T14:16:47","date_gmt":"2021-12-30T13:16:47","guid":{"rendered":"https:\/\/www.07000.no\/stavanger\/?page_id=444"},"modified":"2023-09-21T13:32:41","modified_gmt":"2023-09-21T11:32:41","slug":"bli-07000-sjafor","status":"publish","type":"page","link":"https:\/\/www.07000.no\/stavanger\/bli-07000-sjafor\/","title":{"rendered":"Bli 07000-sj\u00e5f\u00f8r"},"content":{"rendered":"\n<p>Vi i 07000 Stavanger er alltid interessert i gode kolleger og flinke sj\u00e5f\u00f8rer! P\u00e5 denne siden finner du mer om rekruttering og oppl\u00e6ring av sj\u00e5f\u00f8rer og l\u00f8yvehavere. <\/p>\n\n\n\n<figure class=\"wp-block-image size-large is-resized\"><img loading=\"lazy\" decoding=\"async\" src=\"https:\/\/www.07000.no\/stavanger\/wp-content\/uploads\/sites\/20\/2021\/12\/btaxi100-1024x624.jpg\" alt=\"\" class=\"wp-image-441\" style=\"width:892px;height:543px\" width=\"892\" height=\"543\" srcset=\"https:\/\/www.07000.no\/stavanger\/wp-content\/uploads\/sites\/20\/2021\/12\/btaxi100-1024x624.jpg 1024w, https:\/\/www.07000.no\/stavanger\/wp-content\/uploads\/sites\/20\/2021\/12\/btaxi100-300x183.jpg 300w, https:\/\/www.07000.no\/stavanger\/wp-content\/uploads\/sites\/20\/2021\/12\/btaxi100-768x468.jpg 768w, https:\/\/www.07000.no\/stavanger\/wp-content\/uploads\/sites\/20\/2021\/12\/btaxi100.jpg 1079w\" sizes=\"auto, (max-width: 892px) 100vw, 892px\" \/><\/figure>\n","protected":false},"excerpt":{"rendered":"<p>Vi i 07000 Stavanger er alltid interessert i gode kolleger og flinke sj\u00e5f\u00f8rer! P\u00e5 denne siden finner du mer om rekruttering og oppl\u00e6ring av sj\u00e5f\u00f8rer og l\u00f8yvehavere.<\/p>\n","protected":false},"author":5,"featured_media":0,"parent":0,"menu_order":0,"comment_status":"closed","ping_status":"closed","template":"","meta":{"_acf_changed":false,"footnotes":""},"class_list":["post-444","page","type-page","status-publish","hentry"],"acf":[],"yoast_head":"<!-- This site is optimized with the Yoast SEO plugin v27.6 - https:\/\/yoast.com\/product\/yoast-seo-wordpress\/ -->\n<title>Bli 07000-sj\u00e5f\u00f8r - Stavanger<\/title>\n<meta name=\"robots\" content=\"index, follow, max-snippet:-1, max-image-preview:large, max-video-preview:-1\" \/>\n<link rel=\"canonical\" href=\"https:\/\/www.07000.no\/stavanger\/bli-07000-sjafor\/\" \/>\n<meta property=\"og:locale\" content=\"nb_NO\" \/>\n<meta property=\"og:type\" content=\"article\" \/>\n<meta property=\"og:title\" content=\"Bli 07000-sj\u00e5f\u00f8r - Stavanger\" \/>\n<meta property=\"og:description\" content=\"Vi i 07000 Stavanger er alltid interessert i gode kolleger og flinke sj\u00e5f\u00f8rer! P\u00e5 denne siden finner du mer om rekruttering og oppl\u00e6ring av sj\u00e5f\u00f8rer og l\u00f8yvehavere.\" \/>\n<meta property=\"og:url\" content=\"https:\/\/www.07000.no\/stavanger\/bli-07000-sjafor\/\" \/>\n<meta property=\"og:site_name\" content=\"Stavanger\" \/>\n<meta property=\"article:modified_time\" content=\"2023-09-21T11:32:41+00:00\" \/>\n<meta property=\"og:image\" content=\"https:\/\/www.07000.no\/stavanger\/wp-content\/uploads\/sites\/20\/2021\/12\/btaxi100-1024x624.jpg\" \/>\n<meta name=\"twitter:card\" content=\"summary_large_image\" \/>\n<meta name=\"twitter:label1\" content=\"Ansl. lesetid\" \/>\n\t<meta name=\"twitter:data1\" content=\"1 minutt\" \/>\n<script type=\"application\/ld+json\" class=\"yoast-schema-graph\">{\"@context\":\"https:\\\/\\\/schema.org\",\"@graph\":[{\"@type\":\"WebPage\",\"@id\":\"https:\\\/\\\/www.07000.no\\\/stavanger\\\/bli-07000-sjafor\\\/\",\"url\":\"https:\\\/\\\/www.07000.no\\\/stavanger\\\/bli-07000-sjafor\\\/\",\"name\":\"Bli 07000-sj\u00e5f\u00f8r - Stavanger\",\"isPartOf\":{\"@id\":\"https:\\\/\\\/www.07000.no\\\/stavanger\\\/#website\"},\"primaryImageOfPage\":{\"@id\":\"https:\\\/\\\/www.07000.no\\\/stavanger\\\/bli-07000-sjafor\\\/#primaryimage\"},\"image\":{\"@id\":\"https:\\\/\\\/www.07000.no\\\/stavanger\\\/bli-07000-sjafor\\\/#primaryimage\"},\"thumbnailUrl\":\"https:\\\/\\\/www.07000.no\\\/stavanger\\\/wp-content\\\/uploads\\\/sites\\\/20\\\/2021\\\/12\\\/btaxi100-1024x624.jpg\",\"datePublished\":\"2021-12-30T13:16:47+00:00\",\"dateModified\":\"2023-09-21T11:32:41+00:00\",\"breadcrumb\":{\"@id\":\"https:\\\/\\\/www.07000.no\\\/stavanger\\\/bli-07000-sjafor\\\/#breadcrumb\"},\"inLanguage\":\"nb-NO\",\"potentialAction\":[{\"@type\":\"ReadAction\",\"target\":[\"https:\\\/\\\/www.07000.no\\\/stavanger\\\/bli-07000-sjafor\\\/\"]}]},{\"@type\":\"ImageObject\",\"inLanguage\":\"nb-NO\",\"@id\":\"https:\\\/\\\/www.07000.no\\\/stavanger\\\/bli-07000-sjafor\\\/#primaryimage\",\"url\":\"https:\\\/\\\/www.07000.no\\\/stavanger\\\/wp-content\\\/uploads\\\/sites\\\/20\\\/2021\\\/12\\\/btaxi100.jpg\",\"contentUrl\":\"https:\\\/\\\/www.07000.no\\\/stavanger\\\/wp-content\\\/uploads\\\/sites\\\/20\\\/2021\\\/12\\\/btaxi100.jpg\",\"width\":1079,\"height\":658},{\"@type\":\"BreadcrumbList\",\"@id\":\"https:\\\/\\\/www.07000.no\\\/stavanger\\\/bli-07000-sjafor\\\/#breadcrumb\",\"itemListElement\":[{\"@type\":\"ListItem\",\"position\":1,\"name\":\"Hjem\",\"item\":\"https:\\\/\\\/www.07000.no\\\/stavanger\\\/\"},{\"@type\":\"ListItem\",\"position\":2,\"name\":\"Bli 07000-sj\u00e5f\u00f8r\"}]},{\"@type\":\"WebSite\",\"@id\":\"https:\\\/\\\/www.07000.no\\\/stavanger\\\/#website\",\"url\":\"https:\\\/\\\/www.07000.no\\\/stavanger\\\/\",\"name\":\"Stavanger\",\"description\":\"Bestill taxi p\u00e5 nett eller i app!\",\"potentialAction\":[{\"@type\":\"SearchAction\",\"target\":{\"@type\":\"EntryPoint\",\"urlTemplate\":\"https:\\\/\\\/www.07000.no\\\/stavanger\\\/?s={search_term_string}\"},\"query-input\":{\"@type\":\"PropertyValueSpecification\",\"valueRequired\":true,\"valueName\":\"search_term_string\"}}],\"inLanguage\":\"nb-NO\"}]}<\/script>\n<!-- \/ Yoast SEO plugin. -->","yoast_head_json":{"title":"Bli 07000-sj\u00e5f\u00f8r - Stavanger","robots":{"index":"index","follow":"follow","max-snippet":"max-snippet:-1","max-image-preview":"max-image-preview:large","max-video-preview":"max-video-preview:-1"},"canonical":"https:\/\/www.07000.no\/stavanger\/bli-07000-sjafor\/","og_locale":"nb_NO","og_type":"article","og_title":"Bli 07000-sj\u00e5f\u00f8r - Stavanger","og_description":"Vi i 07000 Stavanger er alltid interessert i gode kolleger og flinke sj\u00e5f\u00f8rer! P\u00e5 denne siden finner du mer om rekruttering og oppl\u00e6ring av sj\u00e5f\u00f8rer og l\u00f8yvehavere.","og_url":"https:\/\/www.07000.no\/stavanger\/bli-07000-sjafor\/","og_site_name":"Stavanger","article_modified_time":"2023-09-21T11:32:41+00:00","og_image":[{"url":"https:\/\/www.07000.no\/stavanger\/wp-content\/uploads\/sites\/20\/2021\/12\/btaxi100-1024x624.jpg","type":"","width":"","height":""}],"twitter_card":"summary_large_image","twitter_misc":{"Ansl. lesetid":"1 minutt"},"schema":{"@context":"https:\/\/schema.org","@graph":[{"@type":"WebPage","@id":"https:\/\/www.07000.no\/stavanger\/bli-07000-sjafor\/","url":"https:\/\/www.07000.no\/stavanger\/bli-07000-sjafor\/","name":"Bli 07000-sj\u00e5f\u00f8r - Stavanger","isPartOf":{"@id":"https:\/\/www.07000.no\/stavanger\/#website"},"primaryImageOfPage":{"@id":"https:\/\/www.07000.no\/stavanger\/bli-07000-sjafor\/#primaryimage"},"image":{"@id":"https:\/\/www.07000.no\/stavanger\/bli-07000-sjafor\/#primaryimage"},"thumbnailUrl":"https:\/\/www.07000.no\/stavanger\/wp-content\/uploads\/sites\/20\/2021\/12\/btaxi100-1024x624.jpg","datePublished":"2021-12-30T13:16:47+00:00","dateModified":"2023-09-21T11:32:41+00:00","breadcrumb":{"@id":"https:\/\/www.07000.no\/stavanger\/bli-07000-sjafor\/#breadcrumb"},"inLanguage":"nb-NO","potentialAction":[{"@type":"ReadAction","target":["https:\/\/www.07000.no\/stavanger\/bli-07000-sjafor\/"]}]},{"@type":"ImageObject","inLanguage":"nb-NO","@id":"https:\/\/www.07000.no\/stavanger\/bli-07000-sjafor\/#primaryimage","url":"https:\/\/www.07000.no\/stavanger\/wp-content\/uploads\/sites\/20\/2021\/12\/btaxi100.jpg","contentUrl":"https:\/\/www.07000.no\/stavanger\/wp-content\/uploads\/sites\/20\/2021\/12\/btaxi100.jpg","width":1079,"height":658},{"@type":"BreadcrumbList","@id":"https:\/\/www.07000.no\/stavanger\/bli-07000-sjafor\/#breadcrumb","itemListElement":[{"@type":"ListItem","position":1,"name":"Hjem","item":"https:\/\/www.07000.no\/stavanger\/"},{"@type":"ListItem","position":2,"name":"Bli 07000-sj\u00e5f\u00f8r"}]},{"@type":"WebSite","@id":"https:\/\/www.07000.no\/stavanger\/#website","url":"https:\/\/www.07000.no\/stavanger\/","name":"Stavanger","description":"Bestill taxi p\u00e5 nett eller i app!","potentialAction":[{"@type":"SearchAction","target":{"@type":"EntryPoint","urlTemplate":"https:\/\/www.07000.no\/stavanger\/?s={search_term_string}"},"query-input":{"@type":"PropertyValueSpecification","valueRequired":true,"valueName":"search_term_string"}}],"inLanguage":"nb-NO"}]}},"_links":{"self":[{"href":"https:\/\/www.07000.no\/stavanger\/wp-json\/wp\/v2\/pages\/444","targetHints":{"allow":["GET"]}}],"collection":[{"href":"https:\/\/www.07000.no\/stavanger\/wp-json\/wp\/v2\/pages"}],"about":[{"href":"https:\/\/www.07000.no\/stavanger\/wp-json\/wp\/v2\/types\/page"}],"author":[{"embeddable":true,"href":"https:\/\/www.07000.no\/stavanger\/wp-json\/wp\/v2\/users\/5"}],"replies":[{"embeddable":true,"href":"https:\/\/www.07000.no\/stavanger\/wp-json\/wp\/v2\/comments?post=444"}],"version-history":[{"count":2,"href":"https:\/\/www.07000.no\/stavanger\/wp-json\/wp\/v2\/pages\/444\/revisions"}],"predecessor-version":[{"id":826,"href":"https:\/\/www.07000.no\/stavanger\/wp-json\/wp\/v2\/pages\/444\/revisions\/826"}],"wp:attachment":[{"href":"https:\/\/www.07000.no\/stavanger\/wp-json\/wp\/v2\/media?parent=444"}],"curies":[{"name":"wp","href":"https:\/\/api.w.org\/{rel}","templated":true}]}}