{"id":883,"date":"2024-03-26T15:26:26","date_gmt":"2024-03-26T14:26:26","guid":{"rendered":"https:\/\/www.07000.no\/stavanger\/?page_id=883"},"modified":"2024-03-26T15:26:27","modified_gmt":"2024-03-26T14:26:27","slug":"priskalkulator","status":"publish","type":"page","link":"https:\/\/www.07000.no\/stavanger\/priser\/priskalkulator\/","title":{"rendered":"Priskalkulator"},"content":{"rendered":"\n<p>Du kan enkelt beregne pris for din reise&nbsp;<a href=\"https:\/\/bestilling.sandnestaxi.no\/\"><strong>ved \u00e5 bruke v\u00e5r bestillingsside<\/strong><\/a>. Ved \u00e5 legge inn fra- og til adresse og tidspunkt vil du der f\u00e5 opp en beregnet makspris for reisen.&nbsp;<\/p>\n\n\n\n<p>Hvis du vil g\u00e5 videre til bestilling av reisen kan du bare legge inn navn og telefonnummer og trykke &laquo;Neste&raquo; .<br>Du vil da automatisk f\u00e5 beregnet makspris med p\u00e5 din bestilling.&nbsp;<\/p>\n\n\n\n<p><strong>Hva er makspris?<\/strong><br>Makspris er en garantert maksimalpris for din reise &#8211; du betaler det laveste av taksameterpris og avtalt makspris.<br>Prisen forutsetter raskeste rute fra start til m\u00e5l, uten omveier eller stopp underveis.&nbsp;<\/p>\n\n\n\n<p><a href=\"https:\/\/bestilling.sandnestaxi.no\/\"><strong>Klikk her for \u00e5 g\u00e5 til prisberegning og bestilling<\/strong><\/a><\/p>\n","protected":false},"excerpt":{"rendered":"<p>Du kan enkelt beregne pris for din reise&nbsp;ved \u00e5 bruke v\u00e5r bestillingsside. Ved \u00e5 legge inn fra- og til adresse og tidspunkt vil du der f\u00e5 opp en beregnet makspris for reisen.&nbsp; Hvis du vil g\u00e5 videre til bestilling av reisen kan du bare legge inn navn og telefonnummer og trykke &laquo;Neste&raquo; .Du vil da&#8230; <a class=\"readmore\" href=\"https:\/\/www.07000.no\/stavanger\/priser\/priskalkulator\/\"><i>Les mer<\/i><\/a><\/p>\n","protected":false},"author":5,"featured_media":0,"parent":17,"menu_order":1,"comment_status":"closed","ping_status":"closed","template":"","meta":{"_acf_changed":false,"footnotes":""},"class_list":["post-883","page","type-page","status-publish","hentry"],"acf":[],"yoast_head":"<!-- This site is optimized with the Yoast SEO plugin v27.6 - https:\/\/yoast.com\/product\/yoast-seo-wordpress\/ -->\n<title>Priskalkulator - Stavanger<\/title>\n<meta name=\"robots\" content=\"index, follow, max-snippet:-1, max-image-preview:large, max-video-preview:-1\" \/>\n<link rel=\"canonical\" href=\"https:\/\/www.07000.no\/stavanger\/priser\/priskalkulator\/\" \/>\n<meta property=\"og:locale\" content=\"nb_NO\" \/>\n<meta property=\"og:type\" content=\"article\" \/>\n<meta property=\"og:title\" content=\"Priskalkulator - Stavanger\" \/>\n<meta property=\"og:description\" content=\"Du kan enkelt beregne pris for din reise&nbsp;ved \u00e5 bruke v\u00e5r bestillingsside. Ved \u00e5 legge inn fra- og til adresse og tidspunkt vil du der f\u00e5 opp en beregnet makspris for reisen.&nbsp; Hvis du vil g\u00e5 videre til bestilling av reisen kan du bare legge inn navn og telefonnummer og trykke &laquo;Neste&raquo; .Du vil da... Les mer\" \/>\n<meta property=\"og:url\" content=\"https:\/\/www.07000.no\/stavanger\/priser\/priskalkulator\/\" \/>\n<meta property=\"og:site_name\" content=\"Stavanger\" \/>\n<meta property=\"article:modified_time\" content=\"2024-03-26T14:26:27+00:00\" \/>\n<meta name=\"twitter:card\" content=\"summary_large_image\" \/>\n<meta name=\"twitter:label1\" content=\"Ansl. lesetid\" \/>\n\t<meta name=\"twitter:data1\" content=\"1 minutt\" \/>\n<script type=\"application\/ld+json\" class=\"yoast-schema-graph\">{\"@context\":\"https:\\\/\\\/schema.org\",\"@graph\":[{\"@type\":\"WebPage\",\"@id\":\"https:\\\/\\\/www.07000.no\\\/stavanger\\\/priser\\\/priskalkulator\\\/\",\"url\":\"https:\\\/\\\/www.07000.no\\\/stavanger\\\/priser\\\/priskalkulator\\\/\",\"name\":\"Priskalkulator - Stavanger\",\"isPartOf\":{\"@id\":\"https:\\\/\\\/www.07000.no\\\/stavanger\\\/#website\"},\"datePublished\":\"2024-03-26T14:26:26+00:00\",\"dateModified\":\"2024-03-26T14:26:27+00:00\",\"breadcrumb\":{\"@id\":\"https:\\\/\\\/www.07000.no\\\/stavanger\\\/priser\\\/priskalkulator\\\/#breadcrumb\"},\"inLanguage\":\"nb-NO\",\"potentialAction\":[{\"@type\":\"ReadAction\",\"target\":[\"https:\\\/\\\/www.07000.no\\\/stavanger\\\/priser\\\/priskalkulator\\\/\"]}]},{\"@type\":\"BreadcrumbList\",\"@id\":\"https:\\\/\\\/www.07000.no\\\/stavanger\\\/priser\\\/priskalkulator\\\/#breadcrumb\",\"itemListElement\":[{\"@type\":\"ListItem\",\"position\":1,\"name\":\"Hjem\",\"item\":\"https:\\\/\\\/www.07000.no\\\/stavanger\\\/\"},{\"@type\":\"ListItem\",\"position\":2,\"name\":\"V\u00e5re priser\",\"item\":\"https:\\\/\\\/www.07000.no\\\/stavanger\\\/priser\\\/\"},{\"@type\":\"ListItem\",\"position\":3,\"name\":\"Priskalkulator\"}]},{\"@type\":\"WebSite\",\"@id\":\"https:\\\/\\\/www.07000.no\\\/stavanger\\\/#website\",\"url\":\"https:\\\/\\\/www.07000.no\\\/stavanger\\\/\",\"name\":\"Stavanger\",\"description\":\"Bestill taxi p\u00e5 nett eller i app!\",\"potentialAction\":[{\"@type\":\"SearchAction\",\"target\":{\"@type\":\"EntryPoint\",\"urlTemplate\":\"https:\\\/\\\/www.07000.no\\\/stavanger\\\/?s={search_term_string}\"},\"query-input\":{\"@type\":\"PropertyValueSpecification\",\"valueRequired\":true,\"valueName\":\"search_term_string\"}}],\"inLanguage\":\"nb-NO\"}]}<\/script>\n<!-- \/ Yoast SEO plugin. -->","yoast_head_json":{"title":"Priskalkulator - Stavanger","robots":{"index":"index","follow":"follow","max-snippet":"max-snippet:-1","max-image-preview":"max-image-preview:large","max-video-preview":"max-video-preview:-1"},"canonical":"https:\/\/www.07000.no\/stavanger\/priser\/priskalkulator\/","og_locale":"nb_NO","og_type":"article","og_title":"Priskalkulator - Stavanger","og_description":"Du kan enkelt beregne pris for din reise&nbsp;ved \u00e5 bruke v\u00e5r bestillingsside. Ved \u00e5 legge inn fra- og til adresse og tidspunkt vil du der f\u00e5 opp en beregnet makspris for reisen.&nbsp; Hvis du vil g\u00e5 videre til bestilling av reisen kan du bare legge inn navn og telefonnummer og trykke &laquo;Neste&raquo; .Du vil da... Les mer","og_url":"https:\/\/www.07000.no\/stavanger\/priser\/priskalkulator\/","og_site_name":"Stavanger","article_modified_time":"2024-03-26T14:26:27+00:00","twitter_card":"summary_large_image","twitter_misc":{"Ansl. lesetid":"1 minutt"},"schema":{"@context":"https:\/\/schema.org","@graph":[{"@type":"WebPage","@id":"https:\/\/www.07000.no\/stavanger\/priser\/priskalkulator\/","url":"https:\/\/www.07000.no\/stavanger\/priser\/priskalkulator\/","name":"Priskalkulator - Stavanger","isPartOf":{"@id":"https:\/\/www.07000.no\/stavanger\/#website"},"datePublished":"2024-03-26T14:26:26+00:00","dateModified":"2024-03-26T14:26:27+00:00","breadcrumb":{"@id":"https:\/\/www.07000.no\/stavanger\/priser\/priskalkulator\/#breadcrumb"},"inLanguage":"nb-NO","potentialAction":[{"@type":"ReadAction","target":["https:\/\/www.07000.no\/stavanger\/priser\/priskalkulator\/"]}]},{"@type":"BreadcrumbList","@id":"https:\/\/www.07000.no\/stavanger\/priser\/priskalkulator\/#breadcrumb","itemListElement":[{"@type":"ListItem","position":1,"name":"Hjem","item":"https:\/\/www.07000.no\/stavanger\/"},{"@type":"ListItem","position":2,"name":"V\u00e5re priser","item":"https:\/\/www.07000.no\/stavanger\/priser\/"},{"@type":"ListItem","position":3,"name":"Priskalkulator"}]},{"@type":"WebSite","@id":"https:\/\/www.07000.no\/stavanger\/#website","url":"https:\/\/www.07000.no\/stavanger\/","name":"Stavanger","description":"Bestill taxi p\u00e5 nett eller i app!","potentialAction":[{"@type":"SearchAction","target":{"@type":"EntryPoint","urlTemplate":"https:\/\/www.07000.no\/stavanger\/?s={search_term_string}"},"query-input":{"@type":"PropertyValueSpecification","valueRequired":true,"valueName":"search_term_string"}}],"inLanguage":"nb-NO"}]}},"_links":{"self":[{"href":"https:\/\/www.07000.no\/stavanger\/wp-json\/wp\/v2\/pages\/883","targetHints":{"allow":["GET"]}}],"collection":[{"href":"https:\/\/www.07000.no\/stavanger\/wp-json\/wp\/v2\/pages"}],"about":[{"href":"https:\/\/www.07000.no\/stavanger\/wp-json\/wp\/v2\/types\/page"}],"author":[{"embeddable":true,"href":"https:\/\/www.07000.no\/stavanger\/wp-json\/wp\/v2\/users\/5"}],"replies":[{"embeddable":true,"href":"https:\/\/www.07000.no\/stavanger\/wp-json\/wp\/v2\/comments?post=883"}],"version-history":[{"count":1,"href":"https:\/\/www.07000.no\/stavanger\/wp-json\/wp\/v2\/pages\/883\/revisions"}],"predecessor-version":[{"id":884,"href":"https:\/\/www.07000.no\/stavanger\/wp-json\/wp\/v2\/pages\/883\/revisions\/884"}],"up":[{"embeddable":true,"href":"https:\/\/www.07000.no\/stavanger\/wp-json\/wp\/v2\/pages\/17"}],"wp:attachment":[{"href":"https:\/\/www.07000.no\/stavanger\/wp-json\/wp\/v2\/media?parent=883"}],"curies":[{"name":"wp","href":"https:\/\/api.w.org\/{rel}","templated":true}]}}