{"id":4,"date":"2020-02-26T15:19:58","date_gmt":"2020-02-26T14:19:58","guid":{"rendered":"https:\/\/www.07000.no\/sunnhordland\/?page_id=4"},"modified":"2023-08-30T09:23:37","modified_gmt":"2023-08-30T07:23:37","slug":"velkommen-til-stord-taxi","status":"publish","type":"page","link":"https:\/\/www.07000.no\/sunnhordland\/","title":{"rendered":"Velkommen til Sunnhordland Taxi!"},"content":{"rendered":"\n<h2 class=\"wp-block-heading\">Kva er Sunnhordland Taxi?<\/h2>\n\n\n\n<p>Sunnhordland Taxi AS er eit samarbeid mellom <a href=\"http:\/\/stordtaxi.no\">07000 Stord Taxi<\/a>, <a href=\"http:\/\/07000.no\/bomlo\">07000 B\u00f8mlo<\/a>, <a href=\"http:\/\/07000.no\/kvinnherad\">07000 Kvinnherad<\/a> og 07000-kjeda. Form\u00e5l med samarbeidet er \u00e5 styrkja satsinga i Sunnhordland og levera end\u00e5 betre transporttenester til kundar i regionen.\u00a0<\/p>\n\n\n\n<p>07000-bilane du kjenner fr\u00e5 Stord, B\u00f8mlo og Kvinnherad har fortsatt same namn og utsj\u00e5nad, og menneska du m\u00f8ter der vil og vera dei du kjenner fra f\u00f8r. Du kan bestilla taxi akkurat som som du er vand til &#8211; p\u00e5 telefon 07000, her p\u00e5 nettsidene eller i 07000-appen. Der kan du bestilla taxi b\u00e5de i Sunnhordland og mange andre stader i Noreg &#8211; sj\u00e5 kvar p\u00e5 <a href=\"https:\/\/www.07000.no\/finn-ditt-taxiselskap\/\">https:\/\/www.07000.no\/finn-ditt-taxiselskap\/<\/a><\/p>\n\n\n\n<p><strong>Velkommen til Sunnhordland! \ud83d\ude42<\/strong><\/p>\n\n\n\n<div class=\"wp-block-media-text is-stacked-on-mobile\"><figure class=\"wp-block-media-text__media\"><video controls src=\"https:\/\/www.07000.no\/sunnhordland\/wp-content\/uploads\/sites\/19\/2023\/08\/Vi_trenger_deg_16x9_30sek.mp4\"><\/video><\/figure><div class=\"wp-block-media-text__content\">\n<h3 class=\"wp-block-heading\">Vi treng deg!<\/h3>\n\n\n\n<p>Kunne du tenkja deg ein triveleg og fleksibel jobb i Sunnhordland &#8211; anten p\u00e5 heil- eller deltid?<\/p>\n\n\n\n<p>07000 satsar i regionen, og treng no fleire flinke og serviceinnstilte sj\u00e5f\u00f8rar b\u00e5de p\u00e5 Stord, p\u00e5 B\u00f8mlo og i Kvinnherad! Anten du ser etter jobb p\u00e5 heiltid &#8211; eller vil ha noko ved sida av studiar, dagjobb e.a.- vil me gjerne h\u00f8yra fr\u00e5 deg!<\/p>\n\n\n\n<p>Les meir og ta kontakt for ein uforpliktande prat p\u00e5 <a href=\"http:\/\/07000.no\/sjafor\">07000.no\/sjafor<\/a>. Me snakkast!<\/p>\n<\/div><\/div>\n\n\n\n<div class=\"wp-block-columns is-layout-flex wp-container-core-columns-is-layout-9d6595d7 wp-block-columns-is-layout-flex\">\n<div class=\"wp-block-column is-layout-flow wp-block-column-is-layout-flow\" style=\"flex-basis:66.66%\"><div class=\"latestnews\" data-equalizer-watch>\n    <div class=\"grid-x align-top\">\n        <div class=\"header small-12\">\n            <h4>Aktuelt<\/h4>\n        <\/div>\n        \n                            <div class=\"small-12\">\n                <span class=\"date\">9. januar 2024<\/span>\n                <a href=\"https:\/\/www.07000.no\/sunnhordland\/vil-du-bli-loyvehavar-i-07000-sunnhordland-taxi\/\"><h5><span class=\"header\">Vil du bli l\u00f8yvehavar i 07000 Sunnhordland Taxi?<\/span><span class=\"rsaquo\"> &rsaquo;<\/span><\/h5><\/a>\n                \n                            <\/div>\n\n                    <div class=\"small-12\">\n                <span class=\"date\">28. august 2023<\/span>\n                <a href=\"https:\/\/www.07000.no\/sunnhordland\/klare-for-kanaldagane\/\"><h5><span class=\"header\">Klare for Kanaldagane!<\/span><span class=\"rsaquo\"> &rsaquo;<\/span><\/h5><\/a>\n                \n                            <\/div>\n\n                                                                            <div class=\"small-12\">\n                <span class=\"date\">15. februar 2025<\/span>\n                <a href=\"https:\/\/www.07000.no\/aktuelt\/du-kan-alltid-velge\/\"><h5><span class=\"header\">Du kan alltid velge!<\/span><span class=\"rsaquo\"> &rsaquo;<\/span><\/h5><\/a>\n                \n                            <\/div>\n        \n                            <div class=\"small-12\">\n                <span class=\"date\">20. juni 2022<\/span>\n                <a href=\"https:\/\/www.07000.no\/aktuelt\/er-du-medlem-av-07000-pri\/\"><h5><span class=\"header\">Er du medlem av 07000 Pri?<\/span><span class=\"rsaquo\"> &rsaquo;<\/span><\/h5><\/a>\n                \n                            <\/div>\n        \n                            <div class=\"small-12\">\n                <span class=\"date\">25. mai 2022<\/span>\n                <a href=\"https:\/\/www.07000.no\/aktuelt\/vi-trenger-deg\/\"><h5><span class=\"header\">Vi trenger deg!<\/span><span class=\"rsaquo\"> &rsaquo;<\/span><\/h5><\/a>\n                \n                            <\/div>\n        \n                        <div class=\"morelink small-12 align-self-bottom\">\n            <a href=\"https:\/\/www.07000.no\/sunnhordland\/aktuelt\/\">\n                Les flere saker\n            <\/a>\n        <\/div>\n    <\/div>\n<\/div><\/div>\n\n\n\n<div class=\"wp-block-column is-layout-flow wp-block-column-is-layout-flow\" style=\"flex-basis:33.33%\"><div class=\"contactus\" data-equalizer-watch>\n    <div class=\"grid-x align-middle\">\n        <div class=\"small-12 align-self-top\">\n            <h4>Kontakt oss<\/h4>\n        <\/div>\n            \n        <div class=\"small-12\">\n            <ul class=\"menu\">\n                <li class=\"iconphone\">\n                    <a href=\"tel:+4707000\">\n                        <img decoding=\"async\" src=\"https:\/\/www.07000.no\/sunnhordland\/wp-content\/themes\/nullsjutusen\/assets\/images\/icon_phone.svg\" width=\"16\" \/>\n                        07000                    <\/a>              \n                <\/li>\n                                    <li class=\"iconchat\">\n                        <a href=\"#\" class=\"chatstarter\" onClick=\"startChat();\">\n                            <img decoding=\"async\" src=\"https:\/\/www.07000.no\/sunnhordland\/wp-content\/themes\/nullsjutusen\/assets\/images\/icon_chat.svg\" width=\"16\" \/>\n                            Start ny samtale\n                        <\/a>\n                    <\/li>\n                \n                                <li class=\"iconcontactscheme\">\n                    <a href=\"https:\/\/www.07000.no\/sunnhordland\/kontakt-oss\/\">\n                        <img decoding=\"async\" src=\"https:\/\/www.07000.no\/sunnhordland\/wp-content\/themes\/nullsjutusen\/assets\/images\/icon_email.svg\" width=\"16\" \/>\n                        Kontaktskjema\n                    <\/a>\n                <\/li>\n                                                <li class=\"iconsearch\">\n                    <a href=\"https:\/\/www.07000.no\/sunnhordland\/?s\">\n                        <img decoding=\"async\" src=\"https:\/\/www.07000.no\/sunnhordland\/wp-content\/themes\/nullsjutusen\/assets\/images\/icon_search.svg\" width=\"16\" \/>\n                        S\u00f8k etter artikler\n                    <\/a>    \n                <\/li>\n                                <li class=\"iconcontactpage\">\n                    <a href=\"https:\/\/www.07000.no\/sunnhordland\/kontakt-oss\/\">\n                        <img decoding=\"async\" src=\"https:\/\/www.07000.no\/sunnhordland\/wp-content\/themes\/nullsjutusen\/assets\/images\/icon_person.svg\" width=\"16\" \/>\n                        Annen kontaktinfo\n                    <\/a>\n                <\/li>\n                            <\/ul>\n        <\/div>\n    <\/div>\n<\/div><\/div>\n<\/div>\n\n\n\n<div style=\"height:20px\" aria-hidden=\"true\" class=\"wp-block-spacer\"><\/div>\n\n\n<div class=\"faqwrapper\" data-equalizer-watch>\n    <div class=\"grid-x align-top\">\n        <div class=\"header small-12\">\n            <h4>Vanlige sp\u00f8rsm\u00e5l<\/h4>\n        <\/div>\n        \n                                        <div class=\"small-12\">\n                    <h5 onClick=\"jQuery(this).next('.faqexcerpt').toggle('500');jQuery(this).children('.rsaquo').toggleClass('rotate')\"><span class=\"header\">Hva er fremkj\u00f8ringstakst (hentetakst)?<\/span><\/h5>\n                    <div class=\"faqexcerpt\">Dette er prisen du betaler for at en taxi henter deg p\u00e5 din adresse. Fremkj\u00f8ringstakst fremg\u00e5r av gjeldende taksttabell for ditt taxiselskap. MERK: I byene Bergen, Kristiansand, Sandnes\/Stavanger og Arendal\/Grimstad betaler du ikke fremkj\u00f8ringstakst. Der henter vi deg der du \u00f8nsker &#8211; til samme pris som taxi fra holdeplass!&#8230; <a href=\"https:\/\/www.07000.no\/sunnhordland\/faq\/\">Les mer<\/a><\/div>\n                <\/div>\n                            <div class=\"small-12\">\n                    <h5 onClick=\"jQuery(this).next('.faqexcerpt').toggle('500');jQuery(this).children('.rsaquo').toggleClass('rotate')\"><span class=\"header\">Hva gj\u00f8r jeg om jeg glemmer noe i en taxi?<\/span><\/h5>\n                    <div class=\"faqexcerpt\">Eiendeler som er gjenglemt i en av v\u00e5re biler, blir normalt levert til politiets hittegodskontor ved f\u00f8rste passende anledning.\u00a0 Hvis du vet hvilken bil du har kj\u00f8rt med, kan vi s\u00e5 langt mulig ogs\u00e5 pr\u00f8ve \u00e5 sjekke direkte med sj\u00e5f\u00f8r&#8230; <a href=\"https:\/\/www.07000.no\/sunnhordland\/faq\/\">Les mer<\/a><\/div>\n                <\/div>\n                            <div class=\"small-12\">\n                    <h5 onClick=\"jQuery(this).next('.faqexcerpt').toggle('500');jQuery(this).children('.rsaquo').toggleClass('rotate')\"><span class=\"header\">Hvordan blir jeg taxisj\u00e5f\u00f8r?<\/span><\/h5>\n                    <div class=\"faqexcerpt\">For \u00e5 bli sj\u00e5f\u00f8r i 07000 Taxi kreves det at du har gjennomg\u00e5tt sj\u00e5f\u00f8roppl\u00e6ring for aktuelt omr\u00e5de. Dette g\u00e5r normalt flere ganger i l\u00f8pet av \u00e5ret. I tillegg m\u00e5 du ha en vandelsattest fra politiet og v\u00e6re fylt 20 \u00e5r. &#8230; <a href=\"https:\/\/www.07000.no\/sunnhordland\/faq\/\">Les mer<\/a><\/div>\n                <\/div>\n                            <div class=\"morelink small-12 align-self-bottom\">\n            <a href=\"https:\/\/www.07000.no\/sunnhordland\/faq\/\">\n                Alle sp\u00f8rsm\u00e5l\n            <\/a>\n        <\/div>\n    <\/div>\n<\/div>\n\n\n<p><\/p>\n\n\n\n<p class=\"has-text-align-center\"><a href=\"https:\/\/bt-bookingterminal.itf-as.com\/Login\"><strong>07000 BOOKINGTERMINAL &#8211; NETTBESTILLING FOR BEDRIFTER<\/strong><\/a><\/p>\n","protected":false},"excerpt":{"rendered":"<p>Kva er Sunnhordland Taxi? Sunnhordland Taxi AS er eit samarbeid mellom 07000 Stord Taxi, 07000 B\u00f8mlo, 07000 Kvinnherad og 07000-kjeda. Form\u00e5l med samarbeidet er \u00e5 styrkja satsinga i Sunnhordland og levera end\u00e5 betre transporttenester til kundar i regionen.\u00a0 07000-bilane du kjenner fr\u00e5 Stord, B\u00f8mlo og Kvinnherad har fortsatt same namn og utsj\u00e5nad, og menneska du&#8230; <a class=\"readmore\" href=\"https:\/\/www.07000.no\/sunnhordland\/\"><i>Les mer<\/i><\/a><\/p>\n","protected":false},"author":3,"featured_media":0,"parent":0,"menu_order":0,"comment_status":"closed","ping_status":"closed","template":"","meta":{"_acf_changed":false,"footnotes":""},"class_list":["post-4","page","type-page","status-publish","hentry"],"acf":[],"yoast_head":"<!-- This site is optimized with the Yoast SEO plugin v27.5 - https:\/\/yoast.com\/product\/yoast-seo-wordpress\/ -->\n<title>07000 Sunnhordland - Bestill taxi p\u00e5 nett eller i app! | 07000 Sunnhordland<\/title>\n<meta name=\"description\" content=\"Bestille taxi n\u00e5 eller forh\u00e5ndsbestille taxi til senere? Sunnhordland gj\u00f8r det lett \u00e5 bestille taxi p\u00e5 telefon 07000, p\u00e5 nett eller i app!\" \/>\n<meta name=\"robots\" content=\"index, follow, max-snippet:-1, max-image-preview:large, max-video-preview:-1\" \/>\n<link rel=\"canonical\" href=\"https:\/\/www.07000.no\/sunnhordland\/\" \/>\n<meta property=\"og:locale\" content=\"nb_NO\" \/>\n<meta property=\"og:type\" content=\"article\" \/>\n<meta property=\"og:title\" content=\"07000 Sunnhordland - Bestill taxi p\u00e5 nett eller i app! | 07000 Sunnhordland\" \/>\n<meta property=\"og:description\" content=\"Bestille taxi n\u00e5 eller forh\u00e5ndsbestille taxi til senere? Sunnhordland gj\u00f8r det lett \u00e5 bestille taxi p\u00e5 telefon 07000, p\u00e5 nett eller i app!\" \/>\n<meta property=\"og:url\" content=\"https:\/\/www.07000.no\/sunnhordland\/\" \/>\n<meta property=\"og:site_name\" content=\"Sunnhordland\" \/>\n<meta property=\"article:modified_time\" content=\"2023-08-30T07:23:37+00:00\" \/>\n<meta property=\"og:image\" content=\"https:\/\/www.07000.no\/sunnhordland\/wp-content\/uploads\/sites\/19\/2020\/04\/IMG_2514_opt.jpg\" \/>\n\t<meta property=\"og:image:width\" content=\"1920\" \/>\n\t<meta property=\"og:image:height\" content=\"1215\" \/>\n\t<meta property=\"og:image:type\" content=\"image\/jpeg\" \/>\n<meta name=\"twitter:card\" content=\"summary_large_image\" \/>\n<meta name=\"twitter:label1\" content=\"Ansl. lesetid\" \/>\n\t<meta name=\"twitter:data1\" content=\"1 minutt\" \/>\n<script type=\"application\/ld+json\" class=\"yoast-schema-graph\">{\"@context\":\"https:\\\/\\\/schema.org\",\"@graph\":[{\"@type\":\"WebPage\",\"@id\":\"https:\\\/\\\/www.07000.no\\\/sunnhordland\\\/\",\"url\":\"https:\\\/\\\/www.07000.no\\\/sunnhordland\\\/\",\"name\":\"07000 Sunnhordland - Bestill taxi p\u00e5 nett eller i app! | 07000 Sunnhordland\",\"isPartOf\":{\"@id\":\"https:\\\/\\\/www.07000.no\\\/sunnhordland\\\/#website\"},\"datePublished\":\"2020-02-26T14:19:58+00:00\",\"dateModified\":\"2023-08-30T07:23:37+00:00\",\"description\":\"Bestille taxi n\u00e5 eller forh\u00e5ndsbestille taxi til senere? Sunnhordland gj\u00f8r det lett \u00e5 bestille taxi p\u00e5 telefon 07000, p\u00e5 nett eller i app!\",\"breadcrumb\":{\"@id\":\"https:\\\/\\\/www.07000.no\\\/sunnhordland\\\/#breadcrumb\"},\"inLanguage\":\"nb-NO\",\"potentialAction\":[{\"@type\":\"ReadAction\",\"target\":[\"https:\\\/\\\/www.07000.no\\\/sunnhordland\\\/\"]}]},{\"@type\":\"BreadcrumbList\",\"@id\":\"https:\\\/\\\/www.07000.no\\\/sunnhordland\\\/#breadcrumb\",\"itemListElement\":[{\"@type\":\"ListItem\",\"position\":1,\"name\":\"Hjem\",\"item\":\"https:\\\/\\\/www.07000.no\\\/sunnhordland\\\/\"},{\"@type\":\"ListItem\",\"position\":2,\"name\":\"Velkommen til Sunnhordland Taxi!\"}]},{\"@type\":\"WebSite\",\"@id\":\"https:\\\/\\\/www.07000.no\\\/sunnhordland\\\/#website\",\"url\":\"https:\\\/\\\/www.07000.no\\\/sunnhordland\\\/\",\"name\":\"Sunnhordland\",\"description\":\"Bestill taxi p\u00e5 nett eller i app!\",\"potentialAction\":[{\"@type\":\"SearchAction\",\"target\":{\"@type\":\"EntryPoint\",\"urlTemplate\":\"https:\\\/\\\/www.07000.no\\\/sunnhordland\\\/?s={search_term_string}\"},\"query-input\":{\"@type\":\"PropertyValueSpecification\",\"valueRequired\":true,\"valueName\":\"search_term_string\"}}],\"inLanguage\":\"nb-NO\"}]}<\/script>\n<!-- \/ Yoast SEO plugin. -->","yoast_head_json":{"title":"07000 Sunnhordland - Bestill taxi p\u00e5 nett eller i app! | 07000 Sunnhordland","description":"Bestille taxi n\u00e5 eller forh\u00e5ndsbestille taxi til senere? Sunnhordland gj\u00f8r det lett \u00e5 bestille taxi p\u00e5 telefon 07000, p\u00e5 nett eller i app!","robots":{"index":"index","follow":"follow","max-snippet":"max-snippet:-1","max-image-preview":"max-image-preview:large","max-video-preview":"max-video-preview:-1"},"canonical":"https:\/\/www.07000.no\/sunnhordland\/","og_locale":"nb_NO","og_type":"article","og_title":"07000 Sunnhordland - Bestill taxi p\u00e5 nett eller i app! | 07000 Sunnhordland","og_description":"Bestille taxi n\u00e5 eller forh\u00e5ndsbestille taxi til senere? Sunnhordland gj\u00f8r det lett \u00e5 bestille taxi p\u00e5 telefon 07000, p\u00e5 nett eller i app!","og_url":"https:\/\/www.07000.no\/sunnhordland\/","og_site_name":"Sunnhordland","article_modified_time":"2023-08-30T07:23:37+00:00","og_image":[{"width":1920,"height":1215,"url":"https:\/\/www.07000.no\/sunnhordland\/wp-content\/uploads\/sites\/19\/2020\/04\/IMG_2514_opt.jpg","type":"image\/jpeg"}],"twitter_card":"summary_large_image","twitter_misc":{"Ansl. lesetid":"1 minutt"},"schema":{"@context":"https:\/\/schema.org","@graph":[{"@type":"WebPage","@id":"https:\/\/www.07000.no\/sunnhordland\/","url":"https:\/\/www.07000.no\/sunnhordland\/","name":"07000 Sunnhordland - Bestill taxi p\u00e5 nett eller i app! | 07000 Sunnhordland","isPartOf":{"@id":"https:\/\/www.07000.no\/sunnhordland\/#website"},"datePublished":"2020-02-26T14:19:58+00:00","dateModified":"2023-08-30T07:23:37+00:00","description":"Bestille taxi n\u00e5 eller forh\u00e5ndsbestille taxi til senere? Sunnhordland gj\u00f8r det lett \u00e5 bestille taxi p\u00e5 telefon 07000, p\u00e5 nett eller i app!","breadcrumb":{"@id":"https:\/\/www.07000.no\/sunnhordland\/#breadcrumb"},"inLanguage":"nb-NO","potentialAction":[{"@type":"ReadAction","target":["https:\/\/www.07000.no\/sunnhordland\/"]}]},{"@type":"BreadcrumbList","@id":"https:\/\/www.07000.no\/sunnhordland\/#breadcrumb","itemListElement":[{"@type":"ListItem","position":1,"name":"Hjem","item":"https:\/\/www.07000.no\/sunnhordland\/"},{"@type":"ListItem","position":2,"name":"Velkommen til Sunnhordland Taxi!"}]},{"@type":"WebSite","@id":"https:\/\/www.07000.no\/sunnhordland\/#website","url":"https:\/\/www.07000.no\/sunnhordland\/","name":"Sunnhordland","description":"Bestill taxi p\u00e5 nett eller i app!","potentialAction":[{"@type":"SearchAction","target":{"@type":"EntryPoint","urlTemplate":"https:\/\/www.07000.no\/sunnhordland\/?s={search_term_string}"},"query-input":{"@type":"PropertyValueSpecification","valueRequired":true,"valueName":"search_term_string"}}],"inLanguage":"nb-NO"}]}},"_links":{"self":[{"href":"https:\/\/www.07000.no\/sunnhordland\/wp-json\/wp\/v2\/pages\/4","targetHints":{"allow":["GET"]}}],"collection":[{"href":"https:\/\/www.07000.no\/sunnhordland\/wp-json\/wp\/v2\/pages"}],"about":[{"href":"https:\/\/www.07000.no\/sunnhordland\/wp-json\/wp\/v2\/types\/page"}],"author":[{"embeddable":true,"href":"https:\/\/www.07000.no\/sunnhordland\/wp-json\/wp\/v2\/users\/3"}],"replies":[{"embeddable":true,"href":"https:\/\/www.07000.no\/sunnhordland\/wp-json\/wp\/v2\/comments?post=4"}],"version-history":[{"count":11,"href":"https:\/\/www.07000.no\/sunnhordland\/wp-json\/wp\/v2\/pages\/4\/revisions"}],"predecessor-version":[{"id":237,"href":"https:\/\/www.07000.no\/sunnhordland\/wp-json\/wp\/v2\/pages\/4\/revisions\/237"}],"wp:attachment":[{"href":"https:\/\/www.07000.no\/sunnhordland\/wp-json\/wp\/v2\/media?parent=4"}],"curies":[{"name":"wp","href":"https:\/\/api.w.org\/{rel}","templated":true}]}}