{"id":54,"date":"2020-03-26T21:58:20","date_gmt":"2020-03-26T20:58:20","guid":{"rendered":"https:\/\/www.07000.no\/sunnhordland\/?page_id=54"},"modified":"2023-08-30T13:16:17","modified_gmt":"2023-08-30T11:16:17","slug":"kontakt-oss","status":"publish","type":"page","link":"https:\/\/www.07000.no\/sunnhordland\/kontakt-oss\/","title":{"rendered":"Kontakt oss"},"content":{"rendered":"\n<p>Vi kan kontaktes ved \u00e5 ringe <strong>07000<\/strong> &#8211; eller ved \u00e5 bruke skjema\/kontaktinfo nedenfor<\/p>\n\n\n\n<h1 class=\"wp-block-heading\"><strong><span class=\"has-inline-color has-vivid-red-color\">Kontaktskjema:<\/span><\/strong><\/h1>\n\n\n\n<p>Her kan du sende klager, ris\/ros eller andre sp\u00f8rsm\u00e5l &#8211; vi h\u00f8rer gjerne fra deg!<br><strong><span class=\"has-inline-color has-vivid-red-color\">NB! <\/span>Kontaktskjema kan ikke benyttes til bestilling \/ avbestilling \/ endring av taxireiser !<\/strong><\/p>\n\n\n\n<div class=\"wpcf7 no-js\" id=\"wpcf7-f52-o1\" lang=\"nb-NO\" dir=\"ltr\" data-wpcf7-id=\"52\">\n<div class=\"screen-reader-response\"><p role=\"status\" aria-live=\"polite\" aria-atomic=\"true\"><\/p> <ul><\/ul><\/div>\n<form action=\"\/sunnhordland\/wp-json\/wp\/v2\/pages\/54#wpcf7-f52-o1\" method=\"post\" class=\"wpcf7-form init\" aria-label=\"Kontaktskjema\" novalidate=\"novalidate\" data-status=\"init\">\n<fieldset class=\"hidden-fields-container\"><input type=\"hidden\" name=\"_wpcf7\" value=\"52\" \/><input type=\"hidden\" name=\"_wpcf7_version\" value=\"6.1.5\" \/><input type=\"hidden\" name=\"_wpcf7_locale\" value=\"nb_NO\" \/><input type=\"hidden\" name=\"_wpcf7_unit_tag\" value=\"wpcf7-f52-o1\" \/><input type=\"hidden\" name=\"_wpcf7_container_post\" value=\"0\" \/><input type=\"hidden\" name=\"_wpcf7_posted_data_hash\" value=\"\" \/><input type=\"hidden\" name=\"_wpcf7_recaptcha_response\" value=\"\" \/>\n<\/fieldset>\n<p><label> Ditt navn (obligatorisk)<br \/>\n<span class=\"wpcf7-form-control-wrap\" data-name=\"your-name\"><input size=\"40\" maxlength=\"400\" class=\"wpcf7-form-control wpcf7-text wpcf7-validates-as-required\" aria-required=\"true\" aria-invalid=\"false\" value=\"\" type=\"text\" name=\"your-name\" \/><\/span> <\/label>\n<\/p>\n<p><label> E-post (obligatorisk)<br \/>\n<span class=\"wpcf7-form-control-wrap\" data-name=\"your-email\"><input size=\"40\" maxlength=\"400\" class=\"wpcf7-form-control wpcf7-email wpcf7-validates-as-required wpcf7-text wpcf7-validates-as-email\" aria-required=\"true\" aria-invalid=\"false\" value=\"\" type=\"email\" name=\"your-email\" \/><\/span> <\/label>\n<\/p>\n<p><label> Emne<br \/>\n<span class=\"wpcf7-form-control-wrap\" data-name=\"your-subject\"><input size=\"40\" maxlength=\"400\" class=\"wpcf7-form-control wpcf7-text\" aria-invalid=\"false\" value=\"\" type=\"text\" name=\"your-subject\" \/><\/span> <\/label>\n<\/p>\n<p><label> Melding<br \/>\n<span class=\"wpcf7-form-control-wrap\" data-name=\"your-message\"><textarea cols=\"40\" rows=\"5\" maxlength=\"2000\" class=\"wpcf7-form-control wpcf7-textarea\" aria-invalid=\"false\" name=\"your-message\"><\/textarea><\/span> <\/label>\n<\/p>\n<p><input class=\"wpcf7-form-control wpcf7-submit has-spinner button primary\" type=\"submit\" value=\"Send\" \/>\n<\/p><div class=\"wpcf7-response-output\" aria-hidden=\"true\"><\/div>\n<\/form>\n<\/div>\n\n\n\n\n<h3 class=\"wp-block-heading\">Annen kontaktinformasjon<\/h3>\n\n\n\n<p>Bes\u00f8ksadresse: Torget 4, 5417 Stord<br>Postadresse: Postboks 416, 5403 Stord<br>Bestilling av taxi: <a href=\"tel:07000\">07000<\/a><br>Kundesenter: <a href=\"tel:55997080\">55 99 70 80<\/a><br>E-post: <a href=\"mailto:post@sunnhordlandtaxi.no\">post@sunnhordlandtaxi.no<\/a><\/p>\n\n\n\n<p><strong>Lokale adresser:<\/strong><br><strong>B\u00f8mlo<\/strong>: Hollundsdalen 8, Bremnes<br><strong>Kvinnherad<\/strong>: Husnes Storsenter, Sentrumsvegen 1, Husnes<\/p>\n\n\n\n<p> <\/p>\n\n\n\n<p><\/p>\n\n\n\n<p><\/p>\n","protected":false},"excerpt":{"rendered":"<p>Vi kan kontaktes ved \u00e5 ringe 07000 &#8211; eller ved \u00e5 bruke skjema\/kontaktinfo nedenfor Kontaktskjema: Her kan du sende klager, ris\/ros eller andre sp\u00f8rsm\u00e5l &#8211; vi h\u00f8rer gjerne fra deg!NB! Kontaktskjema kan ikke benyttes til bestilling \/ avbestilling \/ endring av taxireiser ! Annen kontaktinformasjon Bes\u00f8ksadresse: Torget 4, 5417 StordPostadresse: Postboks 416, 5403 StordBestilling av&#8230; <a class=\"readmore\" href=\"https:\/\/www.07000.no\/sunnhordland\/kontakt-oss\/\"><i>Les mer<\/i><\/a><\/p>\n","protected":false},"author":3,"featured_media":0,"parent":0,"menu_order":0,"comment_status":"closed","ping_status":"closed","template":"","meta":{"_acf_changed":false,"footnotes":""},"class_list":["post-54","page","type-page","status-publish","hentry"],"acf":[],"yoast_head":"<!-- This site is optimized with the Yoast SEO plugin v27.5 - https:\/\/yoast.com\/product\/yoast-seo-wordpress\/ -->\n<title>Kontakt oss - Sunnhordland<\/title>\n<meta name=\"robots\" content=\"index, follow, max-snippet:-1, max-image-preview:large, max-video-preview:-1\" \/>\n<link rel=\"canonical\" href=\"https:\/\/www.07000.no\/sunnhordland\/kontakt-oss\/\" \/>\n<meta property=\"og:locale\" content=\"nb_NO\" \/>\n<meta property=\"og:type\" content=\"article\" \/>\n<meta property=\"og:title\" content=\"Kontakt oss - Sunnhordland\" \/>\n<meta property=\"og:description\" content=\"Vi kan kontaktes ved \u00e5 ringe 07000 &#8211; eller ved \u00e5 bruke skjema\/kontaktinfo nedenfor Kontaktskjema: Her kan du sende klager, ris\/ros eller andre sp\u00f8rsm\u00e5l &#8211; vi h\u00f8rer gjerne fra deg!NB! Kontaktskjema kan ikke benyttes til bestilling \/ avbestilling \/ endring av taxireiser ! Annen kontaktinformasjon Bes\u00f8ksadresse: Torget 4, 5417 StordPostadresse: Postboks 416, 5403 StordBestilling av... Les mer\" \/>\n<meta property=\"og:url\" content=\"https:\/\/www.07000.no\/sunnhordland\/kontakt-oss\/\" \/>\n<meta property=\"og:site_name\" content=\"Sunnhordland\" \/>\n<meta property=\"article:modified_time\" content=\"2023-08-30T11:16:17+00:00\" \/>\n<meta property=\"og:image\" content=\"https:\/\/www.07000.no\/sunnhordland\/wp-content\/uploads\/sites\/19\/2020\/04\/IMG_2514_opt.jpg\" \/>\n\t<meta property=\"og:image:width\" content=\"1920\" \/>\n\t<meta property=\"og:image:height\" content=\"1215\" \/>\n\t<meta property=\"og:image:type\" content=\"image\/jpeg\" \/>\n<meta name=\"twitter:card\" content=\"summary_large_image\" \/>\n<meta name=\"twitter:label1\" content=\"Ansl. lesetid\" \/>\n\t<meta name=\"twitter:data1\" content=\"1 minutt\" \/>\n<script type=\"application\/ld+json\" class=\"yoast-schema-graph\">{\"@context\":\"https:\\\/\\\/schema.org\",\"@graph\":[{\"@type\":\"WebPage\",\"@id\":\"https:\\\/\\\/www.07000.no\\\/sunnhordland\\\/kontakt-oss\\\/\",\"url\":\"https:\\\/\\\/www.07000.no\\\/sunnhordland\\\/kontakt-oss\\\/\",\"name\":\"Kontakt oss - Sunnhordland\",\"isPartOf\":{\"@id\":\"https:\\\/\\\/www.07000.no\\\/sunnhordland\\\/#website\"},\"datePublished\":\"2020-03-26T20:58:20+00:00\",\"dateModified\":\"2023-08-30T11:16:17+00:00\",\"breadcrumb\":{\"@id\":\"https:\\\/\\\/www.07000.no\\\/sunnhordland\\\/kontakt-oss\\\/#breadcrumb\"},\"inLanguage\":\"nb-NO\",\"potentialAction\":[{\"@type\":\"ReadAction\",\"target\":[\"https:\\\/\\\/www.07000.no\\\/sunnhordland\\\/kontakt-oss\\\/\"]}]},{\"@type\":\"BreadcrumbList\",\"@id\":\"https:\\\/\\\/www.07000.no\\\/sunnhordland\\\/kontakt-oss\\\/#breadcrumb\",\"itemListElement\":[{\"@type\":\"ListItem\",\"position\":1,\"name\":\"Hjem\",\"item\":\"https:\\\/\\\/www.07000.no\\\/sunnhordland\\\/\"},{\"@type\":\"ListItem\",\"position\":2,\"name\":\"Kontakt oss\"}]},{\"@type\":\"WebSite\",\"@id\":\"https:\\\/\\\/www.07000.no\\\/sunnhordland\\\/#website\",\"url\":\"https:\\\/\\\/www.07000.no\\\/sunnhordland\\\/\",\"name\":\"Sunnhordland\",\"description\":\"Bestill taxi p\u00e5 nett eller i app!\",\"potentialAction\":[{\"@type\":\"SearchAction\",\"target\":{\"@type\":\"EntryPoint\",\"urlTemplate\":\"https:\\\/\\\/www.07000.no\\\/sunnhordland\\\/?s={search_term_string}\"},\"query-input\":{\"@type\":\"PropertyValueSpecification\",\"valueRequired\":true,\"valueName\":\"search_term_string\"}}],\"inLanguage\":\"nb-NO\"}]}<\/script>\n<!-- \/ Yoast SEO plugin. -->","yoast_head_json":{"title":"Kontakt oss - Sunnhordland","robots":{"index":"index","follow":"follow","max-snippet":"max-snippet:-1","max-image-preview":"max-image-preview:large","max-video-preview":"max-video-preview:-1"},"canonical":"https:\/\/www.07000.no\/sunnhordland\/kontakt-oss\/","og_locale":"nb_NO","og_type":"article","og_title":"Kontakt oss - Sunnhordland","og_description":"Vi kan kontaktes ved \u00e5 ringe 07000 &#8211; eller ved \u00e5 bruke skjema\/kontaktinfo nedenfor Kontaktskjema: Her kan du sende klager, ris\/ros eller andre sp\u00f8rsm\u00e5l &#8211; vi h\u00f8rer gjerne fra deg!NB! Kontaktskjema kan ikke benyttes til bestilling \/ avbestilling \/ endring av taxireiser ! Annen kontaktinformasjon Bes\u00f8ksadresse: Torget 4, 5417 StordPostadresse: Postboks 416, 5403 StordBestilling av... Les mer","og_url":"https:\/\/www.07000.no\/sunnhordland\/kontakt-oss\/","og_site_name":"Sunnhordland","article_modified_time":"2023-08-30T11:16:17+00:00","og_image":[{"width":1920,"height":1215,"url":"https:\/\/www.07000.no\/sunnhordland\/wp-content\/uploads\/sites\/19\/2020\/04\/IMG_2514_opt.jpg","type":"image\/jpeg"}],"twitter_card":"summary_large_image","twitter_misc":{"Ansl. lesetid":"1 minutt"},"schema":{"@context":"https:\/\/schema.org","@graph":[{"@type":"WebPage","@id":"https:\/\/www.07000.no\/sunnhordland\/kontakt-oss\/","url":"https:\/\/www.07000.no\/sunnhordland\/kontakt-oss\/","name":"Kontakt oss - Sunnhordland","isPartOf":{"@id":"https:\/\/www.07000.no\/sunnhordland\/#website"},"datePublished":"2020-03-26T20:58:20+00:00","dateModified":"2023-08-30T11:16:17+00:00","breadcrumb":{"@id":"https:\/\/www.07000.no\/sunnhordland\/kontakt-oss\/#breadcrumb"},"inLanguage":"nb-NO","potentialAction":[{"@type":"ReadAction","target":["https:\/\/www.07000.no\/sunnhordland\/kontakt-oss\/"]}]},{"@type":"BreadcrumbList","@id":"https:\/\/www.07000.no\/sunnhordland\/kontakt-oss\/#breadcrumb","itemListElement":[{"@type":"ListItem","position":1,"name":"Hjem","item":"https:\/\/www.07000.no\/sunnhordland\/"},{"@type":"ListItem","position":2,"name":"Kontakt oss"}]},{"@type":"WebSite","@id":"https:\/\/www.07000.no\/sunnhordland\/#website","url":"https:\/\/www.07000.no\/sunnhordland\/","name":"Sunnhordland","description":"Bestill taxi p\u00e5 nett eller i app!","potentialAction":[{"@type":"SearchAction","target":{"@type":"EntryPoint","urlTemplate":"https:\/\/www.07000.no\/sunnhordland\/?s={search_term_string}"},"query-input":{"@type":"PropertyValueSpecification","valueRequired":true,"valueName":"search_term_string"}}],"inLanguage":"nb-NO"}]}},"_links":{"self":[{"href":"https:\/\/www.07000.no\/sunnhordland\/wp-json\/wp\/v2\/pages\/54","targetHints":{"allow":["GET"]}}],"collection":[{"href":"https:\/\/www.07000.no\/sunnhordland\/wp-json\/wp\/v2\/pages"}],"about":[{"href":"https:\/\/www.07000.no\/sunnhordland\/wp-json\/wp\/v2\/types\/page"}],"author":[{"embeddable":true,"href":"https:\/\/www.07000.no\/sunnhordland\/wp-json\/wp\/v2\/users\/3"}],"replies":[{"embeddable":true,"href":"https:\/\/www.07000.no\/sunnhordland\/wp-json\/wp\/v2\/comments?post=54"}],"version-history":[{"count":12,"href":"https:\/\/www.07000.no\/sunnhordland\/wp-json\/wp\/v2\/pages\/54\/revisions"}],"predecessor-version":[{"id":245,"href":"https:\/\/www.07000.no\/sunnhordland\/wp-json\/wp\/v2\/pages\/54\/revisions\/245"}],"wp:attachment":[{"href":"https:\/\/www.07000.no\/sunnhordland\/wp-json\/wp\/v2\/media?parent=54"}],"curies":[{"name":"wp","href":"https:\/\/api.w.org\/{rel}","templated":true}]}}